{"id":890,"date":"2014-10-01T08:57:58","date_gmt":"2022-03-15T20:46:34","guid":{"rendered":"https:\/\/fundacionporlajusticia.accesia.info\/?page_id=890"},"modified":"2022-04-05T10:36:26","modified_gmt":"2022-04-05T10:36:26","slug":"premios-2014","status":"publish","type":"page","link":"https:\/\/fundacionporlajusticia.org\/va\/premios-2014\/","title":{"rendered":"PREMIS 2014"},"content":{"rendered":"<p><strong>PREMI \u00abPAU I JUST\u00cdCIA\u00bb.<\/strong><\/p>\n<p>Premi concedit a la traject\u00f2ria cinematogr\u00e0fica dediqueu a la defensa dels drets humans.<\/p>\n<p><strong>PREMI VII CONCURS INTERNACIONAL DE LLARGMETRATGE DE CINEMA DOCUMENTAL.<\/strong><\/p>\n<p>Premi concedit a la millor pel\u00b7l\u00edcula de cinema documental, en mat\u00e8ria de drets humans, de m\u00e9s de 55 minuts de durada i produ\u00efdes a partir del gener del 2014.<\/p>\n<p>El premi t\u00e9 una dotaci\u00f3 econ\u00f2mica de 3.000 euros<\/p>\n<p><strong>PREMI VII CONCURS INTERNACIONAL DE CURTMETRATGES.<\/strong><\/p>\n<p>Premi concedit al millor curtmetratge en mat\u00e8ria de drets humans, de menys de 30 minuts de durada, produ\u00efts a partir del gener del 2013.<\/p>\n<p><strong>PREMI MICRO CURTS \u00ab1 MINUT 1 DRET\u00bb.<\/strong><\/p>\n<p>Premi concedit al millor microcurt produ\u00eft per centres escolars, per a curts de 1 minut de durada relacionats amb els drets humans.<\/p>\n<p>&nbsp;<\/p>","protected":false},"excerpt":{"rendered":"<p>PREMIO \u00abPAU I JUSTICIA\u00bb. Premio concedido a la trayectoria cinematogr\u00e1fica dedicad a la defensa de los derecho humanos. PREMIO VII CONCURSO INTERNACIONAL DE LARGOMETRAJE DE CINE DOCUMENTAL. Premio concedido a la mejor pel\u00edcula de cine documental, en materia de derechos humanos, de mas de 55 minutos de duraci\u00f3n y producidas a partir de enero de [&hellip;]<\/p>\n","protected":false},"author":2,"featured_media":0,"parent":0,"menu_order":0,"comment_status":"open","ping_status":"closed","template":"","meta":{"_et_pb_use_builder":"","_et_pb_old_content":"","_et_gb_content_width":"","_uf_show_specific_survey":0,"_uf_disable_surveys":false,"footnotes":""},"class_list":["post-890","page","type-page","status-publish","hentry"],"aioseo_notices":[],"_links":{"self":[{"href":"https:\/\/fundacionporlajusticia.org\/va\/wp-json\/wp\/v2\/pages\/890","targetHints":{"allow":["GET"]}}],"collection":[{"href":"https:\/\/fundacionporlajusticia.org\/va\/wp-json\/wp\/v2\/pages"}],"about":[{"href":"https:\/\/fundacionporlajusticia.org\/va\/wp-json\/wp\/v2\/types\/page"}],"author":[{"embeddable":true,"href":"https:\/\/fundacionporlajusticia.org\/va\/wp-json\/wp\/v2\/users\/2"}],"replies":[{"embeddable":true,"href":"https:\/\/fundacionporlajusticia.org\/va\/wp-json\/wp\/v2\/comments?post=890"}],"version-history":[{"count":4,"href":"https:\/\/fundacionporlajusticia.org\/va\/wp-json\/wp\/v2\/pages\/890\/revisions"}],"predecessor-version":[{"id":2270,"href":"https:\/\/fundacionporlajusticia.org\/va\/wp-json\/wp\/v2\/pages\/890\/revisions\/2270"}],"wp:attachment":[{"href":"https:\/\/fundacionporlajusticia.org\/va\/wp-json\/wp\/v2\/media?parent=890"}],"curies":[{"name":"wp","href":"https:\/\/api.w.org\/{rel}","templated":true}]}}