{"id":868,"date":"2015-09-11T10:36:13","date_gmt":"2015-09-11T10:36:13","guid":{"rendered":"https:\/\/humansfest.com\/?page_id=868"},"modified":"2022-03-26T08:02:03","modified_gmt":"2022-03-26T08:02:03","slug":"programacion-2-2","status":"publish","type":"page","link":"https:\/\/fundacionporlajusticia.org\/va\/humansfest\/programacion-2-2\/","title":{"rendered":"2017 \u2013 VIII EDICI\u00d3"},"content":{"rendered":"<p>[et_pb_section fb_built=\u00bb1&#8243; _builder_version=\u00bb4.15.1&#8243; _module_preset=\u00bbdefault\u00bb locked=\u00bboff\u00bb global_colors_info=\u00bb{}\u00bb][et_pb_row _builder_version=\u00bb4.15.1&#8243; _module_preset=\u00bbdefault\u00bb global_colors_info=\u00bb{}\u00bb][et_pb_column type=\u00bb4_4&#8243; _builder_version=\u00bb4.15.1&#8243; _module_preset=\u00bbdefault\u00bb global_colors_info=\u00bb{}\u00bb][et_pb_post_title meta=\u00bboff\u00bb featured_image=\u00bboff\u00bb _builder_version=\u00bb4.15.1&#8243; _module_preset=\u00bbdefault\u00bb border_width_bottom=\u00bb1px\u00bb border_color_bottom=\u00bb#635b54&#8243; global_colors_info=\u00bb{}\u00bb][\/et_pb_post_title][\/et_pb_column][\/et_pb_row][et_pb_row column_structure=\u00bb3_5,2_5&#8243; _builder_version=\u00bb4.15.1&#8243; _module_preset=\u00bbdefault\u00bb global_colors_info=\u00bb{}\u00bb][et_pb_column type=\u00bb3_5&#8243; _builder_version=\u00bb4.15.1&#8243; _module_preset=\u00bbdefault\u00bb global_colors_info=\u00bb{}\u00bb][et_pb_text _builder_version=\u00bb4.15.1&#8243; _module_preset=\u00bbdefault\u00bb link_font=\u00bb|700|||on|||#635b54|\u00bb link_text_color=\u00bb#635b54&#8243; link_font_size=\u00bb17px\u00bb link_letter_spacing=\u00bb4px\u00bb link_line_height=\u00bb2em\u00bb hover_enabled=\u00bb0&#8243; global_colors_info=\u00bb{}\u00bb sticky_enabled=\u00bb0&#8243;]<\/p>\n<p><a href=\"https:\/\/fundacionporlajusticia.org\/humansfest\/programacion-2-2\/seccion-oficial-2017\/\"> Secci\u00f3n Oficial Largometrajes<\/a><br \/><a href=\"https:\/\/fundacionporlajusticia.org\/humansfest\/programacion-2-2\/seccion-oficial-de-cortometrajes\/\">Secci\u00f3n Oficial Cortometrajes<\/a><br \/><a href=\"https:\/\/fundacionporlajusticia.org\/humansfest\/programacion-2-2\/seccion-dona-i-cinema\/\">Secci\u00f3n Dona i Cinema<\/a><br \/><a href=\"https:\/\/fundacionporlajusticia.org\/humansfest\/programacion-2-2\/seccion-1-minuto-1-derecho-2\/\">Secci\u00f3n 1 minuto, 1 derecho<\/a><\/p>\n<p>[\/et_pb_text][\/et_pb_column][et_pb_column type=\u00bb2_5&#8243; _builder_version=\u00bb4.15.1&#8243; _module_preset=\u00bbdefault\u00bb global_colors_info=\u00bb{}\u00bb][et_pb_image src=\u00bbhttps:\/\/fundacionporlajusticia.org\/wp-content\/uploads\/2015\/09\/cartel-2017.jpg\u00bb title_text=\u00bbcartel-2017&#8243; _builder_version=\u00bb4.15.1&#8243; _module_preset=\u00bbdefault\u00bb global_colors_info=\u00bb{}\u00bb][\/et_pb_image][\/et_pb_column][\/et_pb_row][\/et_pb_section]<\/p>\n","protected":false},"excerpt":{"rendered":"<p>Secci\u00f3 Oficial LlargmetratgesSecci\u00f3 Oficial CurtmetratgesSecci\u00f3 Dona i CinemaSecci\u00f3 1 minut, 1 dret<\/p>","protected":false},"author":2,"featured_media":0,"parent":442,"menu_order":2,"comment_status":"closed","ping_status":"closed","template":"","meta":{"_et_pb_use_builder":"on","_et_pb_old_content":"<h1><\/h1>\r\n<blockquote><img class=\"alignright wp-image-4711 size-medium\" src=\"https:\/\/fundacionporlajusticia.org\/wp-content\/uploads\/2015\/09\/cartel-2017-213x300.jpg\" alt=\"\" width=\"213\" height=\"300\" \/>\r\n<a href=\"https:\/\/fundacionporlajusticia.org\/es\/programacion-2\/seccion-oficial-2017\/\"> Secci\u00f3n Oficial Largometrajes<\/a>\r\n<a href=\"https:\/\/fundacionporlajusticia.org\/es\/programacion-2\/seccion-oficial-de-cortometrajes\/\">Secci\u00f3n Oficial Cortometrajes<\/a>\r\n<a href=\"https:\/\/fundacionporlajusticia.org\/es\/programacion-2\/seccion-dona-i-cinema\/\">Secci\u00f3n Dona i Cinema<\/a>\r\n<a href=\"https:\/\/fundacionporlajusticia.org\/es\/programacion-2\/seccion-1-minuto-1-derecho-2\/\">Secci\u00f3n 1 minuto, 1 derecho<\/a><\/blockquote>","_et_gb_content_width":"","_uf_show_specific_survey":0,"_uf_disable_surveys":false,"footnotes":""},"class_list":["post-868","page","type-page","status-publish","hentry"],"aioseo_notices":[],"_links":{"self":[{"href":"https:\/\/fundacionporlajusticia.org\/va\/wp-json\/wp\/v2\/pages\/868","targetHints":{"allow":["GET"]}}],"collection":[{"href":"https:\/\/fundacionporlajusticia.org\/va\/wp-json\/wp\/v2\/pages"}],"about":[{"href":"https:\/\/fundacionporlajusticia.org\/va\/wp-json\/wp\/v2\/types\/page"}],"author":[{"embeddable":true,"href":"https:\/\/fundacionporlajusticia.org\/va\/wp-json\/wp\/v2\/users\/2"}],"replies":[{"embeddable":true,"href":"https:\/\/fundacionporlajusticia.org\/va\/wp-json\/wp\/v2\/comments?post=868"}],"version-history":[{"count":11,"href":"https:\/\/fundacionporlajusticia.org\/va\/wp-json\/wp\/v2\/pages\/868\/revisions"}],"predecessor-version":[{"id":4056,"href":"https:\/\/fundacionporlajusticia.org\/va\/wp-json\/wp\/v2\/pages\/868\/revisions\/4056"}],"up":[{"embeddable":true,"href":"https:\/\/fundacionporlajusticia.org\/va\/wp-json\/wp\/v2\/pages\/442"}],"wp:attachment":[{"href":"https:\/\/fundacionporlajusticia.org\/va\/wp-json\/wp\/v2\/media?parent=868"}],"curies":[{"name":"wp","href":"https:\/\/api.w.org\/{rel}","templated":true}]}}