{"id":7723,"date":"2023-11-28T17:15:52","date_gmt":"2023-11-28T17:15:52","guid":{"rendered":"https:\/\/fundacionporlajusticia.accesia.info\/?page_id=7723"},"modified":"2023-11-28T17:15:52","modified_gmt":"2023-11-28T17:15:52","slug":"humans-lab-masterclasses","status":"publish","type":"page","link":"https:\/\/fundacionporlajusticia.org\/va\/humans-lab-masterclasses\/","title":{"rendered":"Humans Lab \u2013 Masterclasses obertes"},"content":{"rendered":"<hr \/>\n<h2 style=\"text-align: center;\"><b>Tenim dues classes magistrals obertes al p\u00fablic*!<br \/>\n<\/b><\/h2>\n<hr \/>\n<p style=\"text-align: center;\"><span style=\"font-weight: 400;\">*L&#039;assist\u00e8ncia \u00e9s gratu\u00efta. Nom\u00e9s heu d&#039;aconseguir la vostra entrada per una q\u00fcesti\u00f3 d&#039;aforament.<\/span><\/p>\n<p>&nbsp;<\/p>\n<h5 style=\"text-align: center;\">Divendres 1 de desembre \u2013 A les 17 hores \u2013 Centre Cultural La Benefic\u00e8ncia<\/h5>\n<h3 style=\"text-align: center;\"><strong>Est\u00edbalis Urresola (directora)<\/strong><\/h3>\n<p>Ha dirigit t\u00edtols com Adri; \u00abPols som\u00bb; o Cordes, estrenat a la Setmana de la Cr\u00edtica de Cannes 2022, Premi Forqu\u00e9 a millor curtmetratge i nominat als Premis Goya 2023. El seu primer llargmetratge de ficci\u00f3, <strong>20.000 esp\u00e8cies d&#039;abelles<\/strong>, va ser estrenat a la Secci\u00f3 Oficial de la Berlinale i es va al\u00e7ar amb l&#039;\u00d3s de Plata a Millor Interpretaci\u00f3 per a Sofia Otero, el Premi del P\u00fablic i el Premi dels Exhibidors Alemanys. Tamb\u00e9 va guanyar la Biznaga d&#039;Or a Millor Pel\u00b7l\u00edcula i Biznaga de Plata a Millor Actriu de Repartiment, Patricia L\u00f3pez Arnaiz, al Festival de Cinema de M\u00e0laga. A m\u00e9s, ha estat triada com <strong>candidata a representar Espanya als Oscars 2024<\/strong>.<\/p>\n<p><img loading=\"lazy\" decoding=\"async\" class=\"wp-image-7715 aligncenter\" src=\"https:\/\/fundacionporlajusticia.org\/wp-content\/uploads\/2023\/11\/Estibaliz-Urresola-\u00a9CamiloOviedo-scaled-e1701174223597-1024x894.jpg\" alt=\"\" width=\"400\" height=\"349\" srcset=\"https:\/\/fundacionporlajusticia.org\/wp-content\/uploads\/2023\/11\/Estibaliz-Urresola-\u00a9CamiloOviedo-scaled-e1701174223597-1024x894.jpg 1024w, https:\/\/fundacionporlajusticia.org\/wp-content\/uploads\/2023\/11\/Estibaliz-Urresola-\u00a9CamiloOviedo-scaled-e1701174223597-300x262.jpg 300w, https:\/\/fundacionporlajusticia.org\/wp-content\/uploads\/2023\/11\/Estibaliz-Urresola-\u00a9CamiloOviedo-scaled-e1701174223597-768x670.jpg 768w, https:\/\/fundacionporlajusticia.org\/wp-content\/uploads\/2023\/11\/Estibaliz-Urresola-\u00a9CamiloOviedo-scaled-e1701174223597-1536x1341.jpg 1536w, https:\/\/fundacionporlajusticia.org\/wp-content\/uploads\/2023\/11\/Estibaliz-Urresola-\u00a9CamiloOviedo-scaled-e1701174223597-1080x943.jpg 1080w, https:\/\/fundacionporlajusticia.org\/wp-content\/uploads\/2023\/11\/Estibaliz-Urresola-\u00a9CamiloOviedo-scaled-e1701174223597.jpg 1708w\" sizes=\"(max-width: 400px) 100vw, 400px\" \/><\/p>\n<p style=\"text-align: center;\"><a href='https:\/\/www.eventbrite.es\/e\/765207053897?aff=oddtdtcreator' class='big-button bigpink' target=\"_blank\">ACONSEGUEIX LA TEVA ENTRADA GRATIS AQU\u00cd!<\/a><\/p>\n<p>&nbsp;<\/p>\n<h5 style=\"text-align: center;\">Dissabte 2 de desembre \u2013 A les 11 hores \u2013 Centre Cultural La Benefic\u00e8ncia<\/h5>\n<h3 style=\"text-align: center;\"><strong>Salima Jirari (consultora)<\/strong><\/h3>\n<p>Consultora especialitzada en <strong>diversitat de projectes audiovisuals<\/strong>. Col\u00b7labora amb diversos programes, empreses i universitats assessorant projectes en desenvolupament i impartint sessions sobre els biaixos inconscients en el proc\u00e9s creatiu. Amb <strong>m\u00e9s de deu anys d&#039;experi\u00e8ncia<\/strong>, ha treballat en diferents \u00e0rees del sector cinematogr\u00e0fic, com la distribuci\u00f3 o la producci\u00f3. Jirari \u00e9s una professional que advoca per la cultura i el cinema com a eines de pensament cr\u00edtic i canvi social.<\/p>\n<p><img loading=\"lazy\" decoding=\"async\" class=\"wp-image-7714 aligncenter\" src=\"https:\/\/fundacionporlajusticia.org\/wp-content\/uploads\/2023\/11\/Salima-Jirari-scaled-e1701174151193-1024x996.jpg\" alt=\"\" width=\"400\" height=\"389\" \/><\/p>\n<p style=\"text-align: center;\"><a href='https:\/\/www.eventbrite.es\/e\/765214024747?aff=oddtdtcreator' class='big-button bigpink' target=\"_blank\">ACONSEGUEIX LA TEVA ENTRADA GRATIS AQU\u00cd!<\/a><\/p>","protected":false},"excerpt":{"rendered":"<p>\u00a1Tenemos dos clases magistrales abiertas al p\u00fablico*! *La asistencia es gratuita. S\u00f3lo has de conseguir tu entrada por una cuesti\u00f3n de aforo. &nbsp; Viernes 1 de diciembre &#8211; A las 17 horas &#8211; Centre Cultural La Benefic\u00e8ncia Est\u00edbaliz Urresola (directora) Ha dirigido t\u00edtulos como \u00abAdri\u00bb; \u00abPolvo somos\u00bb; o \u00abCuerdas\u00bb, estrenado en la Semana de la [&hellip;]<\/p>\n","protected":false},"author":2,"featured_media":7660,"parent":0,"menu_order":0,"comment_status":"closed","ping_status":"closed","template":"","meta":{"_et_pb_use_builder":"","_et_pb_old_content":"","_et_gb_content_width":"","_uf_show_specific_survey":0,"_uf_disable_surveys":false,"footnotes":""},"class_list":["post-7723","page","type-page","status-publish","has-post-thumbnail","hentry"],"aioseo_notices":[],"_links":{"self":[{"href":"https:\/\/fundacionporlajusticia.org\/va\/wp-json\/wp\/v2\/pages\/7723","targetHints":{"allow":["GET"]}}],"collection":[{"href":"https:\/\/fundacionporlajusticia.org\/va\/wp-json\/wp\/v2\/pages"}],"about":[{"href":"https:\/\/fundacionporlajusticia.org\/va\/wp-json\/wp\/v2\/types\/page"}],"author":[{"embeddable":true,"href":"https:\/\/fundacionporlajusticia.org\/va\/wp-json\/wp\/v2\/users\/2"}],"replies":[{"embeddable":true,"href":"https:\/\/fundacionporlajusticia.org\/va\/wp-json\/wp\/v2\/comments?post=7723"}],"version-history":[{"count":3,"href":"https:\/\/fundacionporlajusticia.org\/va\/wp-json\/wp\/v2\/pages\/7723\/revisions"}],"predecessor-version":[{"id":7726,"href":"https:\/\/fundacionporlajusticia.org\/va\/wp-json\/wp\/v2\/pages\/7723\/revisions\/7726"}],"wp:featuredmedia":[{"embeddable":true,"href":"https:\/\/fundacionporlajusticia.org\/va\/wp-json\/wp\/v2\/media\/7660"}],"wp:attachment":[{"href":"https:\/\/fundacionporlajusticia.org\/va\/wp-json\/wp\/v2\/media?parent=7723"}],"curies":[{"name":"wp","href":"https:\/\/api.w.org\/{rel}","templated":true}]}}