{"id":7710,"date":"2023-11-28T12:25:41","date_gmt":"2023-11-28T12:25:41","guid":{"rendered":"https:\/\/fundacionporlajusticia.accesia.info\/?page_id=7710"},"modified":"2023-11-28T12:26:58","modified_gmt":"2023-11-28T12:26:58","slug":"humans-lab-personas-mentoras","status":"publish","type":"page","link":"https:\/\/fundacionporlajusticia.org\/va\/humans-lab-personas-mentoras\/","title":{"rendered":"Humans Lab \u2013 Persones mentores"},"content":{"rendered":"<hr \/>\n<h2 style=\"text-align: center;\"><b>Coneix els professionals que participaran en la primera edici\u00f3 del nostre laboratori de creaci\u00f3 audiovisual<br \/>\n<\/b><\/h2>\n<hr \/>\n<p><span style=\"font-weight: 400;\">L&#039;Humans Lab se celebra a Val\u00e8ncia des del divendres 1 fins al diumenge 3 de desembre i compta amb professionals de l&#039;\u00e0mbit audiovisual de primer nivell per impartir dues classes magistrals (que tamb\u00e9 estaran obertes al p\u00fablic en general), dues sessions tutoritzades <em>one-to-one<\/em> sobre els projectes seleccionats i una sessi\u00f3 grupal de preparaci\u00f3 al <em>pitch<\/em> per, com a fermall final, realitzar una presentaci\u00f3 davant de diferents productores de la Comunitat Valenciana.<\/span><\/p>\n<h3>Est\u00edbalis Urresola, directora<\/h3>\n<p>Ha dirigit t\u00edtols com Adri; \u00abPols som\u00bb; o Cordes, estrenat a la Setmana de la Cr\u00edtica de Cannes 2022, Premi Forqu\u00e9 a millor curtmetratge i nominat als Premis Goya 2023. El seu primer llargmetratge de ficci\u00f3, <strong>20.000 esp\u00e8cies d&#039;abelles<\/strong>, va ser estrenat a la Secci\u00f3 Oficial de la Berlinale i es va al\u00e7ar amb l&#039;\u00d3s de Plata a Millor Interpretaci\u00f3 per a Sofia Otero, el Premi del P\u00fablic i el Premi dels Exhibidors Alemanys. Tamb\u00e9 va guanyar la Biznaga d&#039;Or a Millor Pel\u00b7l\u00edcula i Biznaga de Plata a Millor Actriu de Repartiment, Patricia L\u00f3pez Arnaiz, al Festival de Cinema de M\u00e0laga. A m\u00e9s, ha estat triada com <strong>candidata a representar Espanya als Oscars 2024<\/strong>.<\/p>\n<p><img loading=\"lazy\" decoding=\"async\" class=\"wp-image-7715 aligncenter\" src=\"https:\/\/fundacionporlajusticia.org\/wp-content\/uploads\/2023\/11\/Estibaliz-Urresola-\u00a9CamiloOviedo-scaled-e1701174223597-1024x894.jpg\" alt=\"\" width=\"400\" height=\"349\" srcset=\"https:\/\/fundacionporlajusticia.org\/wp-content\/uploads\/2023\/11\/Estibaliz-Urresola-\u00a9CamiloOviedo-scaled-e1701174223597-1024x894.jpg 1024w, https:\/\/fundacionporlajusticia.org\/wp-content\/uploads\/2023\/11\/Estibaliz-Urresola-\u00a9CamiloOviedo-scaled-e1701174223597-300x262.jpg 300w, https:\/\/fundacionporlajusticia.org\/wp-content\/uploads\/2023\/11\/Estibaliz-Urresola-\u00a9CamiloOviedo-scaled-e1701174223597-768x670.jpg 768w, https:\/\/fundacionporlajusticia.org\/wp-content\/uploads\/2023\/11\/Estibaliz-Urresola-\u00a9CamiloOviedo-scaled-e1701174223597-1536x1341.jpg 1536w, https:\/\/fundacionporlajusticia.org\/wp-content\/uploads\/2023\/11\/Estibaliz-Urresola-\u00a9CamiloOviedo-scaled-e1701174223597-1080x943.jpg 1080w, https:\/\/fundacionporlajusticia.org\/wp-content\/uploads\/2023\/11\/Estibaliz-Urresola-\u00a9CamiloOviedo-scaled-e1701174223597.jpg 1708w\" sizes=\"(max-width: 400px) 100vw, 400px\" \/><\/p>\n<h3>Salima Jirari, consultora<\/h3>\n<p>Consultora especialitzada en <strong>diversitat de projectes audiovisuals<\/strong>. Col\u00b7labora amb diversos programes, empreses i universitats assessorant projectes en desenvolupament i impartint sessions sobre els biaixos inconscients en el proc\u00e9s creatiu. Amb <strong>m\u00e9s de deu anys d&#039;experi\u00e8ncia<\/strong>, ha treballat en diferents \u00e0rees del sector cinematogr\u00e0fic, com la distribuci\u00f3 o la producci\u00f3. Jirari \u00e9s una professional que advoca per la cultura i el cinema com a eines de pensament cr\u00edtic i canvi social.<\/p>\n<p><img loading=\"lazy\" decoding=\"async\" class=\"wp-image-7714 aligncenter\" src=\"https:\/\/fundacionporlajusticia.org\/wp-content\/uploads\/2023\/11\/Salima-Jirari-scaled-e1701174151193-1024x996.jpg\" alt=\"\" width=\"400\" height=\"389\" \/><\/p>\n<h3>Fran Ruvira, director<\/h3>\n<p>Llicenciat en comunicaci\u00f3 audiovisual per la Universitat de Val\u00e8ncia i la UPF de Barcelona. La seva \u00f2pera prima com a director i guionista, Orson West, \u00e9s un llargmetratge situat entre el documental i la ficci\u00f3. Ha desenvolupat la seva carrera al camp de la <strong>investigaci\u00f3 audiovisual<\/strong> a partir del Doctorat de Teoria Cinematogr\u00e0fica de la UPF. Tamb\u00e9 destaca la seva <strong>paper com a productor<\/strong> apostant per projectes com Comala Comala, Ferida ra\u00edz: Maria-Merc\u00e8 Mar\u00e7al, #Precaritystory o Curt. A m\u00e9s, treballa com <strong>docent<\/strong> a diversos centres dedicats al gui\u00f3 i narrativa audiovisual.<\/p>\n<p><img loading=\"lazy\" decoding=\"async\" class=\"wp-image-7713 aligncenter\" src=\"https:\/\/fundacionporlajusticia.org\/wp-content\/uploads\/2023\/11\/FRAN-RUVIRA.jpeg\" alt=\"\" width=\"400\" height=\"372\" \/><\/p>\n<p style=\"text-align: center;\"><a href='https:\/\/fundacionporlajusticia.org\/va\/humans-lab-proyectos-2023\/' class='big-button bigpink'>CONEIX ELS PROJECTES SELECCIONATS!<\/a><\/p>","protected":false},"excerpt":{"rendered":"<p>Conoce a las\/os profesionales que participar\u00e1n en la primera edici\u00f3n de nuestro laboratorio de creaci\u00f3n audiovisual El Humans Lab se celebra en Val\u00e8ncia desde el viernes 1 hasta el domingo 3 de diciembre y cuenta con profesionales del \u00e1mbito audiovisual de primer nivel para impartir dos clases magistrales (que tambi\u00e9n estar\u00e1n abiertas al p\u00fablico en [&hellip;]<\/p>\n","protected":false},"author":2,"featured_media":7660,"parent":0,"menu_order":0,"comment_status":"closed","ping_status":"closed","template":"","meta":{"_et_pb_use_builder":"","_et_pb_old_content":"","_et_gb_content_width":"","_uf_show_specific_survey":0,"_uf_disable_surveys":false,"footnotes":""},"class_list":["post-7710","page","type-page","status-publish","has-post-thumbnail","hentry"],"aioseo_notices":[],"_links":{"self":[{"href":"https:\/\/fundacionporlajusticia.org\/va\/wp-json\/wp\/v2\/pages\/7710","targetHints":{"allow":["GET"]}}],"collection":[{"href":"https:\/\/fundacionporlajusticia.org\/va\/wp-json\/wp\/v2\/pages"}],"about":[{"href":"https:\/\/fundacionporlajusticia.org\/va\/wp-json\/wp\/v2\/types\/page"}],"author":[{"embeddable":true,"href":"https:\/\/fundacionporlajusticia.org\/va\/wp-json\/wp\/v2\/users\/2"}],"replies":[{"embeddable":true,"href":"https:\/\/fundacionporlajusticia.org\/va\/wp-json\/wp\/v2\/comments?post=7710"}],"version-history":[{"count":2,"href":"https:\/\/fundacionporlajusticia.org\/va\/wp-json\/wp\/v2\/pages\/7710\/revisions"}],"predecessor-version":[{"id":7717,"href":"https:\/\/fundacionporlajusticia.org\/va\/wp-json\/wp\/v2\/pages\/7710\/revisions\/7717"}],"wp:featuredmedia":[{"embeddable":true,"href":"https:\/\/fundacionporlajusticia.org\/va\/wp-json\/wp\/v2\/media\/7660"}],"wp:attachment":[{"href":"https:\/\/fundacionporlajusticia.org\/va\/wp-json\/wp\/v2\/media?parent=7710"}],"curies":[{"name":"wp","href":"https:\/\/api.w.org\/{rel}","templated":true}]}}