{"id":7696,"date":"2023-11-28T12:08:28","date_gmt":"2023-11-28T12:08:28","guid":{"rendered":"https:\/\/fundacionporlajusticia.accesia.info\/?page_id=7696"},"modified":"2023-11-28T12:28:00","modified_gmt":"2023-11-28T12:28:00","slug":"humans-lab-proyectos-2023","status":"publish","type":"page","link":"https:\/\/fundacionporlajusticia.org\/va\/humans-lab-proyectos-2023\/","title":{"rendered":"Humans Lab \u2013 Projectes 2023"},"content":{"rendered":"<hr \/>\n<h2 style=\"text-align: center;\"><b>Coneix les propostes seleccionades per a la primera edici\u00f3 del nostre laboratori de creaci\u00f3 audiovisual<br \/>\n<\/b><\/h2>\n<hr \/>\n<p><span style=\"font-weight: 400;\">L&#039;Humans Lab se celebra a Val\u00e8ncia des del divendres 1 fins al diumenge 3 de desembre. Les persones seleccionades podran gaudir de dues classes magistrals (que tamb\u00e9 estaran obertes al p\u00fablic en general), dues sessions tutoritzades <em>one-to-one<\/em> sobre els seus projectes i una sessi\u00f3 grupal de preparaci\u00f3 al <em>pitch<\/em> per, com a fermall final, realitzar una presentaci\u00f3 davant de diferents productores de la Comunitat Valenciana. Tot aix\u00f2 impartit per professionals de l&#039;\u00e0mbit audiovisual, com s\u00f3n la directora <strong>Est\u00edbalis Urresola<\/strong>, la consultora <strong>Salima Jirari<\/strong> i el director <strong>Fran Ruvira<\/strong>.<\/span><\/p>\n<h3>David contra Goliat, d&#039;Honorato Ruiz<\/h3>\n<ul>\n<li><span style=\"text-decoration: underline;\">La proposta en una frase<\/span>: \u00abLa resist\u00e8ncia del petit, l&#039;art contra el descart, els contes contra els comptes\u00bb<\/li>\n<li><span style=\"text-decoration: underline;\">Per con\u00e8ixer-nos millor<\/span>: Honorat va comen\u00e7ar la seva carrera cinematogr\u00e0fica el 2015 i des de llavors no he deixat d&#039;embarcar-se en nous projectes. A m\u00e9s d&#039;un grau universitari i un m\u00e0ster superior en muntatge cinematogr\u00e0fic obtinguts durant els cinc anys d&#039;estudi a l&#039;ESCAC, compta amb m\u00e9s de cinc curtmetratges de ficci\u00f3 a l&#039;esquena, la majoria amb recorregut per festivals. D&#039;altra banda, ha tingut incursions al documental, el videoclip i la publicitat. Actualment, treballa al departament de postproducci\u00f3 d&#039;una s\u00e8rie produ\u00efda per Nanouk Films que veur\u00e0 la llum a RTVE i TV3 properament. Adora dirigir, escriure i editar, les tres disciplines en qu\u00e8 s&#039;ha especialitzat durant tots aquests anys.<\/li>\n<\/ul>\n<p><img loading=\"lazy\" decoding=\"async\" class=\"wp-image-7701 aligncenter\" src=\"https:\/\/fundacionporlajusticia.org\/wp-content\/uploads\/2023\/11\/Honorato-Ruiz-scaled-e1701173073186-1001x1024.jpeg\" alt=\"\" width=\"400\" height=\"409\" \/><\/p>\n<p>&nbsp;<\/p>\n<h3>Trencar el ciment, de Claudia Estrada<\/h3>\n<ul>\n<li><span style=\"text-decoration: underline;\">La proposta en una frase<\/span>: \u00abEn un pa\u00eds on el su\u00efcidi \u00e9s la primera causa de mort, tres joves exigeixen una atenci\u00f3 de qualitat a la salut mental\u00bb<\/li>\n<li><span style=\"text-decoration: underline;\">Per con\u00e8ixer-nos millor<\/span>: Claudia \u00e9s una directora i guionista valenciana. De la seva filmografia destaquen \u00abCom va ser la teva vida, \u00e0via?\u00bb (2019), guanyadora del X Festival de Clipmetratges de Mans Unides; o \u00abLes flors que arrenques\u00bb (2021, Festival de M\u00e0laga, Cinema Invisible), premi al millor curtmetratge categoria C a Cinema Jove; entre altres feines. Actualment, desenvolupa el seu primer llargmetratge de ficci\u00f3 titulat \u00abSurten las lobas\u00bb, seleccionat al Campus d&#039;Estiu de l&#039;Acad\u00e8mia de Cinema.<\/li>\n<\/ul>\n<p><img loading=\"lazy\" decoding=\"async\" class=\"wp-image-7699 aligncenter\" src=\"https:\/\/fundacionporlajusticia.org\/wp-content\/uploads\/2023\/11\/Claudia-Estrada-e1701172995610-1024x934.jpeg\" alt=\"\" width=\"400\" height=\"365\" \/><\/p>\n<p>&nbsp;<\/p>\n<h3>\u00abL&#039;hora escrita\u00bb, de Coke Arijo<\/h3>\n<ul>\n<li><span style=\"text-decoration: underline;\">La proposta en una frase<\/span>: \u00abLa crueltat d&#039;un \u00e8xode poblacional per motius b\u00e8l\u00b7lics\u00bb<\/li>\n<li><span style=\"text-decoration: underline;\">Per con\u00e8ixer-nos millor<\/span>: Coke \u00e9s llicenciat en Comunicaci\u00f3 Audiovisual i t\u00e9 el m\u00e0ster en Disseny 3D a l&#039;escola Animum Creativity Advanced School. Durant m\u00e9s de 15 anys ha combinat el seu treball com a realitzador audiovisual independent amb la creaci\u00f3 de continguts digitals, espots i campanyes publicit\u00e0ries per a marques com Uber, Airzone, Dunkin, Carrefour, Dani Garc\u00eda, D\u00e8cimas\u2026 Els seus curtmetratges han estat premiats i seleccionats en multitud de festivals nacionals i internacionals, mentoritzats per professionals de la talla de Paco Cabezas, In\u00e9s Nofuentes o Jorge Laplace. El seu darrer treball, La meva Condici\u00f3, protagonitzat per Jaime Ord\u00f3\u00f1ez i Noem\u00ed Ruiz, disponible a Filmin, ha estat seleccionat en m\u00e9s de 50 festivals i compta amb m\u00e9s d&#039;una vintena de guardons. Els curtmetratges \u00abMil\u00b7l\u00edmetres\u00bb o \u00abL&#039;hora escrita\u00bb s\u00f3n els seus propers projectes com a director, mentre desenvolupa el llargmetratge documental \u00abEls tres esglaons\u00bb.<\/li>\n<\/ul>\n<p><img loading=\"lazy\" decoding=\"async\" class=\"wp-image-7700 aligncenter\" src=\"https:\/\/fundacionporlajusticia.org\/wp-content\/uploads\/2023\/11\/Coke-Arijo-e1701172943978.jpeg\" alt=\"\" width=\"400\" height=\"388\" \/><\/p>\n<p>&nbsp;<\/p>\n<h3>La llavor de Rider, d&#039;Iv\u00e1n Fern\u00e1ndez de C\u00f2rdova<\/h3>\n<ul>\n<li><span style=\"text-decoration: underline;\">La proposta en una frase<\/span>: \u00abUna nit plujosa, sota els llums d?una ciutat i una societat educada a mirar cap a una altra banda, un jove repartidor a domicili va ser atropellat. De qui \u00e9s la culpa?\u00bb<\/li>\n<li><span style=\"text-decoration: underline;\">Per con\u00e8ixer-nos millor<\/span>: Iv\u00e1n va estudiar disseny gr\u00e0fic, fotografia, realitzaci\u00f3 d&#039;audiovisuals, gui\u00f3 a l&#039;EICTV i direcci\u00f3 cinematogr\u00e0fica a Ciudad de la Luz. \u00c9s el guionista i director dels llargmetratges \u201cCreuant el sentit\u201d i \u201c#Seguidores\u201d, aix\u00ed com dels curtmetratges \u201cUn lugar\u201d i \u201cQuieto Billy\u201d, entre d&#039;altres. Al llarg de la seva traject\u00f2ria ha obtingut m\u00e9s de 50 premis i 200 seleccions a festivals nacionals i internacionals, a m\u00e9s de candidatures als Premis Goya. El 2022 va ser premiat en els V Premis Berlanga. Actualment, compagina diferents enc\u00e0rrecs audiovisuals amb la preproducci\u00f3 del que ser\u00e0 el tercer llargmetratge de ficci\u00f3.<\/li>\n<\/ul>\n<p><img loading=\"lazy\" decoding=\"async\" class=\"wp-image-7702 aligncenter\" src=\"https:\/\/fundacionporlajusticia.org\/wp-content\/uploads\/2023\/11\/Ivan-Fernandez-de-Cordoba-01-1024x1024.jpeg\" alt=\"\" width=\"400\" height=\"400\" \/><\/p>\n<p style=\"text-align: center;\"><a href='https:\/\/fundacionporlajusticia.org\/va\/humans-lab-personas-mentoras\/' class='big-button bigpink'>CONEIX ALS MENTORS D&#039;AQUEST ANY!<\/a><\/p>","protected":false},"excerpt":{"rendered":"<p>Conoce las propuestas seleccionadas para la primera edici\u00f3n de nuestro laboratorio de creaci\u00f3n audiovisual El Humans Lab se celebra en Val\u00e8ncia desde el viernes 1 hasta el domingo 3 de diciembre. Las personas seleccionadas podr\u00e1n disfrutar de dos clases magistrales (que tambi\u00e9n estar\u00e1n abiertas al p\u00fablico en general), dos sesiones tutorizadas one-to-one sobre sus proyectos [&hellip;]<\/p>\n","protected":false},"author":2,"featured_media":7660,"parent":0,"menu_order":0,"comment_status":"closed","ping_status":"closed","template":"","meta":{"_et_pb_use_builder":"","_et_pb_old_content":"","_et_gb_content_width":"","_uf_show_specific_survey":0,"_uf_disable_surveys":false,"footnotes":""},"class_list":["post-7696","page","type-page","status-publish","has-post-thumbnail","hentry"],"aioseo_notices":[],"_links":{"self":[{"href":"https:\/\/fundacionporlajusticia.org\/va\/wp-json\/wp\/v2\/pages\/7696","targetHints":{"allow":["GET"]}}],"collection":[{"href":"https:\/\/fundacionporlajusticia.org\/va\/wp-json\/wp\/v2\/pages"}],"about":[{"href":"https:\/\/fundacionporlajusticia.org\/va\/wp-json\/wp\/v2\/types\/page"}],"author":[{"embeddable":true,"href":"https:\/\/fundacionporlajusticia.org\/va\/wp-json\/wp\/v2\/users\/2"}],"replies":[{"embeddable":true,"href":"https:\/\/fundacionporlajusticia.org\/va\/wp-json\/wp\/v2\/comments?post=7696"}],"version-history":[{"count":5,"href":"https:\/\/fundacionporlajusticia.org\/va\/wp-json\/wp\/v2\/pages\/7696\/revisions"}],"predecessor-version":[{"id":7719,"href":"https:\/\/fundacionporlajusticia.org\/va\/wp-json\/wp\/v2\/pages\/7696\/revisions\/7719"}],"wp:featuredmedia":[{"embeddable":true,"href":"https:\/\/fundacionporlajusticia.org\/va\/wp-json\/wp\/v2\/media\/7660"}],"wp:attachment":[{"href":"https:\/\/fundacionporlajusticia.org\/va\/wp-json\/wp\/v2\/media?parent=7696"}],"curies":[{"name":"wp","href":"https:\/\/api.w.org\/{rel}","templated":true}]}}