{"id":722,"date":"2022-03-09T07:51:51","date_gmt":"2022-03-09T07:51:51","guid":{"rendered":"https:\/\/fundacionporlajusticia.accesia.info\/?page_id=722"},"modified":"2025-07-01T10:26:16","modified_gmt":"2025-07-01T10:26:16","slug":"cuentas-anuales-e-informes-de-auditoria","status":"publish","type":"page","link":"https:\/\/fundacionporlajusticia.org\/va\/cuentas-anuales-e-informes-de-auditoria\/","title":{"rendered":"Comptes anuals i informes d&#039;auditoria"},"content":{"rendered":"<p>[et_pb_section fb_built=\u00bb1&#8243; admin_label=\u00bbHeader\u00bb _builder_version=\u00bb4.16&#8243; background_enable_color=\u00bboff\u00bb background_image=\u00bbhttps:\/\/fundacionporlajusticia.org\/wp-content\/uploads\/2022\/03\/contrato-unsplash.jpg\u00bb custom_margin=\u00bb||200px||false|false\u00bb saved_tabs=\u00bball\u00bb locked=\u00bboff\u00bb global_colors_info=\u00bb{}\u00bb][et_pb_row _builder_version=\u00bb4.16&#8243; custom_margin=\u00bb|auto|-240px|auto|false|false\u00bb animation_style=\u00bbbounce\u00bb locked=\u00bboff\u00bb global_colors_info=\u00bb{}\u00bb][et_pb_column type=\u00bb4_4&#8243; _builder_version=\u00bb4.16&#8243; background_color=\u00bbrgba(146,133,124,0.7)\u00bb custom_padding=\u00bb50px|40px|50px|40px|true|true\u00bb global_colors_info=\u00bb{}\u00bb][et_pb_text admin_label=\u00bbTitulo\u00bb _builder_version=\u00bb4.16&#8243; text_font=\u00bbMontserrat|600|||||||\u00bb text_text_color=\u00bb#92857c\u00bb text_font_size=\u00bb24px\u00bb text_line_height=\u00bb1.4em\u00bb header_font=\u00bbMontserrat|700||on|||||\u00bb header_text_color=\u00bb#efebe2&#8243; header_font_size=\u00bb70px\u00bb header_letter_spacing=\u00bb0.1em\u00bb header_line_height=\u00bb1.1em\u00bb header_2_font_size=\u00bb96px\u00bb header_3_font_size=\u00bb96px\u00bb header_4_font_size=\u00bb96px\u00bb header_5_font_size=\u00bb96px\u00bb header_6_font_size=\u00bb96px\u00bb text_orientation=\u00bbright\u00bb text_font_size_tablet=\u00bb\u00bb text_font_size_phone=\u00bb20px\u00bb text_font_size_last_edited=\u00bbon|desktop\u00bb header_font_size_tablet=\u00bb56px\u00bb header_font_size_phone=\u00bb30px\u00bb header_font_size_last_edited=\u00bbon|phone\u00bb header_2_font_size_tablet=\u00bb56px\u00bb header_2_font_size_phone=\u00bb30px\u00bb header_2_font_size_last_edited=\u00bbon|phone\u00bb header_3_font_size_tablet=\u00bb56px\u00bb header_3_font_size_phone=\u00bb30px\u00bb header_3_font_size_last_edited=\u00bbon|phone\u00bb header_4_font_size_tablet=\u00bb56px\u00bb header_4_font_size_phone=\u00bb30px\u00bb header_4_font_size_last_edited=\u00bbon|phone\u00bb header_5_font_size_tablet=\u00bb56px\u00bb header_5_font_size_phone=\u00bb30px\u00bb header_5_font_size_last_edited=\u00bbon|phone\u00bb header_6_font_size_tablet=\u00bb56px\u00bb header_6_font_size_phone=\u00bb30px\u00bb header_6_font_size_last_edited=\u00bbon|phone\u00bb text_orientation_tablet=\u00bbleft\u00bb text_orientation_phone=\u00bb\u00bb text_orientation_last_edited=\u00bbon|tablet\u00bb locked=\u00bboff\u00bb global_colors_info=\u00bb{}\u00bb]<\/p>\n<h1>Cuentas<\/h1>\n<p>[\/et_pb_text][\/et_pb_column][\/et_pb_row][\/et_pb_section][et_pb_section fb_built=\u00bb1&#8243; _builder_version=\u00bb4.16&#8243; global_colors_info=\u00bb{}\u00bb][et_pb_row _builder_version=\u00bb4.16&#8243; background_size=\u00bbinitial\u00bb background_position=\u00bbtop_left\u00bb background_repeat=\u00bbrepeat\u00bb global_colors_info=\u00bb{}\u00bb][et_pb_column type=\u00bb4_4&#8243; _builder_version=\u00bb4.16&#8243; custom_padding=\u00bb|||\u00bb global_colors_info=\u00bb{}\u00bb custom_padding__hover=\u00bb|||\u00bb][et_pb_text _builder_version=\u00bb4.17.1&#8243; background_size=\u00bbinitial\u00bb background_position=\u00bbtop_left\u00bb background_repeat=\u00bbrepeat\u00bb global_colors_info=\u00bb{}\u00bb]<\/p>\n<div class=\"field field--name-body field--type-text-with-summary field--label-hidden field--item\">\n<p>Nuestros recursos econ\u00f3micos provienen de la aportaci\u00f3n de los socios, la de las empresas embajadoras y de las subvenciones de entidades p\u00fablicas o privadas que se obtienen al resultar aprobados nuestros proyectos. Cada c\u00e9ntimo recibido lo invertimos con absoluta transparencia, porque se lo debemos a nuestros colaboradores, a nuestros proyectos y a nosotros mismos.<\/p>\n<p>Las cuentas de la Fundaci\u00f3n por la Justicia est\u00e1n auditadas por la empresa externa\u00a0<a href=\"http:\/\/www.forwardeconomics.com\/\">Forward Economics, S.L.P.<\/a><\/p>\n<p>Puedes encontrar en estos enlaces, las Cuentas Anuales depositadas ante el Registro de Fundaciones de la Comunidad Valenciana, as\u00ed como el informe de Auditor\u00eda de las mismas.<\/p>\n<p><a href=\"https:\/\/fundacionporlajusticia.org\/wp-content\/uploads\/2025\/07\/Informe-FxJ-31.12.2024.pdf\">Cuentas anuales e informe Auditor\u00eda 2024<br \/>Cuentas anuales e informe Auditor\u00eda 2023<\/a><\/p>\n<\/div>\n<div class=\"field--item\"><a href=\"https:\/\/fundacionporlajusticia.org\/wp-content\/uploads\/2023\/07\/Cuentas-anuales-e-informe-Auditoria-2022.pdf\" target=\"_blank\" rel=\"noopener\">Cuentas anuales e informe Auditor\u00eda 2022<\/a><\/div>\n<div class=\"field--item\"><a href=\"https:\/\/fundacionporlajusticia.org\/wp-content\/uploads\/2022\/03\/Cuentas-anuales-e-informe-Auditoria-de-2020_compressed-1_0.pdf\"><\/a><a href=\"https:\/\/fundacionporlajusticia.org\/wp-content\/uploads\/2023\/01\/Cuentas-anuales-e-informe-Auditoria-2021.pdf\" rel=\"attachment noopener wp-att-6783\" target=\"_blank\">Cuentas anuales e informe Auditor\u00eda 2021<\/a><a href=\"https:\/\/fundacionporlajusticia.org\/wp-content\/uploads\/2022\/03\/Cuentas-anuales-e-informe-Auditoria-de-2020_compressed-1_0.pdf\"><\/a><\/div>\n<div class=\"field--item\"><a href=\"https:\/\/fundacionporlajusticia.org\/wp-content\/uploads\/2022\/03\/Cuentas-anuales-e-informe-Auditoria-de-2020_compressed-1_0.pdf\">Cuentas anuales e informe Auditoria de 2020<\/a><\/div>\n<div class=\"field--item\"><a href=\"https:\/\/fundacionporlajusticia.org\/wp-content\/uploads\/2022\/03\/Informe-Auditoria_compressed.pdf\" target=\"_blank\" rel=\"noopener\">Cuentas anuales e informe Auditoria de 2019<\/a><\/div>\n<div class=\"field--item\"><a href=\"https:\/\/fundacionporlajusticia.org\/wp-content\/uploads\/2022\/03\/Cuentas-Anuales-2018.pdf\">Cuentas Anuales 2018<\/a><\/div>\n<div class=\"field--item\"><a href=\"https:\/\/fundacionporlajusticia.org\/wp-content\/uploads\/2022\/03\/Informe-Auditoria-2018.pdf\">Informe Auditoria 2018<\/a><\/div>\n<div class=\"field--item\"><a href=\"https:\/\/fundacionporlajusticia.org\/wp-content\/uploads\/2022\/03\/CuentasAnuales2017.pdf\">Cuentas Anuales 2017<\/a><\/div>\n<div class=\"field--item\"><a href=\"https:\/\/fundacionporlajusticia.org\/wp-content\/uploads\/2022\/03\/CuentasAnuales2016.pdf\">Cuentas Anuales 2016<\/a><\/div>\n<div class=\"field--item\"><a href=\"https:\/\/fundacionporlajusticia.org\/wp-content\/uploads\/2022\/03\/CCAA2015.pdf\" target=\"_blank\" rel=\"noopener\">Cuentas Anuales 2015<\/a><\/div>\n<div class=\"field--item\"><a href=\"https:\/\/fundacionporlajusticia.org\/wp-content\/uploads\/2022\/03\/Opinio2015.pdf\" target=\"_blank\" rel=\"noopener\">Informe de Auditor\u00eda 2015<\/a><\/div>\n<div class=\"field--item\"><a href=\"https:\/\/fundacionporlajusticia.org\/wp-content\/uploads\/2022\/03\/CCAA2014.pdf\" target=\"_blank\" rel=\"noopener\">Cuentas Anuales 2014<\/a><\/div>\n<div class=\"field--item\"><a href=\"https:\/\/fundacionporlajusticia.org\/wp-content\/uploads\/2022\/03\/Opinio2014.pdf\">Informe de Auditor\u00eda 2014<\/a><\/div>\n<p>[\/et_pb_text][\/et_pb_column][\/et_pb_row][\/et_pb_section]<\/p>\n","protected":false},"excerpt":{"rendered":"<p>Cuentas Nuestros recursos econ\u00f3micos provienen de la aportaci\u00f3n de los socios, la de las empresas embajadoras y de las subvenciones de entidades p\u00fablicas o privadas que se obtienen al resultar aprobados nuestros proyectos. Cada c\u00e9ntimo recibido lo invertimos con absoluta transparencia, porque se lo debemos a nuestros colaboradores, a nuestros proyectos y a nosotros mismos. [&hellip;]<\/p>\n","protected":false},"author":1,"featured_media":0,"parent":0,"menu_order":0,"comment_status":"closed","ping_status":"closed","template":"","meta":{"_et_pb_use_builder":"on","_et_pb_old_content":"<div class=\"field field--name-body field--type-text-with-summary field--label-hidden field--item\"><p>Nuestros recursos econ\u00f3micos provienen de la aportaci\u00f3n de los socios, la de las empresas embajadoras y de las subvenciones de entidades p\u00fablicas o privadas que se obtienen al resultar aprobados nuestros proyectos. Cada c\u00e9ntimo recibido lo invertimos con absoluta transparencia, porque se lo debemos a nuestros colaboradores, a nuestros proyectos y a nosotros mismos.<\/p><p>Las cuentas de la Fundaci\u00f3n por la Justicia est\u00e1n auditadas por la empresa externa\u00a0<a href=\"http:\/\/www.forwardeconomics.com\/\">Forward Economics, S.L.P.<\/a><\/p><p>Puedes encontrar en estos enlaces, las Cuentas Anuales depositadas ante el Registro de Fundaciones de la Comunidad Valenciana, as\u00ed como el informe de Auditor\u00eda de las mismas.<\/p><\/div><div class=\"field--item\"><a href=\"https:\/\/fundacionporlajusticia.org\/wp-content\/uploads\/2022\/03\/Cuentas-anuales-e-informe-Auditoria-de-2020_compressed-1_0.pdf\">Cuentas anuales e informe Auditoria de 2020<\/a><\/div><div class=\"field--item\"><a href=\"https:\/\/fundacionporlajusticia.org\/wp-content\/uploads\/2022\/03\/Informe-Auditoria_compressed.pdf\" target=\"_blank\" rel=\"noopener\">Cuentas anuales e informe Auditoria de 2019<\/a><\/div><div class=\"field--item\"><a href=\"https:\/\/fundacionporlajusticia.org\/wp-content\/uploads\/2022\/03\/Cuentas-Anuales-2018.pdf\">Cuentas Anuales 2018<\/a><\/div><div class=\"field--item\"><a href=\"https:\/\/fundacionporlajusticia.org\/wp-content\/uploads\/2022\/03\/Informe-Auditoria-2018.pdf\">Informe Auditoria 2018<\/a><\/div><div class=\"field--item\"><a href=\"https:\/\/fundacionporlajusticia.org\/wp-content\/uploads\/2022\/03\/CuentasAnuales2017.pdf\">Cuentas Anuales 2017<\/a><\/div><div class=\"field--item\"><a href=\"https:\/\/fundacionporlajusticia.org\/wp-content\/uploads\/2022\/03\/CuentasAnuales2016.pdf\">Cuentas Anuales 2016<\/a><\/div><div class=\"field--item\"><a href=\"https:\/\/fundacionporlajusticia.org\/wp-content\/uploads\/2022\/03\/CCAA2015.pdf\" target=\"_blank\" rel=\"noopener\">Cuentas Anuales 2015<\/a><\/div><div class=\"field--item\"><a href=\"https:\/\/fundacionporlajusticia.org\/wp-content\/uploads\/2022\/03\/Opinio2015.pdf\" target=\"_blank\" rel=\"noopener\">Informe de Auditor\u00eda 2015<\/a><\/div><div class=\"field--item\"><a href=\"https:\/\/fundacionporlajusticia.org\/wp-content\/uploads\/2022\/03\/CCAA2014.pdf\" target=\"_blank\" rel=\"noopener\">Cuentas Anuales 2014<\/a><\/div><div class=\"field--item\"><a href=\"https:\/\/fundacionporlajusticia.org\/wp-content\/uploads\/2022\/03\/Opinio2014.pdf\">Informe de Auditor\u00eda 2014<\/a><\/div>","_et_gb_content_width":"","_uf_show_specific_survey":0,"_uf_disable_surveys":false,"footnotes":""},"class_list":["post-722","page","type-page","status-publish","hentry"],"aioseo_notices":[],"_links":{"self":[{"href":"https:\/\/fundacionporlajusticia.org\/va\/wp-json\/wp\/v2\/pages\/722","targetHints":{"allow":["GET"]}}],"collection":[{"href":"https:\/\/fundacionporlajusticia.org\/va\/wp-json\/wp\/v2\/pages"}],"about":[{"href":"https:\/\/fundacionporlajusticia.org\/va\/wp-json\/wp\/v2\/types\/page"}],"author":[{"embeddable":true,"href":"https:\/\/fundacionporlajusticia.org\/va\/wp-json\/wp\/v2\/users\/1"}],"replies":[{"embeddable":true,"href":"https:\/\/fundacionporlajusticia.org\/va\/wp-json\/wp\/v2\/comments?post=722"}],"version-history":[{"count":10,"href":"https:\/\/fundacionporlajusticia.org\/va\/wp-json\/wp\/v2\/pages\/722\/revisions"}],"predecessor-version":[{"id":13151,"href":"https:\/\/fundacionporlajusticia.org\/va\/wp-json\/wp\/v2\/pages\/722\/revisions\/13151"}],"wp:attachment":[{"href":"https:\/\/fundacionporlajusticia.org\/va\/wp-json\/wp\/v2\/media?parent=722"}],"curies":[{"name":"wp","href":"https:\/\/api.w.org\/{rel}","templated":true}]}}