{"id":707,"date":"2022-03-09T07:44:00","date_gmt":"2022-03-09T07:44:00","guid":{"rendered":"https:\/\/fundacionporlajusticia.accesia.info\/?page_id=707"},"modified":"2025-12-09T12:52:10","modified_gmt":"2025-12-09T11:52:10","slug":"memoria-de-actividades","status":"publish","type":"page","link":"https:\/\/fundacionporlajusticia.org\/va\/memoria-de-actividades\/","title":{"rendered":"Mem\u00f2ria d&#039;Activitats"},"content":{"rendered":"<p>[et_pb_section fb_built=\u00bb1&#8243; admin_label=\u00bbHeader\u00bb _builder_version=\u00bb4.16&#8243; background_enable_color=\u00bboff\u00bb background_image=\u00bbhttps:\/\/fundacionporlajusticia.org\/wp-content\/uploads\/2022\/03\/contrato-unsplash.jpg\u00bb custom_margin=\u00bb||200px||false|false\u00bb saved_tabs=\u00bball\u00bb locked=\u00bboff\u00bb global_colors_info=\u00bb{}\u00bb][et_pb_row _builder_version=\u00bb4.16&#8243; custom_margin=\u00bb|auto|-240px|auto|false|false\u00bb animation_style=\u00bbbounce\u00bb locked=\u00bboff\u00bb global_colors_info=\u00bb{}\u00bb][et_pb_column type=\u00bb4_4&#8243; _builder_version=\u00bb4.16&#8243; background_color=\u00bbrgba(146,133,124,0.7)\u00bb custom_padding=\u00bb50px|40px|50px|40px|true|true\u00bb global_colors_info=\u00bb{}\u00bb][et_pb_text admin_label=\u00bbTitulo\u00bb _builder_version=\u00bb4.16.0&#8243; text_font=\u00bbMontserrat|600|||||||\u00bb text_text_color=\u00bb#92857c\u00bb text_font_size=\u00bb24px\u00bb text_line_height=\u00bb1.4em\u00bb header_font=\u00bbMontserrat|700||on|||||\u00bb header_text_color=\u00bb#efebe2&#8243; header_font_size=\u00bb70px\u00bb header_letter_spacing=\u00bb0.1em\u00bb header_line_height=\u00bb1.1em\u00bb header_2_font_size=\u00bb96px\u00bb header_3_font_size=\u00bb96px\u00bb header_4_font_size=\u00bb96px\u00bb header_5_font_size=\u00bb96px\u00bb header_6_font_size=\u00bb96px\u00bb text_orientation=\u00bbright\u00bb text_font_size_tablet=\u00bb\u00bb text_font_size_phone=\u00bb20px\u00bb text_font_size_last_edited=\u00bbon|desktop\u00bb header_font_size_tablet=\u00bb56px\u00bb header_font_size_phone=\u00bb30px\u00bb header_font_size_last_edited=\u00bbon|phone\u00bb header_2_font_size_tablet=\u00bb56px\u00bb header_2_font_size_phone=\u00bb30px\u00bb header_2_font_size_last_edited=\u00bbon|phone\u00bb header_3_font_size_tablet=\u00bb56px\u00bb header_3_font_size_phone=\u00bb30px\u00bb header_3_font_size_last_edited=\u00bbon|phone\u00bb header_4_font_size_tablet=\u00bb56px\u00bb header_4_font_size_phone=\u00bb30px\u00bb header_4_font_size_last_edited=\u00bbon|phone\u00bb header_5_font_size_tablet=\u00bb56px\u00bb header_5_font_size_phone=\u00bb30px\u00bb header_5_font_size_last_edited=\u00bbon|phone\u00bb header_6_font_size_tablet=\u00bb56px\u00bb header_6_font_size_phone=\u00bb30px\u00bb header_6_font_size_last_edited=\u00bbon|phone\u00bb text_orientation_tablet=\u00bbleft\u00bb text_orientation_phone=\u00bb\u00bb text_orientation_last_edited=\u00bbon|tablet\u00bb locked=\u00bboff\u00bb global_colors_info=\u00bb{}\u00bb]<\/p>\n<h1>Memoria Anual<\/h1>\n<p>[\/et_pb_text][\/et_pb_column][\/et_pb_row][\/et_pb_section][et_pb_section fb_built=\u00bb1&#8243; _builder_version=\u00bb4.16&#8243; _module_preset=\u00bbdefault\u00bb background_color=\u00bb#92857c\u00bb background_image=\u00bbhttps:\/\/fundacionporlajusticia.org\/wp-content\/uploads\/2022\/03\/Fonzo_Verde_Fundacion_baja.jpeg\u00bb global_colors_info=\u00bb{}\u00bb][et_pb_row admin_label=\u00bbComo\u00bb _builder_version=\u00bb4.16&#8243; _module_preset=\u00bbdefault\u00bb global_colors_info=\u00bb{}\u00bb][et_pb_column type=\u00bb4_4&#8243; _builder_version=\u00bb4.16&#8243; _module_preset=\u00bbdefault\u00bb global_colors_info=\u00bb{}\u00bb][et_pb_text admin_label=\u00bbTitulo\u00bb _builder_version=\u00bb4.16.0&#8243; _module_preset=\u00bbdefault\u00bb text_font=\u00bb|700|||||||\u00bb text_text_color=\u00bb#FFFFFF\u00bb text_orientation=\u00bbcenter\u00bb background_layout=\u00bbdark\u00bb custom_padding=\u00bb7px|||||\u00bb animation_style=\u00bbfold\u00bb global_colors_info=\u00bb{}\u00bb]<\/p>\n<h2><span style=\"color: #92857c;\">MEMORIA<\/span><\/h2>\n<p><span style=\"color: #92857c;\">Nombre femenino<\/span><\/p>\n<p><span style=\"color: #92857c;\">1. Capacidad de recordar \u00abtener buena memoria\u00bb.<\/span><\/p>\n<p data-dobid=\"dfn\"><span style=\"color: #92857c;\">2. Imagen o conjunto de im\u00e1genes de hechos o situaciones pasados que quedan en la mente. <\/span><span style=\"color: #92857c;\">\u00abSus palabras quedaron en la memoria de todos\u00bb.<\/span><\/p>\n<p>[\/et_pb_text][\/et_pb_column][\/et_pb_row][\/et_pb_section][et_pb_section fb_built=\u00bb1&#8243; _builder_version=\u00bb4.16&#8243; _module_preset=\u00bbdefault\u00bb global_colors_info=\u00bb{}\u00bb][et_pb_row _builder_version=\u00bb4.16&#8243; _module_preset=\u00bbdefault\u00bb global_colors_info=\u00bb{}\u00bb][et_pb_column type=\u00bb4_4&#8243; _builder_version=\u00bb4.16&#8243; _module_preset=\u00bbdefault\u00bb global_colors_info=\u00bb{}\u00bb][et_pb_text admin_label=\u00bbTexto\u00bb _builder_version=\u00bb4.16.0&#8243; _module_preset=\u00bbdefault\u00bb link_font=\u00bb|700|||on||||\u00bb link_text_color=\u00bb#92857c\u00bb global_colors_info=\u00bb{}\u00bb]<\/p>\n<p style=\"text-align: center;\">No te ser\u00e1 necesaria una buena memoria, pues gracias a esta recopilaci\u00f3n de las nuestras, puedes encontrar todos los proyectos que hemos realizado para defender los derechos humanos en la \u00faltima d\u00e9cada.<\/p>\n<p>[\/et_pb_text][\/et_pb_column][\/et_pb_row][et_pb_row column_structure=\u00bb1_6,1_6,1_6,1_6,1_6,1_6&#8243; _builder_version=\u00bb4.16.0&#8243; _module_preset=\u00bbdefault\u00bb collapsed=\u00bboff\u00bb global_colors_info=\u00bb{}\u00bb][et_pb_column type=\u00bb1_6&#8243; _builder_version=\u00bb4.17.1&#8243; _module_preset=\u00bbdefault\u00bb global_colors_info=\u00bb{}\u00bb][\/et_pb_column][et_pb_column type=\u00bb1_6&#8243; _builder_version=\u00bb4.16.0&#8243; _module_preset=\u00bbdefault\u00bb global_colors_info=\u00bb{}\u00bb][\/et_pb_column][et_pb_column type=\u00bb1_6&#8243; _builder_version=\u00bb4.16.0&#8243; _module_preset=\u00bbdefault\u00bb global_colors_info=\u00bb{}\u00bb][et_pb_blurb url=\u00bbhttps:\/\/fundacionporlajusticia.org\/wp-content\/uploads\/2025\/12\/Memoria-2024_FINAL.pdf\u00bb use_icon=\u00bbon\u00bb font_icon=\u00bb&#xf02d;||fa||900&#8243; icon_color=\u00bb#60cbba\u00bb _builder_version=\u00bb4.27.4&#8243; _module_preset=\u00bbdefault\u00bb link_option_url=\u00bbhttps:\/\/fundacionporlajusticia.org\/wp-content\/uploads\/2025\/12\/Memoria-2024_FINAL.pdf\u00bb hover_enabled=\u00bb0&#8243; global_colors_info=\u00bb{}\u00bb sticky_enabled=\u00bb0&#8243; link_option_url_new_window=\u00bbon\u00bb url_new_window=\u00bbon\u00bb]<\/p>\n<p style=\"text-align: center;\"><a href=\"https:\/\/fundacionporlajusticia.org\/wp-content\/uploads\/2025\/12\/Memoria-2024_FINAL.pdf\">Memoria de Actividades 2024<\/a><\/p>\n<p>[\/et_pb_blurb][\/et_pb_column][et_pb_column type=\u00bb1_6&#8243; _builder_version=\u00bb4.16.0&#8243; _module_preset=\u00bbdefault\u00bb global_colors_info=\u00bb{}\u00bb][et_pb_blurb url=\u00bbhttps:\/\/fundacionporlajusticia.org\/wp-content\/uploads\/2024\/12\/FXJ-MEMO2023.pdf\u00bb url_new_window=\u00bbon\u00bb use_icon=\u00bbon\u00bb font_icon=\u00bb&#xf02d;||fa||900&#8243; admin_label=\u00bbAnuncio\u00bb _builder_version=\u00bb4.27.4&#8243; _module_preset=\u00bbdefault\u00bb link_option_url=\u00bbhttps:\/\/fundacionporlajusticia.org\/wp-content\/uploads\/2024\/12\/FXJ-MEMO2023.pdf\u00bb link_option_url_new_window=\u00bbon\u00bb hover_enabled=\u00bb0&#8243; global_colors_info=\u00bb{}\u00bb sticky_enabled=\u00bb0&#8243;]<\/p>\n<p style=\"text-align: center;\"><a href=\"https:\/\/fundacionporlajusticia.org\/wp-content\/uploads\/2024\/12\/FXJ-MEMO2023.pdf\" target=\"_blank\" rel=\"attachment noopener wp-att-6642\">Memoria de Actividades 2023<\/a><\/p>\n<p>[\/et_pb_blurb][\/et_pb_column][et_pb_column type=\u00bb1_6&#8243; _builder_version=\u00bb4.16.0&#8243; _module_preset=\u00bbdefault\u00bb global_colors_info=\u00bb{}\u00bb][et_pb_blurb url=\u00bbhttps:\/\/fundacionporlajusticia.org\/download\/7560\/?tmstv=1698068665&#8243; use_icon=\u00bbon\u00bb font_icon=\u00bb&#xf02d;||fa||900&#8243; icon_color=\u00bb#60cbba\u00bb _builder_version=\u00bb4.27.4&#8243; _module_preset=\u00bbdefault\u00bb link_option_url=\u00bbhttps:\/\/fundacionporlajusticia.org\/download\/7560\/?tmstv=1698068665&#8243; hover_enabled=\u00bb0&#8243; global_colors_info=\u00bb{}\u00bb sticky_enabled=\u00bb0&#8243; url_new_window=\u00bbon\u00bb link_option_url_new_window=\u00bbon\u00bb]<\/p>\n<p style=\"text-align: center;\"><a href=\"https:\/\/fundacionporlajusticia.org\/download\/7560\/?tmstv=1698068665\">Memoria de Actividades 2022<\/a><\/p>\n<p>[\/et_pb_blurb][\/et_pb_column][et_pb_column type=\u00bb1_6&#8243; _builder_version=\u00bb4.16.0&#8243; _module_preset=\u00bbdefault\u00bb global_colors_info=\u00bb{}\u00bb][et_pb_blurb url=\u00bbhttps:\/\/fundacionporlajusticia.org\/wp-content\/uploads\/2022\/11\/Memoria-2021-Definitiva.pdf\u00bb use_icon=\u00bbon\u00bb font_icon=\u00bb&#xf02d;||fa||900&#8243; admin_label=\u00bbAnuncio\u00bb _builder_version=\u00bb4.27.4&#8243; _module_preset=\u00bbdefault\u00bb link_option_url=\u00bbhttps:\/\/fundacionporlajusticia.org\/wp-content\/uploads\/2022\/11\/Memoria-2021-Definitiva.pdf\u00bb hover_enabled=\u00bb0&#8243; global_colors_info=\u00bb{}\u00bb url_new_window=\u00bbon\u00bb link_option_url_new_window=\u00bbon\u00bb sticky_enabled=\u00bb0&#8243;]<\/p>\n<p style=\"text-align: center;\"><a href=\"https:\/\/fundacionporlajusticia.org\/wp-content\/uploads\/2022\/11\/Memoria-2021-Definitiva.pdf\" rel=\"attachment wp-att-6642\">Memoria de Actividades 2021<\/a><\/p>\n<p>[\/et_pb_blurb][\/et_pb_column][\/et_pb_row][et_pb_row column_structure=\u00bb1_5,1_5,1_5,1_5,1_5&#8243; _builder_version=\u00bb4.16.0&#8243; _module_preset=\u00bbdefault\u00bb collapsed=\u00bboff\u00bb global_colors_info=\u00bb{}\u00bb][et_pb_column type=\u00bb1_5&#8243; _builder_version=\u00bb4.16.0&#8243; _module_preset=\u00bbdefault\u00bb global_colors_info=\u00bb{}\u00bb][et_pb_blurb url=\u00bbhttps:\/\/fundacionporlajusticia.org\/wp-content\/uploads\/2022\/03\/Memoria-2020.pdf\u00bb use_icon=\u00bbon\u00bb font_icon=\u00bb&#xf02d;||fa||900&#8243; admin_label=\u00bbAnuncio\u00bb _builder_version=\u00bb4.17.1&#8243; _module_preset=\u00bbdefault\u00bb link_option_url=\u00bbhttps:\/\/fundacionporlajusticia.org\/wp-content\/uploads\/2022\/03\/Memoria-2020.pdf\u00bb global_colors_info=\u00bb{}\u00bb]<\/p>\n<p style=\"text-align: center;\">Memoria de Actividades 2020<\/p>\n<p>[\/et_pb_blurb][\/et_pb_column][et_pb_column type=\u00bb1_5&#8243; _builder_version=\u00bb4.16.0&#8243; _module_preset=\u00bbdefault\u00bb global_colors_info=\u00bb{}\u00bb][et_pb_blurb url=\u00bbhttps:\/\/fundacionporlajusticia.org\/wp-content\/uploads\/2022\/03\/Memoria-2019_0.pdf\u00bb use_icon=\u00bbon\u00bb font_icon=\u00bb&#xf02d;||fa||900&#8243; icon_color=\u00bb#60cbba\u00bb _builder_version=\u00bb4.16.0&#8243; _module_preset=\u00bbdefault\u00bb link_option_url=\u00bbhttps:\/\/fundacionporlajusticia.org\/wp-content\/uploads\/2022\/03\/Memoria-2019_0.pdf\u00bb global_colors_info=\u00bb{}\u00bb]<\/p>\n<p style=\"text-align: center;\">Memoria de Actividades 2019<\/p>\n<p>[\/et_pb_blurb][\/et_pb_column][et_pb_column type=\u00bb1_5&#8243; _builder_version=\u00bb4.16.0&#8243; _module_preset=\u00bbdefault\u00bb global_colors_info=\u00bb{}\u00bb][et_pb_blurb url=\u00bbhttps:\/\/fundacionporlajusticia.org\/wp-content\/uploads\/2022\/03\/Memoria_Actividades_2018_RESUMEN_EJECUTIVO-FINAL-min_0.pdf\u00bb use_icon=\u00bbon\u00bb font_icon=\u00bb&#xf02d;||fa||900&#8243; _builder_version=\u00bb4.16.0&#8243; _module_preset=\u00bbdefault\u00bb link_option_url=\u00bbhttps:\/\/fundacionporlajusticia.org\/wp-content\/uploads\/2022\/03\/Memoria_Actividades_2018_RESUMEN_EJECUTIVO-FINAL-min_0.pdf\u00bb global_colors_info=\u00bb{}\u00bb]<\/p>\n<p style=\"text-align: center;\">Memoria de Actividades 2018<\/p>\n<p>[\/et_pb_blurb][\/et_pb_column][et_pb_column type=\u00bb1_5&#8243; _builder_version=\u00bb4.16.0&#8243; _module_preset=\u00bbdefault\u00bb global_colors_info=\u00bb{}\u00bb][et_pb_blurb url=\u00bbhttps:\/\/fundacionporlajusticia.org\/wp-content\/uploads\/2022\/03\/Memoria_Actividades_2017_FxJ.pdf\u00bb use_icon=\u00bbon\u00bb font_icon=\u00bb&#xf02d;||fa||900&#8243; icon_color=\u00bb#60cbba\u00bb _builder_version=\u00bb4.16.0&#8243; _module_preset=\u00bbdefault\u00bb link_option_url=\u00bbhttps:\/\/fundacionporlajusticia.org\/wp-content\/uploads\/2022\/03\/Memoria_Actividades_2017_FxJ.pdf\u00bb global_colors_info=\u00bb{}\u00bb]<\/p>\n<p style=\"text-align: center;\">Memoria de Actividades 2017<\/p>\n<p>[\/et_pb_blurb][\/et_pb_column][et_pb_column type=\u00bb1_5&#8243; _builder_version=\u00bb4.16.0&#8243; _module_preset=\u00bbdefault\u00bb global_colors_info=\u00bb{}\u00bb][et_pb_blurb url=\u00bbhttps:\/\/fundacionporlajusticia.org\/wp-content\/uploads\/2022\/03\/Memoria-de-Actividades-2016.pdf\u00bb use_icon=\u00bbon\u00bb font_icon=\u00bb&#xf02d;||fa||900&#8243; _builder_version=\u00bb4.16.0&#8243; _module_preset=\u00bbdefault\u00bb link_option_url=\u00bbhttps:\/\/fundacionporlajusticia.org\/wp-content\/uploads\/2022\/03\/Memoria-de-Actividades-2016.pdf\u00bb global_colors_info=\u00bb{}\u00bb]<\/p>\n<p style=\"text-align: center;\">Memoria de Actividades 2016<\/p>\n<p>[\/et_pb_blurb][\/et_pb_column][\/et_pb_row][et_pb_row column_structure=\u00bb1_5,1_5,1_5,1_5,1_5&#8243; _builder_version=\u00bb4.16.0&#8243; _module_preset=\u00bbdefault\u00bb global_colors_info=\u00bb{}\u00bb][et_pb_column type=\u00bb1_5&#8243; _builder_version=\u00bb4.16.0&#8243; _module_preset=\u00bbdefault\u00bb global_colors_info=\u00bb{}\u00bb][et_pb_blurb url=\u00bbhttps:\/\/fundacionporlajusticia.org\/wp-content\/uploads\/2022\/03\/Memoria-de-Actividades-2015.pdf\u00bb use_icon=\u00bbon\u00bb font_icon=\u00bb&#xf02d;||fa||900&#8243; _builder_version=\u00bb4.16.0&#8243; _module_preset=\u00bbdefault\u00bb link_option_url=\u00bbhttps:\/\/fundacionporlajusticia.org\/wp-content\/uploads\/2022\/03\/Memoria-de-Actividades-2015.pdf\u00bb global_colors_info=\u00bb{}\u00bb]<\/p>\n<p style=\"text-align: center;\">Memoria de Actividades 2015<\/p>\n<p>[\/et_pb_blurb][\/et_pb_column][et_pb_column type=\u00bb1_5&#8243; _builder_version=\u00bb4.16.0&#8243; _module_preset=\u00bbdefault\u00bb global_colors_info=\u00bb{}\u00bb][et_pb_blurb url=\u00bbhttps:\/\/fundacionporlajusticia.org\/wp-content\/uploads\/2022\/03\/Memoria-de-Actividades-2014-FxJ.pdf\u00bb use_icon=\u00bbon\u00bb font_icon=\u00bb&#xf02d;||fa||900&#8243; icon_color=\u00bb#60cbba\u00bb _builder_version=\u00bb4.16.0&#8243; _module_preset=\u00bbdefault\u00bb link_option_url=\u00bbhttps:\/\/fundacionporlajusticia.org\/wp-content\/uploads\/2022\/03\/Memoria-de-Actividades-2014-FxJ.pdf\u00bb global_colors_info=\u00bb{}\u00bb]<\/p>\n<p style=\"text-align: center;\">Memoria de Actividades 2014<\/p>\n<p>[\/et_pb_blurb][\/et_pb_column][et_pb_column type=\u00bb1_5&#8243; _builder_version=\u00bb4.16.0&#8243; _module_preset=\u00bbdefault\u00bb global_colors_info=\u00bb{}\u00bb][et_pb_blurb url=\u00bbhttps:\/\/fundacionporlajusticia.org\/wp-content\/uploads\/2022\/03\/Memoria-de-Actividades-2013-FxJ.pdf\u00bb use_icon=\u00bbon\u00bb font_icon=\u00bb&#xf02d;||fa||900&#8243; _builder_version=\u00bb4.16.0&#8243; _module_preset=\u00bbdefault\u00bb link_option_url=\u00bbhttps:\/\/fundacionporlajusticia.org\/wp-content\/uploads\/2022\/03\/Memoria-de-Actividades-2013-FxJ.pdf\u00bb global_colors_info=\u00bb{}\u00bb]<\/p>\n<p style=\"text-align: center;\">Memoria de Actividades 2013<\/p>\n<p>[\/et_pb_blurb][\/et_pb_column][et_pb_column type=\u00bb1_5&#8243; _builder_version=\u00bb4.16.0&#8243; _module_preset=\u00bbdefault\u00bb global_colors_info=\u00bb{}\u00bb][et_pb_blurb url=\u00bbhttps:\/\/fundacionporlajusticia.org\/wp-content\/uploads\/2022\/03\/Memoria-de-Actividades-2012-FxJ.pdf\u00bb use_icon=\u00bbon\u00bb font_icon=\u00bb&#xf02d;||fa||900&#8243; icon_color=\u00bb#60cbba\u00bb _builder_version=\u00bb4.16.0&#8243; _module_preset=\u00bbdefault\u00bb link_option_url=\u00bbhttps:\/\/fundacionporlajusticia.org\/wp-content\/uploads\/2022\/03\/Memoria-de-Actividades-2012-FxJ.pdf\u00bb global_colors_info=\u00bb{}\u00bb]<\/p>\n<p style=\"text-align: center;\">Memoria de Actividades 2012<\/p>\n<p>[\/et_pb_blurb][\/et_pb_column][et_pb_column type=\u00bb1_5&#8243; _builder_version=\u00bb4.16.0&#8243; _module_preset=\u00bbdefault\u00bb global_colors_info=\u00bb{}\u00bb][et_pb_blurb url=\u00bbhttps:\/\/fundacionporlajusticia.org\/wp-content\/uploads\/2022\/03\/Memoria-de-Actividades-2011-FxJ.pdf\u00bb use_icon=\u00bbon\u00bb font_icon=\u00bb&#xf02d;||fa||900&#8243; _builder_version=\u00bb4.16.0&#8243; _module_preset=\u00bbdefault\u00bb link_option_url=\u00bbhttps:\/\/fundacionporlajusticia.org\/wp-content\/uploads\/2022\/03\/Memoria-de-Actividades-2011-FxJ.pdf\u00bb global_colors_info=\u00bb{}\u00bb]<\/p>\n<p style=\"text-align: center;\">Memoria de Actividades 2011<\/p>\n<p>[\/et_pb_blurb][\/et_pb_column][\/et_pb_row][\/et_pb_section]<\/p>\n","protected":false},"excerpt":{"rendered":"<p>Memoria AnualMEMORIA Nombre femenino 1. Capacidad de recordar \u00abtener buena memoria\u00bb. 2. Imagen o conjunto de im\u00e1genes de hechos o situaciones pasados que quedan en la mente. \u00abSus palabras quedaron en la memoria de todos\u00bb.No te ser\u00e1 necesaria una buena memoria, pues gracias a esta recopilaci\u00f3n de las nuestras, puedes encontrar todos los proyectos que [&hellip;]<\/p>\n","protected":false},"author":1,"featured_media":0,"parent":0,"menu_order":0,"comment_status":"closed","ping_status":"closed","template":"","meta":{"_et_pb_use_builder":"on","_et_pb_old_content":"","_et_gb_content_width":"","_uf_show_specific_survey":0,"_uf_disable_surveys":false,"footnotes":""},"class_list":["post-707","page","type-page","status-publish","hentry"],"aioseo_notices":[],"_links":{"self":[{"href":"https:\/\/fundacionporlajusticia.org\/va\/wp-json\/wp\/v2\/pages\/707","targetHints":{"allow":["GET"]}}],"collection":[{"href":"https:\/\/fundacionporlajusticia.org\/va\/wp-json\/wp\/v2\/pages"}],"about":[{"href":"https:\/\/fundacionporlajusticia.org\/va\/wp-json\/wp\/v2\/types\/page"}],"author":[{"embeddable":true,"href":"https:\/\/fundacionporlajusticia.org\/va\/wp-json\/wp\/v2\/users\/1"}],"replies":[{"embeddable":true,"href":"https:\/\/fundacionporlajusticia.org\/va\/wp-json\/wp\/v2\/comments?post=707"}],"version-history":[{"count":29,"href":"https:\/\/fundacionporlajusticia.org\/va\/wp-json\/wp\/v2\/pages\/707\/revisions"}],"predecessor-version":[{"id":13841,"href":"https:\/\/fundacionporlajusticia.org\/va\/wp-json\/wp\/v2\/pages\/707\/revisions\/13841"}],"wp:attachment":[{"href":"https:\/\/fundacionporlajusticia.org\/va\/wp-json\/wp\/v2\/media?parent=707"}],"curies":[{"name":"wp","href":"https:\/\/api.w.org\/{rel}","templated":true}]}}