{"id":696,"date":"2022-03-09T07:38:27","date_gmt":"2022-03-09T07:38:27","guid":{"rendered":"https:\/\/fundacionporlajusticia.accesia.info\/?page_id=696"},"modified":"2026-01-20T13:55:32","modified_gmt":"2026-01-20T12:55:32","slug":"transparencia","status":"publish","type":"page","link":"https:\/\/fundacionporlajusticia.org\/va\/transparencia\/","title":{"rendered":"Transpar\u00e8ncia"},"content":{"rendered":"<p>[et_pb_section fb_built=\u00bb1&#8243; admin_label=\u00bbHeader\u00bb _builder_version=\u00bb4.16&#8243; background_enable_color=\u00bboff\u00bb background_image=\u00bbhttps:\/\/fundacionporlajusticia.org\/wp-content\/uploads\/2022\/03\/contrato-unsplash.jpg\u00bb custom_margin=\u00bb||200px||false|false\u00bb saved_tabs=\u00bball\u00bb locked=\u00bboff\u00bb global_colors_info=\u00bb{}\u00bb][et_pb_row _builder_version=\u00bb4.16&#8243; custom_margin=\u00bb|auto|-240px|auto|false|false\u00bb animation_style=\u00bbbounce\u00bb locked=\u00bboff\u00bb global_colors_info=\u00bb{}\u00bb][et_pb_column type=\u00bb4_4&#8243; _builder_version=\u00bb4.16&#8243; background_color=\u00bbrgba(146,133,124,0.7)\u00bb custom_padding=\u00bb50px|40px|50px|40px|true|true\u00bb global_colors_info=\u00bb{}\u00bb][et_pb_text admin_label=\u00bbTitulo\u00bb _builder_version=\u00bb4.17.1&#8243; text_font=\u00bbMontserrat|600|||||||\u00bb text_text_color=\u00bb#92857c\u00bb text_font_size=\u00bb24px\u00bb text_line_height=\u00bb1.4em\u00bb header_font=\u00bbMontserrat|700||on|||||\u00bb header_text_color=\u00bb#efebe2&#8243; header_font_size=\u00bb70px\u00bb header_letter_spacing=\u00bb0.1em\u00bb header_line_height=\u00bb1.1em\u00bb header_2_font_size=\u00bb96px\u00bb header_3_font_size=\u00bb96px\u00bb header_4_font_size=\u00bb96px\u00bb header_5_font_size=\u00bb96px\u00bb header_6_font_size=\u00bb96px\u00bb text_orientation=\u00bbright\u00bb text_font_size_tablet=\u00bb\u00bb text_font_size_phone=\u00bb20px\u00bb text_font_size_last_edited=\u00bbon|desktop\u00bb header_font_size_tablet=\u00bb56px\u00bb header_font_size_phone=\u00bb90%\u00bb header_font_size_last_edited=\u00bbon|phone\u00bb header_2_font_size_tablet=\u00bb56px\u00bb header_2_font_size_phone=\u00bb30px\u00bb header_2_font_size_last_edited=\u00bbon|phone\u00bb header_3_font_size_tablet=\u00bb56px\u00bb header_3_font_size_phone=\u00bb30px\u00bb header_3_font_size_last_edited=\u00bbon|phone\u00bb header_4_font_size_tablet=\u00bb56px\u00bb header_4_font_size_phone=\u00bb30px\u00bb header_4_font_size_last_edited=\u00bbon|phone\u00bb header_5_font_size_tablet=\u00bb56px\u00bb header_5_font_size_phone=\u00bb30px\u00bb header_5_font_size_last_edited=\u00bbon|phone\u00bb header_6_font_size_tablet=\u00bb56px\u00bb header_6_font_size_phone=\u00bb30px\u00bb header_6_font_size_last_edited=\u00bbon|phone\u00bb text_orientation_tablet=\u00bbleft\u00bb text_orientation_phone=\u00bb\u00bb text_orientation_last_edited=\u00bbon|tablet\u00bb locked=\u00bboff\u00bb global_colors_info=\u00bb{}\u00bb]<\/p>\n<h1>Transparencia<\/h1>\n<p>[\/et_pb_text][\/et_pb_column][\/et_pb_row][\/et_pb_section][et_pb_section fb_built=\u00bb1&#8243; _builder_version=\u00bb4.16&#8243; _module_preset=\u00bbdefault\u00bb global_colors_info=\u00bb{}\u00bb][et_pb_row _builder_version=\u00bb4.16&#8243; _module_preset=\u00bbdefault\u00bb global_colors_info=\u00bb{}\u00bb][et_pb_column type=\u00bb4_4&#8243; _builder_version=\u00bb4.16&#8243; _module_preset=\u00bbdefault\u00bb global_colors_info=\u00bb{}\u00bb][et_pb_text _builder_version=\u00bb4.27.5&#8243; _module_preset=\u00bbdefault\u00bb hover_enabled=\u00bb0&#8243; global_colors_info=\u00bb{}\u00bb sticky_enabled=\u00bb0&#8243;]<\/p>\n<h1 class=\"page-header\">Somos transparentes<\/h1>\n<article class=\"page full clearfix\" role=\"article\" data-history-node-id=\"16\">\n<div class=\"content\">\n<div class=\"field field--name-body field--type-text-with-summary field--label-hidden field--item\">\n<p style=\"text-align: justify;\">Ser honrados y parecerlo. Y para ello nada mejor que generar confianza; que quienes quieran formar parte de nuestros proyectos conozcan los medios de financiaci\u00f3n de la FxJ as\u00ed como las entidades, p\u00fablicas o privadas los aportan; y que, quienes ya lo son, tengan por seguro que respetamos su identidad conforme a lo que establece la Ley Org\u00e1nica de Protecci\u00f3n de Datos de Car\u00e1cter Personal vigente.<\/p>\n<\/div>\n<\/div>\n<\/article>\n<p>[\/et_pb_text][\/et_pb_column][\/et_pb_row][et_pb_row _builder_version=\u00bb4.16&#8243; _module_preset=\u00bbdefault\u00bb global_colors_info=\u00bb{}\u00bb][et_pb_column type=\u00bb4_4&#8243; _builder_version=\u00bb4.16&#8243; _module_preset=\u00bbdefault\u00bb global_colors_info=\u00bb{}\u00bb][et_pb_text _builder_version=\u00bb4.17.1&#8243; _module_preset=\u00bbdefault\u00bb global_colors_info=\u00bb{}\u00bb]<\/p>\n<article class=\"page full clearfix\" role=\"article\" data-history-node-id=\"16\">\n<div class=\"content\">\n<div class=\"field field--name-body field--type-text-with-summary field--label-hidden field--item\">\n<h2><span style=\"font-size: xx-large;\">\u00bfQu\u00e9 hacemos p\u00fablico?<\/span><\/h2>\n<p>&nbsp;<\/p>\n<ul>\n<li>Nuestras normas internas, esto es, nuestros\u00a0<a href=\"https:\/\/fundacionporlajusticia.org\/wp-content\/uploads\/2023\/01\/220607-Escritura-modificacion-estatutos-art.-3-y-7_compressed.pdf\" target=\"_blank\" rel=\"noopener\" title=\"ESTATUTOS\">ESTATUTOS.<\/a><\/li>\n<li>Nuestro <a href=\"https:\/\/fundacionporlajusticia.org\/wp-content\/uploads\/2022\/04\/210719-Plan-Estrategico-maquetado.pdf\" target=\"_blank\" rel=\"noopener\">PLAN ESTRAT\u00c9GICO.<\/a><\/li>\n<li>Nuestro <a href=\"https:\/\/fundacionporlajusticia.org\/patronato-y-estatutos\/\">PATRONATO<\/a>.<\/li>\n<li>Nuestro plan de\u00a0<a href=\"https:\/\/fundacionporlajusticia.org\/wp-content\/uploads\/2022\/03\/1.c-Plan-voluntariado-acuerdo-aprobacion.pdf\">VOLUNTARIADO.<\/a><\/li>\n<li>Los proyecto que llevamos a cabo recogidos en nuestras <a href=\"https:\/\/fundacionporlajusticia.org\/memoria-de-actividades\/\">MEMORIAS ANUALES<\/a>.<\/li>\n<li>Y, por supuesto, las\u00a0<a href=\"https:\/\/fundacionporlajusticia.org\/cuentas-anuales-e-informes-de-auditoria\/\">CUENTAS ANUALES E INFORMES DE AUDITORIA<\/a>, donde podr\u00e1s conocer detalladamente cu\u00e1les son nuestros fondos, de d\u00f3nde provienen y en qu\u00e9 los invertimos.<\/li>\n<li>Y adem\u00e1s\n<ul>\n<li><a href=\"https:\/\/fundacionporlajusticia.org\/wp-content\/uploads\/2022\/03\/PLAN-FORMACION-GENERAL.pdf\" target=\"_blank\" rel=\"attachment noopener wp-att-699\">Plan de formaci\u00f3n<\/a><\/li>\n<li><a href=\"https:\/\/fundacionporlajusticia.org\/wp-content\/uploads\/2023\/06\/II_Estrategia-genero-23_26.pdf\" rel=\"attachment noopener wp-att-700\" target=\"_blank\">Estrategia de G\u00e9nero<\/a><\/li>\n<li><a href=\"https:\/\/fundacionporlajusticia.org\/wp-content\/uploads\/2023\/06\/II-Plan-Estrategico-EPD_23-26.pdf\" target=\"_blank\" rel=\"attachment noopener wp-att-701\">Estrategia de educaci\u00f3n<\/a><\/li>\n<li><a title=\"\" href=\"https:\/\/fundacionporlajusticia.org\/sites\/default\/files\/2019-07\/190208%20INFORMACIO%CC%81N%20ADICIONAL%20SOBRE%20EL%20TRATAMIENTO%20DE%20DATOS%20DE%20PERSONAS%20VOLUNTARIAS.pdf\" target=\"_blank\" rel=\"noopener\" type=\"application\/pdf; length=472300\" data-toggle=\"tooltip\" data-placement=\"bottom\" data-original-title=\"Open archivo in new window\" aria-describedby=\"tooltip299860\">Tratamiento de datos de personas voluntarias<\/a><\/li>\n<li><a href=\"https:\/\/fundacionporlajusticia.org\/wp-content\/uploads\/2023\/06\/Codigo-de-Buen-Gobierno.pdf\" target=\"_blank\" rel=\"noopener\" type=\"application\/pdf; length=743234\" data-toggle=\"tooltip\" data-placement=\"bottom\" data-original-title=\"Open archivo in new window\">C\u00f3digo de buen gobierno<\/a><\/li>\n<li><a href=\"https:\/\/fundacionporlajusticia.org\/wp-content\/uploads\/2023\/06\/Protocolo_Proyectos_23.pdf\" target=\"_blank\" rel=\"attachment noopener wp-att-705\">Nomas para la gesti\u00f3n de proyectos<\/a><\/li>\n<\/ul>\n<\/li>\n<li><a href=\"https:\/\/fundacionporlajusticia.org\/wp-content\/uploads\/2022\/03\/Plan-de-Igualdad-con-diploma.pdf\" rel=\"attachment wp-att-702\">Nuestro Plan de Igualdad y conciliaci\u00f3n <\/a>tiene el sello \u00abIguals en Oportunitats\u201d regulado por la Orden 18\/2010, de 18 de agosto, de la Conselleria de Bienestar Social. Este\u00a0<b>Sello<\/b>\u00a0de Calidad Empresa Igualitaria supone un reconocimiento a las empresas de la\u00a0<b>Comunidad Valenciana<\/b>\u00a0que elaboran planes de\u00a0<b>igualdad<\/b>, destacando la aplicaci\u00f3n de dichas pol\u00edticas de\u00a0<b>igualdad.<\/b><\/li>\n<\/ul>\n<\/div>\n<\/div>\n<\/article>\n<p>[\/et_pb_text][et_pb_text _builder_version=\u00bb4.27.5&#8243; _module_preset=\u00bbdefault\u00bb hover_enabled=\u00bb0&#8243; global_colors_info=\u00bb{}\u00bb sticky_enabled=\u00bb0&#8243;]<\/p>\n<h1 class=\"page-header\"><span style=\"font-size: xx-large;\">\u00bfSabes qu\u00e9 es la Declaraci\u00f3n de Responsabilidades y Deberes Humanos de 1998?<\/span><\/h1>\n<p><span style=\"font-size: xx-large;\"><\/span><\/p>\n<p><span style=\"font-size: xx-large;\"><\/span><\/p>\n<p>[\/et_pb_text][et_pb_text _builder_version=\u00bb4.27.5&#8243; _module_preset=\u00bbdefault\u00bb hover_enabled=\u00bb0&#8243; sticky_enabled=\u00bb0&#8243;]<\/p>\n<p style=\"text-align: justify;\">La <strong>\u00abDeclaraci\u00f3n de Responsabilidades y Deberes Humanos\u00bb<\/strong> (DRDH), tambi\u00e9n conocida como la Declaraci\u00f3n de Val\u00e8ncia (1998), es un documento complementario a la <a href=\"https:\/\/www.un.org\/es\/about-us\/universal-declaration-of-human-rights\">Declaraci\u00f3n Universal de Derechos Humanos (DUDH) de la ONU<\/a> (1948), que detalla los <strong>deberes y responsabilidades individuales y colectivos necesarios para hacer efectivos los derechos humanos<\/strong>, incluyendo la protecci\u00f3n de la vida, la promoci\u00f3n de la paz, el desarme, la protecci\u00f3n ambiental y la lucha contra la corrupci\u00f3n. Mientras la DUDH establece los derechos, la DRDH los equilibra con las obligaciones hacia la comunidad y el planeta, abarcando deberes hacia la vida, la paz, la equidad y un orden internacional justo.<\/p>\n<p>[\/et_pb_text][et_pb_button button_text=\u00bbConsulta la Declaraci\u00f3n de Responsabilidades y Deberes Humanos de 1998&#8243; _builder_version=\u00bb4.27.5&#8243; _module_preset=\u00bbdefault\u00bb hover_enabled=\u00bb0&#8243; sticky_enabled=\u00bb0&#8243; button_alignment=\u00bbcenter\u00bb button_url=\u00bbhttps:\/\/fundacionporlajusticia.org\/wp-content\/uploads\/2025\/12\/1998-DECLARACION-DE-RESPONSABILIDADES-Y-DEBERES-CAST.pdf\u00bb][\/et_pb_button][et_pb_image src=\u00bbhttps:\/\/fundacionporlajusticia.org\/wp-content\/uploads\/2022\/05\/distintivo-de-igualdad_C.Valenciana1.jpg\u00bb title_text=\u00bbdistintivo-de-igualdad_C.Valenciana1&#8243; align=\u00bbcenter\u00bb _builder_version=\u00bb4.27.5&#8243; _module_preset=\u00bbdefault\u00bb width=\u00bb9%\u00bb width_tablet=\u00bb55%\u00bb width_phone=\u00bb55%\u00bb width_last_edited=\u00bbon|phone\u00bb max_width=\u00bb54%\u00bb module_alignment=\u00bbcenter\u00bb hover_enabled=\u00bb0&#8243; global_colors_info=\u00bb{}\u00bb sticky_enabled=\u00bb0&#8243;][\/et_pb_image][\/et_pb_column][\/et_pb_row][\/et_pb_section]<\/p>\n","protected":false},"excerpt":{"rendered":"<p>TransparenciaSomos transparentes Ser honrados y parecerlo. Y para ello nada mejor que generar confianza; que quienes quieran formar parte de nuestros proyectos conozcan los medios de financiaci\u00f3n de la FxJ as\u00ed como las entidades, p\u00fablicas o privadas los aportan; y que, quienes ya lo son, tengan por seguro que respetamos su identidad conforme a lo [&hellip;]<\/p>\n","protected":false},"author":1,"featured_media":0,"parent":0,"menu_order":0,"comment_status":"closed","ping_status":"closed","template":"","meta":{"_et_pb_use_builder":"on","_et_pb_old_content":"","_et_gb_content_width":"","_uf_show_specific_survey":0,"_uf_disable_surveys":false,"footnotes":""},"class_list":["post-696","page","type-page","status-publish","hentry"],"aioseo_notices":[],"_links":{"self":[{"href":"https:\/\/fundacionporlajusticia.org\/va\/wp-json\/wp\/v2\/pages\/696","targetHints":{"allow":["GET"]}}],"collection":[{"href":"https:\/\/fundacionporlajusticia.org\/va\/wp-json\/wp\/v2\/pages"}],"about":[{"href":"https:\/\/fundacionporlajusticia.org\/va\/wp-json\/wp\/v2\/types\/page"}],"author":[{"embeddable":true,"href":"https:\/\/fundacionporlajusticia.org\/va\/wp-json\/wp\/v2\/users\/1"}],"replies":[{"embeddable":true,"href":"https:\/\/fundacionporlajusticia.org\/va\/wp-json\/wp\/v2\/comments?post=696"}],"version-history":[{"count":29,"href":"https:\/\/fundacionporlajusticia.org\/va\/wp-json\/wp\/v2\/pages\/696\/revisions"}],"predecessor-version":[{"id":13954,"href":"https:\/\/fundacionporlajusticia.org\/va\/wp-json\/wp\/v2\/pages\/696\/revisions\/13954"}],"wp:attachment":[{"href":"https:\/\/fundacionporlajusticia.org\/va\/wp-json\/wp\/v2\/media?parent=696"}],"curies":[{"name":"wp","href":"https:\/\/api.w.org\/{rel}","templated":true}]}}