{"id":5256,"date":"2022-05-05T13:15:22","date_gmt":"2022-05-05T13:15:22","guid":{"rendered":"https:\/\/fundacionporlajusticia.accesia.info\/?page_id=5256"},"modified":"2022-05-05T13:15:26","modified_gmt":"2022-05-05T13:15:26","slug":"infancia-ddhh","status":"publish","type":"page","link":"https:\/\/fundacionporlajusticia.org\/va\/infancia-ddhh\/","title":{"rendered":"Inf\u00e0ncia i DDHH"},"content":{"rendered":"<p>[et_pb_section fb_built=\u00bb1&#8243; admin_label=\u00bbTITULO\u00bb _builder_version=\u00bb4.17.1&#8243; background_enable_color=\u00bboff\u00bb background_image=\u00bbhttps:\/\/fundacionporlajusticia.org\/wp-content\/uploads\/2022\/05\/Baner_Infancia-scaled.jpg\u00bb custom_margin=\u00bb||200px||false|false\u00bb border_color_all=\u00bb#FFFFFF\u00bb saved_tabs=\u00bball\u00bb locked=\u00bboff\u00bb global_colors_info=\u00bb{}\u00bb][et_pb_row _builder_version=\u00bb4.16.0&#8243; background_enable_image=\u00bboff\u00bb custom_margin=\u00bb|auto|-240px|auto|false|false\u00bb animation_style=\u00bbbounce\u00bb locked=\u00bboff\u00bb global_colors_info=\u00bb{}\u00bb][et_pb_column type=\u00bb4_4&#8243; _builder_version=\u00bb4.16&#8243; background_color=\u00bbrgba(146,133,124,0.7)\u00bb custom_padding=\u00bb50px|40px|50px|40px|true|true\u00bb global_colors_info=\u00bb{}\u00bb][et_pb_text admin_label=\u00bbTitulo\u00bb _builder_version=\u00bb4.17.1&#8243; text_font=\u00bbMontserrat|600|||||||\u00bb text_text_color=\u00bb#92857c\u00bb text_font_size=\u00bb24px\u00bb text_line_height=\u00bb1.4em\u00bb header_font=\u00bbMontserrat|700||on|||||\u00bb header_text_color=\u00bb#efebe2&#8243; header_font_size=\u00bb70px\u00bb header_letter_spacing=\u00bb0.1em\u00bb header_line_height=\u00bb1.1em\u00bb header_2_font_size=\u00bb96px\u00bb header_3_font_size=\u00bb96px\u00bb header_4_font_size=\u00bb96px\u00bb header_5_font_size=\u00bb96px\u00bb header_6_font_size=\u00bb96px\u00bb text_orientation=\u00bbright\u00bb text_font_size_tablet=\u00bb\u00bb text_font_size_phone=\u00bb20px\u00bb text_font_size_last_edited=\u00bbon|desktop\u00bb header_font_size_tablet=\u00bb56px\u00bb header_font_size_phone=\u00bb90%\u00bb header_font_size_last_edited=\u00bbon|phone\u00bb header_2_font_size_tablet=\u00bb56px\u00bb header_2_font_size_phone=\u00bb30px\u00bb header_2_font_size_last_edited=\u00bbon|phone\u00bb header_3_font_size_tablet=\u00bb56px\u00bb header_3_font_size_phone=\u00bb30px\u00bb header_3_font_size_last_edited=\u00bbon|phone\u00bb header_4_font_size_tablet=\u00bb56px\u00bb header_4_font_size_phone=\u00bb30px\u00bb header_4_font_size_last_edited=\u00bbon|phone\u00bb header_5_font_size_tablet=\u00bb56px\u00bb header_5_font_size_phone=\u00bb30px\u00bb header_5_font_size_last_edited=\u00bbon|phone\u00bb header_6_font_size_tablet=\u00bb56px\u00bb header_6_font_size_phone=\u00bb30px\u00bb header_6_font_size_last_edited=\u00bbon|phone\u00bb text_orientation_tablet=\u00bbleft\u00bb text_orientation_phone=\u00bb\u00bb text_orientation_last_edited=\u00bbon|tablet\u00bb locked=\u00bboff\u00bb global_colors_info=\u00bb{}\u00bb]<\/p>\n<h1>INFANCIA y DDHH<\/h1>\n<p>[\/et_pb_text][\/et_pb_column][\/et_pb_row][\/et_pb_section][et_pb_section fb_built=\u00bb1&#8243; admin_label=\u00bbSecci\u00f3n\u00bb _builder_version=\u00bb4.16&#8243; _module_preset=\u00bbdefault\u00bb background_color=\u00bb#92857c\u00bb background_image=\u00bbhttps:\/\/fundacionporlajusticia.org\/wp-content\/uploads\/2022\/03\/Fonzo_Verde_Fundacion_baja.jpeg\u00bb min_height=\u00bb126.7px\u00bb global_colors_info=\u00bb{}\u00bb][et_pb_row admin_label=\u00bbComo\u00bb _builder_version=\u00bb4.16&#8243; _module_preset=\u00bbdefault\u00bb global_colors_info=\u00bb{}\u00bb][et_pb_column type=\u00bb4_4&#8243; _builder_version=\u00bb4.16&#8243; _module_preset=\u00bbdefault\u00bb global_colors_info=\u00bb{}\u00bb][et_pb_text admin_label=\u00bbTitulo\u00bb _builder_version=\u00bb4.17.1&#8243; _module_preset=\u00bbdefault\u00bb text_font=\u00bb|700|||||||\u00bb text_text_color=\u00bb#FFFFFF\u00bb text_orientation=\u00bbcenter\u00bb background_layout=\u00bbdark\u00bb custom_padding=\u00bb7px|||||\u00bb animation_style=\u00bbfold\u00bb global_colors_info=\u00bb{}\u00bb]<\/p>\n<h2 style=\"text-align: center;\"><span style=\"color: #878787;\">Derechos de la infancia<\/span><\/h2>\n<p>[\/et_pb_text][et_pb_text _builder_version=\u00bb4.17.1&#8243; _module_preset=\u00bbdefault\u00bb global_colors_info=\u00bb{}\u00bb]<\/p>\n<h3 style=\"text-align: center;\">El mundo se encuentra en un momento decisivo para hacer realidad la noble visi\u00f3n de la Convenci\u00f3n sobre los Derechos del Ni\u00f1o de las Naciones Unidas<\/h3>\n<p>&nbsp;<\/p>\n<p>En septiembre de 2015, los Estados Miembros de las Naciones Unidas se reunieron para acordar la nueva agenda de desarrollo sostenible. Con la adopci\u00f3n de la Agenda 2030, el mundo tiene una oportunidad para garantizar que los ni\u00f1os sigan estando en el centro de los esfuerzos estrat\u00e9gicos a nivel mundial.<\/p>\n<p>Los Objetivos de Desarrollo Sostenible representan la gran hoja de ruta de las pol\u00edticas p\u00fablicas y su implementaci\u00f3n implica una apuesta por un modelo social y pol\u00edtico que puede poner en el centro a los ni\u00f1os. Existen cinco ODS que se pueden considerar los m\u00e1s relevantes para la infancia: Pobreza, Salud, Educaci\u00f3n, Empleo y Crecimiento Econ\u00f3mico (Desigualdad).<\/p>\n<p>Pobreza: Dos millones y medio de ni\u00f1os y ni\u00f1as viven en riesgo de pobreza y\/o exclusi\u00f3n social en el mundo. Los ODS constituyen una oportunidad para la infancia y un compromiso para terminar con la pobreza en todas sus formas y dimensiones en el 2030.<\/p>\n<p>[\/et_pb_text][\/et_pb_column][\/et_pb_row][\/et_pb_section][et_pb_section fb_built=\u00bb1&#8243; _builder_version=\u00bb4.16&#8243; _module_preset=\u00bbdefault\u00bb background_color=\u00bb#92857c\u00bb background_image=\u00bbhttps:\/\/fundacionporlajusticia.org\/wp-content\/uploads\/2022\/03\/Fondo_fundaciojn_marron_baja.jpeg\u00bb global_colors_info=\u00bb{}\u00bb][et_pb_row admin_label=\u00bbComo\u00bb _builder_version=\u00bb4.16&#8243; _module_preset=\u00bbdefault\u00bb global_colors_info=\u00bb{}\u00bb][et_pb_column type=\u00bb4_4&#8243; _builder_version=\u00bb4.16&#8243; _module_preset=\u00bbdefault\u00bb global_colors_info=\u00bb{}\u00bb][et_pb_text admin_label=\u00bbTitulo\u00bb _builder_version=\u00bb4.17.1&#8243; _module_preset=\u00bbdefault\u00bb text_font=\u00bb|700|||||||\u00bb text_text_color=\u00bb#FFFFFF\u00bb text_orientation=\u00bbcenter\u00bb background_layout=\u00bbdark\u00bb animation_style=\u00bbfold\u00bb global_colors_info=\u00bb{}\u00bb]<\/p>\n<h2 style=\"text-align: center;\">FUNDACI\u00d3N POR LA JUSTICIA Y EL APOYO A LA MUJER<\/h2>\n<p>[\/et_pb_text][et_pb_text admin_label=\u00bbTexto\u00bb _builder_version=\u00bb4.17.1&#8243; _module_preset=\u00bbdefault\u00bb text_font_size=\u00bb16px\u00bb background_layout=\u00bbdark\u00bb animation_style=\u00bbfade\u00bb global_colors_info=\u00bb{}\u00bb][\/et_pb_text][\/et_pb_column][\/et_pb_row][\/et_pb_section][et_pb_section fb_built=\u00bb1&#8243; _builder_version=\u00bb4.16&#8243; _module_preset=\u00bbdefault\u00bb custom_margin=\u00bb-59px|||||\u00bb global_colors_info=\u00bb{}\u00bb][et_pb_row _builder_version=\u00bb4.16&#8243; _module_preset=\u00bbdefault\u00bb global_colors_info=\u00bb{}\u00bb][et_pb_column type=\u00bb4_4&#8243; _builder_version=\u00bb4.16&#8243; _module_preset=\u00bbdefault\u00bb global_colors_info=\u00bb{}\u00bb][et_pb_text _builder_version=\u00bb4.17.1&#8243; _module_preset=\u00bbdefault\u00bb global_colors_info=\u00bb{}\u00bb]<\/p>\n<p><strong>Salud<\/strong>: Garantizar una <strong>vida sana y promover el bienestar<\/strong> en todas las edades es esencial para el desarrollo sostenible.<\/p>\n<p><strong>Educaci\u00f3n<\/strong>: <strong>En 2018 cerca de 260 millones de ni\u00f1os se encontraban sin escolarizar en el mundo<\/strong>, lo que representa una quinta parte de la poblaci\u00f3n mundial de ese grupo de edad. El <strong>ODS 4<\/strong> defiende que la <strong>educaci\u00f3n<\/strong> es el factor que permite la movilidad socioecon\u00f3mica ascendente y es <strong>clave para salir de la pobreza<\/strong>.<\/p>\n<p><strong>Empleo<\/strong>: El<strong> ODS 8<\/strong> contempla, entre otros objetivos, la adopci\u00f3n de <strong>medidas eficaces para erradicar el trabajo forzoso<\/strong>, poner fin a las formas contempor\u00e1neas de esclavitud y la trata de personas, as\u00ed como asegurar la prohibici\u00f3n y <strong>eliminaci\u00f3n de las peores formas de trabajo infantil<\/strong>, incluidos el reclutamiento y la utilizaci\u00f3n de ni\u00f1os soldado y conseguir poner fin al trabajo infantil en todas sus formas.<\/p>\n<p><strong>Crecimiento Econ\u00f3mico (Desigualdad)<\/strong>: La <strong>desigualdad<\/strong> generada por los modelos de crecimiento econ\u00f3mico generalizados a nivel mundial <strong>comienza incluso antes del nacimiento<\/strong> y puede aumentar, amplificada por las diferencias en salud y educaci\u00f3n. Las <strong>pol\u00edticas<\/strong> para abordar la desigualdad <strong>deben comenzar en sus inicios<\/strong>, a trav\u00e9s de medidas de pol\u00edtica de inversi\u00f3n en el aprendizaje, la salud y la nutrici\u00f3n de los peque\u00f1os.<\/p>\n<p>[\/et_pb_text][\/et_pb_column][\/et_pb_row][et_pb_row _builder_version=\u00bb4.16&#8243; _module_preset=\u00bbdefault\u00bb global_colors_info=\u00bb{}\u00bb][et_pb_column type=\u00bb4_4&#8243; _builder_version=\u00bb4.16&#8243; _module_preset=\u00bbdefault\u00bb global_colors_info=\u00bb{}\u00bb][et_pb_text _builder_version=\u00bb4.17.1&#8243; _module_preset=\u00bbdefault\u00bb global_colors_info=\u00bb{}\u00bb]<\/p>\n<h3 style=\"text-align: center;\">PROYECTOS<\/h3>\n<p>[\/et_pb_text][et_pb_divider _builder_version=\u00bb4.16.0&#8243; _module_preset=\u00bbdefault\u00bb global_colors_info=\u00bb{}\u00bb][\/et_pb_divider][et_pb_blog fullwidth=\u00bboff\u00bb posts_number=\u00bb6&#8243; include_categories=\u00bb166&#8243; show_author=\u00bboff\u00bb _builder_version=\u00bb4.17.1&#8243; _module_preset=\u00bbdefault\u00bb hover_enabled=\u00bb0&#8243; global_colors_info=\u00bb{}\u00bb sticky_enabled=\u00bb0&#8243;][\/et_pb_blog][\/et_pb_column][\/et_pb_row][\/et_pb_section]<\/p>\n","protected":false},"excerpt":{"rendered":"<p>INFANCIA y DDHHDerechos de la infanciaEl mundo se encuentra en un momento decisivo para hacer realidad la noble visi\u00f3n de la Convenci\u00f3n sobre los Derechos del Ni\u00f1o de las Naciones Unidas &nbsp; En septiembre de 2015, los Estados Miembros de las Naciones Unidas se reunieron para acordar la nueva agenda de desarrollo sostenible. Con la [&hellip;]<\/p>\n","protected":false},"author":2,"featured_media":0,"parent":0,"menu_order":0,"comment_status":"closed","ping_status":"closed","template":"","meta":{"_et_pb_use_builder":"on","_et_pb_old_content":"","_et_gb_content_width":"","_uf_show_specific_survey":0,"_uf_disable_surveys":false,"footnotes":""},"class_list":["post-5256","page","type-page","status-publish","hentry"],"aioseo_notices":[],"_links":{"self":[{"href":"https:\/\/fundacionporlajusticia.org\/va\/wp-json\/wp\/v2\/pages\/5256","targetHints":{"allow":["GET"]}}],"collection":[{"href":"https:\/\/fundacionporlajusticia.org\/va\/wp-json\/wp\/v2\/pages"}],"about":[{"href":"https:\/\/fundacionporlajusticia.org\/va\/wp-json\/wp\/v2\/types\/page"}],"author":[{"embeddable":true,"href":"https:\/\/fundacionporlajusticia.org\/va\/wp-json\/wp\/v2\/users\/2"}],"replies":[{"embeddable":true,"href":"https:\/\/fundacionporlajusticia.org\/va\/wp-json\/wp\/v2\/comments?post=5256"}],"version-history":[{"count":5,"href":"https:\/\/fundacionporlajusticia.org\/va\/wp-json\/wp\/v2\/pages\/5256\/revisions"}],"predecessor-version":[{"id":5263,"href":"https:\/\/fundacionporlajusticia.org\/va\/wp-json\/wp\/v2\/pages\/5256\/revisions\/5263"}],"wp:attachment":[{"href":"https:\/\/fundacionporlajusticia.org\/va\/wp-json\/wp\/v2\/media?parent=5256"}],"curies":[{"name":"wp","href":"https:\/\/api.w.org\/{rel}","templated":true}]}}