{"id":5144,"date":"2022-05-04T12:50:22","date_gmt":"2022-05-04T12:50:22","guid":{"rendered":"https:\/\/fundacionporlajusticia.accesia.info\/?page_id=5144"},"modified":"2025-12-09T13:19:11","modified_gmt":"2025-12-09T12:19:11","slug":"quienes-somos","status":"publish","type":"page","link":"https:\/\/fundacionporlajusticia.org\/va\/quienes-somos\/","title":{"rendered":"Qui Som?"},"content":{"rendered":"<p>[et_pb_section fb_built=\u00bb1&#8243; _builder_version=\u00bb4.16&#8243; global_colors_info=\u00bb{}\u00bb][et_pb_row column_structure=\u00bb2_5,3_5&#8243; _builder_version=\u00bb4.16&#8243; background_size=\u00bbinitial\u00bb background_position=\u00bbtop_left\u00bb background_repeat=\u00bbrepeat\u00bb global_colors_info=\u00bb{}\u00bb][et_pb_column type=\u00bb2_5&#8243; _builder_version=\u00bb4.16&#8243; custom_padding=\u00bb|||\u00bb global_colors_info=\u00bb{}\u00bb custom_padding__hover=\u00bb|||\u00bb][et_pb_image src=\u00bbhttps:\/\/fundacionporlajusticia.org\/wp-content\/uploads\/2022\/03\/2021-Mozambique-1.jpeg\u00bb title_text=\u00bb2021 Mozambique\u00bb align=\u00bbcenter\u00bb _builder_version=\u00bb4.17.1&#8243; _module_preset=\u00bbdefault\u00bb width=\u00bb90%\u00bb max_width=\u00bb90%\u00bb border_radii=\u00bbon|20px|20px|20px|20px\u00bb border_width_all=\u00bb1px\u00bb border_color_all=\u00bb#60cbba\u00bb global_colors_info=\u00bb{}\u00bb][\/et_pb_image][\/et_pb_column][et_pb_column type=\u00bb3_5&#8243; _builder_version=\u00bb4.16&#8243; custom_padding=\u00bb|||\u00bb global_colors_info=\u00bb{}\u00bb custom_padding__hover=\u00bb|||\u00bb][et_pb_text _builder_version=\u00bb4.17.1&#8243; background_size=\u00bbinitial\u00bb background_position=\u00bbtop_left\u00bb background_repeat=\u00bbrepeat\u00bb global_colors_info=\u00bb{}\u00bb]<\/p>\n<p>Fundaci\u00f3n por la Justicia es una organizaci\u00f3n sin \u00e1nimo de lucro que trabaja en favor de los Derechos Humanos y de la justicia social, en aras de alcanzar una sociedad en paz, m\u00e1s justa, y m\u00e1s solidaria.<\/p>\n<p>Desde hace m\u00e1s de 29 a\u00f1os ha centrado sus esfuerzos en sensibilizar a la sociedad ante las injusticias y la vulneraci\u00f3n de Derechos Humanos, en contribuir a una educaci\u00f3n y formaci\u00f3n espec\u00edfica en esta materia y en generar oportunidades de futuro para unos colectivos especialmente vulnerables y en riesgo de exclusi\u00f3n. Su \u00e1mbito geogr\u00e1fico de actuaci\u00f3n ha sido tanto Espa\u00f1a como los pa\u00edses m\u00e1s desfavorecidos de \u00c1frica, el Caribe y el Pac\u00edfico (pa\u00edses ACP).<\/p>\n<p>[\/et_pb_text][\/et_pb_column][\/et_pb_row][et_pb_row _builder_version=\u00bb4.17.1&#8243; _module_preset=\u00bbdefault\u00bb global_colors_info=\u00bb{}\u00bb][et_pb_column type=\u00bb4_4&#8243; _builder_version=\u00bb4.17.1&#8243; _module_preset=\u00bbdefault\u00bb global_colors_info=\u00bb{}\u00bb][et_pb_text _builder_version=\u00bb4.17.1&#8243; _module_preset=\u00bbdefault\u00bb global_colors_info=\u00bb{}\u00bb]<\/p>\n<p>Nuestra misi\u00f3n se fundamenta en s\u00f3lidos valores de <strong>paz, justicia, solidaridad, igualdad, respeto de la diversidad cultural, independencia, transparencia y compromiso con la sociedad.<\/strong><\/p>\n<p>Aspiramos a ser coherentes con nuestro lema \u00abQueremos la Paz, trabajamos por la Justicia\u00bb.<\/p>\n<p>Trabajamos en diversos proyectos que tiene que ver con las tem\u00e1ticas principales de:<\/p>\n<p><a href=\"https:\/\/fundacionporlajusticia.org\/mujer-y-derechos-humanos\/\">\u2022 Mujeres y DDHH<\/a><br \/><a href=\"https:\/\/fundacionporlajusticia.org\/infancia-ddhh\/\">\u2022 Infancia y DDHH<\/a><br \/><a href=\"https:\/\/fundacionporlajusticia.org\/category\/insercion-laboral\/\">\u2022 Inserci\u00f3n laboral y DDHH<\/a><br \/><a href=\"https:\/\/fundacionporlajusticia.org\/category\/justicia-restaurativa\/\">\u2022 Justicia Restaurativa<\/a><br \/><a href=\"https:\/\/fundacionporlajusticia.org\/category\/sensibilizacion\/\">\u2022 Sensibilizaci\u00f3n en materia de DDHH<\/a><br \/>\u2022 <a href=\"https:\/\/fundacionporlajusticia.org\/tag\/gobierno-abierto\/\">Gobierno Abierto<\/a> y <a href=\"https:\/\/fundacionporlajusticia.org\/tag\/corrupcion\/\">Lucha contra la corrupci\u00f3n<\/a><br \/><a href=\"https:\/\/fundacionporlajusticia.org\/tag\/reclusas\/\">\u2022 Personas Reclusas<\/a><br \/><a href=\"https:\/\/fundacionporlajusticia.org\/tag\/refugiados\/\">\u2022 Personas refugiadas<\/a><br \/><a href=\"https:\/\/fundacionporlajusticia.org\/category\/formacion\/\">\u2022 Formaci\u00f3n\u00a0<\/a><\/p>\n<p>&nbsp;<\/p>\n<p>[\/et_pb_text][\/et_pb_column][\/et_pb_row][\/et_pb_section]<\/p>\n","protected":false},"excerpt":{"rendered":"<p>Fundaci\u00f3n por la Justicia es una organizaci\u00f3n sin \u00e1nimo de lucro que trabaja en favor de los Derechos Humanos y de la justicia social, en aras de alcanzar una sociedad en paz, m\u00e1s justa, y m\u00e1s solidaria. Desde hace m\u00e1s de 29 a\u00f1os ha centrado sus esfuerzos en sensibilizar a la sociedad ante las injusticias [&hellip;]<\/p>\n","protected":false},"author":2,"featured_media":0,"parent":0,"menu_order":0,"comment_status":"closed","ping_status":"closed","template":"","meta":{"_et_pb_use_builder":"on","_et_pb_old_content":"<p>Fundaci\u00f3n por la Justicia es una organizaci\u00f3n sin \u00e1nimo de lucro que trabaja en favor de los Derechos Humanos y de la justicia social, en aras de alcanzar una sociedad en paz, m\u00e1s justa, y m\u00e1s solidaria.<\/p><p><br \/>Desde hace 25 a\u00f1os ha centrado sus esfuerzos en sensibilizar a la sociedad ante las injusticias y la vulneraci\u00f3n de Derechos Humanos, en contribuir a una educaci\u00f3n y formaci\u00f3n espec\u00edfica en esta materia y en generar oportunidades de futuro para unos colectivos especialmente vulnerables y en riesgo de exclusi\u00f3n. Su \u00e1mbito geogr\u00e1fico de actuaci\u00f3n ha sido tanto Espa\u00f1a como los pa\u00edses m\u00e1s desfavorecidos de \u00c1frica, el Caribe y el Pac\u00edfico (pa\u00edses ACP).<\/p>","_et_gb_content_width":"","_uf_show_specific_survey":0,"_uf_disable_surveys":false,"footnotes":""},"class_list":["post-5144","page","type-page","status-publish","hentry"],"aioseo_notices":[],"_links":{"self":[{"href":"https:\/\/fundacionporlajusticia.org\/va\/wp-json\/wp\/v2\/pages\/5144","targetHints":{"allow":["GET"]}}],"collection":[{"href":"https:\/\/fundacionporlajusticia.org\/va\/wp-json\/wp\/v2\/pages"}],"about":[{"href":"https:\/\/fundacionporlajusticia.org\/va\/wp-json\/wp\/v2\/types\/page"}],"author":[{"embeddable":true,"href":"https:\/\/fundacionporlajusticia.org\/va\/wp-json\/wp\/v2\/users\/2"}],"replies":[{"embeddable":true,"href":"https:\/\/fundacionporlajusticia.org\/va\/wp-json\/wp\/v2\/comments?post=5144"}],"version-history":[{"count":18,"href":"https:\/\/fundacionporlajusticia.org\/va\/wp-json\/wp\/v2\/pages\/5144\/revisions"}],"predecessor-version":[{"id":13843,"href":"https:\/\/fundacionporlajusticia.org\/va\/wp-json\/wp\/v2\/pages\/5144\/revisions\/13843"}],"wp:attachment":[{"href":"https:\/\/fundacionporlajusticia.org\/va\/wp-json\/wp\/v2\/media?parent=5144"}],"curies":[{"name":"wp","href":"https:\/\/api.w.org\/{rel}","templated":true}]}}