{"id":4787,"date":"2022-04-13T09:31:03","date_gmt":"2022-04-13T09:31:03","guid":{"rendered":"https:\/\/fundacionporlajusticia.accesia.info\/?page_id=4787"},"modified":"2022-05-05T15:13:00","modified_gmt":"2022-05-05T15:13:00","slug":"tpv-ok","status":"publish","type":"page","link":"https:\/\/fundacionporlajusticia.org\/va\/tpv-ok\/","title":{"rendered":"tpv-ok"},"content":{"rendered":"<p>[et_pb_section fb_built=\u00bb1&#8243; admin_label=\u00bbTITULO\u00bb _builder_version=\u00bb4.16&#8243; background_enable_color=\u00bboff\u00bb background_image=\u00bbhttps:\/\/fundacionporlajusticia.org\/wp-content\/uploads\/2022\/03\/diego-ph-SZYreZsJ-fE-unsplash.jpg\u00bb custom_margin=\u00bb||200px||false|false\u00bb border_color_all=\u00bb#FFFFFF\u00bb saved_tabs=\u00bball\u00bb locked=\u00bboff\u00bb global_colors_info=\u00bb{}\u00bb][et_pb_row _builder_version=\u00bb4.16&#8243; custom_margin=\u00bb|auto|-240px|auto|false|false\u00bb animation_style=\u00bbbounce\u00bb locked=\u00bboff\u00bb global_colors_info=\u00bb{}\u00bb][et_pb_column type=\u00bb4_4&#8243; _builder_version=\u00bb4.16&#8243; background_color=\u00bbrgba(146,133,124,0.7)\u00bb custom_padding=\u00bb50px|40px|50px|40px|true|true\u00bb global_colors_info=\u00bb{}\u00bb][et_pb_text admin_label=\u00bbTitulo\u00bb _builder_version=\u00bb4.17.1&#8243; text_font=\u00bbMontserrat|600|||||||\u00bb text_text_color=\u00bb#92857c\u00bb text_font_size=\u00bb24px\u00bb text_line_height=\u00bb1.4em\u00bb header_font=\u00bbMontserrat|700||on|||||\u00bb header_text_color=\u00bb#efebe2&#8243; header_font_size=\u00bb70px\u00bb header_letter_spacing=\u00bb0.1em\u00bb header_line_height=\u00bb1.1em\u00bb header_2_font_size=\u00bb96px\u00bb header_3_font_size=\u00bb96px\u00bb header_4_font_size=\u00bb96px\u00bb header_5_font_size=\u00bb96px\u00bb header_6_font_size=\u00bb96px\u00bb text_orientation=\u00bbright\u00bb hover_enabled=\u00bb0&#8243; text_font_size_tablet=\u00bb\u00bb text_font_size_phone=\u00bb20px\u00bb text_font_size_last_edited=\u00bbon|desktop\u00bb header_font_size_tablet=\u00bb56px\u00bb header_font_size_phone=\u00bb30px\u00bb header_font_size_last_edited=\u00bbon|phone\u00bb header_2_font_size_tablet=\u00bb56px\u00bb header_2_font_size_phone=\u00bb30px\u00bb header_2_font_size_last_edited=\u00bbon|phone\u00bb header_3_font_size_tablet=\u00bb56px\u00bb header_3_font_size_phone=\u00bb30px\u00bb header_3_font_size_last_edited=\u00bbon|phone\u00bb header_4_font_size_tablet=\u00bb56px\u00bb header_4_font_size_phone=\u00bb30px\u00bb header_4_font_size_last_edited=\u00bbon|phone\u00bb header_5_font_size_tablet=\u00bb56px\u00bb header_5_font_size_phone=\u00bb30px\u00bb header_5_font_size_last_edited=\u00bbon|phone\u00bb header_6_font_size_tablet=\u00bb56px\u00bb header_6_font_size_phone=\u00bb30px\u00bb header_6_font_size_last_edited=\u00bbon|phone\u00bb text_orientation_tablet=\u00bbleft\u00bb text_orientation_phone=\u00bb\u00bb text_orientation_last_edited=\u00bbon|tablet\u00bb locked=\u00bboff\u00bb global_colors_info=\u00bb{}\u00bb sticky_enabled=\u00bb0&#8243;]<\/p>\n<h1>Dona<\/h1>\n<p>[\/et_pb_text][\/et_pb_column][\/et_pb_row][\/et_pb_section][et_pb_section fb_built=\u00bb1&#8243; _builder_version=\u00bb4.16&#8243; _module_preset=\u00bbdefault\u00bb min_height=\u00bb312.6px\u00bb custom_padding=\u00bb||0px|||\u00bb global_colors_info=\u00bb{}\u00bb][et_pb_row column_structure=\u00bb1_4,3_4&#8243; _builder_version=\u00bb4.16&#8243; _module_preset=\u00bbdefault\u00bb custom_margin=\u00bb|auto|-57px|auto||\u00bb global_colors_info=\u00bb{}\u00bb][et_pb_column type=\u00bb1_4&#8243; _builder_version=\u00bb4.16&#8243; _module_preset=\u00bbdefault\u00bb global_colors_info=\u00bb{}\u00bb][et_pb_image src=\u00bbhttps:\/\/fundacionporlajusticia.org\/wp-content\/uploads\/2022\/04\/c-dona.png\u00bb title_text=\u00bbc-dona\u00bb _builder_version=\u00bb4.16.0&#8243; _module_preset=\u00bbdefault\u00bb custom_padding=\u00bb|28px||||\u00bb global_colors_info=\u00bb{}\u00bb][\/et_pb_image][\/et_pb_column][et_pb_column type=\u00bb3_4&#8243; _builder_version=\u00bb4.16&#8243; _module_preset=\u00bbdefault\u00bb global_colors_info=\u00bb{}\u00bb][et_pb_text _builder_version=\u00bb4.17.1&#8243; _module_preset=\u00bbdefault\u00bb hover_enabled=\u00bb0&#8243; global_colors_info=\u00bb{}\u00bb sticky_enabled=\u00bb0&#8243;]<\/p>\n<h3 style=\"text-align: center;\"><strong>\u00a1GRACIAS POR TU APORTACI\u00d3N!<br \/><\/strong><\/h3>\n<p style=\"text-align: center;\">Aunque no lo creas, gracias a ella el mundo es hoy un poquito mejor.\u00a0<\/p>\n<p style=\"text-align: center;\">Como nos recuerda el proverbio Africano<\/p>\n<blockquote>\n<p style=\"text-align: center;\"><strong>\u00abGente peque\u00f1a en lugares peque\u00f1os haciendo cosas peque\u00f1as, cambiar\u00e1 el mundo.<\/strong><\/p>\n<\/blockquote>\n<p style=\"text-align: center;\">\u00a1Gracias en nombre de todas las personas que se benefician de nuestros proyectos!<\/p>\n<p><img loading=\"lazy\" decoding=\"async\" class=\"wp-image-5270 aligncenter size-full\" src=\"https:\/\/fundacionporlajusticia.org\/wp-content\/uploads\/2022\/05\/Infancia_1.jpeg\" alt=\"\" width=\"1600\" height=\"1200\" srcset=\"https:\/\/fundacionporlajusticia.org\/wp-content\/uploads\/2022\/05\/Infancia_1.jpeg 1600w, https:\/\/fundacionporlajusticia.org\/wp-content\/uploads\/2022\/05\/Infancia_1-1280x960.jpeg 1280w, https:\/\/fundacionporlajusticia.org\/wp-content\/uploads\/2022\/05\/Infancia_1-980x735.jpeg 980w, https:\/\/fundacionporlajusticia.org\/wp-content\/uploads\/2022\/05\/Infancia_1-480x360.jpeg 480w\" sizes=\"(min-width: 0px) and (max-width: 480px) 480px, (min-width: 481px) and (max-width: 980px) 980px, (min-width: 981px) and (max-width: 1280px) 1280px, (min-width: 1281px) 1600px, 100vw\" \/><\/p>\n<p>&nbsp;<\/p>\n<p>[\/et_pb_text][\/et_pb_column][\/et_pb_row][\/et_pb_section]<\/p>\n","protected":false},"excerpt":{"rendered":"<p>DonaGR\u00c0CIES PER LA TEVA APORTACI\u00d3! Encara que no ho creguis, gr\u00e0cies a ella el m\u00f3n \u00e9s avui una mica millor. Com ens recorda el proverbi Afric\u00e0 \u00abGent petita a llocs petits fent coses petites, canviar\u00e0 el m\u00f3n. Gr\u00e0cies en nom de totes les persones que es beneficien dels nostres projectes! &nbsp;<\/p>","protected":false},"author":1,"featured_media":0,"parent":0,"menu_order":0,"comment_status":"closed","ping_status":"closed","template":"","meta":{"_et_pb_use_builder":"on","_et_pb_old_content":"","_et_gb_content_width":"","_uf_show_specific_survey":0,"_uf_disable_surveys":false,"footnotes":""},"class_list":["post-4787","page","type-page","status-publish","hentry"],"aioseo_notices":[],"_links":{"self":[{"href":"https:\/\/fundacionporlajusticia.org\/va\/wp-json\/wp\/v2\/pages\/4787","targetHints":{"allow":["GET"]}}],"collection":[{"href":"https:\/\/fundacionporlajusticia.org\/va\/wp-json\/wp\/v2\/pages"}],"about":[{"href":"https:\/\/fundacionporlajusticia.org\/va\/wp-json\/wp\/v2\/types\/page"}],"author":[{"embeddable":true,"href":"https:\/\/fundacionporlajusticia.org\/va\/wp-json\/wp\/v2\/users\/1"}],"replies":[{"embeddable":true,"href":"https:\/\/fundacionporlajusticia.org\/va\/wp-json\/wp\/v2\/comments?post=4787"}],"version-history":[{"count":3,"href":"https:\/\/fundacionporlajusticia.org\/va\/wp-json\/wp\/v2\/pages\/4787\/revisions"}],"predecessor-version":[{"id":5280,"href":"https:\/\/fundacionporlajusticia.org\/va\/wp-json\/wp\/v2\/pages\/4787\/revisions\/5280"}],"wp:attachment":[{"href":"https:\/\/fundacionporlajusticia.org\/va\/wp-json\/wp\/v2\/media?parent=4787"}],"curies":[{"name":"wp","href":"https:\/\/api.w.org\/{rel}","templated":true}]}}