{"id":4441,"date":"2022-04-05T14:06:04","date_gmt":"2022-04-05T14:06:04","guid":{"rendered":"https:\/\/fundacionporlajusticia.accesia.info\/?page_id=4441"},"modified":"2022-05-31T15:46:35","modified_gmt":"2022-05-31T15:46:35","slug":"secciones-premios-2022","status":"publish","type":"page","link":"https:\/\/fundacionporlajusticia.org\/va\/humansfest\/secciones-premios-2022\/","title":{"rendered":"Premis i seccions 2022"},"content":{"rendered":"<p>[et_pb_section fb_built=\u00bb1&#8243; admin_label=\u00bbTITULO\u00bb _builder_version=\u00bb4.16&#8243; _module_preset=\u00bbdefault\u00bb background_color=\u00bb#FFFFFF\u00bb custom_padding=\u00bb0px||0px||false|false\u00bb bottom_divider_color=\u00bb#ef4b67&#8243; locked=\u00bboff\u00bb global_colors_info=\u00bb{}\u00bb][et_pb_row column_structure=\u00bb3_4,1_4&#8243; _builder_version=\u00bb4.16&#8243; _module_preset=\u00bbdefault\u00bb global_colors_info=\u00bb{}\u00bb][et_pb_column type=\u00bb3_4&#8243; _builder_version=\u00bb4.16&#8243; _module_preset=\u00bbdefault\u00bb global_colors_info=\u00bb{}\u00bb][et_pb_text _builder_version=\u00bb4.16.0&#8243; _module_preset=\u00bbdefault\u00bb header_text_align=\u00bbleft\u00bb header_text_color=\u00bb#635b54&#8243; header_font_size=\u00bb50px\u00bb background_image=\u00bbhttps:\/\/fundacionporlajusticia.org\/wp-content\/uploads\/2022\/03\/bg-pelicula-2.png\u00bb module_alignment=\u00bbleft\u00bb header_text_shadow_style=\u00bbpreset1&#8243; global_colors_info=\u00bb{}\u00bb]<\/p>\n<h1 style=\"text-align: center;\">Premios y Secciones 2022<\/h1>\n<p>[\/et_pb_text][\/et_pb_column][et_pb_column type=\u00bb1_4&#8243; _builder_version=\u00bb4.16&#8243; _module_preset=\u00bbdefault\u00bb global_colors_info=\u00bb{}\u00bb][et_pb_image src=\u00bbhttps:\/\/fundacionporlajusticia.org\/wp-content\/uploads\/2022\/03\/logoHm.png\u00bb title_text=\u00bblogoHm\u00bb url=\u00bb@ET-DC@eyJkeW5hbWljIjp0cnVlLCJjb250ZW50IjoicG9zdF9saW5rX3VybF9wYWdlIiwic2V0dGluZ3MiOnsicG9zdF9pZCI6IjUifX0=@\u00bb align=\u00bbright\u00bb disabled_on=\u00bbon|off|off\u00bb _builder_version=\u00bb4.16&#8243; _dynamic_attributes=\u00bburl\u00bb _module_preset=\u00bbdefault\u00bb global_colors_info=\u00bb{}\u00bb][\/et_pb_image][\/et_pb_column][\/et_pb_row][\/et_pb_section][et_pb_section fb_built=\u00bb1&#8243; _builder_version=\u00bb4.16&#8243; _module_preset=\u00bbdefault\u00bb global_colors_info=\u00bb{}\u00bb][et_pb_row _builder_version=\u00bb4.16&#8243; _module_preset=\u00bbdefault\u00bb global_colors_info=\u00bb{}\u00bb][et_pb_column type=\u00bb4_4&#8243; _builder_version=\u00bb4.16&#8243; _module_preset=\u00bbdefault\u00bb global_colors_info=\u00bb{}\u00bb][et_pb_text _builder_version=\u00bb4.16.0&#8243; _module_preset=\u00bbdefault\u00bb global_colors_info=\u00bb{}\u00bb]<\/p>\n<h2><span style=\"color: #ef4b67;\">XIII HUMANS FEST 2022<\/span><\/h2>\n<h3><span style=\"color: #ef4b67;\"><strong>SECCI\u00d3N OFICIAL:<\/strong><\/span><\/h3>\n<p>&nbsp;<\/p>\n<ul>\n<li><span style=\"color: #635b54;\"><strong>Secci\u00f3n \u2018Humans Fic\u2019 \u2013 1000 \u20ac (Largometraje ficci\u00f3n)<\/strong><\/span><\/li>\n<li><span style=\"color: #635b54;\"><strong>Secci\u00f3n \u2018Humans Doc\u2019 \u2013 1000 \u20ac (Largometraje documental)<\/strong><\/span><\/li>\n<li><span style=\"color: #635b54;\"><strong>Secci\u00f3n Cortometrajes:<\/strong><\/span><\/li>\n<li><strong><span style=\"color: #635b54;\">Secci\u00f3n \u2018Curt i Barrejat\u2019.<\/span>\u00a0<\/strong>Cortos internacionales de g\u00e9nero ficci\u00f3n y documental<strong>.\u00a0<\/strong>Se otorgar\u00e1n dos premios: al <strong>Mejor Corto de ficci\u00f3n \u2013 350 \u20ac<\/strong> y al <strong>Mejor corto documental \u2013 350 \u20ac<\/strong>.<\/li>\n<li><strong>Secci\u00f3n \u2018Acollida\u2019<\/strong>: Secci\u00f3n de cortometrajes valencianos por los derechos humanos. Premio econ\u00f3mico de<strong>\u00a0350\u20ac<\/strong><\/li>\n<li><strong>Secci\u00f3n \u20181 minut, 1 frontera\u2019:<\/strong> Nuestra tradicional secci\u00f3n \u00ab1 minuto, 1 derecho\u00bb dedicada este a\u00f1o al concepto fronteras. Premio econ\u00f3mico de <strong>300\u20ac.<\/strong><\/li>\n<\/ul>\n<p>[\/et_pb_text][et_pb_divider _builder_version=\u00bb4.16&#8243; _module_preset=\u00bbdefault\u00bb global_colors_info=\u00bb{}\u00bb][\/et_pb_divider][\/et_pb_column][\/et_pb_row][et_pb_row _builder_version=\u00bb4.16&#8243; _module_preset=\u00bbdefault\u00bb global_colors_info=\u00bb{}\u00bb][et_pb_column type=\u00bb4_4&#8243; _builder_version=\u00bb4.16&#8243; _module_preset=\u00bbdefault\u00bb global_colors_info=\u00bb{}\u00bb][et_pb_button button_url=\u00bbhttps:\/\/festhome.com\/festival\/festival-internacional-de-cine-y-derechos-humanos-de-valencia-humans-fest\u00bb url_new_window=\u00bbon\u00bb button_text=\u00bbINSCRIBE TU TRABAJO\u00bb button_alignment=\u00bbcenter\u00bb _builder_version=\u00bb4.16&#8243; _module_preset=\u00bbdefault\u00bb custom_button=\u00bbon\u00bb button_text_color=\u00bb#ef4b67&#8243; button_border_color=\u00bb#ef4b67&#8243; button_icon_color=\u00bb#ef4b67&#8243; custom_margin=\u00bb30px||||false|false\u00bb global_colors_info=\u00bb{}\u00bb][\/et_pb_button][et_pb_image src=\u00bbhttps:\/\/fundacionporlajusticia.org\/wp-content\/uploads\/2022\/03\/logo_orange_964x242-768&#215;193-1.png\u00bb title_text=\u00bblogo_orange_964x242-768&#215;193&#8243; url=\u00bbhttps:\/\/filmmakers.festhome.com\/festival\/festival-internacional-de-cine-y-derechos-humanos-de-valencia-humans-fest\u00bb align=\u00bbcenter\u00bb _builder_version=\u00bb4.16.0&#8243; _module_preset=\u00bbdefault\u00bb width=\u00bb53%\u00bb width_tablet=\u00bb50%\u00bb width_phone=\u00bb96%\u00bb width_last_edited=\u00bbon|phone\u00bb max_width=\u00bb99%\u00bb global_colors_info=\u00bb{}\u00bb][\/et_pb_image][\/et_pb_column][\/et_pb_row][et_pb_row _builder_version=\u00bb4.16&#8243; _module_preset=\u00bbdefault\u00bb global_colors_info=\u00bb{}\u00bb][et_pb_column type=\u00bb4_4&#8243; _builder_version=\u00bb4.16&#8243; _module_preset=\u00bbdefault\u00bb global_colors_info=\u00bb{}\u00bb][et_pb_text _builder_version=\u00bb4.16.0&#8243; _module_preset=\u00bbdefault\u00bb global_colors_info=\u00bb{}\u00bb]<\/p>\n<h2><span style=\"color: #ef4b67;\">PREMIOS \u00abJusticia i Pau\u00bb<\/span><\/h2>\n<p><strong>El Premio \u00abPau i Just\u00edcia\u00bb<\/strong>\u00a0surge con la finalidad de reconocer la trayectoria de un\/a cineasta, productora o director\/a de cine en materia de Derechos Humanos por parte de la\u00a0<a href=\"https:\/\/fundacionporlajusticia.accesia.info\" target=\"_blank\" rel=\"noopener\">Fundaci\u00f3n por la Justicia<\/a>.\u00a0<strong>Un premio que reconoce la labor de quienes se comprometen por los derechos humanos y la justicia a trav\u00e9s del audiovisual.<\/strong><\/p>\n<p>Las personas premiadas se caracterizan por la dedicaci\u00f3n de su vida profesional a dar a conocer los objetivos del milenio y poner voz y luz a colectivos a los que se les vulneran sus derechos de forma sistem\u00e1tica. Un cine comprometido con la cooperaci\u00f3n internacional, sanidad, educaci\u00f3n, sistema judicial, sistema penitenciario y defensa de derechos.<\/p>\n<p>[\/et_pb_text][et_pb_divider _builder_version=\u00bb4.16&#8243; _module_preset=\u00bbdefault\u00bb global_colors_info=\u00bb{}\u00bb][\/et_pb_divider][\/et_pb_column][\/et_pb_row][et_pb_row column_structure=\u00bb1_2,1_2&#8243; _builder_version=\u00bb4.16.0&#8243; _module_preset=\u00bbdefault\u00bb global_colors_info=\u00bb{}\u00bb][et_pb_column type=\u00bb1_2&#8243; _builder_version=\u00bb4.16.0&#8243; _module_preset=\u00bbdefault\u00bb global_colors_info=\u00bb{}\u00bb][et_pb_testimonial author=\u00bbJosefina Molina, Cineasta \u00bb company_name=\u00bbXII Premio 2021&#8243; portrait_url=\u00bbhttps:\/\/fundacionporlajusticia.org\/wp-content\/uploads\/2022\/04\/Josefina-Molina_Premio_Justicia-Pau.jpeg\u00bb _builder_version=\u00bb4.16.0&#8243; _module_preset=\u00bbdefault\u00bb hover_enabled=\u00bb0&#8243; global_colors_info=\u00bb{}\u00bb sticky_enabled=\u00bb0&#8243;][\/et_pb_testimonial][et_pb_testimonial author=\u00bbPepe Viyuela-Actor\u00bb company_name=\u00bbXI Premio 2020&#8243; portrait_url=\u00bbhttps:\/\/fundacionporlajusticia.org\/wp-content\/uploads\/2022\/04\/Pepe-Viyuela_Premi_Pau_Justicia-min.png\u00bb _builder_version=\u00bb4.16.0&#8243; _module_preset=\u00bbdefault\u00bb global_colors_info=\u00bb{}\u00bb][\/et_pb_testimonial][et_pb_testimonial author=\u00bbAbdelatif Hwidar-Actor y director\u00bb company_name=\u00bbX Premio 2019&#8243; portrait_url=\u00bbhttps:\/\/fundacionporlajusticia.org\/wp-content\/uploads\/2022\/04\/Hwidar-Abdelatif.webp\u00bb _builder_version=\u00bb4.16.0&#8243; _module_preset=\u00bbdefault\u00bb global_colors_info=\u00bb{}\u00bb][\/et_pb_testimonial][\/et_pb_column][et_pb_column type=\u00bb1_2&#8243; _builder_version=\u00bb4.16.0&#8243; _module_preset=\u00bbdefault\u00bb global_colors_info=\u00bb{}\u00bb][et_pb_testimonial author=\u00bbSilvia Munt-Directora, actriz y productora\u00bb company_name=\u00bbIX Premio 2018&#8243; portrait_url=\u00bbhttps:\/\/fundacionporlajusticia.org\/wp-content\/uploads\/2022\/04\/Silvia_Munt_Premio_Justicia-Pau-1.jpg\u00bb _builder_version=\u00bb4.16.0&#8243; _module_preset=\u00bbdefault\u00bb global_colors_info=\u00bb{}\u00bb][\/et_pb_testimonial][et_pb_testimonial author=\u00bbJuan Diego Botto-Actor\u00bb company_name=\u00bbVIII Premio 2017-2016&#8243; portrait_url=\u00bbhttps:\/\/fundacionporlajusticia.org\/wp-content\/uploads\/2022\/04\/Juan-Diego-Boto.jpg\u00bb _builder_version=\u00bb4.16.0&#8243; _module_preset=\u00bbdefault\u00bb global_colors_info=\u00bb{}\u00bb][\/et_pb_testimonial][et_pb_testimonial author=\u00bbMontxo Armend\u00e1riz (Direcor) y Puy Oria (Productora)\u00bb company_name=\u00bbVII Premio 2015&#8243; portrait_url=\u00bbhttps:\/\/fundacionporlajusticia.org\/wp-content\/uploads\/2022\/04\/Puy.jpg\u00bb _builder_version=\u00bb4.16.0&#8243; _module_preset=\u00bbdefault\u00bb global_colors_info=\u00bb{}\u00bb][\/et_pb_testimonial][\/et_pb_column][\/et_pb_row][et_pb_row column_structure=\u00bb1_3,1_3,1_3&#8243; _builder_version=\u00bb4.16.0&#8243; _module_preset=\u00bbdefault\u00bb global_colors_info=\u00bb{}\u00bb][et_pb_column type=\u00bb1_3&#8243; _builder_version=\u00bb4.16.0&#8243; _module_preset=\u00bbdefault\u00bb global_colors_info=\u00bb{}\u00bb][\/et_pb_column][et_pb_column type=\u00bb1_3&#8243; _builder_version=\u00bb4.16.0&#8243; _module_preset=\u00bbdefault\u00bb global_colors_info=\u00bb{}\u00bb][et_pb_testimonial author=\u00bbCarles Bosch\u00bb company_name=\u00bbVI Premio 2014&#8243; url=\u00bbhttps:\/\/fundacionporlajusticia.org\/queda-inaugurado-el-fic-valencia-y-comienzan-las-proyecciones-de-la-seccion-oficial\/\u00bb portrait_url=\u00bbhttps:\/\/fundacionporlajusticia.org\/wp-content\/uploads\/2022\/04\/Carles_Bosch_Premi_Justicia_Pau.jpeg\u00bb _builder_version=\u00bb4.16.0&#8243; _module_preset=\u00bbdefault\u00bb link_option_url=\u00bbhttps:\/\/fundacionporlajusticia.org\/queda-inaugurado-el-fic-valencia-y-comienzan-las-proyecciones-de-la-seccion-oficial\/\u00bb global_colors_info=\u00bb{}\u00bb][\/et_pb_testimonial][\/et_pb_column][et_pb_column type=\u00bb1_3&#8243; _builder_version=\u00bb4.16.0&#8243; _module_preset=\u00bbdefault\u00bb global_colors_info=\u00bb{}\u00bb][\/et_pb_column][\/et_pb_row][\/et_pb_section]<\/p>\n","protected":false},"excerpt":{"rendered":"<p>Premios y Secciones 2022XIII HUMANS FEST 2022 SECCI\u00d3N OFICIAL: &nbsp; Secci\u00f3n \u2018Humans Fic\u2019 \u2013 1000 \u20ac (Largometraje ficci\u00f3n) Secci\u00f3n \u2018Humans Doc\u2019 \u2013 1000 \u20ac (Largometraje documental) Secci\u00f3n Cortometrajes: Secci\u00f3n \u2018Curt i Barrejat\u2019.\u00a0Cortos internacionales de g\u00e9nero ficci\u00f3n y documental.\u00a0Se otorgar\u00e1n dos premios: al Mejor Corto de ficci\u00f3n \u2013 350 \u20ac y al Mejor corto documental \u2013 [&hellip;]<\/p>\n","protected":false},"author":2,"featured_media":0,"parent":442,"menu_order":0,"comment_status":"closed","ping_status":"closed","template":"","meta":{"_et_pb_use_builder":"on","_et_pb_old_content":"","_et_gb_content_width":"","_uf_show_specific_survey":0,"_uf_disable_surveys":false,"footnotes":""},"class_list":["post-4441","page","type-page","status-publish","hentry"],"aioseo_notices":[],"_links":{"self":[{"href":"https:\/\/fundacionporlajusticia.org\/va\/wp-json\/wp\/v2\/pages\/4441","targetHints":{"allow":["GET"]}}],"collection":[{"href":"https:\/\/fundacionporlajusticia.org\/va\/wp-json\/wp\/v2\/pages"}],"about":[{"href":"https:\/\/fundacionporlajusticia.org\/va\/wp-json\/wp\/v2\/types\/page"}],"author":[{"embeddable":true,"href":"https:\/\/fundacionporlajusticia.org\/va\/wp-json\/wp\/v2\/users\/2"}],"replies":[{"embeddable":true,"href":"https:\/\/fundacionporlajusticia.org\/va\/wp-json\/wp\/v2\/comments?post=4441"}],"version-history":[{"count":10,"href":"https:\/\/fundacionporlajusticia.org\/va\/wp-json\/wp\/v2\/pages\/4441\/revisions"}],"predecessor-version":[{"id":5918,"href":"https:\/\/fundacionporlajusticia.org\/va\/wp-json\/wp\/v2\/pages\/4441\/revisions\/5918"}],"up":[{"embeddable":true,"href":"https:\/\/fundacionporlajusticia.org\/va\/wp-json\/wp\/v2\/pages\/442"}],"wp:attachment":[{"href":"https:\/\/fundacionporlajusticia.org\/va\/wp-json\/wp\/v2\/media?parent=4441"}],"curies":[{"name":"wp","href":"https:\/\/api.w.org\/{rel}","templated":true}]}}