{"id":3539,"date":"2017-01-21T11:08:19","date_gmt":"2017-01-21T11:08:19","guid":{"rendered":"https:\/\/fundacionporlajusticia.accesia.info\/es\/?page_id=4041"},"modified":"2017-01-21T11:08:19","modified_gmt":"2017-01-21T11:08:19","slug":"paciente-4","status":"publish","type":"page","link":"https:\/\/fundacionporlajusticia.org\/va\/humansfest\/programacion-2-2\/seccion-oficial-2017\/paciente-4\/","title":{"rendered":"PACIENT"},"content":{"rendered":"<table>\n<tbody>\n<tr>\n<td style=\"width: 206px; text-align: center; vertical-align: middle;\" width=\"206\"><img loading=\"lazy\" decoding=\"async\" class=\"aligncenter size-full wp-image-4046\" src=\"https:\/\/fundacionporlajusticia.org\/wp-content\/uploads\/2017\/01\/PACIENTE-_poster.jpg\" alt=\"PACIENTE _poster\" width=\"716\" height=\"1024\" \/><\/td>\n<td width=\"376\">\n<h1><strong>LA HIST\u00d2RIA<\/strong><\/h1>\n<p style=\"text-align: justify;\">PACIENT \u00e9s la paraula que ens defineix quan hem de seguir indicacions m\u00e8diques o hem de mantenir la calma mentre esperem. A Col\u00f2mbia, pa\u00eds amb un inclement sistema de salut que obliga els seus usuaris a enfrontar absurds obstacles burocr\u00e0tics per accedir als seus serveis, PACIENT no \u00e9s nom\u00e9s qui pateix la malaltia i espera superar-la, sin\u00f3 tamb\u00e9 qui s&#039;encarrega de cuidar-lo i lluitar di\u00e0riament contra el sistema per garantir que el seu \u00e9sser estimat rebi tot el necessari.<\/p>\n<p style=\"text-align: justify;\">PACIENT es Nubia, una mare cap de casa que malgrat conviure amb l&#039;angoixa de perdre la seva filla per compte d&#039;un agressiu c\u00e0ncer, aconsegueix travessar amb admirable fermesa i convicci\u00f3 els laber\u00edntics processos del sistema de salut del qual dep\u00e8n la vida de la seva filla .<\/p>\n<\/td>\n<\/tr>\n<tr>\n<td style=\"width: 206px; vertical-align: top; text-align: left;\" rowspan=\"2\" width=\"206\">\n<h2>\u00a0Col\u00f2mbia, 2015<\/h2>\n<h4><strong>Director:<\/strong><\/h4>\n<h4>Jorge Caballero<\/h4>\n<h4><strong>Gui\u00f3: <\/strong><\/h4>\n<h4>Carol Ann Figueroa<\/h4>\n<h4><strong> Producci\u00f3:<\/strong><\/h4>\n<h4>Jorge Caballero<\/h4>\n<h4><strong>Gerent de producci\u00f3:<\/strong><\/h4>\n<h4>Rosa Mercedes Ramos<\/h4>\n<h4><strong>Productores de camp:<\/strong><\/h4>\n<h4>Carol Ann Figueroa<\/h4>\n<h4>Alexandre Ospina<\/h4>\n<h4>\u00c0ngela Garc\u00eda Ferriz<\/h4>\n<h4><strong>Productor Associat: <\/strong><\/h4>\n<h4>Gustavo Le\u00f3n<\/h4>\n<h4><strong>Fotografia i c\u00e0mera:<\/strong><\/h4>\n<h4>Lukas Jaramillo<\/h4>\n<h4><strong>So: <\/strong><\/h4>\n<h4>Alexandre Molano<\/h4>\n<h4><strong>Edici\u00f3: <\/strong><\/h4>\n<h4>Iv\u00e1n Guarnizo<\/h4>\n<h4>Jorge Caballero<\/h4>\n<h4><strong> Durada: 73&#039;<\/strong><\/h4>\n<h4><strong>Pa\u00eds de producci\u00f3: <\/strong><\/h4>\n<h4>Col\u00f2mbia<\/h4>\n<\/td>\n<td width=\"376\">\n<h1><strong>\u00a0DIRECTOR<\/strong><\/h1>\n<p style=\"text-align: justify;\"><a href=\"https:\/\/fundacionporlajusticia.org\/wp-content\/uploads\/2017\/01\/fotojorge.jpg\"><img loading=\"lazy\" decoding=\"async\" class=\"aligncenter size-full wp-image-4045\" src=\"https:\/\/fundacionporlajusticia.org\/wp-content\/uploads\/2017\/01\/fotojorge.jpg\" alt=\"fotojorge\" width=\"301\" height=\"448\" \/><\/a>Jorge Caballero \u00e9s llicenciat en Enginyeria de telecomunicacions i Comunicaci\u00f3 Audiovisual. Productor i realitzador de l&#039;empresa GusanoFilms amb qu\u00e8 ha desenvolupat documentals com <em>Bagatela, N\u00e9ixer<\/em> i <em>Pacient<\/em> aconseguint reconeixements en prestigiosos festivals. Ha estat guanyador del premi Nacional de Documental de Col\u00f2mbia dues vegades. Aquestes activitats les compagina amb el seu treball al m\u00e0ster de professor i tutor de documental interactiu, a m\u00e9s de coordinador de postproducci\u00f3. \u00c9s professor convidat de diverses universitats i festivals iberoamericans com DOCSDF, DocMontevideo, Ambulant, Festival de Cinema de Cartagena o el Consell Nacional de Cinema de l&#039;Equador.<\/p>\n<\/td>\n<\/tr>\n<tr>\n<td width=\"376\">\n<h1><strong>FESTIVALS I PREMIS<\/strong><\/h1>\n<ul>\n<li>Millor director Festival de cinema de Cartagena FICCI<\/li>\n<li>Menci\u00f3 especial del jurat. Festival de Cinema de Guadalajara.<\/li>\n<li>Millor director de compet\u00e8ncia documental. Festival de M\u00e0laga.<\/li>\n<li>Premi Signis Cin\u00e9Latino rencontr\u00e9s Tolosa<\/li>\n<li>Millor pel\u00b7l\u00edcula secci\u00f3 Latituds. Docs Barcelona<\/li>\n<li>Millor documental Sant Diego Llat\u00ed Film Fest<\/li>\n<li>Menci\u00f3 especial Havana Film Festival New York<\/li>\n<li>Premi Nacional Cinemateca a la distribuci\u00f3 de llargmetratges<\/li>\n<li>Night Award. Signs de Nuit Equador.<\/li>\n<li>Millor documental. FENAVID Bol\u00edvia.<\/li>\n<li>Premi SIGNIS. FENAVID Bol\u00edvia.<\/li>\n<li>IDFA -Novembre<\/li>\n<li>Cartagena FICCI (Compet\u00e8ncia documental i Col\u00f2mbia)<\/li>\n<li>FicBaq Barranquilla<\/li>\n<li>Guadalajara<\/li>\n<li>Thessaloniki Gr\u00e8cia<\/li>\n<li>Sant Diego Llat\u00ed<\/li>\n<li>Tolousse Reencontres<\/li>\n<li>SXSW (Nom\u00e9s la part interactiva, panell de converg\u00e8ncia)<\/li>\n<li>Havana NewYork Llat\u00ed<\/li>\n<li>I Tudo Verdade Brasil<\/li>\n<li>Docs Barcelona<\/li>\n<li>Festival de cinema de M\u00e0laga. Espanya<\/li>\n<li>EDOC. Equador<\/li>\n<li>AFI DOCS Washington<\/li>\n<li>Dokufest. Kosovo<\/li>\n<li>BFI London 16.<\/li>\n<li>MARFICI. Argentina.<\/li>\n<li>SydneyLatino. Austr\u00e0lia.<\/li>\n<li>Festival de cinema colombi\u00e0 de Medell\u00edn. Col\u00f2mbia<\/li>\n<li>Signes de Nuit Tucum\u00e1n Argentina<\/li>\n<li>Signes de nuit Quito.<\/li>\n<li>Festival Creative Commons Bogot\u00e0.<\/li>\n<li>N\u00f2mades Bucaramanga Col\u00f2mbia.<\/li>\n<li>Santa Creu de la Serra, Bol\u00edvia.<\/li>\n<li>APODoc PR. Puerto Rico.<\/li>\n<li>FILMAR. Su\u00efssa.<\/li>\n<li>Nominee Latin UK Awards LUKAS 2016. UK<\/li>\n<\/ul>\n<\/td>\n<\/tr>\n<tr>\n<td colspan=\"2\" width=\"581\"><iframe loading=\"lazy\" src=\"https:\/\/www.youtube.com\/embed\/yDo1w0d1Pnk\" width=\"1040\" height=\"585\" frameborder=\"0\" allowfullscreen=\"allowfullscreen\"><\/iframe><\/td>\n<\/tr>\n<tr>\n<td colspan=\"2\" width=\"581\"><\/td>\n<\/tr>\n<\/tbody>\n<\/table>\n<p>&nbsp;<\/p>","protected":false},"excerpt":{"rendered":"<p>LA HISTORIA PACIENTE es la palabra que nos define cuando debemos seguir indicaciones m\u00e9dicas o tenemos que mantener la calma mientras esperamos. En Colombia, pa\u00eds cuyo inclemente sistema de salud obliga a sus usuarios a enfrentar absurdos obst\u00e1culos burocr\u00e1ticos para acceder a sus servicios, PACIENTE no es solo quien padece la enfermedad y espera superarla, [&hellip;]<\/p>\n","protected":false},"author":2,"featured_media":0,"parent":2927,"menu_order":9,"comment_status":"closed","ping_status":"closed","template":"","meta":{"_et_pb_use_builder":"","_et_pb_old_content":"","_et_gb_content_width":"","_uf_show_specific_survey":0,"_uf_disable_surveys":false,"footnotes":""},"class_list":["post-3539","page","type-page","status-publish","hentry"],"aioseo_notices":[],"_links":{"self":[{"href":"https:\/\/fundacionporlajusticia.org\/va\/wp-json\/wp\/v2\/pages\/3539","targetHints":{"allow":["GET"]}}],"collection":[{"href":"https:\/\/fundacionporlajusticia.org\/va\/wp-json\/wp\/v2\/pages"}],"about":[{"href":"https:\/\/fundacionporlajusticia.org\/va\/wp-json\/wp\/v2\/types\/page"}],"author":[{"embeddable":true,"href":"https:\/\/fundacionporlajusticia.org\/va\/wp-json\/wp\/v2\/users\/2"}],"replies":[{"embeddable":true,"href":"https:\/\/fundacionporlajusticia.org\/va\/wp-json\/wp\/v2\/comments?post=3539"}],"version-history":[{"count":0,"href":"https:\/\/fundacionporlajusticia.org\/va\/wp-json\/wp\/v2\/pages\/3539\/revisions"}],"up":[{"embeddable":true,"href":"https:\/\/fundacionporlajusticia.org\/va\/wp-json\/wp\/v2\/pages\/2927"}],"wp:attachment":[{"href":"https:\/\/fundacionporlajusticia.org\/va\/wp-json\/wp\/v2\/media?parent=3539"}],"curies":[{"name":"wp","href":"https:\/\/api.w.org\/{rel}","templated":true}]}}