{"id":3322,"date":"2022-03-21T15:31:24","date_gmt":"2022-03-21T15:31:24","guid":{"rendered":"https:\/\/fundacionporlajusticia.accesia.info\/?page_id=3322"},"modified":"2022-03-26T08:07:22","modified_gmt":"2022-03-26T08:07:22","slug":"2016-vii-edicion","status":"publish","type":"page","link":"https:\/\/fundacionporlajusticia.org\/va\/humansfest\/2016-vii-edicion\/","title":{"rendered":"2016 \u2013 VII EDICI\u00d3"},"content":{"rendered":"<p>[et_pb_section fb_built=\u00bb1&#8243; _builder_version=\u00bb4.15.1&#8243; _module_preset=\u00bbdefault\u00bb locked=\u00bboff\u00bb global_colors_info=\u00bb{}\u00bb][et_pb_row _builder_version=\u00bb4.15.1&#8243; _module_preset=\u00bbdefault\u00bb global_colors_info=\u00bb{}\u00bb][et_pb_column type=\u00bb4_4&#8243; _builder_version=\u00bb4.15.1&#8243; _module_preset=\u00bbdefault\u00bb global_colors_info=\u00bb{}\u00bb][et_pb_post_title meta=\u00bboff\u00bb featured_image=\u00bboff\u00bb _builder_version=\u00bb4.15.1&#8243; _module_preset=\u00bbdefault\u00bb border_width_bottom=\u00bb1px\u00bb border_color_bottom=\u00bb#635b54&#8243; global_colors_info=\u00bb{}\u00bb][\/et_pb_post_title][\/et_pb_column][\/et_pb_row][et_pb_row column_structure=\u00bb3_5,2_5&#8243; _builder_version=\u00bb4.15.1&#8243; _module_preset=\u00bbdefault\u00bb global_colors_info=\u00bb{}\u00bb][et_pb_column type=\u00bb3_5&#8243; _builder_version=\u00bb4.15.1&#8243; _module_preset=\u00bbdefault\u00bb global_colors_info=\u00bb{}\u00bb][et_pb_text _builder_version=\u00bb4.15.1&#8243; _module_preset=\u00bbdefault\u00bb link_font=\u00bb|700|||on|||#635b54|\u00bb link_text_color=\u00bb#635b54&#8243; link_font_size=\u00bb17px\u00bb link_letter_spacing=\u00bb4px\u00bb link_line_height=\u00bb2em\u00bb hover_enabled=\u00bb0&#8243; global_colors_info=\u00bb{}\u00bb sticky_enabled=\u00bb0&#8243;]<a href=\"https:\/\/fundacionporlajusticia.org\/humansfest\/2016-vii-edicion\/seccion-oficial-3\/\">Secci\u00f3n Oficial Largometrajes<\/a><br \/>\n<a href=\"https:\/\/fundacionporlajusticia.org\/humansfest\/2016-vii-edicion\/seccion-oficial-fuera-de-concurso\/\">Secci\u00f3n Oficial Fuera de Concurso<\/a><br \/>\n<a href=\"https:\/\/fundacionporlajusticia.org\/es\/seccion-cortometrajes\/\">Secci\u00f3n Cortometrajes<\/a><br \/>\n<a href=\"https:\/\/fundacionporlajusticia.org\/humansfest\/2016-vii-edicion\/pases-especiales-3\/\">Pases especiales<\/a><br \/>\n<a href=\"https:\/\/fundacionporlajusticia.org\/es\/seccion-humans\/\">Secci\u00f3n Zinegoak<\/a><br \/>\n<a href=\"https:\/\/fundacionporlajusticia.org\/es\/seccion-1-minuto-1-derecho\/\">Secci\u00f3n 1 minuto, 1 derecho<\/a>[\/et_pb_text][\/et_pb_column][et_pb_column type=\u00bb2_5&#8243; _builder_version=\u00bb4.15.1&#8243; _module_preset=\u00bbdefault\u00bb global_colors_info=\u00bb{}\u00bb][et_pb_image src=\u00bbhttps:\/\/fundacionporlajusticia.org\/wp-content\/uploads\/2015\/09\/Human-Fest-sin-logosreducido.jpg\u00bb title_text=\u00bbHuman-Fest-sin-logosreducido\u00bb _builder_version=\u00bb4.15.1&#8243; _module_preset=\u00bbdefault\u00bb global_colors_info=\u00bb{}\u00bb][\/et_pb_image][\/et_pb_column][\/et_pb_row][\/et_pb_section]<\/p>\n","protected":false},"excerpt":{"rendered":"<p>Secci\u00f3 Oficial Llargmetratges Secci\u00f3 Oficial Fora de Concurs Secci\u00f3 Curtmetratges Passos especials Secci\u00f3 Zinegoak Secci\u00f3 1 minut, 1 dret<\/p>","protected":false},"author":1,"featured_media":0,"parent":442,"menu_order":0,"comment_status":"closed","ping_status":"closed","template":"","meta":{"_et_pb_use_builder":"on","_et_pb_old_content":"<h1>2016 \u2013 VII EDICI\u00d3N<\/h1>\r\n<blockquote><img class=\"wp-image-1209 size-medium alignright\" src=\"https:\/\/fundacionporlajusticia.org\/wp-content\/uploads\/2015\/09\/Human-Fest-sin-logosreducido.jpg\" alt=\"Captura de pantalla 2015-07-27 a las 14.17.13\" width=\"233\" height=\"300\" \/>\r\n<a href=\"http:\/\/humansfest.com\/es\/seccion-oficial-3\/\">Secci\u00f3n Oficial Largometrajes<\/a>\r\n<a href=\"http:\/\/humansfest.com\/es\/seccion-oficial-fuera-de-concurso\/\">Secci\u00f3n Oficial Fuera de Concurso<\/a>\r\n<a href=\"http:\/\/humansfest.com\/es\/seccion-cortometrajes\/\">Secci\u00f3n Cortometrajes<\/a>\r\n<a href=\"http:\/\/humansfest.com\/es\/pases-especiales-3\/\">Pases especiales<\/a>\r\n<a href=\"http:\/\/humansfest.com\/es\/seccion-humans\/\">Secci\u00f3n Zinegoak<\/a>\r\n<a href=\"http:\/\/humansfest.com\/es\/seccion-1-minuto-1-derecho\/\">Secci\u00f3n 1 minuto, 1 derecho<\/a><\/blockquote>","_et_gb_content_width":"","_uf_show_specific_survey":0,"_uf_disable_surveys":false,"footnotes":""},"class_list":["post-3322","page","type-page","status-publish","hentry"],"aioseo_notices":[],"_links":{"self":[{"href":"https:\/\/fundacionporlajusticia.org\/va\/wp-json\/wp\/v2\/pages\/3322","targetHints":{"allow":["GET"]}}],"collection":[{"href":"https:\/\/fundacionporlajusticia.org\/va\/wp-json\/wp\/v2\/pages"}],"about":[{"href":"https:\/\/fundacionporlajusticia.org\/va\/wp-json\/wp\/v2\/types\/page"}],"author":[{"embeddable":true,"href":"https:\/\/fundacionporlajusticia.org\/va\/wp-json\/wp\/v2\/users\/1"}],"replies":[{"embeddable":true,"href":"https:\/\/fundacionporlajusticia.org\/va\/wp-json\/wp\/v2\/comments?post=3322"}],"version-history":[{"count":7,"href":"https:\/\/fundacionporlajusticia.org\/va\/wp-json\/wp\/v2\/pages\/3322\/revisions"}],"predecessor-version":[{"id":4058,"href":"https:\/\/fundacionporlajusticia.org\/va\/wp-json\/wp\/v2\/pages\/3322\/revisions\/4058"}],"up":[{"embeddable":true,"href":"https:\/\/fundacionporlajusticia.org\/va\/wp-json\/wp\/v2\/pages\/442"}],"wp:attachment":[{"href":"https:\/\/fundacionporlajusticia.org\/va\/wp-json\/wp\/v2\/media?parent=3322"}],"curies":[{"name":"wp","href":"https:\/\/api.w.org\/{rel}","templated":true}]}}