{"id":3050,"date":"2015-10-18T17:08:07","date_gmt":"2015-10-18T17:08:07","guid":{"rendered":"https:\/\/fundacionporlajusticia.accesia.info\/es\/?page_id=2648"},"modified":"2022-03-21T15:44:40","modified_gmt":"2022-03-21T15:44:40","slug":"alfabetizacion-audiovisual","status":"publish","type":"page","link":"https:\/\/fundacionporlajusticia.org\/va\/actividades-paralelas\/alfabetizacion-audiovisual\/","title":{"rendered":"AUDIOVISUAL LITERACY"},"content":{"rendered":"<blockquote><p><strong>Lombardo Toledano Institute of Philosophical and Political Studies<\/strong> has developed a teaching unit en Creaci\u00f3 de Documentary i Fiction Short Films que s\u00f3n usats en schools, penitenti\u00e0ries i centres dealing s people at risk of social exclusion.<br \/>\nValencian filmmakers s\u00f3n going to carry out different workshops in some of these centres.<\/p>\n<p>La nostra idea \u00e9s criticalment sobre les hect\u00e0rees d&#039;imatges que estan exposades; to bring its audience closer a la defensa de HHRR, a la boost social integraci\u00f3 activitats, a l&#039;encourage critical thinking ia promoure creativity i reflection a la creaci\u00f3 ia la recepta d&#039;audivisual texts.<\/p>\n<p style=\"margin: 0cm; margin-bottom: .0001pt; text-align: justify; background: white; orphans: auto; widows: 1; -webkit-text-stroke-width: 0px; word-spacing: 0px;\"><a href=\"https:\/\/fundacionporlajusticia.org\/wp-content\/uploads\/2015\/10\/guia-interactiva-CORTO-Revisado1.pdf\"><img loading=\"lazy\" decoding=\"async\" class=\"alignleft wp-image-2626\" src=\"https:\/\/fundacionporlajusticia.org\/wp-content\/uploads\/2015\/09\/document-309065_1280-150x150.jpg\" alt=\"document-309065_1280-150x150\" width=\"50\" height=\"50\" \/><\/a><\/p>\n<p style=\"margin: 0cm; margin-bottom: .0001pt; text-align: justify; background: white; orphans: auto; widows: 1; -webkit-text-stroke-width: 0px; word-spacing: 0px;\"><a href=\"https:\/\/fundacionporlajusticia.org\/wp-content\/uploads\/2015\/10\/guia-interactiva-CORTO-Revisado1.pdf\" target=\"_blank\" rel=\"noopener\">Click here to download the teaching unit<\/a><\/p>\n<\/blockquote>","protected":false},"excerpt":{"rendered":"<p>Lombardo Toledano Institute of Philosophical and Political Studies has developed a teaching unit on Creation of Documentary and Fiction Short Films which will be used in schools, penitentiaries and centres dealing with people at risk of social exclusion. Valencian filmmakers are going to carry out different workshops in some of these centres. Our aim is [&hellip;]<\/p>\n","protected":false},"author":2,"featured_media":0,"parent":2027,"menu_order":4,"comment_status":"closed","ping_status":"closed","template":"","meta":{"_et_pb_use_builder":"","_et_pb_old_content":"","_et_gb_content_width":"","_uf_show_specific_survey":0,"_uf_disable_surveys":false,"footnotes":""},"class_list":["post-3050","page","type-page","status-publish","hentry"],"aioseo_notices":[],"_links":{"self":[{"href":"https:\/\/fundacionporlajusticia.org\/va\/wp-json\/wp\/v2\/pages\/3050","targetHints":{"allow":["GET"]}}],"collection":[{"href":"https:\/\/fundacionporlajusticia.org\/va\/wp-json\/wp\/v2\/pages"}],"about":[{"href":"https:\/\/fundacionporlajusticia.org\/va\/wp-json\/wp\/v2\/types\/page"}],"author":[{"embeddable":true,"href":"https:\/\/fundacionporlajusticia.org\/va\/wp-json\/wp\/v2\/users\/2"}],"replies":[{"embeddable":true,"href":"https:\/\/fundacionporlajusticia.org\/va\/wp-json\/wp\/v2\/comments?post=3050"}],"version-history":[{"count":3,"href":"https:\/\/fundacionporlajusticia.org\/va\/wp-json\/wp\/v2\/pages\/3050\/revisions"}],"predecessor-version":[{"id":3362,"href":"https:\/\/fundacionporlajusticia.org\/va\/wp-json\/wp\/v2\/pages\/3050\/revisions\/3362"}],"up":[{"embeddable":true,"href":"https:\/\/fundacionporlajusticia.org\/va\/wp-json\/wp\/v2\/pages\/2027"}],"wp:attachment":[{"href":"https:\/\/fundacionporlajusticia.org\/va\/wp-json\/wp\/v2\/media?parent=3050"}],"curies":[{"name":"wp","href":"https:\/\/api.w.org\/{rel}","templated":true}]}}