{"id":3049,"date":"2017-01-25T10:49:09","date_gmt":"2017-01-25T10:49:09","guid":{"rendered":"https:\/\/fundacionporlajusticia.accesia.info\/es\/?page_id=4576"},"modified":"2022-03-21T15:44:40","modified_gmt":"2022-03-21T15:44:40","slug":"actividades-paralelas-2","status":"publish","type":"page","link":"https:\/\/fundacionporlajusticia.org\/va\/actividades-paralelas\/actividades-paralelas-2\/","title":{"rendered":"PARALLEL ACTIVITIES"},"content":{"rendered":"<table>\n<tbody>\n<tr>\n<td>\n<h3><b>COL\u00b7LEGI MAJOR RECTOR PESET, UNIVERSITAT DE VAL\u00c8NCIA<\/b><\/h3>\n<\/td>\n<\/tr>\n<tr>\n<td>\n<h2><b>Diumenge 12 febrer 2017<br \/>\n<\/b><\/h2>\n<\/td>\n<\/tr>\n<tr>\n<td><b>18.00ha 20.00h <\/b><b><i>L&#039;audiovisual com a eina de canvi <\/i><\/b><br \/>\n<b>Projecci\u00f3 Curts Valencians<\/b><\/p>\n<ul style=\"list-style-type: square;\">\n<li>Vides en tr\u00e0nsit, Sofia Olins. 2016<\/li>\n<li>Som a tots els rius, Rub\u00e9n Monsuy. 2016<\/li>\n<li>Esperant Europa, Samuel Sebastian. 2016<\/li>\n<li>Marhaba, Emilio Mart\u00ed. 2016<\/li>\n<\/ul>\n<p><b>Taula rodona<\/b><br \/>\nModera: Nanguan Manzam (CEAR)<br \/>\nHi participen: Ann Hern\u00e1ndez, Rub\u00e9n Monsuy, Samuel Sebasti\u00e1n i Emilio Mart\u00ed.<\/td>\n<\/tr>\n<tr>\n<td>\n<h3><b>LA NAU<br \/>\n<\/b><\/h3>\n<\/td>\n<\/tr>\n<tr>\n<td>\n<h2><b>Dilluns 13 febrer 2017<\/b><\/h2>\n<\/td>\n<\/tr>\n<tr>\n<td><b>18.00h<\/b> <b><i>Plasmar els drets: Imatge i DDHH<\/i><\/b><br \/>\n<b>Taula rodona <\/b><br \/>\nHi participen: Paco Roca, Ismael Quintanilla, Samuel Sebastian.<\/td>\n<\/tr>\n<tr>\n<td>\n<h3><b>ARAG\u00d3 CINEMA<br \/>\n<\/b><\/h3>\n<\/td>\n<\/tr>\n<tr>\n<td>\n<h2><b>Dilluns 13 febrer 2017<\/b><\/h2>\n<\/td>\n<\/tr>\n<tr>\n<td><b>20.00h <\/b><b><i>Projecci\u00f3 Secci\u00f3 de Curtmetratges (Dret d&#039;asil i refugiats)<\/i><\/b><\/p>\n<ul style=\"list-style-type: square;\">\n<li>Mayday Relay (14&#039;)<\/li>\n<li>Eisen (19&#039;)<\/li>\n<li>Safe Space (13&#039;)<\/li>\n<li>Gurug\u00fa (5&#039;)<\/li>\n<li>Border (1&#039;)<\/li>\n<li>Invisibles (24&#039;)<\/li>\n<li>Dent de lle\u00f3 (5&#039;)<\/li>\n<\/ul>\n<p>Comptarem amb la pres\u00e8ncia del Jurat:<br \/>\nGiovanna Ribes, Maria Escalona i Nanguan Manzam.<\/td>\n<\/tr>\n<tr>\n<td><b>21.30h <\/b><b><i>Trencar fronteres a trav\u00e9s del curtmetratge<\/i><\/b><br \/>\n<b>Trobada<\/b><br \/>\nModerador: Samuel Sebastian<br \/>\nParticipen: Jorge Bellver, Xavier Satorra i Mohamad Bitari (Invisibles)<br \/>\nIrene Cubells i \u00c1lvaro Yebra (Distribu\u00efdora &#039;Some like it short&#039;)<\/td>\n<\/tr>\n<tr>\n<td>\n<h3><b>LA NAU<\/b><\/h3>\n<\/td>\n<\/tr>\n<tr>\n<td>\n<h2><b>Dimecres 15 febrer 2017<br \/>\n<\/b><\/h2>\n<\/td>\n<\/tr>\n<tr>\n<td><b>16.30h <\/b><b><i>Vigilar i denunciar: Documentalistes, incid\u00e8ncia pol\u00edtica i Drets Humans<\/i><\/b><br \/>\n<b>Taula rodona<\/b><br \/>\nModera: Samuel Sebastian<br \/>\nHi participen: Vicent Peris (L&#039;estrat\u00e8gia del silenci), Xapo Ortega (Tarajal), Vinay Shukla i Khushboo Ranka (An Insignificant Man) i Laura Ballester (periodista Llevant-EMV)<\/td>\n<\/tr>\n<tr>\n<td>\n<h3><strong>SGAE - Societat General d&#039;Autors i Editors<\/strong><\/h3>\n<\/td>\n<\/tr>\n<tr>\n<td>\n<h2><b>Dijous 16 febrer 2017<\/b><\/h2>\n<\/td>\n<\/tr>\n<tr>\n<td><b>12.00h <\/b><b><i>Dia mundial dels nens soldat<\/i><\/b><br \/>\n<b>Projecci\u00f3<\/b>: Aquell no era jo, Esteban Crespo, 24\u2032<br \/>\n<b>Taula rodona<\/b><br \/>\nModera: Samuel Sebastian.<br \/>\nHi participen: Encarna Dur\u00e1n Costell (T\u00e8cnica d&#039;Educaci\u00f3 d&#039;Entrecultures) i Chema Segura (Servei Jesu\u00efta a Migrants).<\/td>\n<\/tr>\n<tr>\n<td>\n<h3><strong>CA REVOLTA<\/strong><\/h3>\n<\/td>\n<\/tr>\n<tr>\n<td>\n<h2><b>Dijous 16 febrer 2017<\/b><\/h2>\n<\/td>\n<\/tr>\n<tr>\n<td><b>22.45h <\/b><b><i>Trobada amb directors\/es<\/i><\/b>.<br \/>\nJust a Normal Person (Malin Bj\u00f6rkman-Widell + Sam Gisslow)<br \/>\nTransit Havana (Daniel Abma + Alex Bakker)<br \/>\nCoordina Lambda.<\/td>\n<\/tr>\n<\/tbody>\n<\/table>","protected":false},"excerpt":{"rendered":"<p>COL.LEGI MAJOR RECTOR PESET, UNIVERSITAT DE VAL\u00c8NCIA Domingo 12 febrero 2017 18.00h a 20.00h El audiovisual como herramienta de cambio Proyecci\u00f3n Cortos Valencianos Vidas en tr\u00e1nsito, Sof\u00eda Olins. 2016 Estamos en todos los r\u00edos, Rub\u00e9n Monsuy. 2016 Esperando a Europa, Samuel Sebastian. 2016 Marhaba, Emilio Mart\u00ed. 2016 Mesa redonda Modera: Nanguan Manzam (CEAR) Participan: Ann [&hellip;]<\/p>\n","protected":false},"author":2,"featured_media":0,"parent":2027,"menu_order":3,"comment_status":"closed","ping_status":"closed","template":"","meta":{"_et_pb_use_builder":"","_et_pb_old_content":"","_et_gb_content_width":"","_uf_show_specific_survey":0,"_uf_disable_surveys":false,"footnotes":""},"class_list":["post-3049","page","type-page","status-publish","hentry"],"aioseo_notices":[],"_links":{"self":[{"href":"https:\/\/fundacionporlajusticia.org\/va\/wp-json\/wp\/v2\/pages\/3049","targetHints":{"allow":["GET"]}}],"collection":[{"href":"https:\/\/fundacionporlajusticia.org\/va\/wp-json\/wp\/v2\/pages"}],"about":[{"href":"https:\/\/fundacionporlajusticia.org\/va\/wp-json\/wp\/v2\/types\/page"}],"author":[{"embeddable":true,"href":"https:\/\/fundacionporlajusticia.org\/va\/wp-json\/wp\/v2\/users\/2"}],"replies":[{"embeddable":true,"href":"https:\/\/fundacionporlajusticia.org\/va\/wp-json\/wp\/v2\/comments?post=3049"}],"version-history":[{"count":3,"href":"https:\/\/fundacionporlajusticia.org\/va\/wp-json\/wp\/v2\/pages\/3049\/revisions"}],"predecessor-version":[{"id":3361,"href":"https:\/\/fundacionporlajusticia.org\/va\/wp-json\/wp\/v2\/pages\/3049\/revisions\/3361"}],"up":[{"embeddable":true,"href":"https:\/\/fundacionporlajusticia.org\/va\/wp-json\/wp\/v2\/pages\/2027"}],"wp:attachment":[{"href":"https:\/\/fundacionporlajusticia.org\/va\/wp-json\/wp\/v2\/media?parent=3049"}],"curies":[{"name":"wp","href":"https:\/\/api.w.org\/{rel}","templated":true}]}}