{"id":3048,"date":"2017-01-25T10:03:58","date_gmt":"2017-01-25T10:03:58","guid":{"rendered":"https:\/\/fundacionporlajusticia.accesia.info\/es\/?page_id=4539"},"modified":"2022-03-21T15:44:40","modified_gmt":"2022-03-21T15:44:40","slug":"encuentro-con-los-directores","status":"publish","type":"page","link":"https:\/\/fundacionporlajusticia.org\/va\/actividades-paralelas\/encuentro-con-los-directores\/","title":{"rendered":"MEETING WITH DIRECTORS"},"content":{"rendered":"<blockquote><p>Reflexiona als col\u00b7loquis Humans Fest i uneix-te al debat entre el cinema i els Drets Humans<\/p><\/blockquote>\n<table>\n<tbody>\n<tr>\n<td>\n<h3><b>FILMOTECA<\/b><\/h3>\n<\/td>\n<\/tr>\n<tr>\n<td>\n<h2><b>Dissabte 11 febrer 2017<br \/>\n<\/b><\/h2>\n<\/td>\n<\/tr>\n<tr>\n<td><b>18.00h<i>\u00a0\u00a0\u00a0\u00a0\u00a0 Al mateix vaixell<\/i><\/b><b>, <\/b>Rudy Gnutti. 2016. 72\u2032<br \/>\nPresentaci\u00f3 a c\u00e0rrec del director<br \/>\nPosterior <strong>col\u00b7loqui<\/strong> juntament amb Rudi Gnutti (director), Joan Romero (Catedr\u00e0tic de Geografia Humana de la Universitat de Val\u00e8ncia) i Quique S\u00e1nchez (Fundaci\u00f3 per la Just\u00edcia).<b><br \/>\n<\/b><br \/>\n<i>Globalitzaci\u00f3, model econ\u00f2mic neoliberal; desigualtat inter\/intra; atur i classe mitjana; Socialitzar riscos, privatitzar beneficis; Creixement com a fetitxe; Medi ambient (planeta finit); Solucions: educaci\u00f3, innovaci\u00f3 i programes p\u00fablics, una possible renda b\u00e0sica universal?<\/i><\/td>\n<\/tr>\n<tr>\n<td>\n<h2><b>Dimarts 14 febrer 2017<\/b><\/h2>\n<\/td>\n<\/tr>\n<tr>\n<td><b>18.00h \u00a0 \u00a0\u00a0<\/b> <b><i>Tarajal: Desmuntant la impunitat a la frontera sud<\/i><\/b>, Xavier Artigas, Xapo Ortega, Marc Serra. 2016. 80\u2032<br \/>\nPresentaci\u00f3 a c\u00e0rrec del director<br \/>\nPosterior <b>col\u00b7loqui<\/b> juntament amb Xavier Artigas, Xapo Ortega i Jaume Dur\u00e0 (CEAR).<br \/>\n<i>Migraci\u00f3, refugiats, dret d&#039;asil; Brutalitat policial, repressi\u00f3; Europa fortalesa, externalitzaci\u00f3 de fronteres.<\/i><\/td>\n<\/tr>\n<tr>\n<td><b>20.00 h<\/b>\u00a0\u00a0\u00a0\u00a0\u00a0 <b><i>L&#039;estrat\u00e8gia del silenci<\/i><\/b>, Vicent Peris. 2016. 88\u2032<br \/>\nPresentaci\u00f3 a c\u00e0rrec del director i Rosa Garrote (Presidenta de l\u00b4Associaci\u00f3 de V\u00edctimes del Metro).<br \/>\n<i>Reparaci\u00f3, just\u00edcia, mem\u00f2ria. Societat adormida, passiva. Corrupci\u00f3 i manipulaci\u00f3 medi\u00e0tica.<\/i><\/td>\n<\/tr>\n<tr>\n<td>\n<h2><b>Dimecres 15 febrer 2017<\/b><\/h2>\n<\/td>\n<\/tr>\n<tr>\n<td>\u00a0<b>18.00h<\/b>\u00a0\u00a0\u00a0\u00a0\u00a0 <b><i>When Two Worlds Collide<\/i><\/b>, Heidi Brandenburg, Mathew Orzel. 2016. 103\u2032<br \/>\nPosterior <strong>col\u00b7loqui<\/strong> juntament amb Mar\u00eda Escalona (Amnistia Internacional PV), Pepa Pr\u00f2sper Candel (Val\u00e8ncia amb Bici \u2013 Acci\u00f3 Ecologista Agr\u00f3) i Edgard Vega (Centre Del\u00e0s d&#039;Estudis de Pau).<br \/>\n<i><i>Drets dels pobles ind\u00edgenes; Explotaci\u00f3 de recursos naturals; model econ\u00f2mic, desenvolupisme, creixement, extractivisme, depredaci\u00f3; inversi\u00f3\/inger\u00e8ncia estrangera (TLCs); repressi\u00f3 estatal, subversi\u00f3, desobedi\u00e8ncia civil, resist\u00e8ncia armada.<\/i><\/i><\/td>\n<\/tr>\n<tr>\n<td><b>20.00h\u00a0\u00a0\u00a0\u00a0\u00a0 <\/b><b><i>An Insignificant Man<\/i><\/b>, Khushboo Ranka, Vinay Shukla. 2016. 96\u2032<br \/>\nPresentaci\u00f3 a c\u00e0rrec dels directors.<br \/>\nPosterior <b>col\u00b7loqui<\/b> al costat de Khushboo Ranka, Vinay Shuklam i Pablo O\u00f1ate (Catedr\u00e0tic de Ci\u00e8ncies Pol\u00edtiques de la UC3).<br \/>\n<i>Nova pol\u00edtica; populismes d&#039;esquerres; democr\u00e0cia i participaci\u00f3; corrupci\u00f3; similituds 15M\/Podem (fustigaci\u00f3, m\u00e0quina de fang, personalismes, democr\u00e0cia interna).<\/i><\/td>\n<\/tr>\n<tr>\n<td>\n<h2><b>Dijous 16 febrer 2017<br \/>\n<\/b><\/h2>\n<\/td>\n<\/tr>\n<tr>\n<td><b>18.00h<\/b>\u00a0\u00a0\u00a0\u00a0\u00a0 <b><i>Just A Normal Person (No m\u00e9s una persona normal)<\/i><\/b>, Malin Bj\u00f6rkman-Widell. 2015. 58\u2032<br \/>\nPresentaci\u00f3 a c\u00e0rrec de la directora i protagonista del documental (Sam Gisslow).<br \/>\nPosterior <b>col\u00b7loqui<\/b> al costat de Malin Bj\u00f6rkman-Widell, Sam Gisslow, \u00c0ngel Gal\u00e1n (Moviment Contra Intoler\u00e0ncia) i Jos\u00e9 de Lamo (Director General d&#039;Igualtat a la Diversitat de la GVA).<br \/>\n<i>Transsexualitat; transf\u00f2bia, intoler\u00e0ncia i exclusi\u00f3; aspectes legals i institucionals; Adolesc\u00e8ncia; pressi\u00f3 social.<\/i><\/td>\n<\/tr>\n<tr>\n<td><b> 20.00h\u00a0\u00a0\u00a0\u00a0\u00a0 <\/b><b><i>Transit Havana<\/i><\/b>, Daniel Abma. 2016. 86\u2032<br \/>\nPresentaci\u00f3 a c\u00e0rrec del director i guionista.<br \/>\nPosterior <b>col\u00b7loqui<\/b> amb Daniel Abma, Alex Bakker (guionista) i Lambda.<br \/>\n<i>Transsexualitat, col\u00b7lectius LGBTI; revoluci\u00f3 social\/ revoluci\u00f3 sexual a Cuba; transf\u00f2bia, intoler\u00e0ncia i exclusi\u00f3; aspectes legals i institucionals; acc\u00e9s a sanitat.<\/i><b><br \/>\n<\/b><\/td>\n<\/tr>\n<\/tbody>\n<\/table>","protected":false},"excerpt":{"rendered":"<p>Reflexiona en los coloquios Humans Fest y \u00fanete al debate entre el cine y los Derechos Humanos FILMOTECA S\u00e1bado 11 febrero 2017 18.00h\u00a0\u00a0\u00a0\u00a0\u00a0 En el mismo barco, Rudy Gnutti. 2016. 72&#8242; Presentaci\u00f3n a cargo del director Posterior coloquio junto a Rudi Gnutti (director), Joan Romero (Catedr\u00e1tico de Geograf\u00eda Humana de la Universidad de Valencia) y [&hellip;]<\/p>\n","protected":false},"author":2,"featured_media":0,"parent":2027,"menu_order":2,"comment_status":"closed","ping_status":"closed","template":"","meta":{"_et_pb_use_builder":"","_et_pb_old_content":"","_et_gb_content_width":"","_uf_show_specific_survey":0,"_uf_disable_surveys":false,"footnotes":""},"class_list":["post-3048","page","type-page","status-publish","hentry"],"aioseo_notices":[],"_links":{"self":[{"href":"https:\/\/fundacionporlajusticia.org\/va\/wp-json\/wp\/v2\/pages\/3048","targetHints":{"allow":["GET"]}}],"collection":[{"href":"https:\/\/fundacionporlajusticia.org\/va\/wp-json\/wp\/v2\/pages"}],"about":[{"href":"https:\/\/fundacionporlajusticia.org\/va\/wp-json\/wp\/v2\/types\/page"}],"author":[{"embeddable":true,"href":"https:\/\/fundacionporlajusticia.org\/va\/wp-json\/wp\/v2\/users\/2"}],"replies":[{"embeddable":true,"href":"https:\/\/fundacionporlajusticia.org\/va\/wp-json\/wp\/v2\/comments?post=3048"}],"version-history":[{"count":3,"href":"https:\/\/fundacionporlajusticia.org\/va\/wp-json\/wp\/v2\/pages\/3048\/revisions"}],"predecessor-version":[{"id":3360,"href":"https:\/\/fundacionporlajusticia.org\/va\/wp-json\/wp\/v2\/pages\/3048\/revisions\/3360"}],"up":[{"embeddable":true,"href":"https:\/\/fundacionporlajusticia.org\/va\/wp-json\/wp\/v2\/pages\/2027"}],"wp:attachment":[{"href":"https:\/\/fundacionporlajusticia.org\/va\/wp-json\/wp\/v2\/media?parent=3048"}],"curies":[{"name":"wp","href":"https:\/\/api.w.org\/{rel}","templated":true}]}}