{"id":3029,"date":"2015-09-11T10:36:13","date_gmt":"2015-09-11T10:36:13","guid":{"rendered":"https:\/\/fundacionporlajusticia.accesia.info\/en\/programacion-2\/"},"modified":"2022-03-21T15:43:43","modified_gmt":"2022-03-21T15:43:43","slug":"programacion-2","status":"publish","type":"page","link":"https:\/\/fundacionporlajusticia.org\/va\/programacion-2\/","title":{"rendered":"PROGRAMMING"},"content":{"rendered":"<blockquote>\n<p style=\"text-align: center;\"><b><a href=\"https:\/\/fundacionporlajusticia.org\/wp-content\/uploads\/2016\/10\/cropped-Logo-Human-Fest_VIII.png\"><img loading=\"lazy\" decoding=\"async\" class=\"wp-image-3918 size-full aligncenter\" src=\"https:\/\/fundacionporlajusticia.org\/wp-content\/uploads\/2016\/10\/cropped-Logo-Human-Fest_VIII.png\" alt=\"cropped-Logo-Human-Fest_VIII.png\" width=\"280\" height=\"201\" \/><\/a><\/b> Val\u00e8ncia, del 10 al 19 de febrer del 2017 el millor de l&#039;audiovisual sobre drets humans.<\/p>\n<\/blockquote>\n<table>\n<tbody>\n<tr>\n<td>\n<blockquote>\n<h2><b>Divendres 10 de febrer de 2017<\/b><\/h2>\n<\/blockquote>\n<\/td>\n<\/tr>\n<tr>\n<td>\n<h3><b>Filmoteca <\/b><\/h3>\n<\/td>\n<\/tr>\n<tr>\n<td><b>20.00h \u00a0 \u00a0\u00a0 <\/b><b>Inauguraci\u00f3 de l&#039;Humans Fest<\/b> amb Tonino Guiti\u00e1n com a mestre de cerim\u00f2nia.<br \/>\nEs lliurar\u00e0 el premi Pau i Just\u00edcia.<br \/>\nEntrada gratu\u00efta<\/td>\n<\/tr>\n<tr>\n<td><b>20.30h \u00a0 \u00a0\u00a0<\/b> <b><i>Parlar<\/i><\/b>, Joaqu\u00edn Oristrell, 2015. 75\u00b4<br \/>\nProjecci\u00f3 inaugural, Cicle Pau i Just\u00edcia<\/td>\n<\/tr>\n<tr>\n<td>\u00a0<b>22.30h<\/b>\u00a0\u00a0\u00a0\u00a0\u00a0 <b><i>Pacient<\/i><\/b>, Jorge Caballero. 2015. 70\u2032<\/td>\n<\/tr>\n<tr>\n<td>\n<h3><b>R\u00e0dio City<br \/>\n<\/b><\/h3>\n<\/td>\n<\/tr>\n<tr>\n<td><b>22.45h<\/b>\u00a0\u00a0\u00a0\u00a0\u00a0 <b>Festa d\u00b4inauguraci\u00f3 Humans Fest.<\/b><\/td>\n<\/tr>\n<tr>\n<td>\n<blockquote>\n<h2><strong>Dissabte 11 de febrer de 2017<\/strong><\/h2>\n<\/blockquote>\n<\/td>\n<\/tr>\n<tr>\n<td>\n<h3><b>Filmoteca <\/b><\/h3>\n<\/td>\n<\/tr>\n<tr>\n<td><b>18.00h\u00a0\u00a0\u00a0\u00a0\u00a0 <\/b><b><i>Al mateix vaixell<\/i><\/b><b>, <\/b>Rudy Gnutti. 2016. 72\u2032<br \/>\nPresentaci\u00f3 a c\u00e0rrec del director<br \/>\nPosterior <strong>col\u00b7loqui<\/strong> juntament amb Rudi Gnutti, Joan Romero (Catedr\u00e0tic de Geografia Humana de la Universitat de Val\u00e8ncia) i Quique S\u00e1nchez (Fundaci\u00f3 per la Just\u00edcia).<strong><br \/>\n<\/strong><\/td>\n<\/tr>\n<tr>\n<td><strong><b>22.30h \u00a0 \u00a0\u00a0 <\/b><b><i>Mares invisibles<\/i><\/b><\/strong>, Lorenzo Ben\u00edtez. 2016. 67\u2032<strong><br \/>\n<\/strong><\/td>\n<\/tr>\n<tr>\n<td>\n<blockquote>\n<h2><strong>Diumenge 12 de febrer de 2017<br \/>\n<\/strong><\/h2>\n<\/blockquote>\n<\/td>\n<\/tr>\n<tr>\n<td>\n<h3><strong>\u00a0Col\u00b7legi Major Rector Peset<\/strong><\/h3>\n<\/td>\n<\/tr>\n<tr>\n<td><b>18.00h \u00a0 \u00a0\u00a0 <\/b><b><i>L&#039;audiovisual com a eina de canvi <\/i><\/b>F\u00f2rum DDHH<br \/>\n<b>Projecci\u00f3 Curts Valencians<\/b><\/p>\n<ul style=\"list-style-type: square;\">\n<li>Vides en tr\u00e0nsit, Sofia Olins. 2016<\/li>\n<li>Som a tots els rius, Rub\u00e9n Monsuy. 2016<\/li>\n<li>Esperant Europa, Samuel Sebastian. 2016<\/li>\n<li>Marhaba, Emilio Mart\u00ed. 2016<\/li>\n<\/ul>\n<p><b>Taula rodona<\/b><br \/>\nModera: Nanguan Manzam (CEAR)<br \/>\nHi participen: Ann Hern\u00e1ndez, Rub\u00e9n Monsuy, Samuel Sebasti\u00e1n i Emilio Mart\u00ed.<strong><br \/>\n<\/strong><\/td>\n<\/tr>\n<tr>\n<td>\n<h3><b>Filmoteca <\/b><\/h3>\n<\/td>\n<\/tr>\n<tr>\n<td><b>20.00h \u00a0 \u00a0\u00a0<\/b> <b><i>Sands of Silence: Waves of Courage<\/i><\/b>, Chelo Alvarez-Stehle. 2016. 86\u2032<br \/>\nPresentaci\u00f3 a c\u00e0rrec de la directora.<strong><br \/>\n<\/strong><\/td>\n<\/tr>\n<tr>\n<td>\n<blockquote>\n<h2><strong><b>Dilluns 13 de febrer de 2017<\/b><br \/>\n<\/strong><\/h2>\n<\/blockquote>\n<\/td>\n<\/tr>\n<tr>\n<td>\n<h3><strong>La Nau<\/strong><\/h3>\n<\/td>\n<\/tr>\n<tr>\n<td><b>18.00 h \u00a0 \u00a0\u00a0<\/b> <b><i>Plasmar els drets: Imatge i DDHH <\/i><\/b>F\u00f2rum DDHH<br \/>\n<b>Taula rodona <\/b><br \/>\nHi participen: Paco Roca, Ismael Quintanilla, Samuel Sebastian.<strong><br \/>\n<\/strong><\/td>\n<\/tr>\n<tr>\n<td>\n<h3><strong>Arag\u00f3 Cinema<\/strong><\/h3>\n<\/td>\n<\/tr>\n<tr>\n<td><b>20.00h\u00a0\u00a0\u00a0\u00a0\u00a0 <\/b><b><i>Projecci\u00f3 Secci\u00f3 de Curtmetratges (Dret d&#039;asil i refugiats)<\/i><\/b><\/p>\n<ul style=\"list-style-type: square;\">\n<li>\u00a0\u00a0Mayday Relay (14&#039;)<\/li>\n<li>\u00a0\u00a0Eisen (19&#039;)<\/li>\n<li>\u00a0\u00a0Safe Space (13&#039;)<\/li>\n<li>\u00a0\u00a0Gurug\u00fa (5&#039;)<\/li>\n<li>\u00a0\u00a0Border (1&#039;)<\/li>\n<li>\u00a0\u00a0Invisibles (24&#039;)<\/li>\n<li>\u00a0\u00a0Dent de lle\u00f3 (5&#039;)<\/li>\n<\/ul>\n<p>Comptarem amb la pres\u00e8ncia del Jurat:<br \/>\nGiovanna Ribes, Maria Escalona i Nanguan Manzam.<strong><br \/>\n<\/strong><\/td>\n<\/tr>\n<tr>\n<td><b>21:30h\u00a0\u00a0\u00a0\u00a0\u00a0 <\/b><b><i>Trencar fronteres a trav\u00e9s del curtmetratge<\/i><\/b> F\u00f2rum DDHH<br \/>\n<b>Trobada<\/b><br \/>\nModerador: Samuel Sebastian<br \/>\nParticipen: Jorge Bellver, Xavier Satorra i Mohamad Bitari (Invisibles)<br \/>\nIrene Cubells i \u00c1lvaro Yebra (Distribu\u00efdora &#039;Some like it short&#039;)<\/td>\n<\/tr>\n<tr>\n<td>\n<blockquote>\n<h2><strong>Dimarts 14 de febrer de 2017<br \/>\n<\/strong><\/h2>\n<\/blockquote>\n<\/td>\n<\/tr>\n<tr>\n<td>\n<h3><b>Filmoteca <\/b><\/h3>\n<\/td>\n<\/tr>\n<tr>\n<td><b>18.00h \u00a0 \u00a0\u00a0<\/b> <b><i>Tarajal: Desmuntant la impunitat a la frontera sud<\/i><\/b>, Xavier Artigas, Xapo Ortega, Marc Serra. 2016. 80\u2032<br \/>\nPresentaci\u00f3 a c\u00e0rrec del director<br \/>\nPosterior col\u00b7loqui amb Xavier Artigas, Xapo Ortega i Jaume Dur\u00e0 (CEAR).<strong><br \/>\n<\/strong><\/td>\n<\/tr>\n<tr>\n<td><b>20.00h<\/b>\u00a0\u00a0\u00a0\u00a0\u00a0 <b><i>L&#039;estrat\u00e8gia del silenci<\/i><\/b>, Vicent Peris. 2016. 88\u2032<br \/>\nPresentaci\u00f3 a c\u00e0rrec del director i Rosa Garrote (Presidenta de l\u00b4Associaci\u00f3 de V\u00edctimes del Metro).<strong><br \/>\n<\/strong><\/td>\n<\/tr>\n<tr>\n<td>\n<blockquote>\n<h2><strong><b>Dimecres 15 de febrer de 2017<\/b><br \/>\n<\/strong><\/h2>\n<\/blockquote>\n<\/td>\n<\/tr>\n<tr>\n<td>\n<h3><b>La Nau<br \/>\n<\/b><\/h3>\n<\/td>\n<\/tr>\n<tr>\n<td><b>16:30h\u00a0\u00a0\u00a0\u00a0\u00a0 <\/b><b><i>Vigilar i denunciar: Documentalistes, incid\u00e8ncia pol\u00edtica i Drets Humans<\/i><\/b> F\u00f2rum DDHH<br \/>\n<b>Taula rodona<\/b><br \/>\nModera: Samuel Sebastian<br \/>\nHi participen: Vicent Peris (L&#039;estrat\u00e8gia del silenci), Xapo Ortega (Tarajal), Vinay Shukla i Khushboo Ranka (An Insignificant Man) i Laura Ballester (periodista Llevant-EMV)<br \/>\n<strong><br \/>\n<\/strong><\/td>\n<\/tr>\n<tr>\n<td>\n<h3><b>Filmoteca<br \/>\n<\/b><\/h3>\n<\/td>\n<\/tr>\n<tr>\n<td><b>18.00h<\/b>\u00a0\u00a0\u00a0\u00a0\u00a0 <b><i>When Two Worlds Collide<\/i><\/b>, Heidi Brandenburg, Mathew Orzel. 2016. 103\u2032<br \/>\nPosterior <strong>col\u00b7loqui<\/strong> juntament amb Mar\u00eda Escalona (Amnistia Internacional PV), Pepa Pr\u00f2sper Candel (Val\u00e8ncia amb Bici \u2013 Acci\u00f3 Ecologista Agr\u00f3) i Edgard Vega (Centre Del\u00e0s d&#039;Estudis de Pau).<strong><br \/>\n<\/strong><\/td>\n<\/tr>\n<tr>\n<td><b>20.00h \u00a0 \u00a0\u00a0 <\/b><b><i>An Insignificant Man<\/i><\/b>, Khushboo Ranka, Vinay Shukla. 2016. 96\u2032<br \/>\nPresentaci\u00f3 a c\u00e0rrec dels directors.<br \/>\nPosterior <strong>col\u00b7loqui<\/strong> al costat de Khushboo Ranka, Vinay Shuklam i Pablo O\u00f1ate (Catedr\u00e0tic de Ci\u00e8ncies Pol\u00edtiques de la UC3).<strong><br \/>\n<\/strong><\/td>\n<\/tr>\n<tr>\n<td>\n<h2><strong><b>Dijous 16 de febrer de 2017<\/b><br \/>\n<\/strong><\/h2>\n<\/td>\n<\/tr>\n<tr>\n<td><b>SGAE - Societat General d&#039;Autors i Editors<\/b><\/td>\n<\/tr>\n<tr>\n<td><b>12.00h \u00a0 \u00a0\u00a0 <\/b><b><i>Dia mundial dels nens soldat<\/i><\/b>, F\u00f2rum DDHH<br \/>\n<b>Projecci\u00f3<\/b>: Aquell no era jo, Esteban Crespo, 24\u2032<br \/>\n<b>Taula rodona<\/b><br \/>\nModera: Samuel Sebastian.<br \/>\nHi participen: Encarna Dur\u00e1n Costell (T\u00e8cnica d&#039;Educaci\u00f3 d&#039;Entrecultures) i Chema Segura (Servei Jesu\u00efta a Migrants).<\/td>\n<\/tr>\n<tr>\n<td>\n<h3><b>Filmoteca <\/b><\/h3>\n<\/td>\n<\/tr>\n<tr>\n<td><b>18.00h<\/b>\u00a0\u00a0\u00a0\u00a0\u00a0 <b><i>Just A Normal Person (No m\u00e9s una persona normal)<\/i><\/b>, Malin Bj\u00f6rkman-Widell. 2015. 58\u2032<br \/>\nPresentaci\u00f3 a c\u00e0rrec de la directora i protagonista del documental (Sam Gisslow).<br \/>\nPosterior col\u00b7loqui al costat de Malin Bj\u00f6rkman-Widell, Sam Gisslow, \u00c0ngel Gal\u00e1n (Moviment Contra Intoler\u00e0ncia) i Jos\u00e9 de Lamo (Director General d&#039;Igualtat a la Diversitat de la GVA).<strong><br \/>\n<\/strong><\/td>\n<\/tr>\n<tr>\n<td><b>20.00h\u00a0\u00a0\u00a0\u00a0\u00a0 <\/b><b><i>Transit Havana<\/i><\/b>, Daniel Abma. 2016. 86\u2032<br \/>\nPresentaci\u00f3 a c\u00e0rrec del director i guionista.<br \/>\nPosterior col\u00b7loqui amb Daniel Abma, Alex Bakker (guionista) i Lambda.<strong><br \/>\n<\/strong><\/td>\n<\/tr>\n<tr>\n<td>\n<h3><b>Ca Revolta <\/b><\/h3>\n<\/td>\n<\/tr>\n<tr>\n<td><b>22:45h <\/b><b><i>Trobada amb directors\/es<\/i><\/b>. F\u00f2rum DDHH<br \/>\nJust a Normal Person (Malin Bj\u00f6rkman-Widell + Sam Gisslow)<br \/>\nTransit Havana (Daniel Abma + Alex Bakker)<br \/>\nCoordina Lambda<strong>.<br \/>\n<\/strong><\/td>\n<\/tr>\n<tr>\n<td>\n<h2><strong><b>Divendres 17 de febrer de 2017<\/b><br \/>\n<\/strong><\/h2>\n<\/td>\n<\/tr>\n<tr>\n<td>\n<h3><b>Filmoteca <\/b><\/h3>\n<\/td>\n<\/tr>\n<tr>\n<td><b>18.00h \u00a0 \u00a0\u00a0<\/b> <b><i>Parlar<\/i><\/b>, Joaqu\u00edn Oristrell, 2015. 75\u00b4<br \/>\nCicle Pau i Just\u00edcia<\/td>\n<\/tr>\n<tr>\n<td><b>20.00h \u00a0 \u00a0\u00a0<\/b> <b><i>El bot\u00f3 de nacre<\/i><\/b>, Patricio Guzm\u00e1n. 2015. 82\u2032<br \/>\nEstrena Mundial <b><i>Testimonis<\/i><\/b>, Emilio Mart\u00ed. 2017.<br \/>\n<b>Clausura d&#039;Humans Fest<\/b><br \/>\nEntrada gratu\u00efta.<\/td>\n<\/tr>\n<tr>\n<td>\n<h3><b>R\u00e0dio City <\/b><\/h3>\n<\/td>\n<\/tr>\n<tr>\n<td><b>22.45h <\/b><b><i>Festa de cloenda Humans Fest.<\/i><\/b><br \/>\n<b><i>Secci\u00f3 curtmetratges 1 minut 1 dret<\/i><\/b><br \/>\nCinestudio d\u00b4or de l\u00b411 al 16 de febrer de 2017<br \/>\n<b>Cicle Dona i Cinema Humans Fest<\/b><\/td>\n<\/tr>\n<tr>\n<td>\n<blockquote>\n<h2><b>Dissabte 18 de febrer de 2017<\/b><\/h2>\n<\/blockquote>\n<\/td>\n<\/tr>\n<tr>\n<td>\n<h3><b>Muvim<\/b><\/h3>\n<\/td>\n<\/tr>\n<tr>\n<td><b>18.00h \u00a0 \u00a0\u00a0<\/b> <b><i>Dones al capdavant, la llei de la m\u00e9s forta<\/i><\/b>, Lula G\u00f3mez. 2016. 48&#039;<br \/>\nCicle Dona i Cinema<br \/>\nAmb la pres\u00e8ncia de la directora<strong><br \/>\n<\/strong><\/td>\n<\/tr>\n<tr>\n<td><b>Diumenge 19 de febrer de 2017<\/b><\/td>\n<\/tr>\n<tr>\n<td>\n<h3><b>Muvim<\/b><\/h3>\n<\/td>\n<\/tr>\n<tr>\n<td><b>18.00h \u00a0 \u00a0\u00a0 <\/b><b><i>Sessi\u00f3 Curtmetratges Dona i Cinema<\/i><\/b><\/p>\n<ul style=\"list-style-type: square;\">\n<li><em><strong> Uncut<\/strong><\/em> (La guerra de les dones contra les mutilacions genitals femenines), Emanuela Zuccal\u00e0 i Simona Ghizzoni. 2015, 20&#039;<\/li>\n<li><em><strong> La llei de la sang<\/strong><\/em>, Emanuela Zuccal\u00e0. 2016. 13&#039;<\/li>\n<li><em><strong> Nom\u00e9s per farti sapere che sono viva<\/strong><\/em> (Nom\u00e9s perqu\u00e8 s\u00e0pigues que estic viva), Emanuela Zuccal\u00e0 i Simona Ghizzoni. 2014.<\/li>\n<\/ul>\n<p>Cicle Dona i Cinema<br \/>\nAmb la pres\u00e8ncia de la directora Emanuela Zuccal\u00e0.<strong><br \/>\n<\/strong><\/td>\n<\/tr>\n<tr>\n<td>\u00a0Clicka per descarregar-te la <a href=\"https:\/\/fundacionporlajusticia.org\/wp-content\/uploads\/2017\/02\/programacion.pdf\" target=\"_blank\" rel=\"noopener\">programaci\u00f3 de la VIII Edici\u00f3 d&#039;HUMANS FEST<\/a><\/td>\n<\/tr>\n<tr>\n<td>\u00a0<img loading=\"lazy\" decoding=\"async\" class=\"wp-image-4313 size-full aligncenter\" src=\"https:\/\/fundacionporlajusticia.org\/wp-content\/uploads\/2017\/01\/logos-pie-2017-v4.jpg\" alt=\"logos-pie-2017 v4\" width=\"1040\" height=\"250\" \/><\/td>\n<\/tr>\n<\/tbody>\n<\/table>","protected":false},"excerpt":{"rendered":"<p>Valencia, del 10 al 19 de febrero 2017 lo mejor del audiovisual sobre derechos humanos. Viernes 10 de febrero de 2017 Filmoteca 20.00h \u00a0 \u00a0\u00a0 Inauguraci\u00f3n del Humans Fest con Tonino Guiti\u00e1n como maestro de ceremonia. Se har\u00e1 entrega del premio Pau i Justicia. Entrada gratuita 20.30h \u00a0 \u00a0\u00a0 Hablar, Joaqu\u00edn Oristrell, 2015. 75\u00b4 Proyecci\u00f3n [&hellip;]<\/p>\n","protected":false},"author":2,"featured_media":0,"parent":0,"menu_order":2,"comment_status":"closed","ping_status":"closed","template":"","meta":{"_et_pb_use_builder":"","_et_pb_old_content":"","_et_gb_content_width":"","_uf_show_specific_survey":0,"_uf_disable_surveys":false,"footnotes":""},"class_list":["post-3029","page","type-page","status-publish","hentry"],"aioseo_notices":[],"_links":{"self":[{"href":"https:\/\/fundacionporlajusticia.org\/va\/wp-json\/wp\/v2\/pages\/3029","targetHints":{"allow":["GET"]}}],"collection":[{"href":"https:\/\/fundacionporlajusticia.org\/va\/wp-json\/wp\/v2\/pages"}],"about":[{"href":"https:\/\/fundacionporlajusticia.org\/va\/wp-json\/wp\/v2\/types\/page"}],"author":[{"embeddable":true,"href":"https:\/\/fundacionporlajusticia.org\/va\/wp-json\/wp\/v2\/users\/2"}],"replies":[{"embeddable":true,"href":"https:\/\/fundacionporlajusticia.org\/va\/wp-json\/wp\/v2\/comments?post=3029"}],"version-history":[{"count":1,"href":"https:\/\/fundacionporlajusticia.org\/va\/wp-json\/wp\/v2\/pages\/3029\/revisions"}],"predecessor-version":[{"id":3346,"href":"https:\/\/fundacionporlajusticia.org\/va\/wp-json\/wp\/v2\/pages\/3029\/revisions\/3346"}],"wp:attachment":[{"href":"https:\/\/fundacionporlajusticia.org\/va\/wp-json\/wp\/v2\/media?parent=3029"}],"curies":[{"name":"wp","href":"https:\/\/api.w.org\/{rel}","templated":true}]}}