{"id":3007,"date":"2014-09-16T08:40:04","date_gmt":"2014-09-16T08:40:04","guid":{"rendered":"https:\/\/fundacionporlajusticia.accesia.info\/?page_id=299"},"modified":"2022-03-21T16:58:55","modified_gmt":"2022-03-21T16:58:55","slug":"jurado","status":"publish","type":"page","link":"https:\/\/fundacionporlajusticia.org\/va\/humansfest\/programacion-2-2\/jurado\/","title":{"rendered":"JURAT 2017"},"content":{"rendered":"<table>\n<tbody>\n<tr>\n<td>\n<h1 style=\"text-align: justify;\"><b> <strong><b>Presidents del Jurat<\/b><br \/>\n<\/strong><\/b><\/h1>\n<\/td>\n<\/tr>\n<tr>\n<td>\n<h3 id=\"yui_3_16_0_1_1445347903073_4500\" style=\"text-align: justify;\"><b id=\"yui_3_16_0_1_1445347903073_4499\"><strong>Montxo Armend\u00e1riz i Puy Oria<br \/>\n<\/strong><\/b><\/h3>\n<p style=\"margin: 0cm 0cm 8pt; text-align: justify;\"><span style=\"font-size: 11.0pt; font-family: 'Arial','sans-serif'; color: #1d1d1b; background: white;\"><img loading=\"lazy\" decoding=\"async\" class=\"alignleft wp-image-4680 size-thumbnail\" src=\"https:\/\/fundacionporlajusticia.org\/wp-content\/uploads\/2014\/09\/montxo-armendariz-150x150.jpg\" alt=\"montxo armendariz\" width=\"150\" height=\"150\" \/> <a href=\"https:\/\/fundacionporlajusticia.org\/wp-content\/uploads\/2014\/09\/puy-oria.jpg\"><img loading=\"lazy\" decoding=\"async\" class=\"alignleft wp-image-4681 size-thumbnail\" src=\"https:\/\/fundacionporlajusticia.org\/wp-content\/uploads\/2014\/09\/puy-oria-150x150.jpg\" alt=\"puy oria\" width=\"150\" height=\"150\" \/><\/a>Guanyadors del Premi Pau i Just\u00edcia de l&#039;edici\u00f3 2016 del festival, tots dos lideren la productora independent Oria Films. Montxo Armend\u00e1riz \u00e9s director de cinema, guionista i guanyador de dos premis Goya per millor gui\u00f3 adaptat i millor gui\u00f3 original. Puy Oria \u00e9s productora i ha participat en llargmetratges com Obaba (2005), Silenci trencat (2001) i No tingues por (2011).<\/span><\/p>\n<p><span id=\"yui_3_16_0_1_1445347903073_4332\"><strong>\u00a0<\/strong><\/span><\/td>\n<\/tr>\n<tr>\n<td>\n<h1><b> <strong><b>Membres del Jurat<\/b><br \/>\n<\/strong><\/b><\/h1>\n<\/td>\n<\/tr>\n<tr>\n<td>\n<h3><b id=\"yui_3_16_0_1_1445347903073_4498\"><strong><img loading=\"lazy\" decoding=\"async\" class=\"alignleft size-thumbnail wp-image-4682\" src=\"https:\/\/fundacionporlajusticia.org\/wp-content\/uploads\/2014\/09\/Fanigrande-150x150.jpeg\" alt=\"Fanigrande\" width=\"150\" height=\"150\" \/>Fani Gran<br \/>\n<\/strong><\/b><\/h3>\n<p style=\"margin: 0cm 0cm 8pt; text-align: justify;\"><span style=\"font-size: 11.0pt; font-family: 'Arial','sans-serif'; color: #1d1d1b; background: white;\">Periodista, blocaire i escriptora. Referent del columnisme nacional gr\u00e0cies a \u201cEl F\u00e8mur d&#039;Eva\u201d, una columna reinventada en forma de bloc, despr\u00e9s convertida en llibre d&#039;assajos, i tamb\u00e9 programa de r\u00e0dio a Val\u00e8ncia R\u00e0dio. Activista per als drets sobretot de les dones arreu del m\u00f3n. <\/span><\/p>\n<p><strong>\u00a0<\/strong><\/td>\n<\/tr>\n<tr>\n<td>\n<h3><strong><strong><img loading=\"lazy\" decoding=\"async\" class=\"alignleft size-thumbnail wp-image-4683\" src=\"https:\/\/fundacionporlajusticia.org\/wp-content\/uploads\/2014\/09\/Ricardo-Maci\u00e1n-150x150.jpeg\" alt=\"Ricardo Maci\u00e1n\" width=\"150\" height=\"150\" \/>Ricardo Maci\u00e1n<br \/>\n<\/strong><\/strong><\/h3>\n<p style=\"margin: 0cm 0cm 8pt; text-align: justify;\"><span style=\"font-size: 11.0pt; font-family: 'Arial','sans-serif'; color: #1d1d1b; background: white;\">Documentalista, reporter, director de fotografia. Reporter gr\u00e0fic als Balcans, Palestina, Som\u00e0lia, entre d&#039;altres. Director i guionista de projectes independents de documentals i ficci\u00f3.  Entre els m\u00e9s destacats: \u201cLos Ujos de Ariana\u201d (sobre l&#039;Afghan Films), amb guardons a diferents festivals. Actualment est\u00e0 desenvolupant un llargmetratge documental sobre la figura de Carceller, l&#039;editor del transgressor setmanari La Traca, afusellat juntament amb el dibuixant Bluff al mur de Paterna el 1940. <\/span><\/p>\n<\/td>\n<\/tr>\n<tr>\n<td>\n<h3 style=\"text-align: justify;\"><strong><strong><img loading=\"lazy\" decoding=\"async\" class=\"alignleft size-thumbnail wp-image-4684\" src=\"https:\/\/fundacionporlajusticia.org\/wp-content\/uploads\/2014\/09\/CarlosMadrid-150x150.jpeg\" alt=\"CarlosMadrid\" width=\"150\" height=\"150\" \/>Carlos Madrid<\/strong><\/strong><\/h3>\n<p style=\"margin: 0cm; margin-bottom: .0001pt; text-align: justify;\"><span style=\"font-size: 11.0pt; font-family: 'Arial','sans-serif'; color: #1d1d1b; background: white;\">Estudia publicitat, relacions p\u00fabliques i comunicaci\u00f3, combina el seu pas per diferents revistes culturals (Milk, DJMAG) amb el treball al Festival Observatori com a Director de Comunicaci\u00f3. Ha estat recentment nomenat Director del Festival Internacional de Cinema de Val\u00e8ncia \u2013 Cinema Jove despr\u00e9s de 8 anys al capdavant de La Cabina \u2013 Festival de Mediometratges. <\/span><\/p>\n<p style=\"text-align: justify;\"><span id=\"yui_3_16_0_1_1446550711463_3175\"><strong>\u00a0<\/strong><\/span><\/p>\n<\/td>\n<\/tr>\n<tr>\n<td>\n<h1 style=\"text-align: justify;\"><strong><b>Jurat Secci\u00f3 Oficial Curtmetratges<\/b><br \/>\n<\/strong><\/h1>\n<\/td>\n<\/tr>\n<tr>\n<td>\n<h3 style=\"text-align: justify;\"><strong><strong><img loading=\"lazy\" decoding=\"async\" class=\"alignleft wp-image-4454 size-thumbnail\" src=\"https:\/\/fundacionporlajusticia.org\/wp-content\/uploads\/2014\/09\/NANGUAN-MANZAM-JURADO-CORTOS-150x150.jpg\" alt=\"NANGUAN MANZAM JURADO CORTOS\" width=\"150\" height=\"150\" \/>Nanguan Manzam<br \/>\n<\/strong><\/strong><\/h3>\n<p style=\"margin: 0cm 0cm 8pt; text-align: justify;\"><span style=\"font-size: 11.0pt; font-family: 'Arial','sans-serif'; color: #1d1d1b; background: white;\">Nascuda a Guinea Equatorial, Nanguan va venir a completar els seus estudis a Espanya i es va establir a Val\u00e8ncia, on treballa com a T\u00e8cnic social en material de sensibilitzaci\u00f3 social i incid\u00e8ncia pol\u00edtica al Comit\u00e8 Espanyol d&#039;Ajuda al Refugiat (CEAR). \u00c9s tamb\u00e9 escriptora de relats i<\/span><span style=\"font-size: 11.0pt; font-family: 'Arial','sans-serif'; color: #1d1d1b;\">\u00a0<span style=\"background: white;\">acaba de publicar el seu segon llibre, \u201cBiyaare\u201d, contes sobre g\u00e8nere, identitat i immigraci\u00f3\u201d.<\/span><\/span><\/p>\n<p style=\"text-align: justify;\"><span id=\"yui_3_16_0_1_1446550711463_3175\"><strong><strong><br \/>\n<\/strong><br \/>\n<\/strong><\/span><\/p>\n<\/td>\n<\/tr>\n<tr>\n<td>\n<h3 style=\"text-align: justify;\"><strong><strong><img loading=\"lazy\" decoding=\"async\" class=\"alignleft size-thumbnail wp-image-4455\" src=\"https:\/\/fundacionporlajusticia.org\/wp-content\/uploads\/2014\/09\/GIOVANNA-RIBES-CORTOS-150x150.jpg\" alt=\"GIOVANNA RIBES CORTOS\" width=\"150\" height=\"150\" \/>Giovanna Ribes<br \/>\n<\/strong><\/strong><\/h3>\n<p style=\"margin: 0cm 0cm 8pt; text-align: justify;\"><span style=\"font-size: 11.0pt; font-family: 'Arial','sans-serif'; color: #1d1d1b; background: white;\">Directora, productora i guionista valenciana. El seu primer llargmetratge de ficci\u00f3 \u201cUn Suave Olor a canela\u201d es va estrenar el 2014. El 2017 s&#039;espera l&#039;estrena del seu segon llarg ficci\u00f3 \u201cLa Familia: Dementia\u201d. \u00c9s membre fundador de DONESenART i dirigeix el Festival Internacional Dona i Cinema, que visibilitza el treball de les dones cineastes. <\/span><\/p>\n<p style=\"text-align: justify;\"><span id=\"yui_3_16_0_1_1446550711463_3175\"><strong>\u00a0<\/strong><\/span><\/p>\n<\/td>\n<\/tr>\n<tr>\n<td>\n<h3 style=\"text-align: justify;\"><strong><img loading=\"lazy\" decoding=\"async\" class=\"alignleft size-thumbnail wp-image-4456\" src=\"https:\/\/fundacionporlajusticia.org\/wp-content\/uploads\/2014\/09\/MARIA-ESCALONA-SECCION-CORTOS-150x150.jpg\" alt=\"MARIA ESCALONA SECCION CORTOS\" width=\"150\" height=\"150\" \/>Maria Escalona<br \/>\n<\/strong><\/h3>\n<p style=\"margin: 0cm; margin-bottom: .0001pt; text-align: justify;\"><span style=\"font-family: 'inherit','serif'; color: #1d1d1b;\">Activista Amnistia Internacional Pa\u00eds Valenci\u00e0<\/span><\/p>\n<p style=\"margin: 0cm 0cm 8.0pt 0cm;\"><span style=\"font-size: 11.0pt; font-family: 'Arial','sans-serif'; color: #1d1d1b;\"><span style=\"background: white;\">\u00a0<\/span><\/span><\/p>\n<p style=\"text-align: justify;\"><span id=\"yui_3_16_0_1_1446550711463_3175\"><strong><strong><br \/>\n<\/strong><br \/>\n<\/strong><\/span><\/p>\n<\/td>\n<\/tr>\n<\/tbody>\n<\/table>\n<h4 id=\"yui_3_16_0_1_1445347903073_4500\" style=\"text-align: justify;\"><\/h4>\n<h4><\/h4>\n<h4 style=\"text-align: justify;\"><\/h4>\n<h4 style=\"text-align: justify;\"><\/h4>\n<h4><\/h4>","protected":false},"excerpt":{"rendered":"<p>Presidentes del Jurado Montxo Armend\u00e1riz y Puy Oria Ganadores del Premio Pau i Justicia de la edici\u00f3n 2016 del festival, ambos lideran la productora independiente Oria Films. Montxo Armend\u00e1riz es director de cine, guionista y ganador de dos premios Goya por mejor guion adaptado y mejor guion original. Puy Oria es productora y ha participado [&hellip;]<\/p>\n","protected":false},"author":2,"featured_media":0,"parent":868,"menu_order":7,"comment_status":"closed","ping_status":"closed","template":"","meta":{"_et_pb_use_builder":"","_et_pb_old_content":"","_et_gb_content_width":"","_uf_show_specific_survey":0,"_uf_disable_surveys":false,"footnotes":""},"class_list":["post-3007","page","type-page","status-publish","hentry"],"aioseo_notices":[],"_links":{"self":[{"href":"https:\/\/fundacionporlajusticia.org\/va\/wp-json\/wp\/v2\/pages\/3007","targetHints":{"allow":["GET"]}}],"collection":[{"href":"https:\/\/fundacionporlajusticia.org\/va\/wp-json\/wp\/v2\/pages"}],"about":[{"href":"https:\/\/fundacionporlajusticia.org\/va\/wp-json\/wp\/v2\/types\/page"}],"author":[{"embeddable":true,"href":"https:\/\/fundacionporlajusticia.org\/va\/wp-json\/wp\/v2\/users\/2"}],"replies":[{"embeddable":true,"href":"https:\/\/fundacionporlajusticia.org\/va\/wp-json\/wp\/v2\/comments?post=3007"}],"version-history":[{"count":4,"href":"https:\/\/fundacionporlajusticia.org\/va\/wp-json\/wp\/v2\/pages\/3007\/revisions"}],"predecessor-version":[{"id":3538,"href":"https:\/\/fundacionporlajusticia.org\/va\/wp-json\/wp\/v2\/pages\/3007\/revisions\/3538"}],"up":[{"embeddable":true,"href":"https:\/\/fundacionporlajusticia.org\/va\/wp-json\/wp\/v2\/pages\/868"}],"wp:attachment":[{"href":"https:\/\/fundacionporlajusticia.org\/va\/wp-json\/wp\/v2\/media?parent=3007"}],"curies":[{"name":"wp","href":"https:\/\/api.w.org\/{rel}","templated":true}]}}