{"id":3005,"date":"2017-01-25T09:37:39","date_gmt":"2017-01-25T09:37:39","guid":{"rendered":"https:\/\/fundacionporlajusticia.accesia.info\/es\/?page_id=4519"},"modified":"2022-03-21T15:43:44","modified_gmt":"2022-03-21T15:43:44","slug":"seccion-1-minuto-1-derecho-2","status":"publish","type":"page","link":"https:\/\/fundacionporlajusticia.org\/va\/programacion-2\/seccion-1-minuto-1-derecho-2\/","title":{"rendered":"SECCI\u00d3 1 MINUT, 1 DRET"},"content":{"rendered":"<blockquote><p>La secci\u00f3 es presentar\u00e0 a <a href=\"http:\/\/cinestudiodor.es\/\" target=\"_blank\" rel=\"noopener\">Cinema D\u00b4Or<\/a> el p\u00fablic del cinema \u00e9s el jurat d&#039;aquesta secci\u00f3 tan especial que neix dels tallers de micrometratges 1 minut, 1 dret.<\/p>\n<p>Gaudiu d&#039;aquesta secci\u00f3 del 10 al 16 de febrer.<\/p><\/blockquote>","protected":false},"excerpt":{"rendered":"<p>La secci\u00f3 es presentar\u00e0 a Cinema D\u00b4Or sent el p\u00fablic del cinema el jurat d\u00b4aquesta secci\u00f3 tan especial que neix dels tallers de micrometratges 1 minut, 1 dret. Gaudiu d&#039;aquesta secci\u00f3 del 10 al 16 de febrer.<\/p>","protected":false},"author":2,"featured_media":0,"parent":3029,"menu_order":4,"comment_status":"closed","ping_status":"closed","template":"","meta":{"_et_pb_use_builder":"","_et_pb_old_content":"","_et_gb_content_width":"","_uf_show_specific_survey":0,"_uf_disable_surveys":false,"footnotes":""},"class_list":["post-3005","page","type-page","status-publish","hentry"],"aioseo_notices":[],"_links":{"self":[{"href":"https:\/\/fundacionporlajusticia.org\/va\/wp-json\/wp\/v2\/pages\/3005","targetHints":{"allow":["GET"]}}],"collection":[{"href":"https:\/\/fundacionporlajusticia.org\/va\/wp-json\/wp\/v2\/pages"}],"about":[{"href":"https:\/\/fundacionporlajusticia.org\/va\/wp-json\/wp\/v2\/types\/page"}],"author":[{"embeddable":true,"href":"https:\/\/fundacionporlajusticia.org\/va\/wp-json\/wp\/v2\/users\/2"}],"replies":[{"embeddable":true,"href":"https:\/\/fundacionporlajusticia.org\/va\/wp-json\/wp\/v2\/comments?post=3005"}],"version-history":[{"count":3,"href":"https:\/\/fundacionporlajusticia.org\/va\/wp-json\/wp\/v2\/pages\/3005\/revisions"}],"predecessor-version":[{"id":3350,"href":"https:\/\/fundacionporlajusticia.org\/va\/wp-json\/wp\/v2\/pages\/3005\/revisions\/3350"}],"up":[{"embeddable":true,"href":"https:\/\/fundacionporlajusticia.org\/va\/wp-json\/wp\/v2\/pages\/3029"}],"wp:attachment":[{"href":"https:\/\/fundacionporlajusticia.org\/va\/wp-json\/wp\/v2\/media?parent=3005"}],"curies":[{"name":"wp","href":"https:\/\/api.w.org\/{rel}","templated":true}]}}