{"id":2999,"date":"2017-01-24T11:15:17","date_gmt":"2017-01-24T11:15:17","guid":{"rendered":"https:\/\/fundacionporlajusticia.accesia.info\/es\/?page_id=4413"},"modified":"2022-03-26T07:44:09","modified_gmt":"2022-03-26T07:44:09","slug":"seccion-dona-i-cinema","status":"publish","type":"page","link":"https:\/\/fundacionporlajusticia.org\/va\/humansfest\/programacion-2-2\/seccion-dona-i-cinema\/","title":{"rendered":"EDICI\u00d3 2017 SECCI\u00d3 DONA I CINEMA"},"content":{"rendered":"<table>\n<tbody>\n<tr>\n<td>\n<h1><a href=\"https:\/\/fundacionporlajusticia.org\/wp-content\/uploads\/2017\/01\/Dona_cinema.png\"><img loading=\"lazy\" decoding=\"async\" class=\"aligncenter wp-image-4861\" src=\"https:\/\/fundacionporlajusticia.org\/wp-content\/uploads\/2017\/01\/Dona_cinema-289x300.png\" alt=\"Dona i cinema\" width=\"198\" height=\"206\" \/><\/a><\/h1>\n<h1 style=\"text-align: center;\"><b>Del 18 al 19 de febrer 2017<\/b><\/h1>\n<\/td>\n<\/tr>\n<tr>\n<td>\n<h2><b>Dissabte 18<br \/>\n<\/b><\/h2>\n<\/td>\n<\/tr>\n<tr>\n<td>\n<h3><b>MUVIM<\/b><\/h3>\n<\/td>\n<\/tr>\n<tr>\n<td><b><img loading=\"lazy\" decoding=\"async\" class=\"alignright size-thumbnail wp-image-4502\" src=\"https:\/\/fundacionporlajusticia.org\/wp-content\/uploads\/2017\/01\/still3_MAF-150x150.jpg\" alt=\"still3_MAF\" width=\"150\" height=\"150\" \/>18.00h<\/b>\u00a0\u00a0\u00a0\u00a0\u00a0 <b><i>Dones al capdavant, la llei de la m\u00e9s forta<\/i><\/b>, Lula G\u00f3mez. 2016. 48&#039;<\/p>\n<p>Posterior <strong>col\u00b7loqui<\/strong> amb la directora Lula G\u00f3mez, Claudia Garc\u00eda Giraldo, supervivent de viol\u00e8ncia pol\u00edtica a Col\u00f2mbia, i Trini Blanch Mar\u00edn, responsable d&#039;Assemblea de Cooperaci\u00f3 per la Pau al Pa\u00eds Valenci\u00e0.<\/p>\n<p><b><br \/>\nSinopsi<\/b>: El documental tracta sobre set dones colombianes que fartes de la guerra decideixen plantar-s&#039;hi sense armes, amb di\u00e0leg, reinserci\u00f3 i just\u00edcia.<\/td>\n<\/tr>\n<tr>\n<td>\n<h2><b>Diumenge 19<\/b><\/h2>\n<\/td>\n<\/tr>\n<tr>\n<td>\n<h3><b>MUVIM<\/b><\/h3>\n<\/td>\n<\/tr>\n<tr>\n<td><b>18.00h\u00a0\u00a0\u00a0\u00a0\u00a0 <\/b><b><i>Sessi\u00f3 Curtmetratges Dona i Cinema<\/i><\/b> Amb la pres\u00e8ncia de la directora Emanuela Zuccal\u00e0.<b><br \/>\n<\/b><\/td>\n<\/tr>\n<tr>\n<td><i><strong><img loading=\"lazy\" decoding=\"async\" class=\"alignright size-thumbnail wp-image-4542\" src=\"https:\/\/fundacionporlajusticia.org\/wp-content\/uploads\/2017\/01\/uncut_001-150x150.jpg\" alt=\"uncut_001\" width=\"150\" height=\"150\" \/>Uncut<\/strong> (La guerra de les dones contra les mutilacions genitals femenines), <\/i>Emanuela Zuccal\u00e0 i Simona Ghizzoni. 2015, 20&#039;<br \/>\n<b>Sinopsi<\/b>: Webdocumental sobre la coalici\u00f3 de les dones a 3 pa\u00efsos africans \u2013 Somaliland, Kenya i Eti\u00f2pia \u2013 per acabar amb aquesta pr\u00e0ctica cruel.<\/td>\n<\/tr>\n<tr>\n<td><strong><i><img loading=\"lazy\" decoding=\"async\" class=\"alignright wp-image-4504 size-thumbnail\" src=\"https:\/\/fundacionporlajusticia.org\/wp-content\/uploads\/2017\/01\/legge-sangue-150x150.jpg\" alt=\"legge-sangue\" width=\"150\" height=\"150\" \/>La llei de la sang<\/i><\/strong>, Emanuela Zuccal\u00e0. 2016. 13&#039;<br \/>\n<strong><b>Sinopsi<\/b>: <\/strong>Durant anys ha estat l&#039;\u00fanica dona v\u00edctima d&#039;una venjan\u00e7a de sang. La seva cara \u00e9s el s\u00edmbol de l&#039;absurditat de les lluites entre fam\u00edlies al Nord d&#039;Alb\u00e0nia<\/td>\n<\/tr>\n<tr>\n<td><i><strong><img loading=\"lazy\" decoding=\"async\" class=\"alignright size-thumbnail wp-image-4543\" src=\"https:\/\/fundacionporlajusticia.org\/wp-content\/uploads\/2017\/01\/Poster_SOLOPERFARTISAPERE-150x150.jpg\" alt=\"Poster_SOLOPERFARTISAPERE\" width=\"150\" height=\"150\" \/>Nom\u00e9s per farti sapere che sono viva<\/strong> (Nom\u00e9s perqu\u00e8 s\u00e0pigues que estic viva), <\/i>Emanuela Zuccal\u00e0 i Simona Ghizzoni. 2014.<br \/>\n<b>Sinopsi<\/b>: Recull de testimonis de dones sahrau\u00eds<\/td>\n<\/tr>\n<\/tbody>\n<\/table>\n<p>&nbsp;<\/p>","protected":false},"excerpt":{"rendered":"<p>Del 18 al 19 de febrero 2017 S\u00e1bado 18 MUVIM 18.00h\u00a0\u00a0\u00a0\u00a0\u00a0 Mujeres al frente, la ley de la m\u00e1s fuerte, Lula G\u00f3mez. 2016. 48\u2019 Posterior coloquio con la directora Lula G\u00f3mez, Claudia Garc\u00eda Giraldo, sobreviviente de violencia pol\u00edtica en Colombia, y Trini Blanch Mar\u00edn, responsable de Assemblea de Cooperaci\u00f3 per la Pau en el Pa\u00eds [&hellip;]<\/p>\n","protected":false},"author":2,"featured_media":0,"parent":868,"menu_order":3,"comment_status":"closed","ping_status":"closed","template":"","meta":{"_et_pb_use_builder":"","_et_pb_old_content":"","_et_gb_content_width":"","_uf_show_specific_survey":0,"_uf_disable_surveys":false,"footnotes":""},"class_list":["post-2999","page","type-page","status-publish","hentry"],"aioseo_notices":[],"_links":{"self":[{"href":"https:\/\/fundacionporlajusticia.org\/va\/wp-json\/wp\/v2\/pages\/2999","targetHints":{"allow":["GET"]}}],"collection":[{"href":"https:\/\/fundacionporlajusticia.org\/va\/wp-json\/wp\/v2\/pages"}],"about":[{"href":"https:\/\/fundacionporlajusticia.org\/va\/wp-json\/wp\/v2\/types\/page"}],"author":[{"embeddable":true,"href":"https:\/\/fundacionporlajusticia.org\/va\/wp-json\/wp\/v2\/users\/2"}],"replies":[{"embeddable":true,"href":"https:\/\/fundacionporlajusticia.org\/va\/wp-json\/wp\/v2\/comments?post=2999"}],"version-history":[{"count":4,"href":"https:\/\/fundacionporlajusticia.org\/va\/wp-json\/wp\/v2\/pages\/2999\/revisions"}],"predecessor-version":[{"id":3534,"href":"https:\/\/fundacionporlajusticia.org\/va\/wp-json\/wp\/v2\/pages\/2999\/revisions\/3534"}],"up":[{"embeddable":true,"href":"https:\/\/fundacionporlajusticia.org\/va\/wp-json\/wp\/v2\/pages\/868"}],"wp:attachment":[{"href":"https:\/\/fundacionporlajusticia.org\/va\/wp-json\/wp\/v2\/media?parent=2999"}],"curies":[{"name":"wp","href":"https:\/\/api.w.org\/{rel}","templated":true}]}}