{"id":2994,"date":"2017-01-23T13:10:40","date_gmt":"2017-01-23T13:10:40","guid":{"rendered":"https:\/\/fundacionporlajusticia.accesia.info\/es\/?page_id=4258"},"modified":"2022-03-21T15:42:52","modified_gmt":"2022-03-21T15:42:52","slug":"invisibles","status":"publish","type":"page","link":"https:\/\/fundacionporlajusticia.org\/va\/programacion-2\/seccion-oficial-de-cortometrajes\/invisibles\/","title":{"rendered":"INVISIBLES"},"content":{"rendered":"<table>\n<tbody>\n<tr>\n<td style=\"width: 206px; vertical-align: top;\" width=\"206\"><img loading=\"lazy\" decoding=\"async\" class=\"size-medium wp-image-4362 alignleft\" src=\"https:\/\/fundacionporlajusticia.org\/wp-content\/uploads\/2017\/01\/POSTER-RED-225x300.jpg\" alt=\"POSTER-RED\" width=\"225\" height=\"300\" \/><\/td>\n<td width=\"376\">\n<h1><strong>LA HIST\u00d2RIA<\/strong><\/h1>\n<p>Un projecte social transm\u00e8dia protagonitzat per persones refugiades i migrants a Barcelona.<\/p>\n<p>Tres persones de S\u00edria ens expliquen les seves experi\u00e8ncies de la guerra i com va canviar la vida. El Premi Nobel de la Pau 2015, Ahmed Galai, explica la situaci\u00f3 sobre les Primaveres \u00c0rabs i els Drets Humans, i el que est\u00e0 passant a S\u00edria.<\/p>\n<p>Mohammad, Bakri i Mireille, des de diferents punts de vista, mostren els seus drames i desitjos.<\/td>\n<\/tr>\n<tr>\n<td width=\"206\">\n<h4><strong>Director:<\/strong><\/h4>\n<h4>Xavier Satorra<\/h4>\n<h4><strong>25\u2032<br \/>\n<\/strong><\/h4>\n<h4><strong>Gui\u00f3, Producci\u00f3:<\/strong><\/h4>\n<h4>Xavier Satorra<\/h4>\n<h4><strong>Realitzaci\u00f3:<\/strong><\/h4>\n<h4>Oscar Dhooge<\/h4>\n<h4>Anna Ach\u00f3n<\/h4>\n<h4>Sophie K\u00f6hler<\/h4>\n<h4><strong>Edici\u00f3:<\/strong><\/h4>\n<h4>Xavier Satorra<\/h4>\n<h4>Eduard Pic\u00f3<\/h4>\n<h4><strong>Animaci\u00f3:<\/strong><\/h4>\n<h4>Joaqu\u00edn Jord\u00e0<\/h4>\n<h4><strong>Musica original:<\/strong><\/h4>\n<h4>Carlos Fraile<\/h4>\n<h4>Gani Mirzo<\/h4>\n<h4><strong>Edici\u00f3 musical:<\/strong><\/h4>\n<h4>Carlos Fraile<\/h4>\n<h4><strong>Amb la participaci\u00f3 de:<\/strong><\/h4>\n<h4>Mohammad Bitari, Bakri Bouchi, Mireille Al-Farah, Ahmed Galai, N\u00faria campanera<\/h4>\n<\/td>\n<td width=\"376\">\n<h1><strong>EL DIRECTOR<\/strong><\/h1>\n<p><img loading=\"lazy\" decoding=\"async\" class=\"size-medium wp-image-4360 alignleft\" src=\"https:\/\/fundacionporlajusticia.org\/wp-content\/uploads\/2017\/01\/XaviSato-300x169.jpg\" alt=\"XaviSato\" width=\"300\" height=\"169\" \/><\/p>\n<p>&nbsp;<\/td>\n<\/tr>\n<\/tbody>\n<\/table>\n<p>&nbsp;<\/p>","protected":false},"excerpt":{"rendered":"<p>LA HISTORIA Un proyecto social transmedia protagonizado por personas refugiadas y migrantes en Barcelona. Tres personas de Siria nos cuentan sus experiencias de la guerra y c\u00f3mo cambi\u00f3 su vida. El Premio Nobel de la Paz 2015, Ahmed Galai, explica la situaci\u00f3n sobre las Primaveras \u00c1rabes y los Derechos Humanos, y lo que est\u00e1 sucediendo [&hellip;]<\/p>\n","protected":false},"author":2,"featured_media":0,"parent":2969,"menu_order":6,"comment_status":"closed","ping_status":"closed","template":"","meta":{"_et_pb_use_builder":"","_et_pb_old_content":"","_et_gb_content_width":"","_uf_show_specific_survey":0,"_uf_disable_surveys":false,"footnotes":""},"class_list":["post-2994","page","type-page","status-publish","hentry"],"aioseo_notices":[],"_links":{"self":[{"href":"https:\/\/fundacionporlajusticia.org\/va\/wp-json\/wp\/v2\/pages\/2994","targetHints":{"allow":["GET"]}}],"collection":[{"href":"https:\/\/fundacionporlajusticia.org\/va\/wp-json\/wp\/v2\/pages"}],"about":[{"href":"https:\/\/fundacionporlajusticia.org\/va\/wp-json\/wp\/v2\/types\/page"}],"author":[{"embeddable":true,"href":"https:\/\/fundacionporlajusticia.org\/va\/wp-json\/wp\/v2\/users\/2"}],"replies":[{"embeddable":true,"href":"https:\/\/fundacionporlajusticia.org\/va\/wp-json\/wp\/v2\/comments?post=2994"}],"version-history":[{"count":1,"href":"https:\/\/fundacionporlajusticia.org\/va\/wp-json\/wp\/v2\/pages\/2994\/revisions"}],"predecessor-version":[{"id":3341,"href":"https:\/\/fundacionporlajusticia.org\/va\/wp-json\/wp\/v2\/pages\/2994\/revisions\/3341"}],"up":[{"embeddable":true,"href":"https:\/\/fundacionporlajusticia.org\/va\/wp-json\/wp\/v2\/pages\/2969"}],"wp:attachment":[{"href":"https:\/\/fundacionporlajusticia.org\/va\/wp-json\/wp\/v2\/media?parent=2994"}],"curies":[{"name":"wp","href":"https:\/\/api.w.org\/{rel}","templated":true}]}}