{"id":2983,"date":"2017-01-23T13:08:36","date_gmt":"2017-01-23T13:08:36","guid":{"rendered":"https:\/\/fundacionporlajusticia.accesia.info\/es\/?page_id=4251"},"modified":"2022-03-21T15:42:13","modified_gmt":"2022-03-21T15:42:13","slug":"safe-space","status":"publish","type":"page","link":"https:\/\/fundacionporlajusticia.org\/va\/programacion-2\/seccion-oficial-de-cortometrajes\/safe-space\/","title":{"rendered":"SAFE SPACE"},"content":{"rendered":"<table>\n<tbody>\n<tr>\n<td style=\"width: 206px; vertical-align: top;\" width=\"206\"><a href=\"https:\/\/fundacionporlajusticia.org\/wp-content\/uploads\/2017\/01\/GR_Plakat_Final.jpg\"><img loading=\"lazy\" decoding=\"async\" class=\"aligncenter wp-image-4331 size-medium\" src=\"https:\/\/fundacionporlajusticia.org\/wp-content\/uploads\/2017\/01\/GR_Plakat_Final-213x300.jpg\" alt=\"GR_Plakat_Final\" width=\"213\" height=\"300\" \/><\/a><\/td>\n<td style=\"width: 376px; vertical-align: top;\" width=\"376\">\n<h1><strong>LA HIST\u00d2RIA<\/strong><\/h1>\n<p><span id=\"result_box\" class=\"\" lang=\"es\">La Sara recolza les protestes d&#039;un campament de refugiats on va con\u00e8ixer el seu amic Patrick, un activista de refugiats. La baralla per<span class=\"\"> la igualtat sembla aventurera de dia i rom\u00e0ntica a la nit, fins que una nit passa un assalt sexual.<\/span><br \/>\n<span class=\"\">La pel\u00b7l\u00edcula s&#039;atura, canvia la seva forma completament, i comen\u00e7a una panor\u00e0mica 360 \u00b0 en qu\u00e8 tots els arguments<\/span> sobre l&#039;incident s\u00f3n discutits, <span class=\"\">SAFE SPACE \u00e9s una auda\u00e7 i important pel\u00b7l\u00edcula discursiva que<\/span> ens fa m<span class=\"\">preguntes i ens deixa amb la dif\u00edcil tasca de trobar les nostres pr\u00f2pies respostes.<\/span><\/span><\/td>\n<\/tr>\n<tr>\n<td width=\"206\">\n<h4><strong>Alemanya, 2014<\/strong><\/h4>\n<h4><strong>Director:<\/strong><\/h4>\n<h4>Zora Rux<\/h4>\n<h4><strong>13\u2032<br \/>\n<\/strong><\/h4>\n<h4><strong>Gui\u00f3:<\/strong><\/h4>\n<h4>Zora Rux<\/h4>\n<h4>Christian Brecht<\/h4>\n<h4><strong>Editor:<\/strong><\/h4>\n<h4>Nina Caspers<\/h4>\n<h4><strong>Fotografia:<\/strong><\/h4>\n<h4>\u00c0gnes P\u00e1kozdi<\/h4>\n<h4><strong>Productor:<\/strong><\/h4>\n<h4>Fred Burle<\/h4>\n<h4><strong>So:<\/strong><\/h4>\n<h4>Tobies R\u00fcther<\/h4>\n<\/td>\n<td width=\"376\">\n<h1><strong>EL DIRECTOR<\/strong><\/h1>\n<p>&nbsp;<\/p>\n<p><span id=\"result_box\" class=\"\" lang=\"es\"><span class=\"\"><a href=\"https:\/\/fundacionporlajusticia.org\/wp-content\/uploads\/2017\/01\/zora_quadrat-copyright-rebekka-stange.jpeg\"><img loading=\"lazy\" decoding=\"async\" class=\"size-medium wp-image-4328 alignright\" src=\"https:\/\/fundacionporlajusticia.org\/wp-content\/uploads\/2017\/01\/zora_quadrat-copyright-rebekka-stange-293x300.jpeg\" alt=\"zora_quadrat copyright rebekka stange\" width=\"293\" height=\"300\" \/><\/a>ZORA RUX va n\u00e9ixer el 1988 a Berl\u00edn.<\/span> <span class=\"\">Despr\u00e9s de treballar a &quot;A Pigeon Sat On A Branch&quot; de Roy Andersson com <\/span><span class=\"\">Directora de C\u00e0sting ha estat estudiant direcci\u00f3 a l&#039;Acad\u00e8mia Alemanya de Cinema i Televisi\u00f3 de Berl\u00edn (DFFB) des del 2011.<\/span><\/span><\/td>\n<\/tr>\n<\/tbody>\n<\/table>\n<p>&nbsp;<\/p>","protected":false},"excerpt":{"rendered":"<p>LA HISTORIA Sara est\u00e1 apoyando las\u00a0 protestas de un campamento de\u00a0 refugiados donde conoci\u00f3 a su amigo Patrick, un activista de refugiados. La pelea por la igualdad parece aventurera de d\u00eda y rom\u00e1ntica por la noche, hasta que una noche un asalto sexual sucede. La pel\u00edcula se detiene, cambia su forma completamente, y comienza una [&hellip;]<\/p>\n","protected":false},"author":2,"featured_media":0,"parent":2969,"menu_order":3,"comment_status":"closed","ping_status":"closed","template":"","meta":{"_et_pb_use_builder":"","_et_pb_old_content":"","_et_gb_content_width":"","_uf_show_specific_survey":0,"_uf_disable_surveys":false,"footnotes":""},"class_list":["post-2983","page","type-page","status-publish","hentry"],"aioseo_notices":[],"_links":{"self":[{"href":"https:\/\/fundacionporlajusticia.org\/va\/wp-json\/wp\/v2\/pages\/2983","targetHints":{"allow":["GET"]}}],"collection":[{"href":"https:\/\/fundacionporlajusticia.org\/va\/wp-json\/wp\/v2\/pages"}],"about":[{"href":"https:\/\/fundacionporlajusticia.org\/va\/wp-json\/wp\/v2\/types\/page"}],"author":[{"embeddable":true,"href":"https:\/\/fundacionporlajusticia.org\/va\/wp-json\/wp\/v2\/users\/2"}],"replies":[{"embeddable":true,"href":"https:\/\/fundacionporlajusticia.org\/va\/wp-json\/wp\/v2\/comments?post=2983"}],"version-history":[{"count":1,"href":"https:\/\/fundacionporlajusticia.org\/va\/wp-json\/wp\/v2\/pages\/2983\/revisions"}],"predecessor-version":[{"id":3338,"href":"https:\/\/fundacionporlajusticia.org\/va\/wp-json\/wp\/v2\/pages\/2983\/revisions\/3338"}],"up":[{"embeddable":true,"href":"https:\/\/fundacionporlajusticia.org\/va\/wp-json\/wp\/v2\/pages\/2969"}],"wp:attachment":[{"href":"https:\/\/fundacionporlajusticia.org\/va\/wp-json\/wp\/v2\/media?parent=2983"}],"curies":[{"name":"wp","href":"https:\/\/api.w.org\/{rel}","templated":true}]}}