{"id":2966,"date":"2017-01-21T13:29:38","date_gmt":"2017-01-21T13:29:38","guid":{"rendered":"https:\/\/fundacionporlajusticia.accesia.info\/es\/?page_id=4083"},"modified":"2022-03-21T16:59:00","modified_gmt":"2022-03-21T16:59:00","slug":"when-two-worlds-collide","status":"publish","type":"page","link":"https:\/\/fundacionporlajusticia.org\/va\/humansfest\/programacion-2-2\/seccion-oficial-2017\/when-two-worlds-collide\/","title":{"rendered":"WHEN TWO WORLDS COLLIDE"},"content":{"rendered":"<table>\n<tbody>\n<tr>\n<td style=\"width: 206px; text-align: center; vertical-align: middle;\" width=\"206\"><img loading=\"lazy\" decoding=\"async\" class=\"aligncenter size-full wp-image-4089\" src=\"https:\/\/fundacionporlajusticia.org\/wp-content\/uploads\/2017\/01\/WTWC_POSTER.jpg\" alt=\"WTWC_POSTER\" width=\"677\" height=\"1000\" \/><\/td>\n<td width=\"376\">\n<h1><strong>LA HIST\u00d2RIA<\/strong><\/h1>\n<p style=\"text-align: justify;\">Documental que es col\u00b7loca a la l\u00ednia de foc directament davant de dues poderoses forces. D&#039;una banda, hi ha el president Alan Garc\u00eda, que, desitj\u00f3s d&#039;entrar a l&#039;escenari mundial, comen\u00e7a agressivament l&#039;extracci\u00f3 de petroli, minerals i gas de la terra ind\u00edgena amaz\u00f2nica que havia estat intacta; mentre que per l&#039;altra banda, l&#039;ind\u00edgena Alberto Pizango lidera una forta oposici\u00f3 per les demandes dels seguidors que van ser ignorades.<\/p>\n<p style=\"text-align: justify;\">Finalment, la tensa guerra de paraules esclata en protestes i enfrontaments entre les dues parts, en una escalada que condueix a la viol\u00e8ncia mortal.<\/p>\n<\/td>\n<\/tr>\n<tr>\n<td style=\"width: 206px; vertical-align: top; text-align: left;\" rowspan=\"2\" width=\"206\">\n<h2>Per\u00fa, 2016<\/h2>\n<h4><strong>Adre\u00e7a: <\/strong><\/h4>\n<h4>Heidi Brandenburg<\/h4>\n<h4>Mathew Orzel<\/h4>\n<h4><strong>Producci\u00f3: <\/strong><\/h4>\n<h4>Taira Akbar<\/h4>\n<h4>Jeffrey Morris<\/h4>\n<h4><strong> M\u00fasica:<\/strong><\/h4>\n<h4>H. Scott Salinas<\/h4>\n<h4><strong>Edici\u00f3: <\/strong><\/h4>\n<h4>Carla Guti\u00e9rrez<\/h4>\n<h4><strong> Cambra:<\/strong><\/h4>\n<h4>Jack Weisman<\/h4>\n<h4><strong> Durada: 103&#039;<\/strong><\/h4>\n<h4><strong>Pa\u00eds de producci\u00f3:<\/strong><\/h4>\n<h4>Per\u00fa<\/h4>\n<h4><strong>Productora:<\/strong><\/h4>\n<h4>Yachaywasi Films<\/h4>\n<h4><strong> Distribuci\u00f3: <\/strong><\/h4>\n<h4>First Run Features<\/h4>\n<\/td>\n<td width=\"376\">\n<h1><strong>\u00a0DIRECTORS<\/strong><\/h1>\n<p style=\"text-align: justify;\"><img loading=\"lazy\" decoding=\"async\" class=\"aligncenter size-full wp-image-4099\" src=\"https:\/\/fundacionporlajusticia.org\/wp-content\/uploads\/2017\/01\/heidy-when-two-worlds-collide-sundance-winner-2016-700x489.jpg\" alt=\"heidy-when-two-worlds-collide-sundance-winner-2016-700x489\" width=\"700\" height=\"489\" \/><\/p>\n<p style=\"text-align: justify;\">Heidi Brandenburg \u00e9s una observadora apassionada de la naturalesa humana i el medi ambient. Va cofundar <em>Yachaywasi Films amb <\/em>Mathew Orzel per tractar temes socials i ambientals i desafiar el p\u00fablic a repensar les idees preconcebudes. Va n\u00e9ixer al Paraguai, encara que es va criar al Per\u00fa i Alemanya; i actualment viu a Washington, DC.<\/p>\n<p style=\"text-align: justify;\">Mathew Orzel \u00e9s un director de documentals i artista visual el treball del qual se centra en les complexitats de les relacions humanes. Ha treballat com a dissenyador de so, editor i director al curtmetratge.<\/p>\n<p style=\"text-align: justify;\">Tots dos es van graduar en Comunicaci\u00f3 visual per la Universitat de Gal\u00b7les. Per a tots dos, <em>WHEN TWO WORLDS COLLIDE <\/em>\u00e9s el seu primer llargmetratge<\/p>\n<\/td>\n<\/tr>\n<tr>\n<td width=\"376\">\n<h1><strong>FESTIVALS I PREMIS<\/strong><\/h1>\n<ul>\n<li>SUNDANCE FILM FESTIVAL 2016<br \/>\nPARK CITY, UT WINNER: SPECIAL JURY AWARD: BEST DEBUT FEATURE<\/li>\n<li>RIVERRUN INTERNATIONAL FILM FESTIVAL US MINNEAPOLIS<\/li>\n<li>ST. PAUL INTERNATIONAL FILM FESTIVAL<br \/>\nMINNEAPOLIS, MINNESOTA SPECIAL JURY MENTION<\/li>\n<li>DOCUMENTAMADRID 2016 MADRID, SPAIN<br \/>\nWINNER: GRAND JURY PRIZE<\/li>\n<li>MONTCLAIR FILM FESTIVAL MONTCLAIR, NJ<\/li>\n<li>HOT DOCS CANADIAN INTERNATIONAL DOCUMENTARY FESTIVAL TORONTO, ON TOP TEN AUDIENCE FAVORITE (NO. 5)<\/li>\n<li>CINEMAMBENT TURIN, ITALY WINNER: BEST INTERNATIONAL DOCUMENTARY<\/li>\n<li>SHEFFIELD DOC FEST SHEFFIELD, UK<\/li>\n<li>HUMAN RIGHTS WATCH FILM FESTIVAL<br \/>\nNEW YORK, US<\/li>\n<li>THE 19TH SHANGHAI INTERNATIONAL FILM FESTIVAL SHANGHAI, XINA<br \/>\nWINNER: GOLDEN GOBLET AWARD FOR BEST DOCUMENTARY FILM<\/li>\n<li>AFI FILM FESTIVAL WASHINGTON, US<br \/>\nNANTUCKET FILM FESTIVAL NANTUCKET, US<\/li>\n<li>NZIFF NEW ZEALAND INTERNATIONAL FILM FESTIVAL AUCKLAND, NZ<\/li>\n<li>FESTIVAL DE CINEMA DE LLIMA PUCP<br \/>\nLIMA, PERU<\/li>\n<li>DOCUFEST FILM FESTIVAL<br \/>\nPRIZREN, KOSOVO WINNER: GREEN DOX AWARD<\/li>\n<\/ul>\n<\/td>\n<\/tr>\n<tr>\n<td colspan=\"2\" width=\"581\"><iframe loading=\"lazy\" src=\"https:\/\/www.youtube.com\/embed\/Qe9ZybqKOLg\" width=\"1040\" height=\"585\" frameborder=\"0\" allowfullscreen=\"allowfullscreen\"><\/iframe><\/td>\n<\/tr>\n<tr>\n<td colspan=\"2\" width=\"581\"><\/td>\n<\/tr>\n<\/tbody>\n<\/table>\n<p>&nbsp;<\/p>","protected":false},"excerpt":{"rendered":"<p>LA HISTORIA Documental que se coloca en la l\u00ednea de fuego directamente frente a dos poderosas fuerzas. Por un lado est\u00e1 el presidente Alan Garc\u00eda, quien, deseoso de entrar en el escenario mundial, comienza agresivamente la extracci\u00f3n de petr\u00f3leo, minerales y gas de la tierra ind\u00edgena amaz\u00f3nica que hab\u00eda permanecido intacta; mientras que por el [&hellip;]<\/p>\n","protected":false},"author":2,"featured_media":0,"parent":2927,"menu_order":10,"comment_status":"closed","ping_status":"closed","template":"","meta":{"_et_pb_use_builder":"","_et_pb_old_content":"","_et_gb_content_width":"","_uf_show_specific_survey":0,"_uf_disable_surveys":false,"footnotes":""},"class_list":["post-2966","page","type-page","status-publish","hentry"],"aioseo_notices":[],"_links":{"self":[{"href":"https:\/\/fundacionporlajusticia.org\/va\/wp-json\/wp\/v2\/pages\/2966","targetHints":{"allow":["GET"]}}],"collection":[{"href":"https:\/\/fundacionporlajusticia.org\/va\/wp-json\/wp\/v2\/pages"}],"about":[{"href":"https:\/\/fundacionporlajusticia.org\/va\/wp-json\/wp\/v2\/types\/page"}],"author":[{"embeddable":true,"href":"https:\/\/fundacionporlajusticia.org\/va\/wp-json\/wp\/v2\/users\/2"}],"replies":[{"embeddable":true,"href":"https:\/\/fundacionporlajusticia.org\/va\/wp-json\/wp\/v2\/comments?post=2966"}],"version-history":[{"count":1,"href":"https:\/\/fundacionporlajusticia.org\/va\/wp-json\/wp\/v2\/pages\/2966\/revisions"}],"predecessor-version":[{"id":3334,"href":"https:\/\/fundacionporlajusticia.org\/va\/wp-json\/wp\/v2\/pages\/2966\/revisions\/3334"}],"up":[{"embeddable":true,"href":"https:\/\/fundacionporlajusticia.org\/va\/wp-json\/wp\/v2\/pages\/2927"}],"wp:attachment":[{"href":"https:\/\/fundacionporlajusticia.org\/va\/wp-json\/wp\/v2\/media?parent=2966"}],"curies":[{"name":"wp","href":"https:\/\/api.w.org\/{rel}","templated":true}]}}