{"id":2960,"date":"2017-01-22T20:31:36","date_gmt":"2017-01-22T20:31:36","guid":{"rendered":"https:\/\/fundacionporlajusticia.accesia.info\/es\/?page_id=3980"},"modified":"2022-03-21T16:58:59","modified_gmt":"2022-03-21T16:58:59","slug":"an-insignificant-man","status":"publish","type":"page","link":"https:\/\/fundacionporlajusticia.org\/va\/humansfest\/programacion-2-2\/seccion-oficial-2017\/an-insignificant-man\/","title":{"rendered":"AN INSIGNIFICANT MAN"},"content":{"rendered":"<table>\n<tbody>\n<tr>\n<td style=\"width: 206px; text-align: center; vertical-align: middle;\" width=\"206\"><a href=\"https:\/\/fundacionporlajusticia.org\/wp-content\/uploads\/2017\/01\/INSIGNIFICANT-MAN_POSTER.jpg\"><img loading=\"lazy\" decoding=\"async\" class=\"alignleft size-full wp-image-3983\" src=\"https:\/\/fundacionporlajusticia.org\/wp-content\/uploads\/2017\/01\/INSIGNIFICANT-MAN_POSTER.jpg\" alt=\"INSIGNIFICANT MAN_POSTER\" width=\"303\" height=\"448\" \/><\/a><\/td>\n<td width=\"376\">\n<h1><strong>LA HIST\u00d2RIA<\/strong><\/h1>\n<p style=\"text-align: justify;\">Al centre de <em>An insignificant man<\/em> es troba l&#039;home que m\u00e9s polaritza avui l&#039;opini\u00f3 p\u00fablica a l&#039;\u00cdndia: Arvind Kejriwal. El documental segueix Kejriwal i el seu partit (<em>Common Man&#039;s Party<\/em>), un nou partit pol\u00edtic d&#039;insurg\u00e8ncia el discurs del qual gira entorn de serveis p\u00fablics b\u00e0sics com aigua i electricitat i que lluita contra els dos <em>establisments<\/em> pol\u00edtics m\u00e9s antics i poderosos del pa\u00eds. El film aporta una mirada propera a l&#039;estil pol\u00edtic de Keyriwal, que suscita una clara divisi\u00f3 d&#039;opinions: alguns ho consideren egoista i an\u00e0rquic, mentre que altres insisteixen a considerar-lo un gir fonamental en el paradigma pol\u00edtic indi Rah.<\/p>\n<\/td>\n<\/tr>\n<tr>\n<td style=\"width: 206px; vertical-align: top; text-align: left;\" rowspan=\"2\" width=\"206\">\n<h2>\u00cdndia, 2016<\/h2>\n<h4><strong>Directors:<\/strong><\/h4>\n<h4>Khushboo Ranka,<\/h4>\n<h4>Vinay Shukla<\/h4>\n<h4><strong>Durada: 96&#039;<\/strong><\/h4>\n<h4><strong>Pa\u00eds de producci\u00f3: <\/strong><\/h4>\n<h4>\u00cdndia<\/h4>\n<h4><strong>Productors: <\/strong><\/h4>\n<h4>Ruchi Bhimani,<\/h4>\n<h4>Anand Gandhi,<\/h4>\n<h4>Khusboo Ranka,<\/h4>\n<h4>Vinai Shukla.<\/h4>\n<h4><strong>Producci\u00f3 executiva: <\/strong><\/h4>\n<h4>Vijay Vaidyanathan<\/h4>\n<h4><strong>M\u00fasica: <\/strong><\/h4>\n<h4>Onada Fl\u00f8ttum<\/h4>\n<h4><strong>Edici\u00f3: <\/strong><\/h4>\n<h4>Manan Bhatt,<\/h4>\n<h4>Abhinav Tyagi<\/h4>\n<h4><\/h4>\n<\/td>\n<td width=\"376\">\n<h1><strong>\u00a0DIRECTORS<\/strong><\/h1>\n<p style=\"text-align: justify;\"><img loading=\"lazy\" decoding=\"async\" class=\"aligncenter size-full wp-image-3982\" src=\"https:\/\/fundacionporlajusticia.org\/wp-content\/uploads\/2017\/01\/khusboo-ranka.jpg\" alt=\"khusboo-ranka\" width=\"720\" height=\"527\" \/>Vinay Shukla ha estat assistent de direcci\u00f3, i el 2011 va escriure i dirigir el seu primer curtmetratge titulat Bureaucracy Sonata, que es va estrenar al 42\u00e8 Festival Internacional de Cinema de l&#039;\u00cdndia i va guanyar el Premi al Millor Curtmetratge d&#039;HBO a Nova York a SAIFF 2012.<br \/>\nKhushboo Ranka recentment va escriure el llargmetratge de ficci\u00f3 Ship of Theseus que va ser premiat al Festival Internacional de Cinema de Toronto 2012. El seu primer curtmetratge, Continuum, va ser presentat en diversos festivals de cinema internacionals.<\/p>\n<\/td>\n<\/tr>\n<tr>\n<td width=\"376\">\n<h1><strong>FESTIVALS I PREMIS<\/strong><\/h1>\n<ul>\n<li>TIFF \u2013 Toronto International Film Festival<\/li>\n<li>BFI London<\/li>\n<li>Warsaw International Film Festival<\/li>\n<li>Busan International Film Festival<\/li>\n<li>Sao Paulo International Film Festival<\/li>\n<li>Jiomami Mumbai Film Festival<\/li>\n<\/ul>\n<\/td>\n<\/tr>\n<tr>\n<td colspan=\"2\" width=\"581\"><iframe loading=\"lazy\" src=\"https:\/\/www.youtube.com\/embed\/9iCWYwtyVy8\" width=\"1040\" height=\"585\" frameborder=\"0\" allowfullscreen=\"allowfullscreen\"><\/iframe><\/td>\n<\/tr>\n<tr>\n<td colspan=\"2\" width=\"581\"><\/td>\n<\/tr>\n<\/tbody>\n<\/table>","protected":false},"excerpt":{"rendered":"<p>LA HISTORIA En el centro de An insignificant man se encuentra el hombre que m\u00e1s polariza a d\u00eda de hoy la opini\u00f3n p\u00fablica en la India: Arvind Kejriwal. El documental sigue a Kejriwal y su partido (Common Man\u2019s Party), un nuevo partido pol\u00edtico de insurgencia cuyo discurso gira entorno a servicios p\u00fablicos b\u00e1sicos como agua [&hellip;]<\/p>\n","protected":false},"author":2,"featured_media":0,"parent":2927,"menu_order":8,"comment_status":"closed","ping_status":"closed","template":"","meta":{"_et_pb_use_builder":"","_et_pb_old_content":"","_et_gb_content_width":"","_uf_show_specific_survey":0,"_uf_disable_surveys":false,"footnotes":""},"class_list":["post-2960","page","type-page","status-publish","hentry"],"aioseo_notices":[],"_links":{"self":[{"href":"https:\/\/fundacionporlajusticia.org\/va\/wp-json\/wp\/v2\/pages\/2960","targetHints":{"allow":["GET"]}}],"collection":[{"href":"https:\/\/fundacionporlajusticia.org\/va\/wp-json\/wp\/v2\/pages"}],"about":[{"href":"https:\/\/fundacionporlajusticia.org\/va\/wp-json\/wp\/v2\/types\/page"}],"author":[{"embeddable":true,"href":"https:\/\/fundacionporlajusticia.org\/va\/wp-json\/wp\/v2\/users\/2"}],"replies":[{"embeddable":true,"href":"https:\/\/fundacionporlajusticia.org\/va\/wp-json\/wp\/v2\/comments?post=2960"}],"version-history":[{"count":1,"href":"https:\/\/fundacionporlajusticia.org\/va\/wp-json\/wp\/v2\/pages\/2960\/revisions"}],"predecessor-version":[{"id":3332,"href":"https:\/\/fundacionporlajusticia.org\/va\/wp-json\/wp\/v2\/pages\/2960\/revisions\/3332"}],"up":[{"embeddable":true,"href":"https:\/\/fundacionporlajusticia.org\/va\/wp-json\/wp\/v2\/pages\/2927"}],"wp:attachment":[{"href":"https:\/\/fundacionporlajusticia.org\/va\/wp-json\/wp\/v2\/media?parent=2960"}],"curies":[{"name":"wp","href":"https:\/\/api.w.org\/{rel}","templated":true}]}}