{"id":2957,"date":"2017-01-21T13:31:28","date_gmt":"2017-01-21T13:31:28","guid":{"rendered":"https:\/\/fundacionporlajusticia.accesia.info\/es\/?page_id=3998"},"modified":"2022-03-21T16:58:54","modified_gmt":"2022-03-21T16:58:54","slug":"in-the-same-boat","status":"publish","type":"page","link":"https:\/\/fundacionporlajusticia.org\/va\/humansfest\/programacion-2-2\/seccion-oficial-2017\/in-the-same-boat\/","title":{"rendered":"IN THE SAME BOAT"},"content":{"rendered":"<table>\n<tbody>\n<tr>\n<td style=\"width: 206px; text-align: center; vertical-align: middle;\" width=\"206\"><img loading=\"lazy\" decoding=\"async\" class=\"aligncenter size-full wp-image-4004\" src=\"https:\/\/fundacionporlajusticia.org\/wp-content\/uploads\/2017\/01\/POSTER-IntheSB-DEF-SANGRE.jpg\" alt=\"POSTER IntheSB DEF SANGRE\" width=\"717\" height=\"1024\" \/><\/td>\n<td width=\"376\">\n<h1><strong>LA HIST\u00d2RIA<\/strong><\/h1>\n<p style=\"text-align: justify;\">Documental que parla de com aquest vaixell, met\u00e0fora de la nostra civilitzaci\u00f3, t\u00e9 davant una oportunitat \u00fanica: els aven\u00e7os tecnol\u00f2gics podrien ser la clau per aconseguir un m\u00f3n millor i m\u00e9s just, per\u00f2, si no aprenem a administrar-los, i no en reorientem el tim\u00f3 vaixell, el futur podria ser amena\u00e7at. El film escolta els especialistes m\u00e9s importants i els personatges tan emblem\u00e0tics com Zygmunt Bauman o l&#039;expresident d&#039;Uruguai Jos\u00e9 M\u00fajica, per\u00f2 no deixa d&#039;atendre tamb\u00e9 els testimonis de la gent comuna, tots nosaltres.<\/p>\n<\/td>\n<\/tr>\n<tr>\n<td style=\"width: 206px; vertical-align: top; text-align: left;\" rowspan=\"2\" width=\"206\">\n<h2><strong>Espanya, 2016<\/strong><\/h2>\n<h4><strong>Director: <\/strong><\/h4>\n<h4>Rudy Gnutti<\/h4>\n<h4><strong>Gui\u00f3: <\/strong><\/h4>\n<h4>Rudy Gnutti,<\/h4>\n<h4>Francisco Mir<\/h4>\n<h4>Bernat Udina<\/h4>\n<h4><strong> M\u00fasica:<\/strong><\/h4>\n<h4>Rudy Gnutti<\/h4>\n<h4><strong>Fotografia: <\/strong><\/h4>\n<h4>F\u00e8lix Bonnin<\/h4>\n<h4><strong>Caps de Producci\u00f3: <\/strong><\/h4>\n<h4>Pasqual Otal<\/h4>\n<h4>Joan Bosch<\/h4>\n<h4><strong>Assistent del Director:<\/strong><\/h4>\n<h4>Bernat Udina<\/h4>\n<h4><strong>Assistents de Producci\u00f3:<\/strong><\/h4>\n<h4>Marta Ramirez<\/h4>\n<h4>Estitxu Elizasu<\/h4>\n<h4><strong>M\u00fasica: <\/strong><\/h4>\n<h4>Rudy Gnutti<\/h4>\n<h4><strong>So: <\/strong><\/h4>\n<h4>Marc Barrera<\/h4>\n<h4>Fernando Novillo<\/h4>\n<h4><strong>Muntatge: <\/strong><\/h4>\n<h4>Bernat Udina<\/h4>\n<h4>Aimon Ninyerola<\/h4>\n<h4><strong> Postproduction: <\/strong><\/h4>\n<h4>Albert Oliveras<\/h4>\n<h4><strong>Estudi de So: Polford\u00a0<\/strong><\/h4>\n<h4><strong>Productores: <\/strong><\/h4>\n<h4><strong>Films 59 <\/strong><\/h4>\n<h4><strong>Nao Cinematogr\u00e0fica<\/strong><\/h4>\n<h4><strong>Ancora M\u00fasica <\/strong><\/h4>\n<h4><strong>Durada: 72&#039;<\/strong><\/h4>\n<\/td>\n<td width=\"376\">\n<h1><strong>\u00a0DIRECTOR<\/strong><\/h1>\n<p style=\"text-align: justify;\"><img loading=\"lazy\" decoding=\"async\" class=\"aligncenter size-full wp-image-4002\" src=\"https:\/\/fundacionporlajusticia.org\/wp-content\/uploads\/2017\/01\/Rudy-Gnutti-In-the-same-boat-_-En-el-mismo-barco.jpg\" alt=\"Rudy Gnutti - In the same boat _ En el mismo barco\" width=\"252\" height=\"404\" \/><br \/>\nBrescia (It\u00e0lia), 1963. Va realitzar els estudis musicals a Roma ia Barcelona. S&#039;especialitz\u00e0 a l&#039;escola Chigiana, amb el mestre Ennio Morricone i amb el compositor de m\u00fasica contempor\u00e0nia Franco Donatoni. Des dels anys 90, viu a Barcelona. \u00c9s fundador de la productora musical Quadrophenia. Ha compost m\u00fasica per a tota mena de format audiovisual: cinema, televisi\u00f3, teatre i dansa. El 2009, crea la productora Ancora Musica i participa en la coproducci\u00f3 de s\u00e8ries per a televisi\u00f3 i llargmetratges cinematogr\u00e0fics. El 2010, escriu i roda el seu primer documental, \u201cL&#039;Amor dels Poetes\u201d, per al Canal 33. Entre el 2011 i el 2012, escriu i roda \u201cL&#039;ofici de l&#039;artista\u201d i \u201cTreballadores\u201d.<\/p>\n<\/td>\n<\/tr>\n<tr>\n<td width=\"376\">\n<h1><strong>FESTIVALS I PREMIS<\/strong><\/h1>\n<ul>\n<li>Pendent d&#039;estrena<\/li>\n<\/ul>\n<\/td>\n<\/tr>\n<tr>\n<td colspan=\"2\" width=\"581\"><iframe loading=\"lazy\" src=\"https:\/\/www.youtube.com\/embed\/ohhFAQGq91o\" width=\"1040\" height=\"585\" frameborder=\"0\" allowfullscreen=\"allowfullscreen\"><\/iframe><\/td>\n<\/tr>\n<tr>\n<td colspan=\"2\" width=\"581\"><\/td>\n<\/tr>\n<\/tbody>\n<\/table>\n<p>&nbsp;<\/p>","protected":false},"excerpt":{"rendered":"<p>LA HISTORIA Documental que habla de c\u00f3mo este barco, met\u00e1fora de nuestra civilizaci\u00f3n, tiene delante una oportunidad \u00fanica: los avances tecnol\u00f3gicos podr\u00edan ser la clave para conseguir un mundo mejor y m\u00e1s justo, pero, si no aprendemos a administrarlos, y no reorientamos el tim\u00f3n de este barco, el futuro podr\u00eda ser amenazado. El film escucha [&hellip;]<\/p>\n","protected":false},"author":2,"featured_media":0,"parent":2927,"menu_order":7,"comment_status":"closed","ping_status":"closed","template":"","meta":{"_et_pb_use_builder":"","_et_pb_old_content":"","_et_gb_content_width":"","_uf_show_specific_survey":0,"_uf_disable_surveys":false,"footnotes":""},"class_list":["post-2957","page","type-page","status-publish","hentry"],"aioseo_notices":[],"_links":{"self":[{"href":"https:\/\/fundacionporlajusticia.org\/va\/wp-json\/wp\/v2\/pages\/2957","targetHints":{"allow":["GET"]}}],"collection":[{"href":"https:\/\/fundacionporlajusticia.org\/va\/wp-json\/wp\/v2\/pages"}],"about":[{"href":"https:\/\/fundacionporlajusticia.org\/va\/wp-json\/wp\/v2\/types\/page"}],"author":[{"embeddable":true,"href":"https:\/\/fundacionporlajusticia.org\/va\/wp-json\/wp\/v2\/users\/2"}],"replies":[{"embeddable":true,"href":"https:\/\/fundacionporlajusticia.org\/va\/wp-json\/wp\/v2\/comments?post=2957"}],"version-history":[{"count":1,"href":"https:\/\/fundacionporlajusticia.org\/va\/wp-json\/wp\/v2\/pages\/2957\/revisions"}],"predecessor-version":[{"id":3331,"href":"https:\/\/fundacionporlajusticia.org\/va\/wp-json\/wp\/v2\/pages\/2957\/revisions\/3331"}],"up":[{"embeddable":true,"href":"https:\/\/fundacionporlajusticia.org\/va\/wp-json\/wp\/v2\/pages\/2927"}],"wp:attachment":[{"href":"https:\/\/fundacionporlajusticia.org\/va\/wp-json\/wp\/v2\/media?parent=2957"}],"curies":[{"name":"wp","href":"https:\/\/api.w.org\/{rel}","templated":true}]}}