{"id":2954,"date":"2017-01-20T19:24:43","date_gmt":"2017-01-20T19:24:43","guid":{"rendered":"https:\/\/fundacionporlajusticia.accesia.info\/es\/?page_id=4011"},"modified":"2022-03-21T16:58:24","modified_gmt":"2022-03-21T16:58:24","slug":"just-a-normal-person","status":"publish","type":"page","link":"https:\/\/fundacionporlajusticia.org\/va\/humansfest\/programacion-2-2\/seccion-oficial-2017\/just-a-normal-person\/","title":{"rendered":"JUST A NORMAL PERSON"},"content":{"rendered":"<table>\n<tbody>\n<tr>\n<td style=\"width: 206px; text-align: center; vertical-align: middle;\" width=\"206\"><img loading=\"lazy\" decoding=\"async\" class=\"aligncenter size-full wp-image-4022\" src=\"https:\/\/fundacionporlajusticia.org\/wp-content\/uploads\/2017\/01\/poster-vektor-eng-100x70.jpg\" alt=\"poster vektor eng 100x70\" width=\"264\" height=\"378\" \/><\/td>\n<td width=\"376\">\n<h1><strong>LA HIST\u00d2RIA<\/strong><\/h1>\n<p style=\"text-align: justify;\">Fa 22 anys van n\u00e9ixer les bessones Isabelle i Denise. Per\u00f2 ja des de petita Isabelle va saber que era diferent de la resta de nenes. Al fons Isabelle sempre ha sabut que \u00e9s un noi nascut al cos d&#039;una noia. Als 6 anys ja sabia que de gran volia ser pare, i pocs anys despr\u00e9s va canviar el seu nom a Sam. Des de llavors sempre ha estat obligat a explicar-se davant els altres, una vegada i una altra. Aquest documental segueix els passos de Sam des de la infantesa a la graduaci\u00f3. Durant aquest temps ha passat per una cirurgia per extirpar-se el pit i ha rebut injeccions de testosterona. Avui Sam \u00e9s un home jove la identitat del qual \u00e9s q\u00fcestionada constantment pel seu entorn, que tracta simplement de trobar el seu cam\u00ed en una vida que no li ha posat gens f\u00e0cil.<\/p>\n<\/td>\n<\/tr>\n<tr>\n<td style=\"width: 206px; vertical-align: top; text-align: left;\" rowspan=\"2\" width=\"206\">\n<h2>\u00a0<strong>Su\u00e8cia, 2015<\/strong><\/h2>\n<h4><strong>T\u00edtol original: <\/strong><\/h4>\n<h4>A vanlig fucking m\u00e4nniska<\/h4>\n<h4><strong>Directora: <\/strong><\/h4>\n<h4>Malin Bj\u00f6rkman-Widell<\/h4>\n<h4><strong>Gui\u00f3: <\/strong><\/h4>\n<h4>Malin Bj\u00f6rkman-Widel<strong>l <\/strong><\/h4>\n<h4><strong>Producci\u00f3:<\/strong><\/h4>\n<h4>Malin Bj\u00f6rkman-Widell<\/h4>\n<h4>Lars S\u00e4fstr\u00f6m<\/h4>\n<h4>Charlotte Madsen<\/h4>\n<h4><strong> Durada: 58&#039;<\/strong><\/h4>\n<h4><strong>Pa\u00eds de producci\u00f3:<\/strong><\/h4>\n<h4>Su\u00e8cia<\/h4>\n<h4><strong>Productora: <\/strong><\/h4>\n<h4>SVT<\/h4>\n<h4><strong>Idioma:<\/strong><\/h4>\n<h4>Suec (subt\u00edtols en angl\u00e8s)<\/h4>\n<\/td>\n<td width=\"376\">\n<h1><strong>\u00a0DIRECTOR<\/strong><\/h1>\n<p style=\"text-align: justify;\"><img loading=\"lazy\" decoding=\"async\" class=\"aligncenter size-full wp-image-4018\" src=\"https:\/\/fundacionporlajusticia.org\/wp-content\/uploads\/2017\/01\/malin.jpg\" alt=\"malin\" width=\"660\" height=\"660\" \/>Malin ha treballat com a productora\/directora de TV durant els darrers 15 anys. La passi\u00f3 s\u00f3n les q\u00fcestions socials. Ha produ\u00eft una gran varietat de s\u00e8ries de televisi\u00f3. El 2012 va ser contractada pel departament de documentals de SVT (Servei de televisi\u00f3 de servei p\u00fablic de Su\u00e8cia) per al qual treballa com a director\/productor\/editor. El documental s&#039;ha realitzat durant 6 anys i \u00e9s el primer llargmetratge documental.<\/p>\n<\/td>\n<\/tr>\n<tr>\n<td width=\"376\">\n<h1><strong>FESTIVALS I PREMIS<\/strong><\/h1>\n<ul>\n<li>Premi del p\u00fablic del\u00a0<em>QCinema Fort Worth LGBT International Filmfestival,<\/em> Texas USA<\/li>\n<li>Premi del p\u00fablic al DOC LA L<em>us Angeles Documentary Film Festival<\/em>, Calif\u00f2rnia USA<\/li>\n<li>Nominat al <em>Banff Rockie Awards 2016<\/em>, Canad\u00e0.<\/li>\n<\/ul>\n<\/td>\n<\/tr>\n<tr>\n<td colspan=\"2\" width=\"581\">\u00a0<iframe loading=\"lazy\" src=\"https:\/\/player.vimeo.com\/video\/186087893?title=0&amp;byline=0&amp;portrait=0\" width=\"1040\" height=\"585\" frameborder=\"0\" allowfullscreen=\"allowfullscreen\"><\/iframe><\/td>\n<\/tr>\n<tr>\n<td colspan=\"2\" width=\"581\"><\/td>\n<\/tr>\n<\/tbody>\n<\/table>\n<p>&nbsp;<\/p>","protected":false},"excerpt":{"rendered":"<p>LA HISTORIA Hace 22 a\u00f1os nacieron las gemelas Isabelle y Denise. Pero ya desde peque\u00f1a Isabelle supo que era diferente al resto de ni\u00f1as. En el fondo Isabelle siempre ha sabido que es un chico nacido en el cuerpo de una chica. A los 6 a\u00f1os ya sab\u00eda que de mayor quer\u00eda ser padre, y [&hellip;]<\/p>\n","protected":false},"author":2,"featured_media":0,"parent":2927,"menu_order":6,"comment_status":"closed","ping_status":"closed","template":"","meta":{"_et_pb_use_builder":"","_et_pb_old_content":"","_et_gb_content_width":"","_uf_show_specific_survey":0,"_uf_disable_surveys":false,"footnotes":""},"class_list":["post-2954","page","type-page","status-publish","hentry"],"aioseo_notices":[],"_links":{"self":[{"href":"https:\/\/fundacionporlajusticia.org\/va\/wp-json\/wp\/v2\/pages\/2954","targetHints":{"allow":["GET"]}}],"collection":[{"href":"https:\/\/fundacionporlajusticia.org\/va\/wp-json\/wp\/v2\/pages"}],"about":[{"href":"https:\/\/fundacionporlajusticia.org\/va\/wp-json\/wp\/v2\/types\/page"}],"author":[{"embeddable":true,"href":"https:\/\/fundacionporlajusticia.org\/va\/wp-json\/wp\/v2\/users\/2"}],"replies":[{"embeddable":true,"href":"https:\/\/fundacionporlajusticia.org\/va\/wp-json\/wp\/v2\/comments?post=2954"}],"version-history":[{"count":1,"href":"https:\/\/fundacionporlajusticia.org\/va\/wp-json\/wp\/v2\/pages\/2954\/revisions"}],"predecessor-version":[{"id":3330,"href":"https:\/\/fundacionporlajusticia.org\/va\/wp-json\/wp\/v2\/pages\/2954\/revisions\/3330"}],"up":[{"embeddable":true,"href":"https:\/\/fundacionporlajusticia.org\/va\/wp-json\/wp\/v2\/pages\/2927"}],"wp:attachment":[{"href":"https:\/\/fundacionporlajusticia.org\/va\/wp-json\/wp\/v2\/media?parent=2954"}],"curies":[{"name":"wp","href":"https:\/\/api.w.org\/{rel}","templated":true}]}}