{"id":2951,"date":"2017-01-23T11:04:12","date_gmt":"2017-01-23T11:04:12","guid":{"rendered":"https:\/\/fundacionporlajusticia.accesia.info\/es\/?page_id=4074"},"modified":"2022-03-21T15:41:50","modified_gmt":"2022-03-21T15:41:50","slug":"transit-havana","status":"publish","type":"page","link":"https:\/\/fundacionporlajusticia.org\/va\/humansfest\/programacion-2-2\/seccion-oficial-2017\/transit-havana\/","title":{"rendered":"TRANSIT HAVANA"},"content":{"rendered":"<table>\n<tbody>\n<tr>\n<td style=\"width: 206px; text-align: center; vertical-align: middle;\" width=\"206\"><img loading=\"lazy\" decoding=\"async\" class=\"aligncenter size-full wp-image-4079\" src=\"https:\/\/fundacionporlajusticia.org\/wp-content\/uploads\/2017\/01\/Poster-TH-En.jpg\" alt=\"Poster-TH-En\" width=\"317\" height=\"448\" \/><\/td>\n<td width=\"376\">\n<h1><strong>LA HIST\u00d2RIA<\/strong><\/h1>\n<p style=\"text-align: justify;\">Un cop l&#039;any, dos cirurgians pl\u00e0stics de B\u00e8lgica i Holanda volen a l&#039;Havana per operar cinc persones transg\u00e8nere com a part d&#039;un nou programa estatal dirigit per Mariela Castro. Al llarg d&#039;un any, els realitzadors van seguir els tres protagonistes del documental, Odette, Juani i Mal\u00fa, mostrant com enfronten la realitat de ser transg\u00e8nere a Cuba. Mentrestant, aquests esperen pels cirurgians que els donaran el que m\u00e9s anhelen a la vida.<\/p>\n<\/td>\n<\/tr>\n<tr>\n<td style=\"width: 206px; vertical-align: top; text-align: left;\" rowspan=\"2\" width=\"206\">\n<h2><strong>Pa\u00efsos Baixos, 2016<\/strong><\/h2>\n<h4><strong>Director: <\/strong><\/h4>\n<h4>Daniel Abma<\/h4>\n<h4><strong> Gui\u00f3: <\/strong><\/h4>\n<h4>Alex Bakker<\/h4>\n<h4><strong>Producci\u00f3: <\/strong><\/h4>\n<h4>Stefan Kloos<\/h4>\n<h4>Boudewijn Koole<\/h4>\n<h4>Iris Lammertsma<\/h4>\n<h4><strong>M\u00fasica: <\/strong><\/h4>\n<h4>Alex Simu<\/h4>\n<h4><strong>Edici\u00f3:<\/strong><\/h4>\n<h4>Jana Dugnus<\/h4>\n<h4><strong> Durada: 86&#039;<\/strong><\/h4>\n<h4><strong>Pa\u00eds de producci\u00f3:<\/strong><\/h4>\n<h4>Pa\u00efsos Baixos<\/h4>\n<h4><strong>Productores:<\/strong><\/h4>\n<h4>Kloos &amp; Co. Medien GmbH<\/h4>\n<h4>Witfilm<\/h4>\n<h4>Filmuniversit\u00e4t Babelsberg Konrad Wolf<\/h4>\n<h4>BNN-VARA<\/h4>\n<h4>BNN<\/h4>\n<h4>Rundfunk Berlin-Brandenburg (RBB)<\/h4>\n<h4>ART<\/h4>\n<h4><strong>Distribu\u00efdores: <\/strong><\/h4>\n<h4>Cinema Delicatessen<\/h4>\n<h4>Rise and Shine Cinema<\/h4>\n<h4>BNN TV<\/h4>\n<p>&nbsp;<\/p>\n<h4><\/h4>\n<\/td>\n<td style=\"text-align: justify;\" width=\"376\">\n<h1><strong>\u00a0DIRECTOR<\/strong><\/h1>\n<p style=\"text-align: justify;\"><img loading=\"lazy\" decoding=\"async\" class=\"aligncenter size-full wp-image-4078\" src=\"https:\/\/fundacionporlajusticia.org\/wp-content\/uploads\/2017\/01\/DanielAbma.jpg\" alt=\"DanielAbma\" width=\"365\" height=\"336\" \/><\/p>\n<p style=\"text-align: justify;\">Daniel Abma va n\u00e9ixer el 1978 als Pa\u00efsos Baixos. Anteriorment va estudiar Magistaeri d&#039;Educaci\u00f3 prim\u00e0ria i va treballar com a treballador juvenil a Berl\u00edn i Brandenburg. Va estudiar direcci\u00f3 de cinema a la<em> Film University Babelsberg KONRAD WOLF<\/em>, amb un enfocament en documentals. La seva pel\u00b7l\u00edcula <em>NACH WRIEZEN (Beyond Wriezen)<\/em> va ser exhibida a l&#039;IDFA i en nombrosos altres festivals i va guanyar, entre d&#039;altres, el prestigi\u00f3s <em>GRIMME AWARD<\/em> a Alemanya. <em>FOLLANDA DEL SOL<\/em> va competir a DOKLeipzig, DOK.Fest Munic ia Crac\u00f2via. <em>TRANSIT HAVANA<\/em> \u00e9s el seu debut al cinema.<\/p>\n<\/td>\n<\/tr>\n<tr>\n<td width=\"376\">\n<h1><strong>FESTIVALS I PREMIS<\/strong><\/h1>\n<ul>\n<li>Movies That Matter<\/li>\n<li>Roze Filmdagen,<\/li>\n<li>Dok.Fest Munic,<\/li>\n<li>Karlovy Vary IFF<\/li>\n<li>East End Film Festival<\/li>\n<li>Bergen IFF<\/li>\n<li>MIX CPH<\/li>\n<li>Antenna<\/li>\n<li>Filmkunsttage Sachsenanhalt<\/li>\n<li>Cinedoc Tbilisi<\/li>\n<li>Asterisc<\/li>\n<li>Queersicht<\/li>\n<li>Cottbus IFF,<\/li>\n<li>Verzio<\/li>\n<li>Slovak Queer Festival<\/li>\n<li>Pantalla Llatina St. Gallen<\/li>\n<li>El Lloc Sense L\u00edmits<\/li>\n<li>Cork FF<\/li>\n<li>Montreal LGBT Image+Nation<\/li>\n<li>This Human World<\/li>\n<li>In-Doc Indon\u00e8sia<\/li>\n<li>L&#039;Havanna<\/li>\n<li>Beyond Berlin Film Festival San Francisco<\/li>\n<\/ul>\n<\/td>\n<\/tr>\n<tr>\n<td colspan=\"2\" width=\"581\"><iframe loading=\"lazy\" src=\"https:\/\/player.vimeo.com\/video\/157418213\" width=\"1040\" height=\"585\" frameborder=\"0\" allowfullscreen=\"allowfullscreen\"><\/iframe><\/td>\n<\/tr>\n<tr>\n<td colspan=\"2\" width=\"581\"><\/td>\n<\/tr>\n<\/tbody>\n<\/table>","protected":false},"excerpt":{"rendered":"<p>LA HISTORIA Una vez al a\u00f1o, dos cirujanos pl\u00e1sticos de B\u00e9lgica y Holanda vuelan a La Habana para operar a cinco personas transg\u00e9nero como parte de un nuevo programa estatal dirigido por Mariela Castro. A lo largo de un a\u00f1o, los realizadores siguieron a los tres protagonistas del documental, Odette, Juani y Mal\u00fa, mostrando c\u00f3mo [&hellip;]<\/p>\n","protected":false},"author":2,"featured_media":0,"parent":2927,"menu_order":5,"comment_status":"closed","ping_status":"closed","template":"","meta":{"_et_pb_use_builder":"","_et_pb_old_content":"","_et_gb_content_width":"","_uf_show_specific_survey":0,"_uf_disable_surveys":false,"footnotes":""},"class_list":["post-2951","page","type-page","status-publish","hentry"],"aioseo_notices":[],"_links":{"self":[{"href":"https:\/\/fundacionporlajusticia.org\/va\/wp-json\/wp\/v2\/pages\/2951","targetHints":{"allow":["GET"]}}],"collection":[{"href":"https:\/\/fundacionporlajusticia.org\/va\/wp-json\/wp\/v2\/pages"}],"about":[{"href":"https:\/\/fundacionporlajusticia.org\/va\/wp-json\/wp\/v2\/types\/page"}],"author":[{"embeddable":true,"href":"https:\/\/fundacionporlajusticia.org\/va\/wp-json\/wp\/v2\/users\/2"}],"replies":[{"embeddable":true,"href":"https:\/\/fundacionporlajusticia.org\/va\/wp-json\/wp\/v2\/comments?post=2951"}],"version-history":[{"count":1,"href":"https:\/\/fundacionporlajusticia.org\/va\/wp-json\/wp\/v2\/pages\/2951\/revisions"}],"predecessor-version":[{"id":3329,"href":"https:\/\/fundacionporlajusticia.org\/va\/wp-json\/wp\/v2\/pages\/2951\/revisions\/3329"}],"up":[{"embeddable":true,"href":"https:\/\/fundacionporlajusticia.org\/va\/wp-json\/wp\/v2\/pages\/2927"}],"wp:attachment":[{"href":"https:\/\/fundacionporlajusticia.org\/va\/wp-json\/wp\/v2\/media?parent=2951"}],"curies":[{"name":"wp","href":"https:\/\/api.w.org\/{rel}","templated":true}]}}