{"id":2944,"date":"2017-01-21T13:32:45","date_gmt":"2017-01-21T13:32:45","guid":{"rendered":"https:\/\/fundacionporlajusticia.accesia.info\/es\/?page_id=3992"},"modified":"2022-03-21T16:58:08","modified_gmt":"2022-03-21T16:58:08","slug":"la-estrategia-del-silencio","status":"publish","type":"page","link":"https:\/\/fundacionporlajusticia.org\/va\/humansfest\/programacion-2-2\/seccion-oficial-2017\/la-estrategia-del-silencio\/","title":{"rendered":"L&#039;ESTRAT\u00c8GIA DEL SILENCI"},"content":{"rendered":"<table>\n<tbody>\n<tr>\n<td style=\"width: 206px; text-align: center; vertical-align: middle;\" width=\"206\"><img loading=\"lazy\" decoding=\"async\" class=\"aligncenter size-full wp-image-3994\" src=\"https:\/\/fundacionporlajusticia.org\/wp-content\/uploads\/2017\/01\/poster-LEDS-A3-3.jpg\" alt=\"poster LEDS A3 3\" width=\"317\" height=\"448\" \/><\/td>\n<td width=\"376\">\n<h1><strong>LA HIST\u00d2RIA<\/strong><\/h1>\n<p style=\"text-align: justify;\">Val\u00e8ncia, 2006. Un metre descarrila, matant 43 persones. Mentre els familiars vetllen les v\u00edctimes, tota l&#039;atenci\u00f3 es desvia a l&#039;arribada del Papa cinc dies m\u00e9s tard. El cas es tanca a les Corts i al jutjat, sense cap responsable. Davant el silenci medi\u00e0tic i els intents de compra del govern, un grup de v\u00edctimes comen\u00e7a all\u00f2 que sembla una causa perduda: trobar la veritat i exigir just\u00edcia per als morts. L&#039;estrat\u00e8gia del silenci \u00e9s la cr\u00f2nica dels 10 anys de lluita, exposant la corrupci\u00f3 institucional, l&#039;oblit social i la servitud dels mitjans.<\/p>\n<\/td>\n<\/tr>\n<tr>\n<td style=\"width: 206px; vertical-align: top; text-align: left;\" rowspan=\"2\" width=\"206\">\n<h2><strong>Espanya, 2016<\/strong><\/h2>\n<h4><strong>Director: <\/strong><\/h4>\n<h4>Vicent Peris<\/h4>\n<h4><strong> Durada:88&#039;<\/strong><\/h4>\n<h4><strong>Pa\u00eds de producci\u00f3: <\/strong><\/h4>\n<h4>Espanya<\/h4>\n<h4><strong>Productora:<\/strong><\/h4>\n<h4>Barret Films<\/h4>\n<h4><\/h4>\n<h4><\/h4>\n<\/td>\n<td width=\"376\">\n<h1><strong>\u00a0DIRECTOR<\/strong><\/h1>\n<p style=\"text-align: justify;\"><img loading=\"lazy\" decoding=\"async\" class=\"aligncenter size-full wp-image-3993\" src=\"https:\/\/fundacionporlajusticia.org\/wp-content\/uploads\/2017\/01\/vicent-peris.jpg\" alt=\"vicent peris\" width=\"810\" height=\"398\" \/>Va comen\u00e7ar la seva traject\u00f2ria professional l&#039;any 2000, durant la seva estada a Am\u00e8rica Llatina va fer els seus primers treballs sobre projectes de cooperaci\u00f3 al Per\u00fa i El Salvador, en el marc del treball amb diverses ONG. Des de llavors, ha desenvolupat el seu treball com a periodista, operador de c\u00e0mera i muntador a diversos canals de televisi\u00f3, fins que el 2008 va fundar la productora Barret. S&#039;ha encarregat de la realitzaci\u00f3 i la fotografia de diverses obres documentals, com ara\u00a0<em>14 d&#039;octubre de 1957. El dia que parlessin les pedres<\/em><em>\u00a0<\/em>(Infotelevisi\u00f3, 2007),\u00a0<em>Itaca, 10 anys creant futur<\/em><em>\u00a0<\/em>(Barret, 2009),\u00a0<em>Les veus de la mem\u00f2ria<\/em><em>\u00a0<\/em>(Barret, 2011) o la primera temporada de la s\u00e8rie documental\u00a0<em>Cosins germans<\/em><em>\u00a0<\/em>(Televisi\u00f3 de Catalunya, 2014).<\/p>\n<\/td>\n<\/tr>\n<tr>\n<td width=\"376\">\n<h1><strong>FESTIVALS I PREMIS<\/strong><\/h1>\n<ul>\n<li>ESTRENA MUNDIAL A HUMANSFEST<\/li>\n<\/ul>\n<\/td>\n<\/tr>\n<tr>\n<td colspan=\"2\" width=\"581\"><iframe loading=\"lazy\" src=\"https:\/\/www.youtube.com\/embed\/8lUYbH720aM\" width=\"1040\" height=\"585\" frameborder=\"0\" allowfullscreen=\"allowfullscreen\"><\/iframe><\/td>\n<\/tr>\n<\/tbody>\n<\/table>\n<p>&nbsp;<\/p>","protected":false},"excerpt":{"rendered":"<p>LA HISTORIA Valencia, 2006. Un metro descarrila, matando a 43 personas. Mientras los familiares velan a las v\u00edctimas, toda la atenci\u00f3n se desv\u00eda a la llegada del Papa, cinco d\u00edas m\u00e1s tarde. El caso se cierra en las Cortes y en el juzgado, sin ning\u00fan responsable. Frente al silencio medi\u00e1tico y los intentos de compra [&hellip;]<\/p>\n","protected":false},"author":2,"featured_media":0,"parent":2927,"menu_order":3,"comment_status":"closed","ping_status":"closed","template":"","meta":{"_et_pb_use_builder":"","_et_pb_old_content":"","_et_gb_content_width":"","_uf_show_specific_survey":0,"_uf_disable_surveys":false,"footnotes":""},"class_list":["post-2944","page","type-page","status-publish","hentry"],"aioseo_notices":[],"_links":{"self":[{"href":"https:\/\/fundacionporlajusticia.org\/va\/wp-json\/wp\/v2\/pages\/2944","targetHints":{"allow":["GET"]}}],"collection":[{"href":"https:\/\/fundacionporlajusticia.org\/va\/wp-json\/wp\/v2\/pages"}],"about":[{"href":"https:\/\/fundacionporlajusticia.org\/va\/wp-json\/wp\/v2\/types\/page"}],"author":[{"embeddable":true,"href":"https:\/\/fundacionporlajusticia.org\/va\/wp-json\/wp\/v2\/users\/2"}],"replies":[{"embeddable":true,"href":"https:\/\/fundacionporlajusticia.org\/va\/wp-json\/wp\/v2\/comments?post=2944"}],"version-history":[{"count":1,"href":"https:\/\/fundacionporlajusticia.org\/va\/wp-json\/wp\/v2\/pages\/2944\/revisions"}],"predecessor-version":[{"id":3450,"href":"https:\/\/fundacionporlajusticia.org\/va\/wp-json\/wp\/v2\/pages\/2944\/revisions\/3450"}],"up":[{"embeddable":true,"href":"https:\/\/fundacionporlajusticia.org\/va\/wp-json\/wp\/v2\/pages\/2927"}],"wp:attachment":[{"href":"https:\/\/fundacionporlajusticia.org\/va\/wp-json\/wp\/v2\/media?parent=2944"}],"curies":[{"name":"wp","href":"https:\/\/api.w.org\/{rel}","templated":true}]}}