{"id":2941,"date":"2017-01-21T11:50:15","date_gmt":"2017-01-21T11:50:15","guid":{"rendered":"https:\/\/fundacionporlajusticia.accesia.info\/es\/?page_id=4051"},"modified":"2022-03-21T16:57:52","modified_gmt":"2022-03-21T16:57:52","slug":"sands-of-silence","status":"publish","type":"page","link":"https:\/\/fundacionporlajusticia.org\/va\/humansfest\/programacion-2-2\/seccion-oficial-2017\/sands-of-silence\/","title":{"rendered":"SANDS OF SILENCE"},"content":{"rendered":"<table>\n<tbody>\n<tr>\n<td style=\"width: 206px; text-align: center; vertical-align: middle;\" width=\"206\"><img loading=\"lazy\" decoding=\"async\" class=\"aligncenter size-full wp-image-4056\" src=\"https:\/\/fundacionporlajusticia.org\/wp-content\/uploads\/2017\/01\/SOS-Cartel_RGB_10-28-2016-web.jpg\" alt=\"SOS Cartel_RGB_10-28-2016 web\" width=\"683\" height=\"1024\" \/><\/td>\n<td width=\"376\">\n<h1><strong>LA HIST\u00d2RIA<\/strong><\/h1>\n<p style=\"text-align: justify;\">En <em>Sands of Silence<\/em> (Arenas de Silenci), una recerca de 15 anys per exposar el subm\u00f3n de la tracta i l&#039;explotaci\u00f3 sexual des d&#039;\u00c0sia a les Am\u00e8riques, acaba portant la periodista Chelo \u00c1lvarez-Stehle de tornada a la platja assotada pel vent on la seva inf\u00e0ncia va acabar i els seus secrets familiars van comen\u00e7ar. Documentant la transformaci\u00f3 de dones joves a M\u00e8xic i el Nepal de v\u00edctimes indefenses a resilients supervivents i activistes apassionades, Chelo escomet un viatge paral\u00b7lel cap a la curaci\u00f3 personal i la reconciliaci\u00f3 familiar. Una hist\u00f2ria \u00edntima sobre un problema end\u00e8mic, Sands of Silence celebra el triomf de l&#039;esperit amb una crida a l&#039;acci\u00f3 per trencar les cadenes de l&#039;explotaci\u00f3 sexual a tot el m\u00f3n.<\/p>\n<\/td>\n<\/tr>\n<tr>\n<td style=\"width: 206px; vertical-align: top; text-align: left;\" rowspan=\"2\" width=\"206\">\n<h2>Estats Units, 2016<\/h2>\n<h4><strong>Directora: <\/strong><\/h4>\n<h4>Chelo \u00c1lvarez-Stehle<\/h4>\n<h4><strong>Gui\u00f3: <\/strong><\/h4>\n<h4>Chelo \u00c1lvarez-Stehle<\/h4>\n<h4><strong> Producci\u00f3: <\/strong><\/h4>\n<h4>Chelo \u00c1lvarez-Stehle<\/h4>\n<h4><strong> Producci\u00f3 executiva: <\/strong><\/h4>\n<h4>Deirdre Roney<\/h4>\n<h4>Mark Stehle<\/h4>\n<h4><strong>Producci\u00f3 associada:<\/strong><\/h4>\n<h4>Mabel Valdivieso<\/h4>\n<h4>Lara Weithorn<\/h4>\n<h4><strong>Assessoria de producci\u00f3:<\/strong><\/h4>\n<h4>Gabriela Bohm<\/h4>\n<h4>Klara Grunning-Harris<\/h4>\n<h4>Iones Hern\u00e1ndez<\/h4>\n<h4>Lorena Manriquez<\/h4>\n<h4><strong>Edici\u00f3: <\/strong><\/h4>\n<h4>Kate Amend<\/h4>\n<h4>Jean-Philippe Boucicaut<\/h4>\n<h4>Marla Ulloa<\/h4>\n<h4>Maria Zeiss<\/h4>\n<h4><strong>M\u00fasica: <\/strong><\/h4>\n<h4>Jason Castell<\/h4>\n<h4><strong> Durada: 86&#039;<\/strong><\/h4>\n<h4><strong>Pa\u00eds de producci\u00f3:<\/strong><\/h4>\n<h4>Estats Units<\/h4>\n<h4><\/h4>\n<\/td>\n<td width=\"376\">\n<h1><strong>\u00a0DIRECTORA<\/strong><\/h1>\n<p style=\"text-align: justify;\"><img loading=\"lazy\" decoding=\"async\" class=\"aligncenter size-full wp-image-4055\" src=\"https:\/\/fundacionporlajusticia.org\/wp-content\/uploads\/2017\/01\/SAND_fotografiaDelDirector.jpg\" alt=\"SAND_fotografiaDelDirector\" width=\"336\" height=\"355\" \/>Ha treballat com a periodista i documentalista durant dues d\u00e8cades exposant hist\u00f2ries d&#039;explotaci\u00f3 sexual i tracta. Va n\u00e9ixer i va cr\u00e9ixer a Espanya i va treballar al Jap\u00f3 en documentals per a la NHK i com a corresponsal del diari espanyol <em>El M\u00f3n<\/em> a T\u00f2quio i despr\u00e9s a Los Angeles, quan es va traslladar a Calif\u00f2rnia el 1995. El 2002, Canal+ Espanya va transformar el seu primer reportatge sobre el tr\u00e0nsit infantil a l&#039;Him\u00e0laia a la pel\u00b7l\u00edcula documental <em>Nenes de Fulla<\/em>. Ha produ\u00eft\/realitzat diversos curts documentals, entre els quals: <em>Un conte d&#039;esclavatge modern,<\/em> i, m\u00e9s recentment, <em>Through the Wall,<\/em> un curt documental sobre una fam\u00edlia dividida per la frontera entre els EUA i M\u00e8xic. Est\u00e0 produint\/realitzant un videojoc d&#039;alt impacte social SOS_SLAVES i una s\u00e8rie de microdocumentals sobre l&#039;explotaci\u00f3 sexual i el tr\u00e0nsit, SOS Interactiveor.<\/p>\n<\/td>\n<\/tr>\n<tr>\n<td width=\"376\">\n<h1><strong>FESTIVALS I PREMIS<\/strong><\/h1>\n<ul>\n<li>Primer Premi Biznaga de Plata a la seva estrena mundial a l&#039;abril al Festival de M\u00e0laga<\/li>\n<li>Premi del P\u00fablic a la Millor Pel\u00b7l\u00edcula Documental en la seva estrena a l&#039;octubre al <em>Awareness Film Festival<\/em> de Los Angeles<\/li>\n<li>Premis al Millor Documental i Premi del P\u00fablic al <em>Malibu International Film<\/em> Festival.<\/li>\n<\/ul>\n<\/td>\n<\/tr>\n<tr>\n<td colspan=\"2\" width=\"581\"><iframe loading=\"lazy\" src=\"https:\/\/www.youtube.com\/embed\/DhLhy4WShXo\" width=\"1040\" height=\"585\" frameborder=\"0\" allowfullscreen=\"allowfullscreen\"><\/iframe><\/td>\n<\/tr>\n<tr>\n<td colspan=\"2\" width=\"581\"><\/td>\n<\/tr>\n<\/tbody>\n<\/table>\n<p>&nbsp;<\/p>","protected":false},"excerpt":{"rendered":"<p>LA HISTORIA En Sands of Silence (Arenas de Silencio), una b\u00fasqueda de 15 a\u00f1os para exponer el submundo de la trata y la explotaci\u00f3n sexual desde Asia a las Am\u00e9ricas, acaba llevando a la periodista Chelo \u00c1lvarez-Stehle de vuelta a la playa azotada por el viento donde su infancia termin\u00f3 y sus secretos familiares comenzaron. [&hellip;]<\/p>\n","protected":false},"author":2,"featured_media":0,"parent":2927,"menu_order":2,"comment_status":"closed","ping_status":"closed","template":"","meta":{"_et_pb_use_builder":"","_et_pb_old_content":"","_et_gb_content_width":"","_uf_show_specific_survey":0,"_uf_disable_surveys":false,"footnotes":""},"class_list":["post-2941","page","type-page","status-publish","hentry"],"aioseo_notices":[],"_links":{"self":[{"href":"https:\/\/fundacionporlajusticia.org\/va\/wp-json\/wp\/v2\/pages\/2941","targetHints":{"allow":["GET"]}}],"collection":[{"href":"https:\/\/fundacionporlajusticia.org\/va\/wp-json\/wp\/v2\/pages"}],"about":[{"href":"https:\/\/fundacionporlajusticia.org\/va\/wp-json\/wp\/v2\/types\/page"}],"author":[{"embeddable":true,"href":"https:\/\/fundacionporlajusticia.org\/va\/wp-json\/wp\/v2\/users\/2"}],"replies":[{"embeddable":true,"href":"https:\/\/fundacionporlajusticia.org\/va\/wp-json\/wp\/v2\/comments?post=2941"}],"version-history":[{"count":1,"href":"https:\/\/fundacionporlajusticia.org\/va\/wp-json\/wp\/v2\/pages\/2941\/revisions"}],"predecessor-version":[{"id":3449,"href":"https:\/\/fundacionporlajusticia.org\/va\/wp-json\/wp\/v2\/pages\/2941\/revisions\/3449"}],"up":[{"embeddable":true,"href":"https:\/\/fundacionporlajusticia.org\/va\/wp-json\/wp\/v2\/pages\/2927"}],"wp:attachment":[{"href":"https:\/\/fundacionporlajusticia.org\/va\/wp-json\/wp\/v2\/media?parent=2941"}],"curies":[{"name":"wp","href":"https:\/\/api.w.org\/{rel}","templated":true}]}}