{"id":2938,"date":"2017-01-21T10:39:36","date_gmt":"2017-01-21T10:39:36","guid":{"rendered":"https:\/\/fundacionporlajusticia.accesia.info\/es\/?page_id=4027"},"modified":"2022-03-21T16:57:51","modified_gmt":"2022-03-21T16:57:51","slug":"madres-invisibles","status":"publish","type":"page","link":"https:\/\/fundacionporlajusticia.org\/va\/humansfest\/programacion-2-2\/seccion-oficial-2017\/madres-invisibles\/","title":{"rendered":"MARES INVISIBLES"},"content":{"rendered":"<table>\n<tbody>\n<tr>\n<td style=\"width: 206px; text-align: center; vertical-align: middle;\" width=\"206\"><img loading=\"lazy\" decoding=\"async\" class=\"aligncenter size-full wp-image-4039\" src=\"https:\/\/fundacionporlajusticia.org\/wp-content\/uploads\/2017\/01\/MADRES_poster.jpg\" alt=\"MADRES_poster\" width=\"316\" height=\"448\" \/><\/td>\n<td width=\"376\">\n<h1><strong>LA HIST\u00d2RIA<\/strong><\/h1>\n<p style=\"text-align: justify;\">Hafida \u00e9s mare soltera a T\u00e0nger. Va fugir de casa quan es va quedar embarassada. Anys despr\u00e9s ha esdevingut educadora de salut reproductiva i sexual i torna a la seva ciutat, El Jadida, amb el seu fill. Els homes de la fam\u00edlia en rebutgen la maternitat. El sexe fora del matrimoni \u00e9s un delicte al Marroc. La llei assenyala les mares solteres com a putes i els seus fills com a bastards.<\/p>\n<\/td>\n<\/tr>\n<tr>\n<td style=\"width: 206px; vertical-align: top; text-align: left;\" rowspan=\"2\" width=\"206\">\n<h2>\u00a0Espanya, 2016<\/h2>\n<h4><strong>Director: <\/strong><\/h4>\n<h4>Lorenzo Ben\u00edtez<\/h4>\n<h4><strong>Gui\u00f3:<\/strong><\/h4>\n<h4>Lorenzo Ben\u00edtez<\/h4>\n<h4>Helena Madico<\/h4>\n<h4><strong> Productors:<\/strong><\/h4>\n<h4>Lorenzo Ben\u00edtez<\/h4>\n<h4>Juan Valent\u00edn Romero<\/h4>\n<h4><strong> Fotografia: <\/strong><\/h4>\n<h4>Pedro Sara<\/h4>\n<h4><strong>M\u00fasica: <\/strong><\/h4>\n<h4>Diego Lara<\/h4>\n<h4><strong>So: <\/strong><\/h4>\n<h4>Mari Luz Dom\u00ednguez<\/h4>\n<h4>Maria Zafra<\/h4>\n<h4>Diego Lara<\/h4>\n<h4>Yolaperdono<\/h4>\n<h4><strong>Durada: 67&#039;<\/strong><\/h4>\n<h4><strong>Idiomes originals: <\/strong><\/h4>\n<h4>Dariya (\u00c0rab marroqu\u00ed)<\/h4>\n<h4>Espanyol<\/h4>\n<h4>Franc\u00e8s<\/h4>\n<h4><strong> Pa\u00eds de producci\u00f3:<\/strong><\/h4>\n<h4>Espanya<\/h4>\n<h4><strong>Distribuci\u00f3:<\/strong><\/h4>\n<h4>Juan Valent\u00edn Romero<\/h4>\n<\/td>\n<td width=\"376\">\n<h1><strong>\u00a0DIRECTOR<\/strong><\/h1>\n<p style=\"text-align: justify;\"><img loading=\"lazy\" decoding=\"async\" class=\"aligncenter size-full wp-image-4028\" src=\"https:\/\/fundacionporlajusticia.org\/wp-content\/uploads\/2017\/01\/MADRES_fotografiaDelDirector.jpg\" alt=\"MADRES_fotografiaDelDirector\" width=\"448\" height=\"336\" \/><\/p>\n<p style=\"text-align: justify;\">Lorenzo Ben\u00edtez \u00e9s assessor del taller de coproduccions UE-Am\u00e8rica Llatina i de distribuci\u00f3 internacional PUENTES\/programa EAVE que se celebrar\u00e0 el 2016 al Festival de Locarno. Ha estat ajudant de direcci\u00f3 i producci\u00f3 de documentals a Al Jazeera, ZDF, TVE, SRF i Canal Sur.<\/p>\n<\/td>\n<\/tr>\n<tr>\n<td width=\"376\">\n<h1><strong>FESTIVALS I PREMIS<\/strong><\/h1>\n<ul>\n<li>Festival Internacional DocumentaMadrid 2016. Secci\u00f3 Competitiva. Premi\u00e8re a Espanya.<\/li>\n<li>Cinema Rif. T\u00e0nger. 2016. Premi\u00e8re al Marroc.<\/li>\n<li>Festival de Cinema Europeu de Sevilla 2016. Panorama Andal\u00fas.<\/li>\n<li>Festival Internacional de Cinema de Beirut 2016. Secci\u00f3 &#039;Rejection Front&#039;.<\/li>\n<li>Festival de Cinema Documental de Cadis Alcances 2016. Pel\u00b7l\u00edcula d&#039;inauguraci\u00f3.<\/li>\n<li>Festival Internacional de Cinema de Cartagena 2016. Panorama Europeu.<\/li>\n<li>Festival de Cinema Afric\u00e0 de Tarifa 2016.<\/li>\n<li>Festival Internacional de Cinema Euro\u00e0rab AMAL 2016.<\/li>\n<li>Festival Internacional Miradasdoc 2017.<\/li>\n<li>Nominada a premis ASECAN Cine Andaluz a Millor Documental i Millor Direcci\u00f3 Novell.<\/li>\n<\/ul>\n<\/td>\n<\/tr>\n<tr>\n<td colspan=\"2\" width=\"581\"><iframe loading=\"lazy\" src=\"https:\/\/player.vimeo.com\/video\/78004531?color=a3703c&amp;title=0&amp;byline=0&amp;portrait=0\" width=\"1040\" height=\"585\" frameborder=\"0\" allowfullscreen=\"allowfullscreen\"><\/iframe><\/td>\n<\/tr>\n<tr>\n<td colspan=\"2\" width=\"581\"><\/td>\n<\/tr>\n<\/tbody>\n<\/table>\n<p>&nbsp;<\/p>","protected":false},"excerpt":{"rendered":"<p>LA HISTORIA Hafida es madre soltera en T\u00e1nger. Huy\u00f3 de casa cuando se qued\u00f3 embarazada. A\u00f1os despu\u00e9s se ha convertido en educadora de salud reproductiva y sexual y vuelve a su ciudad, El Jadida, con su hijo. Los hombres de la familia rechazan su maternidad. El sexo fuera del matrimonio es un delito en Marruecos. [&hellip;]<\/p>\n","protected":false},"author":2,"featured_media":0,"parent":2927,"menu_order":1,"comment_status":"closed","ping_status":"closed","template":"","meta":{"_et_pb_use_builder":"","_et_pb_old_content":"","_et_gb_content_width":"","_uf_show_specific_survey":0,"_uf_disable_surveys":false,"footnotes":""},"class_list":["post-2938","page","type-page","status-publish","hentry"],"aioseo_notices":[],"_links":{"self":[{"href":"https:\/\/fundacionporlajusticia.org\/va\/wp-json\/wp\/v2\/pages\/2938","targetHints":{"allow":["GET"]}}],"collection":[{"href":"https:\/\/fundacionporlajusticia.org\/va\/wp-json\/wp\/v2\/pages"}],"about":[{"href":"https:\/\/fundacionporlajusticia.org\/va\/wp-json\/wp\/v2\/types\/page"}],"author":[{"embeddable":true,"href":"https:\/\/fundacionporlajusticia.org\/va\/wp-json\/wp\/v2\/users\/2"}],"replies":[{"embeddable":true,"href":"https:\/\/fundacionporlajusticia.org\/va\/wp-json\/wp\/v2\/comments?post=2938"}],"version-history":[{"count":1,"href":"https:\/\/fundacionporlajusticia.org\/va\/wp-json\/wp\/v2\/pages\/2938\/revisions"}],"predecessor-version":[{"id":3448,"href":"https:\/\/fundacionporlajusticia.org\/va\/wp-json\/wp\/v2\/pages\/2938\/revisions\/3448"}],"up":[{"embeddable":true,"href":"https:\/\/fundacionporlajusticia.org\/va\/wp-json\/wp\/v2\/pages\/2927"}],"wp:attachment":[{"href":"https:\/\/fundacionporlajusticia.org\/va\/wp-json\/wp\/v2\/media?parent=2938"}],"curies":[{"name":"wp","href":"https:\/\/api.w.org\/{rel}","templated":true}]}}