{"id":2876,"date":"2015-12-02T11:13:16","date_gmt":"2015-12-02T11:13:16","guid":{"rendered":"https:\/\/fundacionporlajusticia.accesia.info\/es\/?page_id=3669"},"modified":"2015-12-02T11:13:16","modified_gmt":"2015-12-02T11:13:16","slug":"samaritanen-4","status":"publish","type":"page","link":"https:\/\/fundacionporlajusticia.org\/va\/humansfest\/seccion-humans\/samaritanen-4\/","title":{"rendered":"SAMARITANEN"},"content":{"rendered":"<table style=\"height: 959px;\" width=\"1134\">\n<tbody>\n<tr>\n<td width=\"206\"><\/td>\n<td width=\"376\">\n<h1><strong>LA HIST\u00d2RIA<\/strong><\/h1>\n<p style=\"text-align: justify;\">Una hist\u00f2ria de gran abast de Noruega, Samaritan toca els l\u00edmits entre cuidar i aprofitar-se de la gent.<\/p>\n<p>&nbsp;<\/td>\n<\/tr>\n<tr>\n<td rowspan=\"2\" width=\"206\">\n<h4><strong>Noruega, 2010<\/strong><\/h4>\n<h4>29 minuts<\/h4>\n<h4><strong>Director: <\/strong><\/h4>\n<h4>Magnus Mork<\/h4>\n<h4><strong>Idioma:<\/strong><\/h4>\n<h4>noruec amb subt\u00edtols en angl\u00e8s.<\/h4>\n<h4><strong>M\u00fasica original de:<\/strong><\/h4>\n<h4>Tobias Hylander<\/h4>\n<h4><strong>Productora:<\/strong><\/h4>\n<h4>Medioperatorerna Production.<\/h4>\n<h4><\/h4>\n<h4><\/h4>\n<h4><\/h4>\n<h4><\/h4>\n<p>&nbsp;<\/td>\n<td width=\"376\">\n<h1><strong>DIRECTOR<\/strong><\/h1>\n<p style=\"text-align: justify;\"><img loading=\"lazy\" decoding=\"async\" class=\"alignright size-full wp-image-3670\" src=\"https:\/\/fundacionporlajusticia.org\/wp-content\/uploads\/2015\/12\/MAGNUS.png\" alt=\"MAGNUS\" width=\"243\" height=\"315\" \/>Magnus Mork va n\u00e9ixer el 1978 a Oslo, Noruega. Va obtenir una llicenciatura en Arts Audiovisuals de la Universitat de Londres i una llicenciatura en Direcci\u00f3 de Cinema de la Universitat de G\u00f6teborg.  Tamb\u00e9 ha dirigit el 2013 Burger i el 2007 Kompisar.<\/p>\n<p style=\"text-align: justify;\">\n<\/td>\n<\/tr>\n<tr>\n<td width=\"376\">\n<h1><strong>FESTIVALS I PREMIS<\/strong><\/h1>\n<p>&nbsp;<\/p>\n<p>&nbsp;<\/td>\n<\/tr>\n<\/tbody>\n<\/table>\n<p><iframe loading=\"lazy\" src=\"https:\/\/player.vimeo.com\/video\/16992875\" width=\"1211\" height=\"681\" frameborder=\"0\" allowfullscreen=\"allowfullscreen\"><\/iframe><\/p>","protected":false},"excerpt":{"rendered":"<p>LA HISTORIA Una historia de gran alcance \u00a0de Noruega, \u00abSamaritan\u00bb toca los l\u00edmites entre cuidar y aprovecharse de la gente. &nbsp; Noruega, 2010 29 minutos Director: Magnus Mork Idioma: noruego con subt\u00edtulos en ingl\u00e9s. M\u00fasica original de: Tobias Hylander Productora: Medieoperatorerna Production. &nbsp; DIRECTOR Magnus Mork naci\u00f3 en 1978 en Oslo, Noruega. Obtuvo una licenciatura [&hellip;]<\/p>\n","protected":false},"author":2,"featured_media":0,"parent":2717,"menu_order":3,"comment_status":"closed","ping_status":"closed","template":"","meta":{"_et_pb_use_builder":"","_et_pb_old_content":"","_et_gb_content_width":"","_uf_show_specific_survey":0,"_uf_disable_surveys":false,"footnotes":""},"class_list":["post-2876","page","type-page","status-publish","hentry"],"aioseo_notices":[],"_links":{"self":[{"href":"https:\/\/fundacionporlajusticia.org\/va\/wp-json\/wp\/v2\/pages\/2876","targetHints":{"allow":["GET"]}}],"collection":[{"href":"https:\/\/fundacionporlajusticia.org\/va\/wp-json\/wp\/v2\/pages"}],"about":[{"href":"https:\/\/fundacionporlajusticia.org\/va\/wp-json\/wp\/v2\/types\/page"}],"author":[{"embeddable":true,"href":"https:\/\/fundacionporlajusticia.org\/va\/wp-json\/wp\/v2\/users\/2"}],"replies":[{"embeddable":true,"href":"https:\/\/fundacionporlajusticia.org\/va\/wp-json\/wp\/v2\/comments?post=2876"}],"version-history":[{"count":0,"href":"https:\/\/fundacionporlajusticia.org\/va\/wp-json\/wp\/v2\/pages\/2876\/revisions"}],"up":[{"embeddable":true,"href":"https:\/\/fundacionporlajusticia.org\/va\/wp-json\/wp\/v2\/pages\/2717"}],"wp:attachment":[{"href":"https:\/\/fundacionporlajusticia.org\/va\/wp-json\/wp\/v2\/media?parent=2876"}],"curies":[{"name":"wp","href":"https:\/\/api.w.org\/{rel}","templated":true}]}}