{"id":2773,"date":"2015-09-26T14:03:49","date_gmt":"2015-09-26T14:03:49","guid":{"rendered":"https:\/\/fundacionporlajusticia.accesia.info\/en\/?page_id=1568"},"modified":"2022-03-21T16:03:43","modified_gmt":"2022-03-21T16:03:43","slug":"1568-2","status":"publish","type":"page","link":"https:\/\/fundacionporlajusticia.org\/va\/humansfest\/2016-vii-edicion\/seccion-oficial-3\/1568-2\/","title":{"rendered":"BOXING FOR FREEDOM"},"content":{"rendered":"<table>\n<tbody>\n<tr>\n<td style=\"width: 206px; text-align: center; vertical-align: middle;\" width=\"206\">\u00a0<img loading=\"lazy\" decoding=\"async\" class=\"aligncenter wp-image-1183 size-full\" src=\"https:\/\/fundacionporlajusticia.org\/wp-content\/uploads\/2015\/09\/20150515_cartel.jpg\" alt=\"20150515_cartel\" width=\"220\" height=\"330\" \/><\/td>\n<td width=\"376\">\n<h1><strong>HISTORY<\/strong><\/h1>\n<p style=\"text-align: justify;\">Saddaf Rahimi \u00e9s un boxer femen\u00ed femen\u00ed a l&#039;Afganistan, per\u00f2 s&#039;ha de fer amb les seves tradicions, lletres i la seva fata m\u00e9s en ordre per a beure woman. Sadaf and her sister Shabnam joined newly created women&#039;s boxing team at the age of 13, when they returned to their country after being refugees in Iran. Hi ha boxing i academics que s&#039;enfronten a Sadaf into an example for many Afghan ioung women, per\u00f2 la path no s&#039;ha de triar i difficulties.<\/p>\n<\/td>\n<\/tr>\n<tr>\n<td style=\"width: 206px; vertical-align: top; text-align: left;\" rowspan=\"2\" width=\"206\">\n<h2><strong>Sunday, 13 th december 18.00 h<\/strong><\/h2>\n<h4><strong>Spain, 2015<\/strong><\/h4>\n<h4><strong>Directed, produced and written by:<\/strong><\/h4>\n<h4>Juan Antonio Moreno<\/h4>\n<h4>Silvia Venegas<\/h4>\n<h4><strong>52 minuts<\/strong><\/h4>\n<h4><strong>Distributor:\u00a0<\/strong><\/h4>\n<h4>Doc &amp; Film International<\/h4>\n<h4>Ag\u00e8ncia Freak.<\/h4>\n<h4><strong>Production company:<\/strong><\/h4>\n<h4>Making DOC<\/h4>\n<h4><strong>Cinematography by:\u00a0<\/strong><\/h4>\n<h4>Alberto Gonz\u00e1lez<\/h4>\n<h4><strong>Edited by:\u00a0<\/strong><\/h4>\n<h4>Nacho Ruiz Capelles<\/h4>\n<h4><strong>Language:<\/strong><\/h4>\n<h4>Persian and English<\/h4>\n<h4><strong>Subtitles:<\/strong> English, Spanish and French<\/h4>\n<\/td>\n<td width=\"376\">\n<h1><strong>DIRECTOR<\/strong><\/h1>\n<p><img loading=\"lazy\" decoding=\"async\" class=\"alignright size-medium wp-image-2687\" src=\"https:\/\/fundacionporlajusticia.org\/wp-content\/uploads\/2015\/09\/boxing-venegas-moreno-540x405-300x223.jpg\" alt=\"boxing-venegas-moreno-540x405\" width=\"300\" height=\"223\" \/>Silvia Venegas and Juan Antonio Moreno, bot graduats in Journalism from the UC3M. They founded in 2010 Making DOC produir i les seves works have been selected and awarded in national and international festivals.<\/p>\n<p>&nbsp;<\/p>\n<p>&nbsp;<\/td>\n<\/tr>\n<tr>\n<td width=\"376\">\n<h1><strong>FESTIVALS &amp; AWARDS<\/strong><\/h1>\n<ul>\n<li>Selected for European Film Awards (EFA) for European Documentary 2015 . European Film Academy.<\/li>\n<li>Biznaga de Plata. Affirming women&#039;s rights Section. Festival de M\u00e0laga Cinema Espanyol. Espanya.<\/li>\n<li>The United Nations Refuge Agency (UNHCR) Film Festival.Japan.<\/li>\n<li>Festival Alcine. Spain.<\/li>\n<li>Festival Internacional de Documental Miradasdoc. Spain.<\/li>\n<li>Mostra de Cinema Europeu de Seg\u00f2via. Spain.<\/li>\n<li>Mostra de Cinema realitzat per dones de Saragossa.. Spain.<\/li>\n<li>Mostra de Cinebaix. Spain.<\/li>\n<li>Women Make Waves Film Festival .Taiwan (Xina).<\/li>\n<li>Festival Cinema Invisible. Spain.<\/li>\n<li>Xina Women&#039;s Film Festival) Xina.<\/li>\n<li>Festival de cinema espanyol de Tolosa (CINESPANYA) France.<\/li>\n<li>Rizoma Film Festival. Spain.<\/li>\n<li>Human Rights Human Dignity International<\/li>\n<li>Film Festival. Myanmar.<\/li>\n<li>Festival Internacional de Cinema de Drets<\/li>\n<li>Humans de Buenos Aires. Argentina.<\/li>\n<li>Mostra Internacional de Cinema i Dones de Pamplona Spain.<\/li>\n<li>International Madrid Documentary Festival.<\/li>\n<li>Documentamadrid. Spain.<\/li>\n<li>Festival de M\u00e0laga Cinema Espanyol. Spain.<\/li>\n<li>International Film Festival i Forum a Human Rights in Geneva.\u00a0<span style=\"font-family: inherit; font-size: inherit; line-height: 1.5;\">FIFDH. Switzerland.<\/span><\/li>\n<li>Silk Road Film Festival. Ireland.<\/li>\n<\/ul>\n<\/td>\n<\/tr>\n<tr>\n<td colspan=\"2\" width=\"581\"><iframe loading=\"lazy\" src=\"https:\/\/www.youtube.com\/embed\/G-U2rlrkm9w\" width=\"1040\" height=\"585\" frameborder=\"0\" allowfullscreen=\"allowfullscreen\"><\/iframe><\/td>\n<\/tr>\n<tr>\n<td colspan=\"2\" width=\"581\">\u00a0<img loading=\"lazy\" decoding=\"async\" class=\"alignleft wp-image-1562\" src=\"https:\/\/fundacionporlajusticia.org\/wp-content\/uploads\/2015\/09\/boxingforfreedom_12-300x200.jpg\" alt=\"boxingforfreedom_12\" width=\"270\" height=\"180\" \/><img loading=\"lazy\" decoding=\"async\" class=\"alignleft wp-image-1559\" src=\"https:\/\/fundacionporlajusticia.org\/wp-content\/uploads\/2015\/09\/boxingforfreedom_11-300x169.jpg\" alt=\"boxingforfreedom_1\" width=\"320\" height=\"180\" \/> <img loading=\"lazy\" decoding=\"async\" class=\"alignleft wp-image-1560\" src=\"https:\/\/fundacionporlajusticia.org\/wp-content\/uploads\/2015\/09\/boxingforfreedom_6-300x169.jpg\" alt=\"boxingforfreedom_6\" width=\"320\" height=\"180\" \/><\/td>\n<\/tr>\n<\/tbody>\n<\/table>\n<p>&nbsp;<\/p>","protected":false},"excerpt":{"rendered":"<p>\u00a0 HISTORY Sadaf Rahimi is the best female boxer in Afghanistan, but she must deal with her country\u2019s traditions, fear and her own fate in order to be a free woman. Sadaf and her sister Shabnam joined the newly created women\u2019s boxing team at the age of 13, when they returned to their country after [&hellip;]<\/p>\n","protected":false},"author":2,"featured_media":0,"parent":1040,"menu_order":2,"comment_status":"closed","ping_status":"closed","template":"","meta":{"_et_pb_use_builder":"","_et_pb_old_content":"","_et_gb_content_width":"","_uf_show_specific_survey":0,"_uf_disable_surveys":false,"footnotes":""},"class_list":["post-2773","page","type-page","status-publish","hentry"],"aioseo_notices":[],"_links":{"self":[{"href":"https:\/\/fundacionporlajusticia.org\/va\/wp-json\/wp\/v2\/pages\/2773","targetHints":{"allow":["GET"]}}],"collection":[{"href":"https:\/\/fundacionporlajusticia.org\/va\/wp-json\/wp\/v2\/pages"}],"about":[{"href":"https:\/\/fundacionporlajusticia.org\/va\/wp-json\/wp\/v2\/types\/page"}],"author":[{"embeddable":true,"href":"https:\/\/fundacionporlajusticia.org\/va\/wp-json\/wp\/v2\/users\/2"}],"replies":[{"embeddable":true,"href":"https:\/\/fundacionporlajusticia.org\/va\/wp-json\/wp\/v2\/comments?post=2773"}],"version-history":[{"count":1,"href":"https:\/\/fundacionporlajusticia.org\/va\/wp-json\/wp\/v2\/pages\/2773\/revisions"}],"predecessor-version":[{"id":2887,"href":"https:\/\/fundacionporlajusticia.org\/va\/wp-json\/wp\/v2\/pages\/2773\/revisions\/2887"}],"up":[{"embeddable":true,"href":"https:\/\/fundacionporlajusticia.org\/va\/wp-json\/wp\/v2\/pages\/1040"}],"wp:attachment":[{"href":"https:\/\/fundacionporlajusticia.org\/va\/wp-json\/wp\/v2\/media?parent=2773"}],"curies":[{"name":"wp","href":"https:\/\/api.w.org\/{rel}","templated":true}]}}