{"id":2765,"date":"2015-09-11T10:38:56","date_gmt":"2015-09-11T10:38:56","guid":{"rendered":"https:\/\/fundacionporlajusticia.accesia.info\/en\/el-festival\/"},"modified":"2022-03-21T17:14:56","modified_gmt":"2022-03-21T17:14:56","slug":"el-festival","status":"publish","type":"page","link":"https:\/\/fundacionporlajusticia.org\/va\/humansfest\/el-festival\/","title":{"rendered":"HUMANS FEST"},"content":{"rendered":"<blockquote>\n<p style=\"text-align: justify;\"><img loading=\"lazy\" decoding=\"async\" class=\"alignright wp-image-4711 size-medium\" src=\"https:\/\/fundacionporlajusticia.org\/wp-content\/uploads\/2015\/09\/cartel-2017-213x300.jpg\" alt=\"cartel-2017\" width=\"213\" height=\"300\" \/>The<strong> INTERNATIONAL HUMAN RIGHTS AND FILM FESTIVAL<\/strong> is a project of <a href=\"https:\/\/fundacionporlajusticia.org\/va\/\" target=\"_blank\" rel=\"noopener\">Fundaci\u00f3 per la <\/a><a href=\"https:\/\/fundacionporlajusticia.org\/va\/\" target=\"_blank\" rel=\"noopener\">Justicia<\/a>, co-organised by <a href=\"http:\/\/quatrefilms.com\/\" target=\"_blank\" rel=\"noopener\">Quatre Films<\/a>, Les offers an extensive, one-of-a-kind audiovisual space to raise awareness human rights materials in city of Valencia and in other venues internationally. \u00c9s un key cultural programa per a la m\u00e0xima international developments in documentary filmmaking, Human Rights, i el Millennium Development Objectives.<\/p>\n<\/blockquote>\n<p>Its main <strong>goals<\/strong> inclou:<\/p>\n<ul style=\"list-style-type: square;\">\n<li style=\"text-align: justify;\">El foster critical reflection of inequality to promote change throughout the world with patterns of behavior that positively impact on Southern countries&#039;society.<\/li>\n<li style=\"text-align: justify;\">Promoci\u00f3, formaci\u00f3 i dispersi\u00f3 de les persones humanes que decrease violacions mitjan\u00e7ant el m\u00f3n<\/li>\n<li style=\"text-align: justify;\">L&#039;encourage volunteerism and participation within the community es key aspects towards education for development.<\/li>\n<li style=\"text-align: justify;\">Improvement d&#039;iniciacions i idees innovadores per a l&#039;educaci\u00f3 per desenvolupar i social awareness promoure gender equality i empowerment de most disadvantaged sectors.<\/li>\n<\/ul>\n<blockquote>\n<div class=\"tw-swapa\">\u00a0<a href=\"http:\/\/www.humanrightsfilmnetwork.org\/\" target=\"_blank\" rel=\"noopener\"><img loading=\"lazy\" decoding=\"async\" class=\"alignleft wp-image-3892 size-full\" src=\"https:\/\/fundacionporlajusticia.org\/wp-content\/uploads\/2015\/09\/logohrfn.jpg\" alt=\"logohrfn\" width=\"158\" height=\"113\" \/><\/a><span lang=\"en\">Humans Fest \u00e9s part d&#039;International Network of Human Rights Film Festivals<\/span><\/div>\n<\/blockquote>\n<p>&nbsp;<\/p>","protected":false},"excerpt":{"rendered":"<p>The INTERNATIONAL HUMAN RIGHTS AND FILM FESTIVAL is a project of Fundaci\u00f3n por la Justicia, co-organised by Quatre Films, which offers an extensive, one-of-a-kind audiovisual space to raise awareness of human rights materials in the city of Valencia and in other venues internationally. It is a key cultural program for the latest international developments in [&hellip;]<\/p>\n","protected":false},"author":2,"featured_media":0,"parent":442,"menu_order":1,"comment_status":"closed","ping_status":"closed","template":"","meta":{"_et_pb_use_builder":"","_et_pb_old_content":"","_et_gb_content_width":"","_uf_show_specific_survey":0,"_uf_disable_surveys":false,"footnotes":""},"class_list":["post-2765","page","type-page","status-publish","hentry"],"aioseo_notices":[],"_links":{"self":[{"href":"https:\/\/fundacionporlajusticia.org\/va\/wp-json\/wp\/v2\/pages\/2765","targetHints":{"allow":["GET"]}}],"collection":[{"href":"https:\/\/fundacionporlajusticia.org\/va\/wp-json\/wp\/v2\/pages"}],"about":[{"href":"https:\/\/fundacionporlajusticia.org\/va\/wp-json\/wp\/v2\/types\/page"}],"author":[{"embeddable":true,"href":"https:\/\/fundacionporlajusticia.org\/va\/wp-json\/wp\/v2\/users\/2"}],"replies":[{"embeddable":true,"href":"https:\/\/fundacionporlajusticia.org\/va\/wp-json\/wp\/v2\/comments?post=2765"}],"version-history":[{"count":1,"href":"https:\/\/fundacionporlajusticia.org\/va\/wp-json\/wp\/v2\/pages\/2765\/revisions"}],"predecessor-version":[{"id":2881,"href":"https:\/\/fundacionporlajusticia.org\/va\/wp-json\/wp\/v2\/pages\/2765\/revisions\/2881"}],"up":[{"embeddable":true,"href":"https:\/\/fundacionporlajusticia.org\/va\/wp-json\/wp\/v2\/pages\/442"}],"wp:attachment":[{"href":"https:\/\/fundacionporlajusticia.org\/va\/wp-json\/wp\/v2\/media?parent=2765"}],"curies":[{"name":"wp","href":"https:\/\/api.w.org\/{rel}","templated":true}]}}