{"id":2751,"date":"2015-12-09T07:57:34","date_gmt":"2015-12-09T07:57:34","guid":{"rendered":"https:\/\/fundacionporlajusticia.accesia.info\/es\/?page_id=3734"},"modified":"2022-03-21T17:17:17","modified_gmt":"2022-03-21T17:17:17","slug":"seccion-1-minuto-1-derecho","status":"publish","type":"page","link":"https:\/\/fundacionporlajusticia.org\/va\/humansfest\/el_festival\/ediciones-anteriores\/seccion-1-minuto-1-derecho\/","title":{"rendered":"EDICI\u00d3 2016 \u2013 SECCI\u00d3 1 MINUT, 1 DRET"},"content":{"rendered":"<blockquote><p><strong>Les projeccions d&#039;aquesta secci\u00f3 seran a La Filmoteca<\/strong><\/p>\n<p>&nbsp;<\/p><\/blockquote>\n<h1>1.- Curts Centre Penitenciari Picassent.<\/h1>\n<blockquote>\n<p style=\"text-align: left;\"><img loading=\"lazy\" decoding=\"async\" class=\"alignleft wp-image-3739 size-medium\" src=\"https:\/\/fundacionporlajusticia.org\/wp-content\/uploads\/2015\/12\/TRASNUMEROS-300x169.jpg\" alt=\"TRASNUMEROS\" width=\"300\" height=\"169\" \/>Al Festival es projectaran 4 curts realitzats al Centre Penitenciari de Picassent en qu\u00e8 han col\u00b7laborat les productores \u00abPeix a l&#039;aigua\u00bb juntament amb Amnistia Internacional, dirigits per Mariola Ponce i Christian Feij\u00f3o, i \u00abQuatre Films\u00bb; dirigits per Carlos Mart\u00ednez, Eva Mar\u00edn i Carlos Sanch\u00eds.<\/p>\n<p>&nbsp;<\/p>\n<p style=\"text-align: left;\"><strong>Projecci\u00f3 10 de desembre de 2015 a les 20.15 h\u00a0<\/strong><\/p>\n<\/blockquote>\n<h1>2. Vict\u00f2ria Calabuig.<\/h1>\n<blockquote><p><img loading=\"lazy\" decoding=\"async\" class=\"alignleft size-medium wp-image-3748\" src=\"https:\/\/fundacionporlajusticia.org\/wp-content\/uploads\/2015\/12\/victoria-300x169.jpg\" alt=\"victoria\" width=\"300\" height=\"169\" \/>EASD<\/p>\n<p>1:08 minuts.<\/p>\n<p>2015.<\/p>\n<p><strong>Projecci\u00f3 13 de desembre de 2015 a les 18:00 a la Filmoteca<\/strong><\/p>\n<p>&nbsp;<\/p><\/blockquote>\n<h1>3. Ver\u00f3nica Pallard\u00f3.<\/h1>\n<blockquote><p><img loading=\"lazy\" decoding=\"async\" class=\"alignleft size-medium wp-image-3753\" src=\"https:\/\/fundacionporlajusticia.org\/wp-content\/uploads\/2015\/12\/victoria-palalrdo-300x169.jpg\" alt=\"victoria pallardo\" width=\"300\" height=\"169\" \/>EASD<\/p>\n<p>1:20 minuts.<\/p>\n<p>2015.<\/p>\n<p><strong>Projecci\u00f3 13 de desembre del 2015 a les 20:00.<\/strong><\/p><\/blockquote>\n<h1>4. Rub\u00e9n Dar\u00edo Aled\u00f3n.<\/h1>\n<blockquote><p><img loading=\"lazy\" decoding=\"async\" class=\"alignleft size-medium wp-image-3756\" src=\"https:\/\/fundacionporlajusticia.org\/wp-content\/uploads\/2015\/12\/ruben-dario-300x169.jpg\" alt=\"ruben dario\" width=\"300\" height=\"169\" \/>EASD.<\/p>\n<p>1 minut.<\/p>\n<p>2015.<\/p>\n<p><strong>Projecci\u00f3 13 de desembre del 2015 a les 20:00.<\/strong><\/p><\/blockquote>\n<h1><\/h1>\n<h1>5. Nikita Parapelitsa.<\/h1>\n<blockquote><p><img loading=\"lazy\" decoding=\"async\" class=\"alignleft size-medium wp-image-3758\" src=\"https:\/\/fundacionporlajusticia.org\/wp-content\/uploads\/2015\/12\/nikita-300x169.jpg\" alt=\"nikita\" width=\"300\" height=\"169\" \/>EASD.<\/p>\n<p>1:53 minuts.<\/p>\n<p>2015.<\/p>\n<p><strong>Projecci\u00f3 15 de desembre del 2015 a les 18:00<\/strong><\/p><\/blockquote>\n<h1><\/h1>\n<h1>6. Maria Rubio.<\/h1>\n<blockquote><p><img loading=\"lazy\" decoding=\"async\" class=\"alignleft size-medium wp-image-3760\" src=\"https:\/\/fundacionporlajusticia.org\/wp-content\/uploads\/2015\/12\/maria-rubio-300x169.jpg\" alt=\"maria rubio\" width=\"300\" height=\"169\" \/>EASD.<\/p>\n<p>1:20 minuts.<\/p>\n<p>2015.<\/p>\n<p><strong>Projecci\u00f3 15 de desembre del 2015 a les 18:00.<\/strong><\/p><\/blockquote>\n<h1><\/h1>\n<h1>7. Laura Di Mascio.<\/h1>\n<blockquote><p><img loading=\"lazy\" decoding=\"async\" class=\"alignleft size-medium wp-image-3763\" src=\"https:\/\/fundacionporlajusticia.org\/wp-content\/uploads\/2015\/12\/lauradimascio-300x169.jpg\" alt=\"lauradimascio\" width=\"300\" height=\"169\" \/>EASD.<\/p>\n<p>1 minut.<\/p>\n<p>2015.<\/p>\n<p><strong>Projecci\u00f3 15 de desembre del 2015 a les 20:00.<\/strong><\/p>\n<p>&nbsp;<\/p><\/blockquote>\n<h1>8. Jordi Bosca.<\/h1>\n<blockquote><p><img loading=\"lazy\" decoding=\"async\" class=\"alignleft size-medium wp-image-3767\" src=\"https:\/\/fundacionporlajusticia.org\/wp-content\/uploads\/2015\/12\/jordi-bosca-300x165.jpg\" alt=\"jordi bosca\" width=\"300\" height=\"165\" \/>EASD.<\/p>\n<p>1:09 minuts.<\/p>\n<p>2015.<\/p>\n<p><strong>Projecci\u00f3 16 de desembre del 2015 a les 18:00.<\/strong><\/p>\n<p>&nbsp;<\/p><\/blockquote>\n<h1>9. Joel Miralles.<\/h1>\n<blockquote><p><img loading=\"lazy\" decoding=\"async\" class=\"alignleft size-medium wp-image-3768\" src=\"https:\/\/fundacionporlajusticia.org\/wp-content\/uploads\/2015\/12\/jordi-miralles-300x169.jpg\" alt=\"jordi miralles\" width=\"300\" height=\"169\" \/>EASD.<\/p>\n<p>1:45 minuts.<\/p>\n<p>2015.<\/p>\n<p><strong>Projecci\u00f3 16 de desembre del 2015 a les 20:15.<\/strong><\/p><\/blockquote>\n<h1><\/h1>\n<h1>10. Isabel Viso.<\/h1>\n<blockquote><p><a href=\"https:\/\/fundacionporlajusticia.org\/wp-content\/uploads\/2015\/12\/isabel-viso.jpg\"><img loading=\"lazy\" decoding=\"async\" class=\"alignleft size-medium wp-image-3771\" src=\"https:\/\/fundacionporlajusticia.org\/wp-content\/uploads\/2015\/12\/isabel-viso-300x169.jpg\" alt=\"isabel viso\" width=\"300\" height=\"169\" \/><\/a>EASD.<\/p>\n<p>1:18 minuts.<\/p>\n<p>2015.<\/p>\n<p><strong>Projecci\u00f3 17 de desembre del 2015 a les 18:00.<\/strong><\/p>\n<p>&nbsp;<\/p><\/blockquote>\n<h1>11. \u00c1lvaro Cocera.<\/h1>\n<blockquote><p><img loading=\"lazy\" decoding=\"async\" class=\"alignleft size-medium wp-image-3774\" src=\"https:\/\/fundacionporlajusticia.org\/wp-content\/uploads\/2015\/12\/alvaro-cocera-300x169.jpg\" alt=\"alvaro cocera\" width=\"300\" height=\"169\" \/>EASD.<\/p>\n<p>00:57 minuts.<\/p>\n<p>2015.<\/p>\n<p><strong>Projecci\u00f3 17 de desembre del 2015 a les 18:00.<\/strong><\/p><\/blockquote>\n<h1><\/h1>\n<h1>12. Emilio Mart\u00ed.<\/h1>\n<blockquote><p><img loading=\"lazy\" decoding=\"async\" class=\"alignleft size-medium wp-image-3775\" src=\"https:\/\/fundacionporlajusticia.org\/wp-content\/uploads\/2015\/12\/el-embargo-300x169.jpg\" alt=\"el embargo\" width=\"300\" height=\"169\" \/>\u00c0mbit, Dignitat i just\u00edcia social.<\/p>\n<p>1 minut.<\/p>\n<p>2015.<\/p>\n<p><strong>Projecci\u00f3 18 de desembre del 2015 a les 20:00.<\/strong><\/p><\/blockquote>\n<p>&nbsp;<\/p>\n<ul>\n<li><strong>\u00abEl pati hi \u00e9s\u00bb<\/strong>. Sergio Miguel. Col\u00b7legi Alemany de Val\u00e8ncia. 0:50 minuts. 2015. Projecci\u00f3 17\/12\/2015 a les 20.30.<\/li>\n<li><strong>\u00abA l\u00b4altre costat. Refugees welcome\u00bb<\/strong>. Sergi Moyano. IES Arabista Ribera de Carcaixent. Comissi\u00f3 per a la igualtat. 1:35 minuts. 2015. Projecci\u00f3 18\/12\/2015 a les 18.00.<\/li>\n<li><strong>\u00ab3.000 KM\u00bb<\/strong>. Pablo S\u00e1nchez, Daniel Seg\u00f2via i Jose Sales. Universitat Europea de Val\u00e8ncia. Grau de Dret. 1:51 minuts. Projecci\u00f3 10\/12\/2015 a les 22.30.<\/li>\n<li><strong>\u00abRoses blanques\u00bb<\/strong>. Carolina Branson. Universitat Europea de Val\u00e8ncia. Grau de dret. 2:44 minuts. Projecci\u00f3 10\/12\/2015 a les 22.30.<\/li>\n<li><strong>\u00abHi ha sortida\u00bb<\/strong>. Carla Tamarit. Universitat Europea de Val\u00e8ncia. Grau de dret. 1:34 Projecci\u00f3 10\/12\/2015 a les 22:30.<\/li>\n<li><strong>\u00abMala educaci\u00f3\u00bb<\/strong>. Ada Paus, Yolanda Santiago i Carla Lafuente. Universitat Europea de Val\u00e8ncia. Grau de dret. 00:41 minuts. Projecci\u00f3 10\/12\/2015 a les 22.30.<\/li>\n<li><strong>\u00abDienou\u00bb<\/strong>. Pablo Aguilar i Laura Fraguas. Universitat Europea de Val\u00e8ncia. Grau de dret. 2:22 minuts. 2015. Projecci\u00f3 11\/12\/2015 a les 18:00.<\/li>\n<li><strong>\u00abDarrere del tel\u00f3\u00bb<\/strong>. V\u00edctor G\u00f3mez. Universitat Europea de Val\u00e8ncia. Grau de dret. Universitat Europea de Val\u00e8ncia. Grau de dret. 1:38 minuts. 2015. Projecci\u00f3 12\/12\/2015 a les 18:00.<\/li>\n<\/ul>","protected":false},"excerpt":{"rendered":"<p>Las proyecciones de esta secci\u00f3n ser\u00e1n en La Filmoteca &nbsp; 1.- Cortos Centro Penitenciario Picassent. En el Festival \u00a0se proyectar\u00e1n 4 cortos realizados en el Centro Penitenciario de Picassent en los que han colaborado las productoras \u00abPez en el agua\u00bb junto a Amnist\u00eda Internacional, dirigidos por Mariola Ponce y Christian Feij\u00f3o, y \u00abQuatre Films\u00bb; dirigidos [&hellip;]<\/p>\n","protected":false},"author":2,"featured_media":0,"parent":2028,"menu_order":7,"comment_status":"closed","ping_status":"closed","template":"","meta":{"_et_pb_use_builder":"","_et_pb_old_content":"","_et_gb_content_width":"","_uf_show_specific_survey":0,"_uf_disable_surveys":false,"footnotes":""},"class_list":["post-2751","page","type-page","status-publish","hentry"],"aioseo_notices":[],"_links":{"self":[{"href":"https:\/\/fundacionporlajusticia.org\/va\/wp-json\/wp\/v2\/pages\/2751","targetHints":{"allow":["GET"]}}],"collection":[{"href":"https:\/\/fundacionporlajusticia.org\/va\/wp-json\/wp\/v2\/pages"}],"about":[{"href":"https:\/\/fundacionporlajusticia.org\/va\/wp-json\/wp\/v2\/types\/page"}],"author":[{"embeddable":true,"href":"https:\/\/fundacionporlajusticia.org\/va\/wp-json\/wp\/v2\/users\/2"}],"replies":[{"embeddable":true,"href":"https:\/\/fundacionporlajusticia.org\/va\/wp-json\/wp\/v2\/comments?post=2751"}],"version-history":[{"count":1,"href":"https:\/\/fundacionporlajusticia.org\/va\/wp-json\/wp\/v2\/pages\/2751\/revisions"}],"predecessor-version":[{"id":2880,"href":"https:\/\/fundacionporlajusticia.org\/va\/wp-json\/wp\/v2\/pages\/2751\/revisions\/2880"}],"up":[{"embeddable":true,"href":"https:\/\/fundacionporlajusticia.org\/va\/wp-json\/wp\/v2\/pages\/2028"}],"wp:attachment":[{"href":"https:\/\/fundacionporlajusticia.org\/va\/wp-json\/wp\/v2\/media?parent=2751"}],"curies":[{"name":"wp","href":"https:\/\/api.w.org\/{rel}","templated":true}]}}