{"id":2741,"date":"2015-11-03T17:12:37","date_gmt":"2015-11-03T17:12:37","guid":{"rendered":"https:\/\/fundacionporlajusticia.accesia.info\/es\/?page_id=3092"},"modified":"2022-03-21T16:04:50","modified_gmt":"2022-03-21T16:04:50","slug":"ovo","status":"publish","type":"page","link":"https:\/\/fundacionporlajusticia.org\/va\/humansfest\/seccion-humans\/ovo\/","title":{"rendered":"OVO"},"content":{"rendered":"<table>\n<tbody>\n<tr>\n<td width=\"206\"><img loading=\"lazy\" decoding=\"async\" class=\"aligncenter size-full wp-image-3215\" src=\"https:\/\/fundacionporlajusticia.org\/wp-content\/uploads\/2015\/11\/Ovo_C-659694880-main1.jpg\" alt=\"Ovo_C-659694880-main\" width=\"160\" height=\"229\" \/><\/td>\n<td style=\"width: 376px; vertical-align: top;\" width=\"376\">\n<h1><strong>HISTORY<\/strong><\/h1>\n<p style=\"text-align: justify;\">While a fascist party rises in power, Laurent flees the country. On el road which leads him to the exile, he remembers itself the landmarks which urged him to give up everything.<\/p>\n<\/td>\n<\/tr>\n<tr>\n<td rowspan=\"2\" width=\"206\">\n<h4><strong>Director:<\/strong><\/h4>\n<h4>Alban Sapin<\/h4>\n<h4><strong>Fran\u00e7a 2013<\/strong><\/h4>\n<h4><strong>18 min.<\/strong><\/h4>\n<h4><strong>Gui\u00f3:<\/strong><\/h4>\n<h4>David Decarme<\/h4>\n<h4>Alban Sapin<\/h4>\n<h4><strong>Music:<\/strong><\/h4>\n<h4>St\u00e9phane Baunach<\/h4>\n<h4><strong>Photography:<\/strong><\/h4>\n<h4>Rapha\u00ebl Pannier<\/h4>\n<h4><strong>Stars:<\/strong><\/h4>\n<h4>David Decarme<\/h4>\n<h4>Fouad Aouni<\/h4>\n<h4>Maxime Bailleul<\/h4>\n<h4>Xavier Carrar<\/h4>\n<h4>Christophe Sigognault<\/h4>\n<h4>Xavier Lema\u00eetre<\/h4>\n<h4>Vincent Jouan<\/h4>\n<h4>Carole Andr\u00e9<\/h4>\n<\/td>\n<td width=\"376\">\n<h1><strong>DIRECTOR<\/strong><\/h1>\n<p><img loading=\"lazy\" decoding=\"async\" class=\"size-full wp-image-3217 alignleft\" src=\"https:\/\/fundacionporlajusticia.org\/wp-content\/uploads\/2015\/11\/alban-sapin.jpg\" alt=\"alban-sapin\" width=\"104\" height=\"129\" \/><\/p>\n<p><strong>\u00a0<\/strong><\/td>\n<\/tr>\n<tr>\n<td width=\"376\">\n<h1><strong>FESTIVALS &amp; AWARDS<\/strong><\/h1>\n<ul style=\"list-style-type: square;\">\n<li>Festival Coup\u00e9 Court \u2013 Bordeus \u2013 Premi del jurat<\/li>\n<li>Festival Premiers Courts \u2013 Villeurbanne \u2013 Premi del p\u00fablic<\/li>\n<li>Festival L&#039;\u00c9cran s&#039;\u00e9crit \u2013 Allevard-les-Bains<\/li>\n<li>Festival L&#039;inconnu \u2013 Par\u00eds<\/li>\n<li>Festival Internacional de Cinema de Seattle (Estats Units)<\/li>\n<li>Sedicicurt Festival Internacional de Cinema \u2013 Forli (It\u00e0lia)<\/li>\n<li>Shnit Festival Internacional de Curts \u2013 Berna (Su\u00efssa)<\/li>\n<li>2012: Seminci de Valladolid: Secci\u00f3 Punt de Trobada (curtmetratges)<\/li>\n<li>2013: Festival Internacional de Cinema Molodist de K\u00edev (Ucra\u00efna)<\/li>\n<\/ul>\n<\/td>\n<\/tr>\n<tr>\n<td colspan=\"2\" width=\"581\"><img loading=\"lazy\" decoding=\"async\" class=\"alignleft wp-image-3094\" src=\"https:\/\/fundacionporlajusticia.org\/wp-content\/uploads\/2015\/11\/\u00edndice-300x166.jpg\" alt=\"\u00edndice\" width=\"333\" height=\"185\" \/> <img loading=\"lazy\" decoding=\"async\" class=\"alignleft wp-image-3095\" src=\"https:\/\/fundacionporlajusticia.org\/wp-content\/uploads\/2015\/11\/maxresdefault-300x169.jpg\" alt=\"maxresdefault\" width=\"329\" height=\"185\" \/> <img loading=\"lazy\" decoding=\"async\" class=\"alignleft wp-image-3096\" src=\"https:\/\/fundacionporlajusticia.org\/wp-content\/uploads\/2015\/11\/OVO-HD-1-743x493-300x199.jpg\" alt=\"OVO-HD-1-743x493\" width=\"279\" height=\"185\" \/><\/td>\n<\/tr>\n<\/tbody>\n<\/table>\n<p>&nbsp;<\/p>","protected":false},"excerpt":{"rendered":"<p>HISTORY While a fascist party rises in power, Laurent flees the country. On the road which leads him to the exile, he remembers itself the landmarks which urged him to give up everything. Director: Alban Sapin France 2013 18 min. Gui\u00f3n: David Decarme Alban Sapin Music: St\u00e9phane Baunach Photography: Rapha\u00ebl Pannier Stars: David Decarme Fouad [&hellip;]<\/p>\n","protected":false},"author":2,"featured_media":0,"parent":2717,"menu_order":5,"comment_status":"closed","ping_status":"closed","template":"","meta":{"_et_pb_use_builder":"","_et_pb_old_content":"","_et_gb_content_width":"","_uf_show_specific_survey":0,"_uf_disable_surveys":false,"footnotes":""},"class_list":["post-2741","page","type-page","status-publish","hentry"],"aioseo_notices":[],"_links":{"self":[{"href":"https:\/\/fundacionporlajusticia.org\/va\/wp-json\/wp\/v2\/pages\/2741","targetHints":{"allow":["GET"]}}],"collection":[{"href":"https:\/\/fundacionporlajusticia.org\/va\/wp-json\/wp\/v2\/pages"}],"about":[{"href":"https:\/\/fundacionporlajusticia.org\/va\/wp-json\/wp\/v2\/types\/page"}],"author":[{"embeddable":true,"href":"https:\/\/fundacionporlajusticia.org\/va\/wp-json\/wp\/v2\/users\/2"}],"replies":[{"embeddable":true,"href":"https:\/\/fundacionporlajusticia.org\/va\/wp-json\/wp\/v2\/comments?post=2741"}],"version-history":[{"count":5,"href":"https:\/\/fundacionporlajusticia.org\/va\/wp-json\/wp\/v2\/pages\/2741\/revisions"}],"predecessor-version":[{"id":3445,"href":"https:\/\/fundacionporlajusticia.org\/va\/wp-json\/wp\/v2\/pages\/2741\/revisions\/3445"}],"up":[{"embeddable":true,"href":"https:\/\/fundacionporlajusticia.org\/va\/wp-json\/wp\/v2\/pages\/2717"}],"wp:attachment":[{"href":"https:\/\/fundacionporlajusticia.org\/va\/wp-json\/wp\/v2\/media?parent=2741"}],"curies":[{"name":"wp","href":"https:\/\/api.w.org\/{rel}","templated":true}]}}