{"id":2733,"date":"2015-10-28T16:14:10","date_gmt":"2015-10-28T16:14:10","guid":{"rendered":"https:\/\/fundacionporlajusticia.accesia.info\/es\/?page_id=3017"},"modified":"2022-03-21T16:04:50","modified_gmt":"2022-03-21T16:04:50","slug":"call-me-kuchu","status":"publish","type":"page","link":"https:\/\/fundacionporlajusticia.org\/va\/humansfest\/seccion-humans\/call-me-kuchu\/","title":{"rendered":"CALL EM KUCHU"},"content":{"rendered":"<table>\n<tbody>\n<tr>\n<td width=\"206\"><img loading=\"lazy\" decoding=\"async\" class=\"aligncenter size-medium wp-image-3018\" src=\"https:\/\/fundacionporlajusticia.org\/wp-content\/uploads\/2015\/10\/Call_Me_Kuchu_poster-203x300.jpg\" alt=\"Call_Me_Kuchu_poster\" width=\"203\" height=\"300\" \/><\/td>\n<td width=\"376\">\n<h1>HISTORY<\/h1>\n<p style=\"text-align: justify;\">In Uganda, a new bill threatens to make homosexuality punishable by death. David Kato, Uganda&#039;s first openly gay man, i retirar Anglican Bishop Christopher Senyonjo treballa amb clock per defeat estat-sanctioned homophobia while combatting vicious persecution in thes daily lives. Per\u00f2 no \u00e9s preparat per a la brutal tafaner que shakes els moviments per a les seves cores i sengles xocs waves around the world.<\/p>\n<\/td>\n<\/tr>\n<tr>\n<td rowspan=\"2\" width=\"206\">\n<h4>United States, 2012<\/h4>\n<h4><strong>Original Title:<\/strong><\/h4>\n<h4>Call Me Kuchu (Nazywaj mnie Kuchu)<\/h4>\n<h4><strong>87 minuts.<\/strong><\/h4>\n<h4><strong>Director:<\/strong><\/h4>\n<h4>Katherine Fairfax Wright<\/h4>\n<h4>Malika Zouhali-Worrall<\/h4>\n<h4><strong>Gui\u00f3:<\/strong><\/h4>\n<h4>Katherine Fairfax Wright<\/h4>\n<h4>Malika Zouhali-Worrall<\/h4>\n<h4><strong>Music:<\/strong><\/h4>\n<h4>Jon Mandabach<\/h4>\n<h4><strong>Photography:<\/strong><\/h4>\n<h4>Katherine Fairfax Wright<\/h4>\n<h4><strong>Productora:<\/strong><\/h4>\n<h4>Chicken &amp; Egg<\/h4>\n<h4>Cinereach<\/h4>\n<h4>Catapult Film Fund<\/h4>\n<h4>Frony Line Defenders<\/h4>\n<h4>Puma Creative<\/h4>\n<h4>Film Independent<\/h4>\n<h4>IFP<\/h4>\n<h4>The Bertha Foundation Britdoc<\/h4>\n<h4>Touchstone<\/h4>\n<h4>Lucius and Eva Eastman Fund<\/h4>\n<h4>Frameline<\/h4>\n<p><strong>\u00a0<\/strong><\/td>\n<td style=\"text-align: justify;\" width=\"376\">\n<h1><strong>DIRECTOR<\/strong><\/h1>\n<p style=\"text-align: justify;\"><strong>Katherine Fairfax Wright<\/strong> graduat from Columbia University with double major in Film Studies and Anthropology. S&#039;han produ\u00eft GABI ON THE ROOF IN JULY (2010), associat-produ\u00eft award-winning documentary LUMO, i ha treballat en la producci\u00f3 de rols en severs o altres films. She is also an award-winning photographer. Katherine \u00e9s a Chaz &amp; Roger Ebert Directing Fellow, com a alumnes de Film Independent Documentary Lab, Garrett Scott Documentary Development Grant en Full Frame, i Film Independent Producing Lab. New Faces of Independent Film. She is currently producing Malik Vitthal&#039;s Watts-set g\u00e0ngster drama IMPERIAL DREAMS<\/p>\n<p><strong>Malika Zouhali-Worrall<\/strong> is an award-winning filmmaker of British\/Moroccan origin. Malika \u00e9s Chaz &amp; Roger Ebert Directing Fellow i alumnes de Film Independent Documentary Lab, Tribeca All Access program, Firelight Media Producer&#039;s Lab, i Garrett Scott Documentary Development Grant al Full Frame Documentary Festival. El 2012, Filmmaker Magazine anomena Malika una de les 25 noves faces de Film independent. scholarship from the Entente Cordiale Scheme. Malika&#039;s current film, THANK YOU FOR PLAYING, directe and produced in partnership with David Osit, tells story of Ryan Green, en indie video game developer que es building a video game sobre la terminally ill young son. El film \u00e9s ITVS\/POV co-production and premiered at el 2015 Tribeca Film Festival.<\/td>\n<\/tr>\n<tr>\n<td width=\"376\">\n<h1><strong>FESTIVALS &amp; AWARDS<\/strong><\/h1>\n<ul style=\"list-style-type: square;\">\n<li>Best Documentary Teddy Award Berlin Film Festival 2012<\/li>\n<li>Cinema Fairbindet Prize Berlin Film Festival 2012<\/li>\n<li>Best International Feature Hot Docs 2012<\/li>\n<li>AT&amp;T Audience Award Frameline Film Festival 2012<\/li>\n<li>Amnesty International Human Rights Aeard Durban Film Festival 2012<\/li>\n<li>Human Rights Award DoKufest Prizen, Kosovo 2012<\/li>\n<li>Victor Rabinotz Award for Social Justice, Hampons Int&#039;l Film Festival 2012<\/li>\n<li>Best Documentary Madrid LBGT Film Festival 2012<\/li>\n<li>Best Documentary feature Austin LGBT Film Festival 2012<\/li>\n<li>Best Documentary Santa Fe Independent Film Festival 2012<\/li>\n<li>Audience Award Watchdocs Film Festival 2012<\/li>\n<li>Audience Award Freiburg Gay Film Festival 2012<\/li>\n<li>Audience Award Torino GLBT Film Festival 2012<\/li>\n<li>Audience Award Hamburg Queer Film Festival 2012<\/li>\n<li>Audience Award Madrid LGBT Film Festival 2012<\/li>\n<li>Audience Award Seattle LGBT Film Festival 2012<\/li>\n<\/ul>\n<\/td>\n<\/tr>\n<tr>\n<td colspan=\"2\" width=\"581\"><iframe loading=\"lazy\" src=\"https:\/\/player.vimeo.com\/video\/27391482\" width=\"1040\" height=\"585\" frameborder=\"0\" allowfullscreen=\"allowfullscreen\"><\/iframe><\/td>\n<\/tr>\n<tr>\n<td colspan=\"2\" width=\"581\">\u00a0<img loading=\"lazy\" decoding=\"async\" class=\"alignleft wp-image-3019\" src=\"https:\/\/fundacionporlajusticia.org\/wp-content\/uploads\/2015\/10\/1-300x200.jpg\" alt=\"1\" width=\"488\" height=\"325\" \/> <img loading=\"lazy\" decoding=\"async\" class=\"alignright wp-image-3020\" src=\"https:\/\/fundacionporlajusticia.org\/wp-content\/uploads\/2015\/10\/2-300x200.jpg\" alt=\"2\" width=\"488\" height=\"325\" \/><\/td>\n<\/tr>\n<\/tbody>\n<\/table>\n<p>&nbsp;<\/p>","protected":false},"excerpt":{"rendered":"<p>HISTORY In Uganda, a new bill threatens to make homosexuality punishable by death. David Kato, Uganda\u2019s first openly gay man, and retired Anglican Bishop Christopher Senyonjo work against the clock to defeat state-sanctioned homophobia while combatting vicious persecution in their daily lives. But no one is prepared for the brutal murder that shakes their movement [&hellip;]<\/p>\n","protected":false},"author":2,"featured_media":0,"parent":2717,"menu_order":2,"comment_status":"closed","ping_status":"closed","template":"","meta":{"_et_pb_use_builder":"","_et_pb_old_content":"","_et_gb_content_width":"","_uf_show_specific_survey":0,"_uf_disable_surveys":false,"footnotes":""},"class_list":["post-2733","page","type-page","status-publish","hentry"],"aioseo_notices":[],"_links":{"self":[{"href":"https:\/\/fundacionporlajusticia.org\/va\/wp-json\/wp\/v2\/pages\/2733","targetHints":{"allow":["GET"]}}],"collection":[{"href":"https:\/\/fundacionporlajusticia.org\/va\/wp-json\/wp\/v2\/pages"}],"about":[{"href":"https:\/\/fundacionporlajusticia.org\/va\/wp-json\/wp\/v2\/types\/page"}],"author":[{"embeddable":true,"href":"https:\/\/fundacionporlajusticia.org\/va\/wp-json\/wp\/v2\/users\/2"}],"replies":[{"embeddable":true,"href":"https:\/\/fundacionporlajusticia.org\/va\/wp-json\/wp\/v2\/comments?post=2733"}],"version-history":[{"count":5,"href":"https:\/\/fundacionporlajusticia.org\/va\/wp-json\/wp\/v2\/pages\/2733\/revisions"}],"predecessor-version":[{"id":3442,"href":"https:\/\/fundacionporlajusticia.org\/va\/wp-json\/wp\/v2\/pages\/2733\/revisions\/3442"}],"up":[{"embeddable":true,"href":"https:\/\/fundacionporlajusticia.org\/va\/wp-json\/wp\/v2\/pages\/2717"}],"wp:attachment":[{"href":"https:\/\/fundacionporlajusticia.org\/va\/wp-json\/wp\/v2\/media?parent=2733"}],"curies":[{"name":"wp","href":"https:\/\/api.w.org\/{rel}","templated":true}]}}