{"id":2717,"date":"2015-10-28T11:51:13","date_gmt":"2015-10-28T11:51:13","guid":{"rendered":"https:\/\/fundacionporlajusticia.accesia.info\/es\/?page_id=2969"},"modified":"2022-03-21T17:16:53","modified_gmt":"2022-03-21T17:16:53","slug":"seccion-humans","status":"publish","type":"page","link":"https:\/\/fundacionporlajusticia.org\/va\/humansfest\/seccion-humans\/","title":{"rendered":"EDICI\u00d3 2016 \u2013 SECCI\u00d3 ZINEGOAK"},"content":{"rendered":"<blockquote>\n<h1><a href=\"https:\/\/fundacionporlajusticia.org\/es\/a-escondidas\/\"><img loading=\"lazy\" decoding=\"async\" class=\"alignleft wp-image-2989 size-thumbnail\" src=\"https:\/\/fundacionporlajusticia.org\/wp-content\/uploads\/2015\/10\/fotograma-18-150x150.jpg\" alt=\"fotograma-18\" width=\"150\" height=\"150\" \/><\/a>\u00a0<a href=\"https:\/\/fundacionporlajusticia.org\/es\/a-escondidas\/\" target=\"_blank\" rel=\"noopener\">A AMAGADES<\/a><\/h1>\n<p>Director: Mikel Rueda<\/p>\n<p>Espanya 2014<\/p>\n<p>92 min.<\/p><\/blockquote>\n<h1><\/h1>\n<blockquote>\n<h1><a href=\"https:\/\/fundacionporlajusticia.org\/es\/call-me-kuchu\/\" target=\"_blank\" rel=\"noopener\"><img loading=\"lazy\" decoding=\"async\" class=\"alignleft wp-image-2991 size-thumbnail\" src=\"https:\/\/fundacionporlajusticia.org\/wp-content\/uploads\/2015\/10\/callmekuchu2_filmstill_highres_300-150x150.jpg\" alt=\"callmekuchu2_filmstill_highres_300\" width=\"150\" height=\"150\" \/>CALL EM KUCHU<\/a><\/h1>\n<p>Director: Katherine Fairfax Wright, Malika Zouhali-Worrall<\/p>\n<p>Estats Units 2012<\/p>\n<p>87 min.<\/p><\/blockquote>\n<h1>CURTMETRATGES<\/h1>\n<blockquote>\n<h1><img loading=\"lazy\" decoding=\"async\" class=\"alignleft wp-image-3653 size-thumbnail\" src=\"https:\/\/fundacionporlajusticia.org\/wp-content\/uploads\/2015\/10\/samaritanen-150x150.jpg\" alt=\"samaritanen\" width=\"150\" height=\"150\" \/><a href=\"https:\/\/fundacionporlajusticia.org\/es\/samaritanen\/\">SAMARITANEN<\/a><\/h1>\n<p>Director: Magnus Mork<\/p>\n<p>Noruega 2010<\/p>\n<p>30 min.<\/p><\/blockquote>\n<blockquote>\n<h1><a href=\"https:\/\/fundacionporlajusticia.org\/es\/vera-lara-y-visas\/\"><img loading=\"lazy\" decoding=\"async\" class=\"alignleft wp-image-3077 size-thumbnail\" src=\"https:\/\/fundacionporlajusticia.org\/wp-content\/uploads\/2015\/10\/veralara-y-visas-150x150.jpg\" alt=\"vera,lara y visas\" width=\"150\" height=\"150\" \/><\/a><a href=\"https:\/\/fundacionporlajusticia.org\/es\/vera-lara-y-visas\/\">VERA, LARA I VISATS<\/a><\/h1>\n<p>Directora: Xiana Garc\u00eda Freire<\/p>\n<p>Espanya 2011<\/p>\n<p>14 min.<\/p><\/blockquote>\n<h1>CURTMETRATGES DE FICCI\u00d3<\/h1>\n<blockquote>\n<h1><a href=\"https:\/\/fundacionporlajusticia.org\/es\/ovo\/\"><img loading=\"lazy\" decoding=\"async\" class=\"alignleft wp-image-3078 size-thumbnail\" src=\"https:\/\/fundacionporlajusticia.org\/wp-content\/uploads\/2015\/10\/maxresdefault-150x150.jpg\" alt=\"maxresdefault\" width=\"150\" height=\"150\" \/><\/a><a href=\"https:\/\/fundacionporlajusticia.org\/es\/ovo\/\">OVO<\/a><\/h1>\n<p>Director: Alban Sapin<\/p>\n<p>Fran\u00e7a 2013<\/p>\n<p>18 min.<\/p>\n<p>&nbsp;<\/p><\/blockquote>\n<blockquote>\n<h1><a href=\"https:\/\/fundacionporlajusticia.org\/es\/el-falometro\/\"><img loading=\"lazy\" decoding=\"async\" class=\"alignleft wp-image-3079 size-thumbnail\" src=\"https:\/\/fundacionporlajusticia.org\/wp-content\/uploads\/2015\/10\/381841l-150x150.jpg\" alt=\"381841l\" width=\"150\" height=\"150\" \/><\/a><a href=\"https:\/\/fundacionporlajusticia.org\/es\/el-falometro\/\" target=\"_blank\" rel=\"noopener\">DAS PHALLOMETER<\/a><\/h1>\n<p>Director: Tor Iben<\/p>\n<p>Alemanya 2014<\/p>\n<p>7 min.<\/p>\n<p class=\"p1\">\n<\/blockquote>\n<p class=\"p1\">\u00a0 \u00a0 \u00a0 \u00a0 \u00a0 <img loading=\"lazy\" decoding=\"async\" class=\"alignright size-thumbnail wp-image-3660\" src=\"https:\/\/fundacionporlajusticia.org\/wp-content\/uploads\/2015\/10\/ZINEGOAK-150x150.jpg\" alt=\"ZINEGOAK\" width=\"150\" height=\"150\" \/><\/p>\n<blockquote>\n<p class=\"p1\">\u00a0 \u00a0 \u00a0 \u00a0 \u00a0 \u00a0 \u00a0 \u00a0 \u00a0 \u00a0 \u00a0 \u00a0 \u00a0 \u00a0 \u00a0 \u00a0 \u00a0 \u00a0 \u00a0 \u00a0 \u00a0 \u00a0\u00a0<a href=\"https:\/\/fundacionporlajusticia.org\/wp-content\/uploads\/2015\/10\/HumansFest_MuVIM2.pdf\">Descarrega aqu\u00ed la programaci\u00f3<\/a> de la secci\u00f3 Zinegoak de l&#039;Humans Fest<\/p>\n<\/blockquote>","protected":false},"excerpt":{"rendered":"<p>\u00a0A ESCONDIDAS Director: Mikel Rueda Espa\u00f1a 2014 92 min. CALL ME KUCHU Director: Katherine Fairfax Wright, Malika Zouhali-Worrall Estados Unidos 2012 87 min. CORTOMETRAJES SAMARITANEN Director: Magnus Mork Noruega 2010 30 min. VERA, LARA Y VISADOS Directora: Xiana Garc\u00eda Freire Espa\u00f1a 2011 14 min. CORTOMETRAJES DE FICCI\u00d3N OVO Director:\u00a0Alban Sapin Francia\u00a02013 18 min. &nbsp; DAS [&hellip;]<\/p>\n","protected":false},"author":2,"featured_media":0,"parent":442,"menu_order":5,"comment_status":"closed","ping_status":"closed","template":"","meta":{"_et_pb_use_builder":"","_et_pb_old_content":"","_et_gb_content_width":"","_uf_show_specific_survey":0,"_uf_disable_surveys":false,"footnotes":""},"class_list":["post-2717","page","type-page","status-publish","hentry"],"aioseo_notices":[],"_links":{"self":[{"href":"https:\/\/fundacionporlajusticia.org\/va\/wp-json\/wp\/v2\/pages\/2717","targetHints":{"allow":["GET"]}}],"collection":[{"href":"https:\/\/fundacionporlajusticia.org\/va\/wp-json\/wp\/v2\/pages"}],"about":[{"href":"https:\/\/fundacionporlajusticia.org\/va\/wp-json\/wp\/v2\/types\/page"}],"author":[{"embeddable":true,"href":"https:\/\/fundacionporlajusticia.org\/va\/wp-json\/wp\/v2\/users\/2"}],"replies":[{"embeddable":true,"href":"https:\/\/fundacionporlajusticia.org\/va\/wp-json\/wp\/v2\/comments?post=2717"}],"version-history":[{"count":6,"href":"https:\/\/fundacionporlajusticia.org\/va\/wp-json\/wp\/v2\/pages\/2717\/revisions"}],"predecessor-version":[{"id":3536,"href":"https:\/\/fundacionporlajusticia.org\/va\/wp-json\/wp\/v2\/pages\/2717\/revisions\/3536"}],"up":[{"embeddable":true,"href":"https:\/\/fundacionporlajusticia.org\/va\/wp-json\/wp\/v2\/pages\/442"}],"wp:attachment":[{"href":"https:\/\/fundacionporlajusticia.org\/va\/wp-json\/wp\/v2\/media?parent=2717"}],"curies":[{"name":"wp","href":"https:\/\/api.w.org\/{rel}","templated":true}]}}