{"id":2711,"date":"2015-09-17T12:23:08","date_gmt":"2015-09-17T12:23:08","guid":{"rendered":"https:\/\/fundacionporlajusticia.accesia.info\/?page_id=1099"},"modified":"2022-03-21T16:04:34","modified_gmt":"2022-03-21T16:04:34","slug":"syria-selfportrait","status":"publish","type":"page","link":"https:\/\/fundacionporlajusticia.org\/va\/humansfest\/2016-vii-edicion\/pases-especiales-3\/syria-selfportrait\/","title":{"rendered":"SYRIA SELFPORTRAIT"},"content":{"rendered":"<table>\n<tbody>\n<tr>\n<td width=\"206\"><img loading=\"lazy\" decoding=\"async\" class=\"aligncenter size-medium wp-image-1312\" src=\"https:\/\/fundacionporlajusticia.org\/wp-content\/uploads\/2015\/09\/SYRIA1-186x300.jpg\" alt=\"SYRIA\" width=\"186\" height=\"300\" \/><\/td>\n<td style=\"width: 376px; vertical-align: top;\" width=\"376\">\n<h1><strong>HISTORY<\/strong><\/h1>\n<p style=\"text-align: justify;\">In Syria, everyday, YouTubers film then die; others kill then film. In Paris, driven per la meva unexhaustible love per Syria, I find that I can only film el sky i editar el footage posted. From within the tension between my estrangement in France and the revolution, an encounter happenned. A young Kurdish woman from Homs beguen to chat with me, asking: &#039;If your camera were here, in Homs, what would you be filming?&#039;. Silvered Water is the story of that encounter.<\/p>\n<\/td>\n<\/tr>\n<tr>\n<td rowspan=\"2\" width=\"206\">\n<h2><strong>Friday, 18 th december 20.00 h.<\/strong><\/h2>\n<h4><strong style=\"font-family: inherit; font-size: inherit; line-height: 1.5;\">Original Title:<\/strong><\/h4>\n<h4>Ma&#039;a al-Fidda, Eau Argent\u00e8e, Syrie Autoportrait<\/h4>\n<h4><strong>Director:<\/strong><\/h4>\n<h4>Ossama Mohammed<\/h4>\n<h4>Wiam Simav Bedirxan<\/h4>\n<h4><\/h4>\n<h4>(Silvered Water, Syria Self-Portrait)<\/h4>\n<h4><strong>92 min.<\/strong><\/h4>\n<h4><strong>S\u00edria, Fran\u00e7a 2014<\/strong><\/h4>\n<h4><strong>Language: A<\/strong>r\u00e0bic<\/h4>\n<h4><strong>Gui\u00f3 i di\u00e0legs:<\/strong><br \/>\nWiam Simav Bedirxan<br \/>\n<strong>Fotografia:<\/strong><br \/>\nWiam Simav Bedirxan<br \/>\nOssama Mohammed i milers de sirians<br \/>\n<strong>Music:<\/strong> Noma Omran<br \/>\n<strong>Muntatge:<\/strong> Mesioun Assad<br \/>\n<strong>Sound:<\/strong> Rapha\u00ebl Girardot<br \/>\n<strong>Productors:<\/strong><br \/>\nSerge Lalou<br \/>\nCamille Laemle<br \/>\nOrwa Niravia<br \/>\nDiana El Jeiroudi<br \/>\n<strong>Production:<\/strong><br \/>\nProaction Film<br \/>\nLes Films d&#039;Ici<br \/>\n<strong>Distribution:<\/strong><br \/>\nPaco Poch Cinema<\/h4>\n<\/td>\n<td width=\"376\">\n<h1>DIRECTOR<\/h1>\n<p style=\"text-align: justify;\"><strong>Ossama Mohammed,<\/strong> a refugee in France since May 2011, helplessly observes el llac de reacci\u00f3 dels internacions de la ciutat de la ciutat, Syria. El film director already raised la pregunta d&#039;indoctrination per la Ba&#039;ath party in 1978, in\u00a0<em>Step by step<\/em>, a tall en black and white daily life in a peasant village in Syria. Ossama Mohammed, a refuge in France since May 2011, helplessly observes la lacta de reacci\u00f3 dels internacions de la ciutat cap a la ciutat, S\u00edria. A s\u00e8ries d&#039;imatges d&#039;Internet, harsh and often unbearable, obtained YouTubers in Syria, han estat usades com a source for the documentary.<img loading=\"lazy\" decoding=\"async\" class=\"aligncenter size-full wp-image-1734\" src=\"https:\/\/fundacionporlajusticia.org\/wp-content\/uploads\/2015\/09\/los-dosjuntos2.jpg\" alt=\"los dosjuntos2\" width=\"640\" height=\"427\" \/>One of these YouTubers \u00e9s a Young female film director, brave and committed. Silvered water (which is the interpretation of <strong>Wiam Simav Bedirxan&#039;<\/strong>El nom de Kurdish) \u00e9s born de les relations entre aquell woman living a l&#039;horror d&#039;Homs, resisteix el seu dret a la seva manera de caminar, i \u201cold\u201d refuge film-maker. Aquesta \u00e9s una m\u00e0ster, mentre que \u201cdiscovered free cinema i nova faceta de Syria\u201d, la seva faceta de country devastatada per bombas dropped per Bachar Al-Assad&#039;s army, que ha already killed over 150,000 people. atically indifferent per aquest tragic events, mitjan\u00e7ant documentary que \u00e9s touching, bloody and heart-rending.<\/p>\n<\/td>\n<\/tr>\n<tr>\n<td width=\"376\">\n<h1><strong>FESTIVALS &amp; AWARDS<\/strong><\/h1>\n<ul style=\"list-style-type: square;\">\n<li>Winner of the Best Documentary award at the London Film Festival 2014<\/li>\n<li>Festival de Cannes: Secci\u00f3 Oficial -Fora de Concurs<\/li>\n<li>Festival de Toronto: Secci\u00f3 Oficial<\/li>\n<li>Festival de Sevilla: Les Noves Onades \u2013 No Ficci\u00f3<\/li>\n<li>London Festival: Best Documentary<\/li>\n<\/ul>\n<\/td>\n<\/tr>\n<tr>\n<td colspan=\"2\" width=\"581\"><iframe loading=\"lazy\" src=\"https:\/\/player.vimeo.com\/video\/122510117?color=ffffff\" width=\"1040\" height=\"585\" frameborder=\"0\" allowfullscreen=\"allowfullscreen\"><\/iframe><\/td>\n<\/tr>\n<tr>\n<td colspan=\"2\" width=\"581\"><a href=\"https:\/\/fundacionporlajusticia.org\/wp-content\/uploads\/2015\/09\/SSP_04.jpg\"><img loading=\"lazy\" decoding=\"async\" class=\"alignleft wp-image-1746\" src=\"https:\/\/fundacionporlajusticia.org\/wp-content\/uploads\/2015\/09\/SSP_04-300x169.jpg\" alt=\"SSP_04\" width=\"320\" height=\"180\" \/><\/a> <a href=\"https:\/\/fundacionporlajusticia.org\/wp-content\/uploads\/2015\/09\/SSP_02.jpg\"><img loading=\"lazy\" decoding=\"async\" class=\"alignleft wp-image-1745\" src=\"https:\/\/fundacionporlajusticia.org\/wp-content\/uploads\/2015\/09\/SSP_02-300x169.jpg\" alt=\"SSP_02\" width=\"320\" height=\"180\" \/><\/a> <a href=\"https:\/\/fundacionporlajusticia.org\/wp-content\/uploads\/2015\/09\/SSP_01.jpg\"><img loading=\"lazy\" decoding=\"async\" class=\"alignleft wp-image-1744\" src=\"https:\/\/fundacionporlajusticia.org\/wp-content\/uploads\/2015\/09\/SSP_01-300x201.jpg\" alt=\"SSP_01\" width=\"269\" height=\"180\" \/><\/a><\/td>\n<\/tr>\n<\/tbody>\n<\/table>\n<p>&nbsp;<\/p>","protected":false},"excerpt":{"rendered":"<p>HISTORY In Syria, everyday, YouTubers film then die; others kill then film.\u00a0In Paris, driven by my unexhaustible love for Syria, I find that I can only film the sky and edit the footage posted.\u00a0From within the tension between my estrangement in France and the revolution, an encounter happenned. A young Kurdish woman from Homs began [&hellip;]<\/p>\n","protected":false},"author":2,"featured_media":0,"parent":2693,"menu_order":3,"comment_status":"closed","ping_status":"closed","template":"","meta":{"_et_pb_use_builder":"","_et_pb_old_content":"","_et_gb_content_width":"","_uf_show_specific_survey":0,"_uf_disable_surveys":false,"footnotes":""},"class_list":["post-2711","page","type-page","status-publish","hentry"],"aioseo_notices":[],"_links":{"self":[{"href":"https:\/\/fundacionporlajusticia.org\/va\/wp-json\/wp\/v2\/pages\/2711","targetHints":{"allow":["GET"]}}],"collection":[{"href":"https:\/\/fundacionporlajusticia.org\/va\/wp-json\/wp\/v2\/pages"}],"about":[{"href":"https:\/\/fundacionporlajusticia.org\/va\/wp-json\/wp\/v2\/types\/page"}],"author":[{"embeddable":true,"href":"https:\/\/fundacionporlajusticia.org\/va\/wp-json\/wp\/v2\/users\/2"}],"replies":[{"embeddable":true,"href":"https:\/\/fundacionporlajusticia.org\/va\/wp-json\/wp\/v2\/comments?post=2711"}],"version-history":[{"count":5,"href":"https:\/\/fundacionporlajusticia.org\/va\/wp-json\/wp\/v2\/pages\/2711\/revisions"}],"predecessor-version":[{"id":3439,"href":"https:\/\/fundacionporlajusticia.org\/va\/wp-json\/wp\/v2\/pages\/2711\/revisions\/3439"}],"up":[{"embeddable":true,"href":"https:\/\/fundacionporlajusticia.org\/va\/wp-json\/wp\/v2\/pages\/2693"}],"wp:attachment":[{"href":"https:\/\/fundacionporlajusticia.org\/va\/wp-json\/wp\/v2\/media?parent=2711"}],"curies":[{"name":"wp","href":"https:\/\/api.w.org\/{rel}","templated":true}]}}