{"id":2687,"date":"2015-09-24T17:13:48","date_gmt":"2015-09-24T17:13:48","guid":{"rendered":"https:\/\/fundacionporlajusticia.accesia.info\/?page_id=1429"},"modified":"2022-03-21T16:04:33","modified_gmt":"2022-03-21T16:04:33","slug":"padre","status":"publish","type":"page","link":"https:\/\/fundacionporlajusticia.org\/va\/humansfest\/seccion-cortometrajes\/padre\/","title":{"rendered":"PARE"},"content":{"rendered":"<table>\n<tbody>\n<tr>\n<td width=\"206\"><img loading=\"lazy\" decoding=\"async\" class=\"aligncenter size-medium wp-image-1998\" src=\"https:\/\/fundacionporlajusticia.org\/wp-content\/uploads\/2015\/09\/cartel-de-padre-santiago-bou-300x169.jpg\" alt=\"cartel de padre-santiago bou\" width=\"300\" height=\"169\" \/><\/td>\n<td style=\"width: 376px; vertical-align: top;\" width=\"376\">\n<h1><strong>HISTORY<\/strong><\/h1>\n<p style=\"text-align: justify;\">Argentina, 1983. A woman dedicated his life to caring for her father, a high official of the army. El dia de routine est\u00e0 marcat per ring de cl\u00e0usules que cont\u00ednuament ratlla les seves activitats, reduint la pres\u00e8ncia de les dones en aquest temps warning.<\/p>\n<\/td>\n<\/tr>\n<tr>\n<td rowspan=\"2\" width=\"206\">\n<h2><strong>Thursday, 10 th december 22.30 h.<\/strong><\/h2>\n<h4><strong style=\"font-family: inherit; font-size: inherit; line-height: 1.5;\">Argentina-France, 2013<\/strong><\/h4>\n<h4><strong>Directed by:<\/strong><\/h4>\n<h4>Santiago Bou Grasso<\/h4>\n<h4><strong>12 minuts.<\/strong><\/h4>\n<h4><strong>Associate Producer: <\/strong><\/h4>\n<h4>Dora Benousilio<\/h4>\n<h4><strong>Produir:<\/strong><\/h4>\n<h4>Santiago Bou Grasso<\/h4>\n<h4><strong>Sound:<\/strong><\/h4>\n<h4>St\u00e9phane de Rocquigny<\/h4>\n<h4><strong>Edition:<\/strong><\/h4>\n<h4>Santiago Bou Grasso<\/h4>\n<h4>\u00c1lvaro Yebra<\/h4>\n<h4><strong>Scenography:<\/strong><\/h4>\n<h4>Santiago Bou Grasso<\/h4>\n<h4><strong>Costum Designer: <\/strong><\/h4>\n<h4>Nathalia Acosta<\/h4>\n<h4><strong>Screenwriter: <\/strong><\/h4>\n<h4>Santiago Bou Grasso<\/h4>\n<h4><strong>Cinematographer:<\/strong><\/h4>\n<h4>Sergio Pi\u00f1eyro<\/h4>\n<h4><strong>Production Director:<\/strong><\/h4>\n<h4>Jean-Bernard Andro<\/h4>\n<h4><strong>Sound:<\/strong><\/h4>\n<h4>Alexandre Lormeau<\/h4>\n<h4>\u00c1lvaro Yebra<\/h4>\n<h4><strong>Music:<\/strong><\/h4>\n<h4>Lucas Nokotian,<\/h4>\n<h4>Federico Meier<\/h4>\n<h4><strong>Mixer:<\/strong><\/h4>\n<h4>Alexandre Lormeau<\/h4>\n<\/td>\n<td width=\"376\">\n<h1><strong>DIRECTOR<\/strong><\/h1>\n<p style=\"text-align: justify;\"><strong><img loading=\"lazy\" decoding=\"async\" class=\"alignright wp-image-2175 size-medium\" src=\"https:\/\/fundacionporlajusticia.org\/wp-content\/uploads\/2015\/09\/santiago-bou-grasso-padre-300x169.jpg\" alt=\"santiago bou grasso-padre\" width=\"300\" height=\"169\" \/>Santiago Bou Grasso<\/strong>\u00a0is 2D animator, filmmaker and illustrator of Argentine comics.<\/p>\n<\/td>\n<\/tr>\n<tr>\n<td width=\"376\">\n<h1><strong>FESTIVALS &amp; AWARDS\u00a0<\/strong><\/h1>\n<ul style=\"list-style-type: square;\">\n<li>Premi Animax (Maced\u00f2nia, 2014)<\/li>\n<li>Premi Festival de Cinema de Badalona (Filmest) \u2013 2014<\/li>\n<li>Premi Festival Internacional de Curts d&#039;Osca<\/li>\n<li>2014: Segon Premi del Concurs Iberoameric\u00e0 Francisco Garc\u00eda de Paso Award<\/li>\n<li>Festival internacional de cinema d&#039;animaci\u00f3 de Krok (Ucra\u00efna, 2015)<\/li>\n<li>Selecci\u00f3 Competici\u00f3 internacional Brussels Short Film Festival \u2013 2015<\/li>\n<li>Selecci\u00f3 Festival Internacional de Curtmetratges d&#039;Istanbul \u2013 2014<\/li>\n<li>Selecci\u00f3 Oficial Certamen Internacional de Curts Ciutat de Soria \u2013 2014<\/li>\n<li>Selecci\u00f3 Competici\u00f3 Internacional Curtacinema 2014 de Brasil.<\/li>\n<li>Selecci\u00f3 Fora de concurs Multivisi\u00f3 \u2013 (R\u00fassia, 2014)<\/li>\n<li>Selecci\u00f3 del Festival Internacional de Cinema d&#039;Animaci\u00f3 de Ginebra (Animatou) \u2013 2014<\/li>\n<li>Selecci\u00f3 Competici\u00f3 internacional Festival Internacional d&#039;Animaci\u00f3 d&#039;Ottawa \u2013 2014<\/li>\n<li>Selecci\u00f3 del Festival Internacional d&#039;Animaci\u00f3 d&#039;Hiroshima \u2013 2014<\/li>\n<li>Selecci\u00f3 Festival Internacional de Curtmetratges de S\u00e3o Paulo \u2013 2014<\/li>\n<li>Selecci\u00f3 Festival de Cinema d&#039;Animaci\u00f3 de Seul \u2013 2014<\/li>\n<li>Selecci\u00f3 Competici\u00f3 internacional Anima Mundi \u2013 Rio de Janeiro \u2013 S\u00f3n Paulo<br \/>\nAnnecy International Animation Film Festival 2014<\/li>\n<li>Selecci\u00f3 Competici\u00f3 oficial Trickfilm. Festival Internacional Cinema d&#039;Animaci\u00f3 Stuttgart<\/li>\n<li>Selecci\u00f3 Competici\u00f3 internacional Festival internacional de curtmetratge de Nimega<\/li>\n<li>Selecci\u00f3 Competici\u00f3 europea Festival Mediterrani de Nous Directors de Larissa<\/li>\n<li>Selecci\u00f3 Competici\u00f3 Internacional Festival de Cinema de Lanzarote \u2013 2014<br \/>\nFestival de Cinema de Lanzarote (Espanya, 2014)<\/li>\n<li>Selecci\u00f3 Anima \u2013 (B\u00e8lgica, 2014)<\/li>\n<li>Selecci\u00f3 Competici\u00f3 internacional de films professionals Festival Internacional de Cinema de Rotterdam \u2013 2014<\/li>\n<\/ul>\n<\/td>\n<\/tr>\n<tr>\n<td colspan=\"2\" width=\"581\"><iframe loading=\"lazy\" src=\"https:\/\/player.vimeo.com\/video\/73650274\" width=\"1040\" height=\"585\" frameborder=\"0\" allowfullscreen=\"allowfullscreen\"><\/iframe><\/td>\n<\/tr>\n<tr>\n<td colspan=\"2\" width=\"581\"><img loading=\"lazy\" decoding=\"async\" class=\"alignleft wp-image-2171\" src=\"https:\/\/fundacionporlajusticia.org\/wp-content\/uploads\/2015\/09\/padre-1-300x169.jpg\" alt=\"padre (1)\" width=\"317\" height=\"178\" \/> <img loading=\"lazy\" decoding=\"async\" class=\"alignleft wp-image-2172\" src=\"https:\/\/fundacionporlajusticia.org\/wp-content\/uploads\/2015\/09\/padre-2-300x169.jpg\" alt=\"padre (2)\" width=\"317\" height=\"178\" \/> <img loading=\"lazy\" decoding=\"async\" class=\"alignleft wp-image-2173\" src=\"https:\/\/fundacionporlajusticia.org\/wp-content\/uploads\/2015\/09\/padre-300x169.jpg\" alt=\"padre\" width=\"317\" height=\"178\" \/><\/td>\n<\/tr>\n<\/tbody>\n<\/table>","protected":false},"excerpt":{"rendered":"<p>HISTORY Argentina, 1983. A woman dedicated his life to caring for her father, a high official of the army. The daily routine is marked by the ringing of a clock that continuously rate each of their activities , reducing the presence of women at this time warning. Thursday, 10 th december 22.30 h. Argentina-France, 2013 [&hellip;]<\/p>\n","protected":false},"author":2,"featured_media":0,"parent":1068,"menu_order":10,"comment_status":"closed","ping_status":"closed","template":"","meta":{"_et_pb_use_builder":"","_et_pb_old_content":"","_et_gb_content_width":"","_uf_show_specific_survey":0,"_uf_disable_surveys":false,"footnotes":""},"class_list":["post-2687","page","type-page","status-publish","hentry"],"aioseo_notices":[],"_links":{"self":[{"href":"https:\/\/fundacionporlajusticia.org\/va\/wp-json\/wp\/v2\/pages\/2687","targetHints":{"allow":["GET"]}}],"collection":[{"href":"https:\/\/fundacionporlajusticia.org\/va\/wp-json\/wp\/v2\/pages"}],"about":[{"href":"https:\/\/fundacionporlajusticia.org\/va\/wp-json\/wp\/v2\/types\/page"}],"author":[{"embeddable":true,"href":"https:\/\/fundacionporlajusticia.org\/va\/wp-json\/wp\/v2\/users\/2"}],"replies":[{"embeddable":true,"href":"https:\/\/fundacionporlajusticia.org\/va\/wp-json\/wp\/v2\/comments?post=2687"}],"version-history":[{"count":5,"href":"https:\/\/fundacionporlajusticia.org\/va\/wp-json\/wp\/v2\/pages\/2687\/revisions"}],"predecessor-version":[{"id":3434,"href":"https:\/\/fundacionporlajusticia.org\/va\/wp-json\/wp\/v2\/pages\/2687\/revisions\/3434"}],"up":[{"embeddable":true,"href":"https:\/\/fundacionporlajusticia.org\/va\/wp-json\/wp\/v2\/pages\/1068"}],"wp:attachment":[{"href":"https:\/\/fundacionporlajusticia.org\/va\/wp-json\/wp\/v2\/media?parent=2687"}],"curies":[{"name":"wp","href":"https:\/\/api.w.org\/{rel}","templated":true}]}}