{"id":2681,"date":"2015-09-24T17:13:28","date_gmt":"2015-09-24T17:13:28","guid":{"rendered":"https:\/\/fundacionporlajusticia.accesia.info\/?page_id=1426"},"modified":"2022-03-21T16:04:33","modified_gmt":"2022-03-21T16:04:33","slug":"la-buena-fe","status":"publish","type":"page","link":"https:\/\/fundacionporlajusticia.org\/va\/humansfest\/seccion-cortometrajes\/la-buena-fe\/","title":{"rendered":"LA BONA FE"},"content":{"rendered":"<table width=\"586\">\n<tbody>\n<tr>\n<td width=\"200\">\u00a0<img loading=\"lazy\" decoding=\"async\" class=\"size-medium wp-image-1964 aligncenter\" src=\"https:\/\/fundacionporlajusticia.org\/wp-content\/uploads\/2015\/09\/cartel-begona-soler-la-buena-fe-cartel-212x300.jpg\" alt=\"cartel begona-soler-la-buena-fe-cartel\" width=\"212\" height=\"300\" \/><\/td>\n<td width=\"386\">\n<h1><strong>HISTORY<\/strong><\/h1>\n<p style=\"text-align: justify;\">Marisa, a 35 anys old woman, arriba a l&#039;Emergency Department of Hospital looking for help.<\/p>\n<\/td>\n<\/tr>\n<tr>\n<td rowspan=\"2\" width=\"200\">\n<h2><strong>Saturday, 12 th december 22.30 h.<\/strong><\/h2>\n<h4><strong style=\"font-family: inherit; font-size: inherit; line-height: 1.5;\">2014, Spain<\/strong><\/h4>\n<h4><strong>Direction:<\/strong><br \/>\nBegonya Soler<\/h4>\n<h4><strong>17&#039;19 minuts.<\/strong><\/h4>\n<h4><strong>Production:<\/strong><br \/>\nH\u00e9ctor L\u00e1zaro<br \/>\n<strong>Produ\u00efu by:<\/strong><br \/>\nGeneral Video Productions<br \/>\nSara Mansanet<br \/>\n<strong>Screenwriter:<\/strong><\/h4>\n<h4>Begonya Soler<br \/>\n<strong>Cinematographer:<\/strong><br \/>\nGabo Guerra<br \/>\n<strong>Music:<\/strong><\/h4>\n<h4>Josep Zapater<br \/>\n<strong>Sound<\/strong>:<br \/>\nJos\u00e9 Manuel Sospedra<br \/>\n<strong>Postproduction Sound:<\/strong><\/h4>\n<h4>Iv\u00e1n Mart\u00ednez-Rufat<br \/>\n<strong>Edition:<\/strong><br \/>\nSergio Gonz\u00e1lez Rom\u00e1n<br \/>\n<strong>Arts: <\/strong><br \/>\nNacho Ruip\u00e9rez<br \/>\n<strong>VFX:<\/strong><\/h4>\n<h4>Virtual Art<br \/>\n<strong>Cast: <\/strong><br \/>\nRosa Bel\u00e9n Ardid<\/h4>\n<h4>Lorena L\u00f3pez<\/h4>\n<h4>Alberto San Juan<\/h4>\n<h4>Amparo Valle<\/h4>\n<h4>Mayte Arnau<\/h4>\n<h4>Jos\u00e9 Soler<\/h4>\n<\/td>\n<td width=\"386\">\n<h1><strong>DIRECTOR<\/strong><\/h1>\n<p style=\"text-align: justify;\"><strong><img loading=\"lazy\" decoding=\"async\" class=\"alignright size-full wp-image-2189\" src=\"https:\/\/fundacionporlajusticia.org\/wp-content\/uploads\/2015\/09\/bego\u00f1asoler.jpg\" alt=\"bego\u00f1asoler\" width=\"248\" height=\"189\" \/>Begonya Soler<\/strong> Studieu English and Communication at Baruch College i interpretaci\u00f3 a l&#039;Escola d&#039;Uta Hagen, HB Studio, com a Manhattan ( NY ) where he lives for seven years. Amb el return de Spain it est\u00e0 format pel Film Direction and Screenplay al Film School de Val\u00e8ncia (Nucine), on he treballat tota la teacher.<\/p>\n<p style=\"text-align: justify;\">He dit i dirigit severs short films per les quals he tingut severs awards, incloent dues per a la seva interpretaci\u00f3 dels seus protagonistas (\u00abThe Shopping List\u00bb 2005 i \u00abCold Soup\u00bb 2009). In 2012 releases \u00bb Two + 1\u2033 which won the Audience Award per a Best Short Film Festival a Val\u00e8ncia Radiocity .<\/p>\n<\/td>\n<\/tr>\n<tr>\n<td width=\"386\">\n<h1><strong>FESTIVALS &amp; AWARDS<\/strong><\/h1>\n<ul style=\"list-style-type: square;\">\n<li>2015 Festival de Cinema Ciutat d&#039;Astorga<\/li>\n<li>2015 Festival de Cinema de Fuengirola<\/li>\n<li>2015 Festival de Cinema de Terror i Fant\u00e0stic de Perills<\/li>\n<li>2015 Dona a Escena2015 TomaCine<\/li>\n<li>2015 Visualitza&#039;m Festival Audiovisual i Dona (Premi al Millor Gui\u00f3 Original)<\/li>\n<li>2015 Cinemed<\/li>\n<li>SEMINCI, Setmana de Cinema de Valladolid- PREMI &#039;LA NIT DEL CURT ESPANYOL&#039;, octubre 2014, Spain<\/li>\n<li>\u00a0Festival de Cinema de Saragossa, novembre 2014, Spain<\/li>\n<li>Courtoujours, febrer 2015, Su\u00efssa<\/li>\n<li>Sgae a Curt, febrer 2015, Spain<\/li>\n<li>Festival Internacional de Cinema de Cartagena d&#039;\u00cdndies, secci\u00f3 Cinema als Carrers, mar\u00e7 2015, Col\u00f2mbia<\/li>\n<li>Cleveland Film Festival, mar\u00e7 2015, EUA<\/li>\n<li>Setmana de Cinema de Medina del Camp, mar\u00e7 2015, Spain- BEST ACTRESS<\/li>\n<li>Curts a Femen\u00ed (Diverses mostres), Spain<\/li>\n<li>Leiden International Short Film Experience, Pa\u00efsos Baixos, novembre 2015<\/li>\n<li>Festival de Cinema i DDHH de Donostia, abril 2015, Spain<\/li>\n<li>Certamen Internacional de Curtmetratges de Radiocity, Val\u00e8ncia, Spain, mai 2015, AUDIENCE AWARD<\/li>\n<li>Cinema al Carrer, Maig 2015, Col\u00f2mbia<\/li>\n<li>Festival de Cinema d&#039;Alacant, Maig 2015, Spain<\/li>\n<li>A Corti di Donne, June 2015, Italy<\/li>\n<li>Festival Internacional de Cinema Cinema Jove, June 2015, Spain- PANORAMA VALENCI\u00c0<\/li>\n<li>Festival de Cinema Sant Joan d&#039;Alacant, juliol, 2015, Spain, BEST DIRECTION, BEST ACTRESS<\/li>\n<li>Festival de Cinema de l&#039;Alf\u00e0s del Pi, July 2015, Spain<\/li>\n<li>Preview, Prat de Llobregat, juliol 2015, Spain<\/li>\n<li>Visualitza&#039;m Festival Audiovisual i Dona, July 2015, Spain \u2013 BEST SCREENPLAY<\/li>\n<li>Islantilla Cinef\u00f2rum, Huelva, August 2015, Spain<\/li>\n<li>Setmana de Cinema de Villena, August 2015, Spain<\/li>\n<li>Festival de Curtmetratges de l&#039;\u00d2rbigo &#039;Luna de Curts&#039;, August 2015, Spain \u2013 BEST SCREENPLAY<\/li>\n<li>Cicle de Curtmetratges Agust\u00ed Comes, August 2015, Spain<\/li>\n<li>Festival de Cinema de Com\u00e8dia de Tarazona i el Moncayo, August 2015, Spain<\/li>\n<li>Villamayor de Cine, August 2015, Spain<\/li>\n<li>TomaCine Bu\u00f1ol, August 2015, Spain<\/li>\n<li>MicG\u00e8nere, September 2015, M\u00e8xic<\/li>\n<li>Salento International Film Festival, September 2015, Italy<\/li>\n<li>Festival de Curtmetratges de Manlleu, October 2015, Spain<\/li>\n<li>Women Make Waves Film Festival, October 2015, Taiwan<\/li>\n<li>Setmana del Curtmetratge Espanyol de Salamanca, October 2015, Spain<\/li>\n<li>Filmets, October 2015, Spain<\/li>\n<li>Festival Internacional de Cinema Invisible Film Sozialak, October 2015, Spain- SPECIAL JURY MENTION<\/li>\n<li>FICBE Festival Intl&#039; de Curtmetratges de Tem\u00e0tica Social, October 2015, Spain<\/li>\n<li>Festival Internacional de Cinema de Ponferrada, October 2015, Spain<\/li>\n<li>Spanisches Film Festival Berlin, October 2015, Germany<\/li>\n<li>Quartmetratges- YOUNG AUDIENCE AWARD<\/li>\n<li>Brno Sixteen, October 2015, Czec Republic- SPECIAL JURY MENTION<\/li>\n<li>Cinemed, October 2015, France<\/li>\n<li>Certamen Nacional de Curtmetratges Aula 18, October 2015, Spain- BEST ACTRESS<\/li>\n<li>Festival de Cinema de Terror i Fant\u00e0stic de Perills, October 2015, Spain<\/li>\n<li>FENAVID Festival Internacional de cinema de Santa Cruz, October 2015, Bol\u00edvia<\/li>\n<li>Cortocomenius, October 2015, Spain<\/li>\n<li>\u00a0Sose International Film Festival, October 2015, Arm\u00e8nia- BEST SHORT FILM<\/li>\n<li>\u00a0Certamen de Curtmetratges Ciutat de Soria, novembre 2015, Spain<\/li>\n<li>Marat\u00f3 de Cinema Fant\u00e0stic i Terror de Sants, novembre 2015, Spain<\/li>\n<li>FICC Cartagena, novembre 2015, Spain<\/li>\n<li>Festival de Curtmetratges d&#039;Aguilar de Campoo, december, 2015, Spain- PANORAMA<\/li>\n<li>Mostra de Cinema Realitzat per Dones de Saragossa- SPECIAL JURY MENTION<\/li>\n<li>Cinema Cituad\u00e0 Comprom\u00e8s, novembre 2015, Spain<\/li>\n<\/ul>\n<\/td>\n<\/tr>\n<tr>\n<td colspan=\"2\" width=\"586\"><iframe loading=\"lazy\" src=\"https:\/\/player.vimeo.com\/video\/125892751\" width=\"1040\" height=\"585\" frameborder=\"0\" allowfullscreen=\"allowfullscreen\"><\/iframe><\/td>\n<\/tr>\n<tr>\n<td colspan=\"2\" width=\"586\"><img loading=\"lazy\" decoding=\"async\" class=\"alignleft wp-image-1962\" src=\"https:\/\/fundacionporlajusticia.org\/wp-content\/uploads\/2015\/09\/foto3labuena-fe-300x169.jpg\" alt=\"foto3labuena fe\" width=\"293\" height=\"165\" \/> <img loading=\"lazy\" decoding=\"async\" class=\"alignleft wp-image-1961\" src=\"https:\/\/fundacionporlajusticia.org\/wp-content\/uploads\/2015\/09\/foto-la-buena-fe-4-300x136.jpg\" alt=\"foto la-buena-fe-4\" width=\"365\" height=\"165\" \/> <img loading=\"lazy\" decoding=\"async\" class=\"alignleft wp-image-1960\" src=\"https:\/\/fundacionporlajusticia.org\/wp-content\/uploads\/2015\/09\/foto-2la-buena-fe-300x169.jpg\" alt=\"foto 2la-buena-fe\" width=\"293\" height=\"165\" \/><\/td>\n<\/tr>\n<\/tbody>\n<\/table>","protected":false},"excerpt":{"rendered":"<p>\u00a0 HISTORY Marisa, a 35 year old woman, arrives to the Emergency Department of a Hospital looking for help. Saturday, 12 th december 22.30 h. 2014, Spain Direction: Bego\u00f1a Soler 17&#8217;19 minutes. Production: H\u00e9ctor L\u00e1zaro Produced by: General Video Productions Sara Mansanet Screenwriter: Bego\u00f1a Soler Cinematographer: Gabo Guerra Music: Josep Zapater Sound: Jos\u00e9 Manuel Sospedra [&hellip;]<\/p>\n","protected":false},"author":2,"featured_media":0,"parent":1068,"menu_order":9,"comment_status":"closed","ping_status":"closed","template":"","meta":{"_et_pb_use_builder":"","_et_pb_old_content":"","_et_gb_content_width":"","_uf_show_specific_survey":0,"_uf_disable_surveys":false,"footnotes":""},"class_list":["post-2681","page","type-page","status-publish","hentry"],"aioseo_notices":[],"_links":{"self":[{"href":"https:\/\/fundacionporlajusticia.org\/va\/wp-json\/wp\/v2\/pages\/2681","targetHints":{"allow":["GET"]}}],"collection":[{"href":"https:\/\/fundacionporlajusticia.org\/va\/wp-json\/wp\/v2\/pages"}],"about":[{"href":"https:\/\/fundacionporlajusticia.org\/va\/wp-json\/wp\/v2\/types\/page"}],"author":[{"embeddable":true,"href":"https:\/\/fundacionporlajusticia.org\/va\/wp-json\/wp\/v2\/users\/2"}],"replies":[{"embeddable":true,"href":"https:\/\/fundacionporlajusticia.org\/va\/wp-json\/wp\/v2\/comments?post=2681"}],"version-history":[{"count":5,"href":"https:\/\/fundacionporlajusticia.org\/va\/wp-json\/wp\/v2\/pages\/2681\/revisions"}],"predecessor-version":[{"id":3433,"href":"https:\/\/fundacionporlajusticia.org\/va\/wp-json\/wp\/v2\/pages\/2681\/revisions\/3433"}],"up":[{"embeddable":true,"href":"https:\/\/fundacionporlajusticia.org\/va\/wp-json\/wp\/v2\/pages\/1068"}],"wp:attachment":[{"href":"https:\/\/fundacionporlajusticia.org\/va\/wp-json\/wp\/v2\/media?parent=2681"}],"curies":[{"name":"wp","href":"https:\/\/api.w.org\/{rel}","templated":true}]}}