{"id":2673,"date":"2015-09-24T17:13:06","date_gmt":"2015-09-24T17:13:06","guid":{"rendered":"https:\/\/fundacionporlajusticia.accesia.info\/?page_id=1423"},"modified":"2022-03-21T16:04:25","modified_gmt":"2022-03-21T16:04:25","slug":"una-hora-un-paso","status":"publish","type":"page","link":"https:\/\/fundacionporlajusticia.org\/va\/humansfest\/seccion-cortometrajes\/una-hora-un-paso\/","title":{"rendered":"UNA HORA, UN PAS"},"content":{"rendered":"<table>\n<tbody>\n<tr>\n<td width=\"206\">\u00a0<img loading=\"lazy\" decoding=\"async\" class=\"aligncenter size-medium wp-image-1994\" src=\"https:\/\/fundacionporlajusticia.org\/wp-content\/uploads\/2015\/09\/cartel-una-hora-un-paso-232x300.jpg\" alt=\"cartel una hora un paso\" width=\"232\" height=\"300\" \/><\/td>\n<td width=\"376\">\n<h1><strong>HISTORY<\/strong><\/h1>\n<p style=\"text-align: justify;\">Joan \u00e9s catal\u00e0 i ha estat carregat en Egyptian jail per 17 anys. Durant aquest temps, heu carregat 2 volums de poetry, got married i haure daughter, tots els que reben el returning a Espanya en el futur. Un grup de reporters per a la pres\u00f3 per interview him, un programari que est\u00e0 sotm\u00e8s a terrible \u00e9s sobre el tema.<\/p>\n<\/td>\n<\/tr>\n<tr>\n<td rowspan=\"2\" width=\"206\">\n<h2><strong>Thursday, 10 th december 22.30 h.<\/strong><\/h2>\n<h4><strong style=\"font-family: inherit; font-size: inherit; line-height: 1.5;\">Spain, 2013<\/strong><\/h4>\n<h4><strong>Directed by:<\/strong><\/h4>\n<h4>Aitor Iturriza<\/h4>\n<h4>Bernat Gual<\/h4>\n<h4><strong>13, 29 minuts.<\/strong><\/h4>\n<h4><strong>Script:<\/strong><\/h4>\n<h4>Emilio L\u00f3pez<\/h4>\n<h4><strong>Music:<\/strong><\/h4>\n<h4>Borja Mart\u00ednez<\/h4>\n<h4><strong>Fotography:<\/strong><\/h4>\n<h4>Juli Carnet Martorell<\/h4>\n<h4><strong>Produ\u00efu by:<\/strong><\/h4>\n<h4>ESCAC FILMS<\/h4>\n<h4>Adri\u00e0 Guadagnoli<\/h4>\n<h4>Silvia Perales<\/h4>\n<h4><strong>Arts:<\/strong><\/h4>\n<h4>Blanca Mart\u00ednez<\/h4>\n<h4><strong>Sound:<\/strong><\/h4>\n<h4>Roger Blasco<\/h4>\n<h4><strong>Editing:<\/strong><\/h4>\n<h4>Montse Pina<\/h4>\n<h4><strong>Cast:<\/strong><\/h4>\n<h4>Juan Codina<\/h4>\n<h4>M\u00f2nica Van Campen<\/h4>\n<h4>Eduardo Velasco<\/h4>\n<h4>Blai Llopis<\/h4>\n<h4>Emilio L\u00f3pez<\/h4>\n<\/td>\n<td style=\"width: 376px; vertical-align: top;\" width=\"376\">\n<h1>DIRECTOR<\/h1>\n<p style=\"text-align: justify;\"><strong><img loading=\"lazy\" decoding=\"async\" class=\"alignright size-medium wp-image-2448\" src=\"https:\/\/fundacionporlajusticia.org\/wp-content\/uploads\/2015\/09\/aitorituuriza_bernat.gualjpg-300x225.jpg\" alt=\"aitorituuriza_bernat.gualjpg\" width=\"300\" height=\"225\" \/>AITOR ITURRITZA<\/strong><br \/>\nHe Studied Audiovisual Communication a la Universitat Carles III a Madrid i studiem film i documentary-making a l&#039;ESCAC film school. He worked on approximately 20 short films as assistant director, screenwriter or director.<\/p>\n<p style=\"text-align: justify;\"><strong>BERNAT GUAL<\/strong><br \/>\nHe estudiat Advertising and started working for different media groups com copywriter and editor of news programmes. Heu adre\u00e7at i documentar documents severs que han subsequently been broadcast on les televisions regionals televisives TV3 i IB3. El 2012 he took el M\u00e0ster en Filmmaking en l&#039;ESCAC film school, where he made his first fiction shorts.<\/p>\n<p style=\"text-align: justify;\">\n<\/td>\n<\/tr>\n<tr>\n<td width=\"376\">\n<h1><strong>FESTIVALS &amp; AWARDS<\/strong><\/h1>\n<ul style=\"list-style-type: square;\">\n<li>Selected at Premis Gaud\u00ed 2014.<\/li>\n<li>Selected at V Edition FIBABC (2014)<\/li>\n<li>Selected at 61 edition Festival Internacional de Cinema de Sant Sebasti\u00e0 (2013)<\/li>\n<\/ul>\n<\/td>\n<\/tr>\n<tr>\n<td colspan=\"2\" width=\"581\"><iframe loading=\"lazy\" src=\"https:\/\/player.vimeo.com\/video\/76501740\" width=\"1040\" height=\"585\" frameborder=\"0\" allowfullscreen=\"allowfullscreen\"><\/iframe><\/td>\n<\/tr>\n<tr>\n<td colspan=\"2\" width=\"581\"><img loading=\"lazy\" decoding=\"async\" class=\"alignleft wp-image-2156\" src=\"https:\/\/fundacionporlajusticia.org\/wp-content\/uploads\/2015\/09\/1red-300x168.jpg\" alt=\"1red\" width=\"317\" height=\"177\" \/> <img loading=\"lazy\" decoding=\"async\" class=\"alignleft wp-image-2157\" src=\"https:\/\/fundacionporlajusticia.org\/wp-content\/uploads\/2015\/09\/2red-300x168.jpg\" alt=\"2red\" width=\"317\" height=\"178\" \/> <img loading=\"lazy\" decoding=\"async\" class=\"alignleft wp-image-2158\" src=\"https:\/\/fundacionporlajusticia.org\/wp-content\/uploads\/2015\/09\/4red-300x167.jpg\" alt=\"4red\" width=\"319\" height=\"178\" \/><\/td>\n<\/tr>\n<tr>\n<td colspan=\"2\" width=\"581\"><img loading=\"lazy\" decoding=\"async\" class=\"alignleft wp-image-2160\" src=\"https:\/\/fundacionporlajusticia.org\/wp-content\/uploads\/2015\/09\/5red-300x168.jpg\" alt=\"5red\" width=\"317\" height=\"178\" \/> <img loading=\"lazy\" decoding=\"async\" class=\"alignleft wp-image-2161\" src=\"https:\/\/fundacionporlajusticia.org\/wp-content\/uploads\/2015\/09\/6red-300x169.jpg\" alt=\"6red\" width=\"317\" height=\"178\" \/> <a href=\"https:\/\/fundacionporlajusticia.org\/wp-content\/uploads\/2015\/09\/7red.jpg\"><img loading=\"lazy\" decoding=\"async\" class=\"alignleft wp-image-2162\" src=\"https:\/\/fundacionporlajusticia.org\/wp-content\/uploads\/2015\/09\/7red-300x169.jpg\" alt=\"7red\" width=\"317\" height=\"179\" \/><\/a><\/td>\n<\/tr>\n<\/tbody>\n<\/table>\n<p>&nbsp;<\/p>","protected":false},"excerpt":{"rendered":"<p>\u00a0 HISTORY Juan is Spanish and has been locked up in an Egyptian jail for 17 years. During that time, he has written two volumes of poetry, got married and had a daughter, all the while dreaming of returning to Spain in the near future. A team of reporters enters the prison to interview him, [&hellip;]<\/p>\n","protected":false},"author":2,"featured_media":0,"parent":1068,"menu_order":8,"comment_status":"closed","ping_status":"closed","template":"","meta":{"_et_pb_use_builder":"","_et_pb_old_content":"","_et_gb_content_width":"","_uf_show_specific_survey":0,"_uf_disable_surveys":false,"footnotes":""},"class_list":["post-2673","page","type-page","status-publish","hentry"],"aioseo_notices":[],"_links":{"self":[{"href":"https:\/\/fundacionporlajusticia.org\/va\/wp-json\/wp\/v2\/pages\/2673","targetHints":{"allow":["GET"]}}],"collection":[{"href":"https:\/\/fundacionporlajusticia.org\/va\/wp-json\/wp\/v2\/pages"}],"about":[{"href":"https:\/\/fundacionporlajusticia.org\/va\/wp-json\/wp\/v2\/types\/page"}],"author":[{"embeddable":true,"href":"https:\/\/fundacionporlajusticia.org\/va\/wp-json\/wp\/v2\/users\/2"}],"replies":[{"embeddable":true,"href":"https:\/\/fundacionporlajusticia.org\/va\/wp-json\/wp\/v2\/comments?post=2673"}],"version-history":[{"count":5,"href":"https:\/\/fundacionporlajusticia.org\/va\/wp-json\/wp\/v2\/pages\/2673\/revisions"}],"predecessor-version":[{"id":3432,"href":"https:\/\/fundacionporlajusticia.org\/va\/wp-json\/wp\/v2\/pages\/2673\/revisions\/3432"}],"up":[{"embeddable":true,"href":"https:\/\/fundacionporlajusticia.org\/va\/wp-json\/wp\/v2\/pages\/1068"}],"wp:attachment":[{"href":"https:\/\/fundacionporlajusticia.org\/va\/wp-json\/wp\/v2\/media?parent=2673"}],"curies":[{"name":"wp","href":"https:\/\/api.w.org\/{rel}","templated":true}]}}