{"id":2661,"date":"2015-09-24T17:11:59","date_gmt":"2015-09-24T17:11:59","guid":{"rendered":"https:\/\/fundacionporlajusticia.accesia.info\/?page_id=1414"},"modified":"2022-03-21T16:04:25","modified_gmt":"2022-03-21T16:04:25","slug":"todo-un-futuro","status":"publish","type":"page","link":"https:\/\/fundacionporlajusticia.org\/va\/humansfest\/seccion-cortometrajes\/todo-un-futuro\/","title":{"rendered":"TOT UN FUTUR JUNTS"},"content":{"rendered":"<table>\n<tbody>\n<tr>\n<td style=\"width: 206px; vertical-align: top;\" width=\"206\"><img loading=\"lazy\" decoding=\"async\" class=\"aligncenter size-medium wp-image-2116\" src=\"https:\/\/fundacionporlajusticia.org\/wp-content\/uploads\/2015\/09\/AF_TUFJ_CARTEL_A4_alta-215x300.jpg\" alt=\"AF_TUFJ_CARTEL_A4_alta\" width=\"215\" height=\"300\" \/><\/td>\n<td style=\"width: 376px; vertical-align: top;\" width=\"376\">\n<h1><strong>\u00a0HISTORY<\/strong><\/h1>\n<p><strong>\u00a0<\/strong><\/p>\n<p>Bankers. Harassment. Love?<\/td>\n<\/tr>\n<tr>\n<td rowspan=\"2\" width=\"206\">\n<h2><strong>Saturday, 12 th december 22.30 h.<\/strong><\/h2>\n<h4><strong style=\"font-family: inherit; font-size: inherit; line-height: 1.5;\">Spain, 2014<\/strong><\/h4>\n<h4><strong>Direction:\u00a0<\/strong><\/h4>\n<h4>Pau Rem\u00f3<\/h4>\n<h4><strong>16 minuts<\/strong><\/h4>\n<h4><strong>Production Company:<\/strong><\/h4>\n<h4>Tourmalet Films<\/h4>\n<h4><strong>Cast:<\/strong><\/h4>\n<h4>Juli\u00e1n Villagr\u00e1n, Luis Bermejo<br \/>\n<strong>Script:<\/strong><\/h4>\n<h4>Pau Rem\u00f3<br \/>\n<strong>Production:<\/strong><\/h4>\n<h4>Omar A. Razzak<br \/>\n<strong>Cinematography:<\/strong><\/h4>\n<h4>Christophe Farnier<br \/>\n<strong>Art:<\/strong><\/h4>\n<h4>Sany Climent<br \/>\n<strong>Editing:<\/strong><\/h4>\n<h4>Omar A. Razzak<br \/>\n<strong>Sound:<\/strong><\/h4>\n<h4>Sergio Gonz\u00e1lez<\/h4>\n<\/td>\n<td width=\"376\">\n<h1><strong>DIRECTOR<\/strong><\/h1>\n<p style=\"text-align: justify;\"><img loading=\"lazy\" decoding=\"async\" class=\"alignright wp-image-2431 size-medium\" src=\"https:\/\/fundacionporlajusticia.org\/wp-content\/uploads\/2015\/09\/pabloremon-300x151.jpg\" alt=\"pabloremon\" width=\"300\" height=\"151\" \/>Pablo Rem\u00f3n graduat en Screenwriting al Madrid Film School, ECAM. He has written the feature films M\u00f3n Fant\u00e0stic (2003), Casual Day (2008) i Cinc Metres Quadrats (2011). He fet amb el Best Screenplay Award pel M\u00e0laga Film Festival, Best Screenplay al Cinema Writers Circle i al Julio Alejandro Award per Best Iberoamerican Script. He dit i dirigit les short films Circus i Whole Future Together, i \u00e9s el head de Screenwriting at ECAM. El 2013 he rebut i dirigit la seva fi teatrical producci\u00f3, L&#039;abducci\u00f3 de Luis Guzm\u00e1n, rellegit a Madrid al Fringe Festival ia la Lara Theatre.<\/p>\n<\/td>\n<\/tr>\n<tr>\n<td width=\"376\">\n<h1><strong>FESTIVALS &amp; AWARDS<\/strong><\/h1>\n<ul style=\"list-style-type: square;\">\n<li>Best Short at Concurs K-Lidoscopi<\/li>\n<li>Luis Bermejo- Best Actor- Festival de Curtmetratges d&#039;\u00c0vila \u2013 Avilacine<\/li>\n<li>Millor Curtmetratge i Millor Actor de la Mostra de Cinema Internacional de Pal\u00e8ncia<\/li>\n<li>Nominated Best Short-Premis Goya<\/li>\n<li>Festival de Medina del Camp \u2013 Premi del jurat al Millor Curtmetratge (Roel de Plata)<\/li>\n<li>Festival de M\u00e0laga<\/li>\n<li>Madrid A Corto<\/li>\n<li>Festival d&#039;Alacant<\/li>\n<\/ul>\n<\/td>\n<\/tr>\n<tr>\n<td colspan=\"2\" width=\"581\"><iframe loading=\"lazy\" src=\"https:\/\/player.vimeo.com\/video\/95007664\" width=\"1040\" height=\"585\" frameborder=\"0\" allowfullscreen=\"allowfullscreen\"><\/iframe><\/td>\n<\/tr>\n<tr>\n<td colspan=\"2\" width=\"581\"><img loading=\"lazy\" decoding=\"async\" class=\"alignleft wp-image-2119\" src=\"https:\/\/fundacionporlajusticia.org\/wp-content\/uploads\/2015\/09\/descarga-11-300x160.jpg\" alt=\"descarga (1)\" width=\"346\" height=\"185\" \/> <a href=\"https:\/\/fundacionporlajusticia.org\/wp-content\/uploads\/2015\/09\/descarga.jpg\"><img loading=\"lazy\" decoding=\"async\" class=\"alignleft wp-image-2120\" src=\"https:\/\/fundacionporlajusticia.org\/wp-content\/uploads\/2015\/09\/descarga.jpg\" alt=\"descarga\" width=\"278\" height=\"185\" \/><\/a> <a href=\"https:\/\/fundacionporlajusticia.org\/wp-content\/uploads\/2015\/09\/images.jpg\"><img loading=\"lazy\" decoding=\"async\" class=\"alignleft wp-image-2121\" src=\"https:\/\/fundacionporlajusticia.org\/wp-content\/uploads\/2015\/09\/images.jpg\" alt=\"images\" width=\"278\" height=\"185\" \/><\/a><\/td>\n<\/tr>\n<\/tbody>\n<\/table>","protected":false},"excerpt":{"rendered":"<p>\u00a0HISTORY \u00a0 Bankers. Harassment. \u00bfLove? Saturday, 12 th december 22.30 h. Spain, 2014 Direction:\u00a0 Pablo Rem\u00f3n 16 minutes Production Company: Tourmalet Films Cast: Juli\u00e1n Villagr\u00e1n, Luis Bermejo Script: Pablo Rem\u00f3n Production: Omar A. Razzak Cinematography: Christophe Farnier Art: Sany Climent Editing: Omar A. Razzak Sound: Sergio Gonz\u00e1lez DIRECTOR Pablo Rem\u00f3n graduated in Screenwriting at the [&hellip;]<\/p>\n","protected":false},"author":2,"featured_media":0,"parent":1068,"menu_order":6,"comment_status":"closed","ping_status":"closed","template":"","meta":{"_et_pb_use_builder":"","_et_pb_old_content":"","_et_gb_content_width":"","_uf_show_specific_survey":0,"_uf_disable_surveys":false,"footnotes":""},"class_list":["post-2661","page","type-page","status-publish","hentry"],"aioseo_notices":[],"_links":{"self":[{"href":"https:\/\/fundacionporlajusticia.org\/va\/wp-json\/wp\/v2\/pages\/2661","targetHints":{"allow":["GET"]}}],"collection":[{"href":"https:\/\/fundacionporlajusticia.org\/va\/wp-json\/wp\/v2\/pages"}],"about":[{"href":"https:\/\/fundacionporlajusticia.org\/va\/wp-json\/wp\/v2\/types\/page"}],"author":[{"embeddable":true,"href":"https:\/\/fundacionporlajusticia.org\/va\/wp-json\/wp\/v2\/users\/2"}],"replies":[{"embeddable":true,"href":"https:\/\/fundacionporlajusticia.org\/va\/wp-json\/wp\/v2\/comments?post=2661"}],"version-history":[{"count":5,"href":"https:\/\/fundacionporlajusticia.org\/va\/wp-json\/wp\/v2\/pages\/2661\/revisions"}],"predecessor-version":[{"id":3430,"href":"https:\/\/fundacionporlajusticia.org\/va\/wp-json\/wp\/v2\/pages\/2661\/revisions\/3430"}],"up":[{"embeddable":true,"href":"https:\/\/fundacionporlajusticia.org\/va\/wp-json\/wp\/v2\/pages\/1068"}],"wp:attachment":[{"href":"https:\/\/fundacionporlajusticia.org\/va\/wp-json\/wp\/v2\/media?parent=2661"}],"curies":[{"name":"wp","href":"https:\/\/api.w.org\/{rel}","templated":true}]}}