{"id":2642,"date":"2015-09-24T17:10:06","date_gmt":"2015-09-24T17:10:06","guid":{"rendered":"https:\/\/fundacionporlajusticia.accesia.info\/?page_id=1402"},"modified":"2022-03-21T16:04:24","modified_gmt":"2022-03-21T16:04:24","slug":"primavera-rosa-en-el-kremlim","status":"publish","type":"page","link":"https:\/\/fundacionporlajusticia.org\/va\/humansfest\/seccion-cortometrajes\/primavera-rosa-en-el-kremlim\/","title":{"rendered":"LA PRIMAVERA ROSA AL KREMLIM"},"content":{"rendered":"<table>\n<tbody>\n<tr>\n<td style=\"width: 206px; vertical-align: top;\" width=\"206\"><a href=\"https:\/\/fundacionporlajusticia.org\/wp-content\/uploads\/2015\/09\/100x70-laprimavera-kremlin-baja-copia.jpg\"><img loading=\"lazy\" decoding=\"async\" class=\"aligncenter size-full wp-image-1930\" src=\"https:\/\/fundacionporlajusticia.org\/wp-content\/uploads\/2015\/09\/100x70-laprimavera-kremlin-baja-copia.jpg\" alt=\"100x70-laprimavera-kremlin-baja-copia\" width=\"251\" height=\"357\" \/><\/a><\/td>\n<td style=\"width: 376px; vertical-align: top;\" width=\"376\">\n<h1><strong>HISTORY<\/strong><\/h1>\n<p>1917: Homosexuality is decriminalized in R\u00fassia.<br \/>\n1933. Homosexuality becomes a crime again.<br \/>\n1993: Homosexuality is legalized again. 2013: Vladimir Putin supports new legal measures which discriminate against and harass the LGBT population.<\/td>\n<\/tr>\n<tr>\n<td rowspan=\"2\" width=\"206\">\n<h2><strong>Saturday, 12 th december 22.30 h.<\/strong><\/h2>\n<h4><strong style=\"font-family: inherit; font-size: inherit; line-height: 1.5;\">Spain, 2015<\/strong><\/h4>\n<h4><strong>Director<\/strong>:<\/h4>\n<h4>Mario de la Torre<\/h4>\n<h4><strong>19 minuts<\/strong><\/h4>\n<h4><strong>Produ\u00efu by:<\/strong><\/h4>\n<h4>Creta Producciones SL<\/h4>\n<h4>Malvalanda<\/h4>\n<h4>Passatges Invisibles<\/h4>\n<h4><strong>Screenwriter:<\/strong><\/h4>\n<h4>Mario de la Torre<\/h4>\n<h4><strong>Producers<\/strong>:<\/h4>\n<h4>Rafael Linares<\/h4>\n<h4>Maria del Puy Alvarado<\/h4>\n<h4>Alfonso Palaz\u00f3n<\/h4>\n<h4><strong>Cinematographer:<\/strong><\/h4>\n<h4>Alfonso Palaz\u00f3n<\/h4>\n<h4><strong>Edition:<\/strong><\/h4>\n<h4>Antonio G\u00f3mez-Escalonilla<\/h4>\n<h4><strong>Sound:<\/strong><\/h4>\n<h4>Jose Luis Alcaine Bartolom\u00e9<\/h4>\n<h4><strong>Music:<\/strong><\/h4>\n<h4>Pau Parella<\/h4>\n<h4><strong>Filming location:<\/strong><\/h4>\n<h4>Moscou<\/h4>\n<\/td>\n<td width=\"376\">\n<h1><strong>DIRECTOR<\/strong><\/h1>\n<p><strong><img loading=\"lazy\" decoding=\"async\" class=\"alignright size-medium wp-image-2205\" src=\"https:\/\/fundacionporlajusticia.org\/wp-content\/uploads\/2015\/09\/mariodelatorre_director_-300x200.jpg\" alt=\"mariodelatorre_director_\" width=\"300\" height=\"200\" \/><\/strong><\/p>\n<p style=\"text-align: justify;\"><strong>Mario de la Torre<\/strong> made his debut with the shortfilm \u00abXocolata amb Xurros\u00bb (2006), winner of the New Arrivals award in the Rotterdam Film Festival. The documentary \u00abHarraga\u00bb (2008) nominated to the Goya Awards. \u00abLa Condemna\u00bb (2009) va ser editada en la col\u00b7lecci\u00f3 Filmoteca FNAC i va crear en festivals per tot el m\u00f3n. Hunger (2012), les \u00faltim film, les selected als festivals a Sitges, Gij\u00f3n or Orense.<\/p>\n<\/td>\n<\/tr>\n<tr>\n<td width=\"376\">\n<h1><strong>FESTIVALS &amp; AWARDS<\/strong><\/h1>\n<ul style=\"list-style-type: square;\">\n<li>Winner of Best Documentary at London Film Festival 2014<\/li>\n<\/ul>\n<\/td>\n<\/tr>\n<tr>\n<td colspan=\"2\" width=\"581\"><iframe loading=\"lazy\" src=\"https:\/\/player.vimeo.com\/video\/90249808\" width=\"1040\" height=\"585\" frameborder=\"0\" allowfullscreen=\"allowfullscreen\"><\/iframe><\/td>\n<\/tr>\n<tr>\n<td colspan=\"2\" width=\"581\"><img loading=\"lazy\" decoding=\"async\" class=\"alignleft size-medium wp-image-1940\" src=\"https:\/\/fundacionporlajusticia.org\/wp-content\/uploads\/2015\/09\/foto-primaverarosa-300x188.png\" alt=\"foto primaverarosa\" width=\"300\" height=\"188\" \/><img loading=\"lazy\" decoding=\"async\" class=\"alignleft size-medium wp-image-1932\" src=\"https:\/\/fundacionporlajusticia.org\/wp-content\/uploads\/2015\/09\/fotopriamverarosa2-300x188.png\" alt=\"fotopriamverarosa2\" width=\"300\" height=\"188\" \/><img loading=\"lazy\" decoding=\"async\" class=\"alignleft size-medium wp-image-1931\" src=\"https:\/\/fundacionporlajusticia.org\/wp-content\/uploads\/2015\/09\/foto2-Primavera-rosa-en-el-kremlin-300x174.jpg\" alt=\"foto2 Primavera-rosa-en-el-kremlin\" width=\"300\" height=\"174\" \/><\/td>\n<\/tr>\n<\/tbody>\n<\/table>","protected":false},"excerpt":{"rendered":"<p>HISTORY 1917: Homosexuality is decriminalized in Russia. 1933. Homosexuality becomes a crime again. 1993: Homosexuality is legalized again. 2013: Vladimir Putin supports new legal measures which discriminate against and harass the LGBT population. Saturday, 12 th december 22.30 h. Spain, 2015 Director: Mario de la Torre 19 minutes Produced by: Creta Producciones S.L. Malvalanda Pasajes [&hellip;]<\/p>\n","protected":false},"author":2,"featured_media":0,"parent":1068,"menu_order":3,"comment_status":"closed","ping_status":"closed","template":"","meta":{"_et_pb_use_builder":"","_et_pb_old_content":"","_et_gb_content_width":"","_uf_show_specific_survey":0,"_uf_disable_surveys":false,"footnotes":""},"class_list":["post-2642","page","type-page","status-publish","hentry"],"aioseo_notices":[],"_links":{"self":[{"href":"https:\/\/fundacionporlajusticia.org\/va\/wp-json\/wp\/v2\/pages\/2642","targetHints":{"allow":["GET"]}}],"collection":[{"href":"https:\/\/fundacionporlajusticia.org\/va\/wp-json\/wp\/v2\/pages"}],"about":[{"href":"https:\/\/fundacionporlajusticia.org\/va\/wp-json\/wp\/v2\/types\/page"}],"author":[{"embeddable":true,"href":"https:\/\/fundacionporlajusticia.org\/va\/wp-json\/wp\/v2\/users\/2"}],"replies":[{"embeddable":true,"href":"https:\/\/fundacionporlajusticia.org\/va\/wp-json\/wp\/v2\/comments?post=2642"}],"version-history":[{"count":5,"href":"https:\/\/fundacionporlajusticia.org\/va\/wp-json\/wp\/v2\/pages\/2642\/revisions"}],"predecessor-version":[{"id":3427,"href":"https:\/\/fundacionporlajusticia.org\/va\/wp-json\/wp\/v2\/pages\/2642\/revisions\/3427"}],"up":[{"embeddable":true,"href":"https:\/\/fundacionporlajusticia.org\/va\/wp-json\/wp\/v2\/pages\/1068"}],"wp:attachment":[{"href":"https:\/\/fundacionporlajusticia.org\/va\/wp-json\/wp\/v2\/media?parent=2642"}],"curies":[{"name":"wp","href":"https:\/\/api.w.org\/{rel}","templated":true}]}}