{"id":2637,"date":"2015-09-24T17:08:07","date_gmt":"2015-09-24T17:08:07","guid":{"rendered":"https:\/\/fundacionporlajusticia.accesia.info\/?page_id=1399"},"modified":"2022-03-21T16:04:24","modified_gmt":"2022-03-21T16:04:24","slug":"ayti-cheri","status":"publish","type":"page","link":"https:\/\/fundacionporlajusticia.org\/va\/humansfest\/seccion-cortometrajes\/ayti-cheri\/","title":{"rendered":"AYTI CHERI"},"content":{"rendered":"<table>\n<tbody>\n<tr>\n<td width=\"206\"><\/td>\n<td width=\"376\">\n<h1><strong>HISTORY<\/strong><\/h1>\n<p style=\"text-align: justify;\">J\u00falia travels a Haiti s&#039;aim of making documentary a tell the realities of her country. Aviti Cheri \u00e9s un film essay about her fifteen-day trip. When and who should switch on the camera to show a country?<\/p>\n<\/td>\n<\/tr>\n<tr>\n<td rowspan=\"2\" width=\"206\">\n<h2><strong>Thursday, 10 th december 22.30 h.<\/strong><\/h2>\n<h4><strong style=\"font-family: inherit; font-size: inherit; line-height: 1.5;\">Hait\u00ed, 2015<\/strong><\/h4>\n<h4><strong>Director:<\/strong><\/h4>\n<h4>J\u00falia Gir\u00f3s<\/h4>\n<h4>18 minuts.<\/h4>\n<h4><strong>Languages:<\/strong><br \/>\nCatal\u00e0<br \/>\nSpanish<br \/>\nFrench<br \/>\nCrioll haiti\u00e0<br \/>\nEnglish<br \/>\n<strong>Production:<\/strong><br \/>\nJ\u00falia Gir\u00f3s<br \/>\n<strong>Muntatge:<\/strong><br \/>\nJ\u00falia Gir\u00f3s<br \/>\n<strong>Ajudant de muntatge:<\/strong><br \/>\nAlex Aguado<br \/>\n<strong>Adre\u00e7a de fotografia:<\/strong><br \/>\nJoanna Guillemot<br \/>\nJ\u00falia Gir\u00f3s<br \/>\n<strong>Sound Direction:<\/strong><br \/>\nJoanna Guillemot<br \/>\nJ\u00falia Gir\u00f3s<br \/>\n<strong>Sound Production:<\/strong><br \/>\nAnxo Villar.<br \/>\n<strong>University:<\/strong><br \/>\nESCAC<\/h4>\n<\/td>\n<td width=\"376\">\n<h1><strong>DIRECTOR<\/strong><\/h1>\n<p><strong>\u00a0<img loading=\"lazy\" decoding=\"async\" class=\"alignright wp-image-1873\" src=\"https:\/\/fundacionporlajusticia.org\/wp-content\/uploads\/2015\/09\/3.bmp\" alt=\"3\" width=\"150\" height=\"147\" \/><\/strong><\/p>\n<p style=\"text-align: justify;\">Gir\u00f3s Julia is a young filmmaker que menja from ESCAC de Barcelona i specializes in documentary.<\/p>\n<\/td>\n<\/tr>\n<tr>\n<td width=\"376\">\n<h1><strong>FESTIVALS &amp; AWARDS<\/strong><\/h1>\n<ul style=\"list-style-type: square;\">\n<li>Seleccionat al DOC-U del Festival Docs Barcelona 2015.<\/li>\n<\/ul>\n<p>&nbsp;<\/p>\n<p>&nbsp;<\/td>\n<\/tr>\n<tr>\n<td colspan=\"2\" width=\"581\">\u00a0<iframe loading=\"lazy\" src=\"https:\/\/player.vimeo.com\/video\/138730919\" width=\"1040\" height=\"585\" frameborder=\"0\" allowfullscreen=\"allowfullscreen\"><\/iframe><\/td>\n<\/tr>\n<tr>\n<td colspan=\"2\" width=\"581\"><img loading=\"lazy\" decoding=\"async\" class=\"alignleft wp-image-1876\" src=\"https:\/\/fundacionporlajusticia.org\/wp-content\/uploads\/2015\/09\/fotogramaAC_3-1024x576-300x169.jpg\" alt=\"fotogramaAC_3-1024x576\" width=\"317\" height=\"178\" \/> <img loading=\"lazy\" decoding=\"async\" class=\"alignleft wp-image-1875\" src=\"https:\/\/fundacionporlajusticia.org\/wp-content\/uploads\/2015\/09\/fotogramaAC_2-375x2101-300x168.jpg\" alt=\"fotogramaAC_2-375x210\" width=\"317\" height=\"178\" \/> <img loading=\"lazy\" decoding=\"async\" class=\"alignleft wp-image-1874\" src=\"https:\/\/fundacionporlajusticia.org\/wp-content\/uploads\/2015\/09\/fotogramaAC_1-375x210-300x168.jpg\" alt=\"fotogramaAC_1-375x210\" width=\"317\" height=\"178\" \/><\/td>\n<\/tr>\n<\/tbody>\n<\/table>","protected":false},"excerpt":{"rendered":"<p>HISTORY J\u00falia travels to Haiti with the aim of making a documentary to tell the realities of her country. Aviti Cheri is a film essay about her fifteen-day trip. When and who should switch on the camera to show a country? Thursday, 10 th december 22.30 h. Hait\u00ed, 2015 Director: J\u00falia Gir\u00f3s 18 minutes. Languages: [&hellip;]<\/p>\n","protected":false},"author":2,"featured_media":0,"parent":1068,"menu_order":2,"comment_status":"closed","ping_status":"closed","template":"","meta":{"_et_pb_use_builder":"","_et_pb_old_content":"","_et_gb_content_width":"","_uf_show_specific_survey":0,"_uf_disable_surveys":false,"footnotes":""},"class_list":["post-2637","page","type-page","status-publish","hentry"],"aioseo_notices":[],"_links":{"self":[{"href":"https:\/\/fundacionporlajusticia.org\/va\/wp-json\/wp\/v2\/pages\/2637","targetHints":{"allow":["GET"]}}],"collection":[{"href":"https:\/\/fundacionporlajusticia.org\/va\/wp-json\/wp\/v2\/pages"}],"about":[{"href":"https:\/\/fundacionporlajusticia.org\/va\/wp-json\/wp\/v2\/types\/page"}],"author":[{"embeddable":true,"href":"https:\/\/fundacionporlajusticia.org\/va\/wp-json\/wp\/v2\/users\/2"}],"replies":[{"embeddable":true,"href":"https:\/\/fundacionporlajusticia.org\/va\/wp-json\/wp\/v2\/comments?post=2637"}],"version-history":[{"count":5,"href":"https:\/\/fundacionporlajusticia.org\/va\/wp-json\/wp\/v2\/pages\/2637\/revisions"}],"predecessor-version":[{"id":3426,"href":"https:\/\/fundacionporlajusticia.org\/va\/wp-json\/wp\/v2\/pages\/2637\/revisions\/3426"}],"up":[{"embeddable":true,"href":"https:\/\/fundacionporlajusticia.org\/va\/wp-json\/wp\/v2\/pages\/1068"}],"wp:attachment":[{"href":"https:\/\/fundacionporlajusticia.org\/va\/wp-json\/wp\/v2\/media?parent=2637"}],"curies":[{"name":"wp","href":"https:\/\/api.w.org\/{rel}","templated":true}]}}