{"id":263,"date":"2021-01-29T13:16:24","date_gmt":"2022-03-04T10:07:47","guid":{"rendered":"https:\/\/fundacionporlajusticia.accesia.info\/?page_id=263"},"modified":"2022-03-21T16:21:35","modified_gmt":"2022-03-21T16:21:35","slug":"noticias","status":"publish","type":"page","link":"https:\/\/fundacionporlajusticia.org\/va\/humansfest\/2021-x-edicion\/noticias\/","title":{"rendered":"2021 \u2013 Not\u00edcies"},"content":{"rendered":"<figure class=\"wp-block-image size-large\"><a href=\"https:\/\/fundacionporlajusticia.org\/wp-content\/uploads\/2022\/02\/Baner_rosa_festival_2022.png\"><img decoding=\"async\" src=\"https:\/\/fundacionporlajusticia.org\/wp-content\/uploads\/2022\/02\/Baner_rosa_festival_2022-1024x404.png\" alt=\"\" class=\"wp-image-6877\"\/><\/a><\/figure>\n\n\n\n<p class=\"has-text-align-center\"> Per qualsevol dubte ens tens a: <a href=\"mailto:%20humans@humansfest.com\">humans@humansfest.com<\/a><\/p>\n\n\n\n<h2>Not\u00edcies<br><\/h2>\n<hr>\n\n\n\n<h1 <p><strong>2022 XIII Humans Fest<\/h1>\n\n<h4 style=\"color:#002b9e;\">Culturpla\u00e7a | 23.02.2022<\/h4>\n<p><strong>Humans Fest fa de la migraci\u00f3 l&#039;eix central de la nova edici\u00f3\n<\/strong><br><a href=\"https:\/\/valenciaplaza.com\/humans-fest-hace-de-la-migracion-el-eje-central-de-su-nueva-edicion\">Llegir la not\u00edcia<\/a><\/p>\n\n<h4 style=\"color:#002b9e;\">Europa Press | 22.02.2022<\/h4>\n<p><strong>Humans Fest projectar\u00e0 cinema sobre migraci\u00f3 per \u00abcommoure i mobilitzar\u00bb\n<\/strong><br><a href=\"https:\/\/www.europapress.es\/comunitat-valenciana\/noticia-humans-fest-proyectara-cine-migracion-conmover-movilizar-20220222162201.html\">Llegir la not\u00edcia<\/a><\/p>\n\n<h4 style=\"color:#002b9e;\">20 minuts | 22.02.2022<\/h4>\n<p><strong>Humans Fest projectar\u00e0 cinema sobre migraci\u00f3 per \u00abcommoure i mobilitzar\u00bb\n<\/strong><br><a href=\"https:\/\/www.20minutos.es\/noticia\/4960911\/0\/humans-fest-proyectara-cine-sobre-migracion-para-conmover-y-movilizar\/\">Llegir la not\u00edcia<\/a><\/p>\n\n<h4 style=\"color:#002b9e;\">Pla\u00e7aTV | 02.02.2022<\/h4>\n<p><strong>Defensant els drets humans al m\u00f3n ia trav\u00e9s del cinema\n<\/strong><br><a href=\"https:\/\/plazatv.valenciaplaza.com\/fundacion-por-la-justicia\">Llegir la not\u00edcia<\/a><\/p>\n\n<h4 style=\"color:#002b9e;\">Verlanga | 09.02.2022<\/h4>\n<p><strong>El GPS de Majo Siscar\n<\/strong><br><a href=\"https:\/\/verlanga.com\/valenciaciudad\/el-gps-de-majo-siscar\/\">Llegir la not\u00edcia<\/a><\/p>\n\n<h4 style=\"color:#002b9e;\">Culturpla\u00e7a | 27.01.2022<\/h4>\n<p><strong> Majo Siscar es posa al capdavant d&#039;Humans Fest\n<\/strong><br> <a href=\"https:\/\/valenciaplaza.com\/majo-siscar-se-pone-al-frente-de-humans-fest#:~:text=El%20Festival%20de%20Cine%20de,Viv%C3%B3%20en%20los%20%C3%BAltimos%20meses.\">Llegir la not\u00edcia<\/a><\/p>\n\n<h1 <p><strong>2021 XII Humans Fest<\/h1>\n\n<h4 style=\"color:#002b9e;\">Ag\u00e8ncia EFE | 21.02.2021<\/h4>\n<p><strong>L&#039;Humans Fest tanca la dotzena edici\u00f3 amb m\u00e9s de 150.000 espectadors<\/strong><br><a href=\"https:\/\/www.efe.com\/efe\/comunitat-valenciana\/cultura-y-ocio\/el-humans-fest-cierra-su-duodecima-edicion-con-mas-de-150-000-espectadores\/50000884-4470404\" target=\"_blank\" rel=\"noopener noreferrer\">Llegir la not\u00edcia<\/a><\/p>\n\n<h4 style=\"color:#002b9e;\">El diari d&#039;aqu\u00ed | 21.02.2021<\/h4>\n<p><strong>L&#039;Humans Fest s&#039;acomiada amb 150.786 espectadors<\/strong><br>El premi a millor llargmetratge internacional va ser per a &#039;Quo vadis, Aida?&#039;, de la directora Jasmila \u017dbani\u0107.<br><a href=\"https:\/\/www.elperiodicodeaqui.com\/epda-noticias\/el-humans-fest-se-despide-con-150-786-espectadores-\/239997\" target=\"_blank\" rel=\"noopener noreferrer\">Llegir la not\u00edcia<\/a><\/p>\n\n<h4 style=\"color:#002b9e;\">\u00c0 punt | 20.02.2021<\/h4>\n<p><strong>Informatiu nit<\/strong><br><a href=\"https:\/\/apuntmedia.es\/va\/noticies\/a-punt-ntc\/20-02-2021-informatiu-nit\" target=\"_blank\" rel=\"noopener noreferrer\">Veure v\u00eddeo (21:39)<\/a><\/p>\n\n<h4 style=\"color:#002b9e;\">Val\u00e8ncia Pla\u00e7a | 21.02.2021<\/h4>\n<p><strong>Gala de cloenda de la XII edici\u00f3 de l&#039;Humans Fest (Fotos: Carlos Chiva)<\/strong><br><a href=\"https:\/\/valenciaplaza.com\/gala-de-clausura-de-la-xii-edicion-del-humans-fest-fotos-carlos-chiva\" target=\"_blank\" rel=\"noopener noreferrer\">Veure fotogaleria<\/a><\/p>\n\n<h4 style=\"color:#002b9e;\">culturplaza | 21.02.2021<\/h4>\n<p><strong>L&#039;Humans Fest s&#039;acomiada coronant &#039;Quo vadis, Aida?&#039;<\/strong><br>Despr\u00e9s de dues setmanes d&#039;activitats, el Festival de Cinema i Drets Humans de Val\u00e8ncia, Humans Fest, va tancar la XII edici\u00f3 amb la cerim\u00f2nia de cloenda i entrega de guardons al centre cultural La Benefic\u00e8ncia. &#039;Quo vadis, Aida?&#039;, gran guanyadora de la nit, es va emportar el premi a millor pel\u00b7l\u00edcula a la secci\u00f3 oficial de llargmetratges, a m\u00e9s del premi a millor gui\u00f3. En representaci\u00f3 de Jasmila \u017dbani\u0107, directora del film, va rebre el guard\u00f3 Esma Kucukalic.<br><a href=\"https:\/\/valenciaplaza.com\/el-humans-fest-se-despide-coronando-quo-vadis-aida\" target=\"_blank\" rel=\"noopener noreferrer\">Llegir la not\u00edcia<\/a><\/p>\n\n<h4 style=\"color:#002b9e;\">culturplaza | 18.02.2021<\/h4>\n<p><strong>El documental &#039;Asha. Hist\u00f2ria de lepra i esperan\u00e7a&#039; arriba al Humans Fest<\/strong><br>Aquest documental va ser realitzat el 2019 per a la fundaci\u00f3 Fontilles, organitzaci\u00f3 sense \u00e0nim de lucre referent a la lluita contra la lepra i altres malalties.<br><a href=\"https:\/\/valenciaplaza.com\/el-documental-asha-historial-de-lepra-y-esperanza-llega-al-humans-fest\" target=\"_blank\" rel=\"noopener noreferrer\">Llegir la not\u00edcia<\/a><\/p>\n\n<h4 style=\"color:#002b9e;\">Llibertat Digital | 17.02.2021<\/h4>\n<p><strong>&#039;El jard\u00ed de les roses&#039;, el documental sobre l&#039;assassinat de jesu\u00eftes espanyols a El Salvador<\/strong><br>La pel\u00b7l\u00edcula d&#039;Alberto Pla es pot veure a Youtube fins al 22 de febrer.<br><a href=\"https:\/\/www.libertaddigital.com\/cultura\/cine\/2021-02-17\/jardin-rosas-alberto-pla-jesuitas-asesinato-el-salvador-ignacio-ellacuria-6710463\/\" target=\"_blank\" rel=\"noopener noreferrer\">Llegir la not\u00edcia<\/a><\/p>\n\n<h4 style=\"color:#002b9e;\">Pla\u00e7a r\u00e0dio | 16.02.2021<\/h4>\n<p><strong>PODCAST La Tarda amb Marina<\/strong><br>La meitat del m\u00f3n no hauria de manar sobre l&#039;altra meitat.<br><a href=\"https:\/\/plazaradio.valenciaplaza.com\/documental-humans-fest-210216\" target=\"_blank\" rel=\"noopener noreferrer\">Escoltar programa<\/a><\/p>\n\n<h4 style=\"color:#002b9e;\">Culturpla\u00e7a | 16.02.2021<\/h4>\n<p><strong>Jasmila \u017dbani\u0107: \u00abSi es repet\u00eds el genocidi de Srebrenica, el desenlla\u00e7 seria el mateix: la UE no aixecaria un dit\u00bb<\/strong><br>La directora bosniana estrena a l&#039;Humans Fest el seu drama hist\u00f2ric Quo vadis, Aida?, Premi del P\u00fablic al passat Festival de Rotterdam.<br><a href=\"https:\/\/valenciaplaza.com\/jasmila-bani-de-repetirse-el-genocidio-de-srebrenica-el-desenlace-seria-el-mismo-la-ue-no-levantaria-un-dedo\" target=\"_blank\" rel=\"noopener noreferrer\">Llegir la not\u00edcia<\/a><\/p>\n\n<h4 style=\"color:#002b9e;\">7televal\u00e8ncia | 11.02.2021<\/h4>\n<p><strong>El Humans Fest inaugura la seva XII edici\u00f3 amb un gran seguiment en l\u00ednia<\/strong><br>Samuel Sebasti\u00e1n, director del festival, es mostra satisfet per la primera jornada en qu\u00e8 es va lliurar el premi del Canvi Social 2021.<br><a href=\"https:\/\/7televalencia.com\/es\/humas-fest-nueva-edicion\/\" target=\"_blank\" rel=\"noopener noreferrer\">Veure v\u00eddeo<\/a><\/p>\n\n<h4 style=\"color:#002b9e;\">Llevant | 10.02.2021<\/h4>\n<p><strong>La Benefic\u00e8ncia acull la inauguraci\u00f3 de l&#039;Human Fest<\/strong><br>El festival aposta per l&#039;aposta per la inf\u00e0ncia i la joventut amb seccions dedicades a webs\u00e8ries i videojocs.<br><a href=\"https:\/\/www.levante-emv.com\/cultura\/2021\/02\/10\/beneficencia-acoge-inauguracion-human-fest-34387775.html\" target=\"_blank\" rel=\"noopener noreferrer\">Llegir la not\u00edcia<\/a><\/p>\n\n<h4 style=\"color:#002b9e;\">\u00c0 punt | 9.02.2021<\/h4>\n<p><strong>Bona Vesprada<\/strong><br><a href=\"https:\/\/apuntmedia.es\/va\/a-la-carta\/programes\/vist-en-tv\/bona-vesprada\/09022021-bona-vesprada-tercera-part\" target=\"_blank\" rel=\"noopener noreferrer\">Veure v\u00eddeo<\/a><\/p>\n\n<h4 style=\"color:#002b9e;\">Val\u00e8ncia Pla\u00e7a | 9.02.2021<\/h4>\n<p><strong>Inauguraci\u00f3 de la XII edici\u00f3 del Humans Fest (Fotos: Carlos Chiva)<\/strong><br><a href=\"https:\/\/valenciaplaza.com\/inauguracion-de-la-xii-edicion-del-humans-fest-fotos-carlos-chiva\" target=\"_blank\" rel=\"noopener noreferrer\">Veure fotogaleria<\/a><\/p>\n\n<h4 style=\"color:#002b9e;\">\u00c0 punt mitjana | 8.02.2021<\/h4>\n<p><strong>El dia \u00c0 Punt<\/strong><br><a href=\"https:\/\/apuntmedia.es\/va\/a-la-carta\/programes\/escoltat-en-la-radio\/el-dia-a-punt\/08022021-humans-fest\" target=\"_blank\" rel=\"noopener noreferrer\">Escoltar programa<\/a><\/p>\n\n<h4 style=\"color:#002b9e;\">\u00c0 punt mitjana | 8.02.2021<\/h4>\n<p><strong>Propera parada<\/strong><br><a href=\"https:\/\/apuntmedia.es\/va\/a-la-carta\/programes\/escoltat-en-la-radio\/proxima-parada\/08022021-proxima-parada-quarta-hora\" target=\"_blank\" rel=\"noopener noreferrer\">Escoltar programa<\/a><\/p>\n\n<h4 style=\"color:#002b9e;\">\u00c0 punt mitjana | 8.02.2021<\/h4>\n<p><strong>El dia \u00c0 Punt<\/strong><br><a href=\"https:\/\/www.ivoox.com\/08-02-2021-humans-fest-audios-mp3_rf_65084488_1.html\" target=\"_blank\" rel=\"noopener noreferrer\">Escoltar programa<\/a><\/p>\n\n<h4 style=\"color:#002b9e;\">\u00c0 punt | 8.02.2021<\/h4>\n<p><strong>L&#039;Humans Fest d\u00f3na el tiro d&#039;eixida a la dotzena edici\u00f3<\/strong><br>L&#039;Humans Fest, del qual \u00c0 Punt n&#039;\u00e9s patrocinador, d\u00f3na hui el tir d&#039;eixida a la dotzena edici\u00f3. Un festival internacional de cinema i drets humans que nom\u00e9s l&#039;any passat va reunir prop de 17.000 espectadors, tres vegades m\u00e9s que el 2019, i es va convertir al festival amb m\u00e9s audi\u00e8ncia de la Comunitat Valenciana.<br><a href=\"https:\/\/apuntmedia.es\/va\/a-la-carta\/programes\/escoltat-en-la-radio\/el-dia-a-punt\/el-humans-fest-dona-el-tir-d-eixida-a-la-dotzena-edicio\" target=\"_blank\" rel=\"noopener noreferrer\">Llegir la not\u00edcia<\/a><\/p>\n\n<h4 style=\"color:#002b9e;\">Val\u00e8ncia Pla\u00e7a | 06.02.2021<\/h4>\n<p><strong>Human Fest\u2026tot i la pand\u00e8mia<\/strong><br>Dilluns que ve la ciutat de Val\u00e8ncia es converteix de nou en el centre i focus d&#039;an\u00e0lisi sobre els Drets Humans. Torna l&#039;Humans Fest. Un d&#039;aquells festivals necessaris i imprescindibles que treu a llum realitats, m\u00e9s silenciades que mai per la pand\u00e8mia, per\u00f2 que continuen esdevenint aquest m\u00f3n que habitem i constru\u00efm entre tots. <br><a href=\"https:\/\/valenciaplaza.com\/human-festa-pesar-de-la-pandemia\" target=\"_blank\" rel=\"noopener noreferrer\">Llegir la not\u00edcia<\/a><\/p>\n\n<h4 style=\"color:#002b9e;\">R\u00e0dio 3 | 02.02.2021<\/h4>\n<p><strong>El set\u00e8 vici \u2013 Un ac\u00fastic amb Lichis<\/strong><br><a href=\"https:\/\/plazaradio.valenciaplaza.com\/el-festival-humans-fest-apuesta-por-la-infancia-la-juventud-y-las-injusticias\" target=\"_blank\" rel=\"noopener noreferrer\">Escoltar programa<\/a><\/p>\n\n<h4 style=\"color:#002b9e;\">Pla\u00e7a R\u00e0dio | 31.01.2021<\/h4>\n<p><strong>PODCAT Obligacions, les justes<\/strong><br>Parlem amb Samuel Sebasti\u00e1n, director de l&#039;Human Fest XII Festival de Cinema i Drets Humans de Val\u00e8ncia, sobre l&#039;edici\u00f3 d&#039;aquest any que, des del 8 al 22 de febrer, projectar\u00e0 curtmetratges, llargmetratges i documentals de ficci\u00f3 valenci\u00e0, prestant especial atenci\u00f3 a la tem\u00e0tica que envolta la inf\u00e0ncia, la joventut, ia les injust\u00edcies a qu\u00e8 aquests grups socials es veuen abocats.<br><a href=\"https:\/\/plazaradio.valenciaplaza.com\/el-festival-humans-fest-apuesta-por-la-infancia-la-juventud-y-las-injusticias\" target=\"_blank\" rel=\"noopener noreferrer\">Llegir la not\u00edcia<\/a><\/p>\n<h4 style=\"color:#002b9e;\">Llevant | 29.01.2021<\/h4>\n<p><strong>El Festival Human Fest inclou &#039;webseries&#039; i una secci\u00f3 &#039;gamers&#039;<\/strong><br>El Festival Internacional de Cinema i Drets Humans de Val\u00e8ncia, Humans Fest, celebra la XII edici\u00f3 del 8 al 22 de febrer, organitzat per la Fundaci\u00f3 per la Just\u00edcia amb la col\u00b7laboraci\u00f3 de l&#039;Institut Valenci\u00e0 de Cultura (IVC).<br><a href=\"https:\/\/www.levante-emv.com\/cultura\/2021\/01\/29\/festival-human-fest-incluye-webseries-32045939.html\" target=\"_blank\" rel=\"noopener noreferrer\">Llegir la not\u00edcia<\/a><\/p>\n\n<h4 style=\"color:#002b9e;\">Llevant | 29.01.2021<\/h4>\n<p><strong>El Festival Human Fest inclou &#039;webseries&#039; i una secci\u00f3 &#039;gamers&#039;<\/strong><br>El Festival Internacional de Cinema i Drets Humans de Val\u00e8ncia, Humans Fest, celebra la XII edici\u00f3 del 8 al 22 de febrer, organitzat per la Fundaci\u00f3 per la Just\u00edcia amb la col\u00b7laboraci\u00f3 de l&#039;Institut Valenci\u00e0 de Cultura (IVC).<br><a href=\"https:\/\/www.rtve.es\/alacarta\/audios\/el-septimo-vicio\/acustico-lichis-04-02-21\/5783060\/\" target=\"_blank\" rel=\"noopener noreferrer\">Llegir la not\u00edcia<\/a><\/p>\n\n<h4 style=\"color:#002b9e;\">culturplaza | 29.01.2021<\/h4>\n<p><strong>Humans Fest posa el focus a la joventut i suma secci\u00f3 de webseries i gamers<\/strong><br>Aquesta edici\u00f3 reflexionar\u00e0 a trav\u00e9s del cinema sobre injust\u00edcies que ja existien abans de la pand\u00e8mia i que aquesta ha intensificat. A m\u00e9s, atorga el Premi pel Canvi Social a l&#039;Associaci\u00f3 de de Polio i S\u00edndrome Post-Poli de la Comunitat Valenciana (APIP).<br><a href=\"https:\/\/valenciaplaza.com\/humans-fest-pone-el-foco-en-la-juventud-y-suma-seccion-de-webseries-y-gamers\" target=\"_blank\" rel=\"noopener noreferrer\">Llegir la not\u00edcia<\/a><\/p>\n\n<h4 style=\"color:#002b9e;\">el Diari | 28.01.2021<\/h4>\n<p><strong>Humans Fest incorpora videojocs socials i s\u00e8ries en una edici\u00f3 que vol \u201cmirar el futur\u201d<\/strong><br>Personalitats com Manuela Carmena, Baltasar Garz\u00f3n, Joaquim Bosch o Herv\u00e9 Falciani, participaran en aquest festival de cinema i drets fumans.<br><a href=\"https:\/\/www.eldiario.es\/comunitat-valenciana\/eldiario-de-la-cultura\/humans-fest-incorpora-videojocs-socials-i-series-edicio-vol-mirar-futur_132_7175883.html\" target=\"_blank\" rel=\"noopener noreferrer\">Llegir la not\u00edcia<\/a><\/p>\n\n<h4 style=\"color:#002b9e;\">\u00c0 punt | 28.01.2021<\/h4>\n<p><strong>Informatiu migdia<\/strong><br><a href=\"https:\/\/apuntmedia.es\/va\/noticies\/a-punt-ntc\/28012021-ntc-migdia\" target=\"_blank\" rel=\"noopener noreferrer\">Veure v\u00eddeo (42:08)<\/a><\/p>\n\n<h4 style=\"color:#002b9e;\">La Vanguardia | 28.01.2021<\/h4>\n<p><strong>Humans Fest mira al futur amb una edici\u00f3 dedicada a la inf\u00e0ncia i joventut <\/strong>\n<br>L&#039;Humans Fest, Festival Internacional de Cinema i Drets Humans de Val\u00e8ncia, mira cap al futur dels Drets Humans amb una 12a edici\u00f3 dedicada a la inf\u00e0ncia i la joventut i durant la qual reconeixer\u00e0 la traject\u00f2ria i el comprom\u00eds social de la directora Josefina Molina .,Aix\u00ed s&#039;ha posat de manifest durant la presentaci\u00f3 del festival organitzat per la Fundaci\u00f3 per la Just\u00edcia i que se celebrar\u00e0 del 8 al 22 de febrer.\n<br><a href=\"https:\/\/www.lavanguardia.com\/vida\/20210128\/6205748\/humans-fest-mira-futuro-edicion-dedicada-infancia-juventud.html\" target=\"_blank\" rel=\"noopener noreferrer\">Llegir la not\u00edcia<\/a><\/p>\n\n<h4 style=\"color:#002b9e;\">20minuts | 28.01.2021<\/h4>\n<p><strong>Humans Fest s&#039;obre a les webs\u00e8ries i videojocs en una nova edici\u00f3 dedicada a la inf\u00e0ncia i la joventut<\/strong>\n<br>El Festival Internacional de Cinema I Drets Humans de Val\u00e8ncia, Humans Fest, celebrar\u00e0 la seva XII edici\u00f3 del 8 al 22 de febrer, dedicada a la inf\u00e0ncia i la joventut, i en qu\u00e8 incorporar\u00e0 webs\u00e8ries de diferents pa\u00efsos i videojocs de tem\u00e0tica social.<br><a href=\"https:\/\/amp.20minutos.es\/noticia\/4561197\/0\/humans-fest-se-abre-a-las-webseries-y-videojuegos-en-una-nueva-edicion-dedicada-a-la-infancia-y-la-juventud\/\" target=\"_blank\" rel=\"noopener noreferrer\">Llegir la not\u00edcia<\/a><\/p>\n\n<h4 style=\"color:#002b9e;\">Ag\u00e8ncia EFE | 28.01.2021<\/h4>\n<p><strong>Humans Fest mira al futur amb una edici\u00f3 dedicada a la inf\u00e0ncia i joventut<\/strong><br>L&#039;Humans Fest, Festival Internacional de Cinema i Drets Humans de Val\u00e8ncia, mira cap al futur dels Drets Humans amb una 12a edici\u00f3 dedicada a la inf\u00e0ncia i la joventut i durant la qual reconeixer\u00e0 la traject\u00f2ria i el comprom\u00eds social de la directora Josefina Molina .<br><a href=\"https:\/\/www.efe.com\/efe\/comunitat-valenciana\/cultura-y-ocio\/humans-fest-mira-al-futuro-con-una-edicion-dedicada-a-la-infancia-y-juventud\/50000884-4451791\" target=\"_blank\" rel=\"noopener noreferrer\">Llegir la not\u00edcia<\/a><\/p>\n\n<h4 style=\"color:#002b9e;\">Val\u00e8ncia City | 28.01.2021<\/h4>\n<p><strong>La XII edici\u00f3 de Humans Fest mira al futur dels drets humans<\/strong>\n<br>El festival \u00e9s organitzat per la Fundaci\u00f3 per la Just\u00edcia amb la col\u00b7laboraci\u00f3 de l&#039;Institut Valenci\u00e0 de Cultura. Se celebrar\u00e0 a Val\u00e8ncia del 8 al 22 de febrer.<br><a href=\"https:\/\/valenciacity.es\/actualidad\/la-xii-edicion-de-humans-fest-mira-al-futuro-de-los-derechos-humanos\/\" target=\"_blank\" rel=\"noopener noreferrer\">Llegir la not\u00edcia<\/a><\/p>\n\n<h4 style=\"color:#002b9e;\">Agenda Urbana Val\u00e8ncia | 28.01.2021<\/h4>\n<p><strong>HUMANS FEST RESIST\u00c8NCIA<\/strong><br><a href=\"https:\/\/au-agenda.com\/human-fest-resistencia\/\" target=\"_blank\" rel=\"noopener noreferrer\">Llegir la not\u00edcia<\/a><\/p>\n\n<h4 style=\"color:#002b9e;\">Cadena Ser | 28.01.2021<\/h4>\n<p><strong>Humans Fest dedica la XII edici\u00f3 del festival a la inf\u00e0ncia ia la joventut<\/strong><br>El Festival Internacional de Cinema I Drets Humans de Val\u00e8ncia, Humans Fest, celebra la XII edici\u00f3. La Filmoteca de l&#039;Institut Valenci\u00e0 de Cultura ser\u00e0 la seu principal del Festival, organitzat per Fundaci\u00f3 per la Just\u00edcia, del 8 al 22 de febrer, per primera vegada, tindr\u00e0 una durada de quinze dies, augmentant aix\u00ed el nombre d&#039;activitats i projeccions, tant en l\u00ednia com a presencials.<br><a href=\"https:\/\/cadenaser.com\/emisora\/2021\/01\/28\/radio_valencia\/1611856451_998489.html\" target=\"_blank\" rel=\"noopener noreferrer\">Llegir la not\u00edcia<\/a><\/p>","protected":false},"excerpt":{"rendered":"<p>Per qualsevol dubte ens tens a: humans@humansfest.com Not\u00edcies<\/p>","protected":false},"author":2,"featured_media":0,"parent":2186,"menu_order":0,"comment_status":"closed","ping_status":"closed","template":"","meta":{"_et_pb_use_builder":"","_et_pb_old_content":"","_et_gb_content_width":"","_uf_show_specific_survey":0,"_uf_disable_surveys":false,"footnotes":""},"class_list":["post-263","page","type-page","status-publish","hentry"],"aioseo_notices":[],"_links":{"self":[{"href":"https:\/\/fundacionporlajusticia.org\/va\/wp-json\/wp\/v2\/pages\/263","targetHints":{"allow":["GET"]}}],"collection":[{"href":"https:\/\/fundacionporlajusticia.org\/va\/wp-json\/wp\/v2\/pages"}],"about":[{"href":"https:\/\/fundacionporlajusticia.org\/va\/wp-json\/wp\/v2\/types\/page"}],"author":[{"embeddable":true,"href":"https:\/\/fundacionporlajusticia.org\/va\/wp-json\/wp\/v2\/users\/2"}],"replies":[{"embeddable":true,"href":"https:\/\/fundacionporlajusticia.org\/va\/wp-json\/wp\/v2\/comments?post=263"}],"version-history":[{"count":7,"href":"https:\/\/fundacionporlajusticia.org\/va\/wp-json\/wp\/v2\/pages\/263\/revisions"}],"predecessor-version":[{"id":2187,"href":"https:\/\/fundacionporlajusticia.org\/va\/wp-json\/wp\/v2\/pages\/263\/revisions\/2187"}],"up":[{"embeddable":true,"href":"https:\/\/fundacionporlajusticia.org\/va\/wp-json\/wp\/v2\/pages\/2186"}],"wp:attachment":[{"href":"https:\/\/fundacionporlajusticia.org\/va\/wp-json\/wp\/v2\/media?parent=263"}],"curies":[{"name":"wp","href":"https:\/\/api.w.org\/{rel}","templated":true}]}}