{"id":2619,"date":"2015-09-17T12:22:34","date_gmt":"2015-09-17T12:22:34","guid":{"rendered":"https:\/\/fundacionporlajusticia.accesia.info\/?page_id=1093"},"modified":"2022-03-21T16:04:07","modified_gmt":"2022-03-21T16:04:07","slug":"we-come-as-friends","status":"publish","type":"page","link":"https:\/\/fundacionporlajusticia.org\/va\/humansfest\/2016-vii-edicion\/seccion-oficial-fuera-de-concurso\/we-come-as-friends\/","title":{"rendered":"WE COMEN AS FRIENDS"},"content":{"rendered":"<table>\n<tbody>\n<tr>\n<td width=\"206\">\u00a0<a href=\"https:\/\/fundacionporlajusticia.org\/wp-content\/uploads\/2015\/09\/WE-COME-AS-FRIENDS1.jpg\"><img loading=\"lazy\" decoding=\"async\" class=\"aligncenter size-medium wp-image-1310\" src=\"https:\/\/fundacionporlajusticia.org\/wp-content\/uploads\/2015\/09\/WE-COME-AS-FRIENDS1-186x300.jpg\" alt=\"WE COME AS FRIENDS\" width=\"186\" height=\"300\" \/><\/a><\/td>\n<td width=\"376\">\n<h1><strong>HISTORY<\/strong><\/h1>\n<p>WE COME AS FRIENDS \u00e9s a modern odyssey, a dizzying, science fiction-like journey in the heart of Africa. En el moment que el Sudan, el continent&#039;s biggest country, es divideix en dues persones, en un &#039;civilizing&#039; patologia re-emerges \u2013 el colonialisme, clash of empires, i altres episodis de bloody (and holy) wars over land and resources.<\/p>\n<p>El director de DARWIN&#039;S NIGHTMARE t\u00e9 el seu acc\u00e9s al seu tiny, self-made flying machine out of tin and canvas, he leads el seu most improbable locals i into people&#039;s thoughts and dreams, al bot stunning and heartbreaking. Chinese oil workers, UN peacekeepers, Sudanese warlords, and American evangelists ironically weave common ground in this documentary.<\/td>\n<\/tr>\n<tr>\n<td rowspan=\"2\" width=\"206\">\n<h2><strong>Tursday, 17 th december 18.00 h.<\/strong><\/h2>\n<h4><strong style=\"font-family: inherit; font-size: inherit; line-height: 1.5;\">Title: <\/strong><span style=\"font-family: inherit; font-size: inherit; line-height: 1.5;\">We menja as friends<\/span><\/h4>\n<h4><strong>France-\u00c0ustria 2014<\/strong><\/h4>\n<h4>110 min<\/h4>\n<h4><strong>Languages:<\/strong><\/h4>\n<h4>English<\/h4>\n<h4>Chinese<\/h4>\n<h4>Arabic<\/h4>\n<h4><strong>Direction:<\/strong><\/h4>\n<h4>Hubert Sauper.<\/h4>\n<h4><strong>Production:<\/strong><\/h4>\n<h4>Hubert Sauper<\/h4>\n<h4>Gabriele Kranzelbinder Endavant Films<\/h4>\n<h4>KGP (Kranzelbinder Gabriele Production).<\/h4>\n<h4><strong>Screenwriter:<\/strong><\/h4>\n<h4>Hubert Sauper.<\/h4>\n<h4><strong>Photography:<\/strong><\/h4>\n<h4>Hubert Sauper<\/h4>\n<h4>Barney Broomfiled<\/h4>\n<h4><strong> Music:<\/strong><\/h4>\n<h4>Slim Twig.<\/h4>\n<h4><strong>Editing: <\/strong><\/h4>\n<h4>Hubert Sauper<\/h4>\n<h4>Cathie Dambel<\/h4>\n<h4>Denise Vindevogel.<\/h4>\n<h4><strong>Languages:<\/strong><\/h4>\n<h4>English<\/h4>\n<h4>Chinese<\/h4>\n<h4>Arabic<\/h4>\n<h4>Toposa<\/h4>\n<h4>Ma&#039;di<\/h4>\n<h4><strong>Subtitles:<\/strong><\/h4>\n<h4>Spanish<\/h4>\n<h4>English<\/h4>\n<\/td>\n<td width=\"376\">\n<h1><strong>DIRECTOR<\/strong><\/h1>\n<p style=\"text-align: justify;\"><img loading=\"lazy\" decoding=\"async\" class=\"alignright size-medium wp-image-1841\" src=\"https:\/\/fundacionporlajusticia.org\/wp-content\/uploads\/2015\/09\/hubertsauper450px-300x173.jpg\" alt=\"hubertsauper450px\" width=\"300\" height=\"173\" \/><\/p>\n<p><strong>Hubert Sauper<\/strong> was born in Kitzb\u00fchel, Tyrolian Alps. Havent spent his childhood a \u00c0ustria, he then lived a Great Britain, Italy, the USA, Tanz\u00e0nia, Congo i South Sudan. His \u00bbhomebase\u00ab since the mid 90s is France. He estudiat film directing partly a Vienna i Par\u00eds (Universitat de Performing Arts, Universitat de Par\u00eds VIII) i graduat amb excel\u00b7l\u00e8ncia BA (Mag. art.).<\/p>\n<p>Hubert organitza confer\u00e8ncies i master classes en films i universitats de tot el m\u00f3n. Les seves s\u00f2cio-politicals i po\u00e8tiques films han guanyat per 50 majors international prizes, durant les awards a la Venice Film Festival, Berlinale, Sundance, NY, el Franc\u00e8s, l&#039;Austria i l&#039;European Academy Award, i l&#039;Oscar nomination per a best documentary.<\/td>\n<\/tr>\n<tr>\n<td width=\"376\">\n<h1><strong>FESTIVALS &amp; AWARDS<\/strong><\/h1>\n<ul style=\"list-style-type: square;\">\n<li>Vienna Film Prize (Viennale 2014\/11)<\/li>\n<li>Best Central i Eastern European Documentary Film (Jihlava IDFF 2014\/10)<\/li>\n<li>Millennium Award (Planet + Doc 2014\/05)<\/li>\n<li>29th Peace Film Prize (Berlinale 2014\/02)<\/li>\n<li>World Cinema Documentary Special Jury Award (Sundance 2014\/01).<\/li>\n<\/ul>\n<\/td>\n<\/tr>\n<tr>\n<td colspan=\"2\" width=\"581\"><iframe loading=\"lazy\" src=\"https:\/\/player.vimeo.com\/video\/110539458\" width=\"1040\" height=\"585\" frameborder=\"0\" allowfullscreen=\"allowfullscreen\"><\/iframe><\/td>\n<\/tr>\n<tr>\n<td colspan=\"2\" width=\"581\"><img loading=\"lazy\" decoding=\"async\" class=\"alignleft size-medium wp-image-1837\" src=\"https:\/\/fundacionporlajusticia.org\/wp-content\/uploads\/2015\/09\/WeComeAsFriends1red-300x172.jpg\" alt=\"WeComeAsFriends1red\" width=\"300\" height=\"172\" \/> <img loading=\"lazy\" decoding=\"async\" class=\"alignleft wp-image-1838\" src=\"https:\/\/fundacionporlajusticia.org\/wp-content\/uploads\/2015\/09\/WeComeAsFriends2red-300x159.jpg\" alt=\"WeComeAsFriends2red\" width=\"325\" height=\"172\" \/> <img loading=\"lazy\" decoding=\"async\" class=\"alignleft wp-image-1839\" src=\"https:\/\/fundacionporlajusticia.org\/wp-content\/uploads\/2015\/09\/WeComeAsFriends3red-300x168.jpg\" alt=\"WeComeAsFriends3red\" width=\"308\" height=\"172\" \/><\/td>\n<\/tr>\n<\/tbody>\n<\/table>","protected":false},"excerpt":{"rendered":"<p>\u00a0 HISTORY WE COME AS FRIENDS is a modern odyssey, a dizzying, science fiction-like journey into the heart of Africa. At the moment when the Sudan, the continent\u2019s biggest country, is being divided into two nations, an old \u2018civilizing\u2019 pathology re-emerges \u2013 that of colonialism, clash of empires, and yet new episodes of bloody (and [&hellip;]<\/p>\n","protected":false},"author":2,"featured_media":0,"parent":1060,"menu_order":2,"comment_status":"closed","ping_status":"closed","template":"","meta":{"_et_pb_use_builder":"","_et_pb_old_content":"","_et_gb_content_width":"","_uf_show_specific_survey":0,"_uf_disable_surveys":false,"footnotes":""},"class_list":["post-2619","page","type-page","status-publish","hentry"],"aioseo_notices":[],"_links":{"self":[{"href":"https:\/\/fundacionporlajusticia.org\/va\/wp-json\/wp\/v2\/pages\/2619","targetHints":{"allow":["GET"]}}],"collection":[{"href":"https:\/\/fundacionporlajusticia.org\/va\/wp-json\/wp\/v2\/pages"}],"about":[{"href":"https:\/\/fundacionporlajusticia.org\/va\/wp-json\/wp\/v2\/types\/page"}],"author":[{"embeddable":true,"href":"https:\/\/fundacionporlajusticia.org\/va\/wp-json\/wp\/v2\/users\/2"}],"replies":[{"embeddable":true,"href":"https:\/\/fundacionporlajusticia.org\/va\/wp-json\/wp\/v2\/comments?post=2619"}],"version-history":[{"count":5,"href":"https:\/\/fundacionporlajusticia.org\/va\/wp-json\/wp\/v2\/pages\/2619\/revisions"}],"predecessor-version":[{"id":3422,"href":"https:\/\/fundacionporlajusticia.org\/va\/wp-json\/wp\/v2\/pages\/2619\/revisions\/3422"}],"up":[{"embeddable":true,"href":"https:\/\/fundacionporlajusticia.org\/va\/wp-json\/wp\/v2\/pages\/1060"}],"wp:attachment":[{"href":"https:\/\/fundacionporlajusticia.org\/va\/wp-json\/wp\/v2\/media?parent=2619"}],"curies":[{"name":"wp","href":"https:\/\/api.w.org\/{rel}","templated":true}]}}