{"id":2598,"date":"2015-10-13T17:08:12","date_gmt":"2015-10-13T17:08:12","guid":{"rendered":"https:\/\/fundacionporlajusticia.accesia.info\/es\/?page_id=2521"},"modified":"2022-03-21T16:03:55","modified_gmt":"2022-03-21T16:03:55","slug":"llevate-a-mis-amores","status":"publish","type":"page","link":"https:\/\/fundacionporlajusticia.org\/va\/humansfest\/2016-vii-edicion\/seccion-oficial-3\/llevate-a-mis-amores\/","title":{"rendered":"ALL OF ME"},"content":{"rendered":"<table>\n<tbody>\n<tr>\n<td width=\"206\"><img loading=\"lazy\" decoding=\"async\" class=\"aligncenter size-medium wp-image-2526\" src=\"https:\/\/fundacionporlajusticia.org\/wp-content\/uploads\/2015\/10\/cartelverticalllevatemisamores-182x300.jpg\" alt=\"cartelverticalllevatemisamores\" width=\"182\" height=\"300\" \/><\/td>\n<td style=\"width: 376px; vertical-align: top;\" width=\"376\">\n<h1><strong>HISTORY<\/strong><\/h1>\n<p style=\"text-align: justify;\">Mexico and the United States share the greatest border between the first and the third world. Aquest makes it bridge per thousands of migrants que exposa themselves to every danger as they travel through the country on train called \u201cThe Beast.\u201d That&#039;s where they meet the Patrones, a group of Mexican women who, every day since 1995, make food and toss it to helpless as train rushes by.<\/p>\n<p style=\"text-align: justify;\">Aquest documentary \u00e9s intimate approach, a personal diary que draws a border between the life they were given and the life they chose. Per a mida de les vies de war, a la world where all hope seems lost, the Patrones breathe life in human value that seems to be fading with each day: love for one another.<\/p>\n<\/td>\n<\/tr>\n<tr>\n<td rowspan=\"2\" width=\"206\">\n<h2><strong>Friday, 11 th december 18.00 h.<\/strong><\/h2>\n<h4><strong>M\u00e8xic, 2014<\/strong><\/h4>\n<h4><strong>Direction:<\/strong><\/h4>\n<h4>Arturo Gonz\u00e1lez Villasenyor<\/h4>\n<h4><strong>90 minuts<\/strong><\/h4>\n<h4><strong>Language:<\/strong> Spanish<\/h4>\n<h4><strong>Photography:<\/strong><\/h4>\n<h4>Juan Antonio Mecalco Cruz<\/h4>\n<h4><strong>Edition:<\/strong><\/h4>\n<h4>Lucr\u00e8cia Guti\u00e9rrez Maupom\u00e9<\/h4>\n<h4><strong>Sound:<\/strong><\/h4>\n<h4>Rodrigo Villanueva S\u00e1nchez Lena Esquenazi<\/h4>\n<h4><strong>Music:<\/strong><\/h4>\n<h4>Muna Zul<\/h4>\n<h4><strong>Production:<\/strong><\/h4>\n<h4>Acant Films<\/h4>\n<h4>Pebre Films<\/h4>\n<h4>UAM-X<\/h4>\n<h4><strong>Distributor:\u00a0<\/strong><\/h4>\n<h4>Rise and Shine World Sales WG<\/h4>\n<p>&nbsp;<\/td>\n<td width=\"376\">\n<h1><strong>THE DIRECTOR<\/strong><\/h1>\n<p style=\"text-align: justify;\"><strong><img loading=\"lazy\" decoding=\"async\" class=\"alignright size-medium wp-image-2527\" src=\"https:\/\/fundacionporlajusticia.org\/wp-content\/uploads\/2015\/10\/director-arturo_gonzalez-300x200.jpg\" alt=\"director arturo_gonzalez\" width=\"300\" height=\"200\" \/><\/strong><\/p>\n<p style=\"text-align: justify;\">Arturo Gonz\u00e1lez Villase\u00f1or estudi\u00e0 Social Comunication at la UAM-X, specializing in area of Public Politics. El 2013, he founded \u00abAcanto Films\u00bb, a la producci\u00f3 d&#039;empreses per films i artistic events. En el moment, he escoltat films reviews i films notes per a la revista Revista Proc\u00e9s.<\/p>\n<\/td>\n<\/tr>\n<tr>\n<td width=\"376\">\n<h1><strong>FESTIVALS &amp; AWARDS<\/strong><\/h1>\n<ul style=\"list-style-type: square;\">\n<li>Festival Internacional de Cinema dels Caps<\/li>\n<li>Festival Internacional de Documentals d&#039;Amsterdam<\/li>\n<\/ul>\n<\/td>\n<\/tr>\n<tr>\n<td colspan=\"2\" width=\"581\"><iframe loading=\"lazy\" src=\"https:\/\/player.vimeo.com\/video\/115416593\" width=\"1040\" height=\"585\" frameborder=\"0\" allowfullscreen=\"allowfullscreen\"><\/iframe><\/td>\n<\/tr>\n<tr>\n<td colspan=\"2\" width=\"581\"><img loading=\"lazy\" decoding=\"async\" class=\"alignleft wp-image-2538\" src=\"https:\/\/fundacionporlajusticia.org\/wp-content\/uploads\/2015\/10\/foto3llevate-mis-amores-300x168.jpg\" alt=\"foto3llevate-mis-amores\" width=\"330\" height=\"185\" \/><img loading=\"lazy\" decoding=\"async\" class=\"alignleft wp-image-2533\" src=\"https:\/\/fundacionporlajusticia.org\/wp-content\/uploads\/2015\/10\/FOTO-LLEVATEMISAMORES-300x169.jpg\" alt=\"FOTO-LLEVATEMISAMORES\" width=\"328\" height=\"185\" \/> <img loading=\"lazy\" decoding=\"async\" class=\"alignleft wp-image-2534\" src=\"https:\/\/fundacionporlajusticia.org\/wp-content\/uploads\/2015\/10\/fotollevatemismaores-300x193.jpg\" alt=\"fotollevatemismaores\" width=\"287\" height=\"185\" \/><\/td>\n<\/tr>\n<\/tbody>\n<\/table>\n<p>&nbsp;<\/p>","protected":false},"excerpt":{"rendered":"<p>HISTORY Mexico and the United States share the greatest border between the first and the third world. That makes it a bridge for thousands of migrants who expose themselves to every danger as they travel through the country on a train called \u201cThe Beast.\u201d That\u2019s where they meet the Patronas, a group of Mexican women [&hellip;]<\/p>\n","protected":false},"author":2,"featured_media":0,"parent":1040,"menu_order":9,"comment_status":"closed","ping_status":"closed","template":"","meta":{"_et_pb_use_builder":"","_et_pb_old_content":"","_et_gb_content_width":"","_uf_show_specific_survey":0,"_uf_disable_surveys":false,"footnotes":""},"class_list":["post-2598","page","type-page","status-publish","hentry"],"aioseo_notices":[],"_links":{"self":[{"href":"https:\/\/fundacionporlajusticia.org\/va\/wp-json\/wp\/v2\/pages\/2598","targetHints":{"allow":["GET"]}}],"collection":[{"href":"https:\/\/fundacionporlajusticia.org\/va\/wp-json\/wp\/v2\/pages"}],"about":[{"href":"https:\/\/fundacionporlajusticia.org\/va\/wp-json\/wp\/v2\/types\/page"}],"author":[{"embeddable":true,"href":"https:\/\/fundacionporlajusticia.org\/va\/wp-json\/wp\/v2\/users\/2"}],"replies":[{"embeddable":true,"href":"https:\/\/fundacionporlajusticia.org\/va\/wp-json\/wp\/v2\/comments?post=2598"}],"version-history":[{"count":5,"href":"https:\/\/fundacionporlajusticia.org\/va\/wp-json\/wp\/v2\/pages\/2598\/revisions"}],"predecessor-version":[{"id":3418,"href":"https:\/\/fundacionporlajusticia.org\/va\/wp-json\/wp\/v2\/pages\/2598\/revisions\/3418"}],"up":[{"embeddable":true,"href":"https:\/\/fundacionporlajusticia.org\/va\/wp-json\/wp\/v2\/pages\/1040"}],"wp:attachment":[{"href":"https:\/\/fundacionporlajusticia.org\/va\/wp-json\/wp\/v2\/media?parent=2598"}],"curies":[{"name":"wp","href":"https:\/\/api.w.org\/{rel}","templated":true}]}}