{"id":2584,"date":"2015-09-17T12:21:05","date_gmt":"2015-09-17T12:21:05","guid":{"rendered":"https:\/\/fundacionporlajusticia.accesia.info\/?page_id=1084"},"modified":"2022-03-21T16:03:54","modified_gmt":"2022-03-21T16:03:54","slug":"io-sto-con-la-sposa","status":"publish","type":"page","link":"https:\/\/fundacionporlajusticia.org\/va\/humansfest\/2016-vii-edicion\/seccion-oficial-3\/io-sto-con-la-sposa\/","title":{"rendered":"IO STO AMB LA SPOSA"},"content":{"rendered":"<table>\n<tbody>\n<tr>\n<td width=\"206\">\u00a0<a href=\"http:\/\/www.iostoconlasposa.com\/\"><img loading=\"lazy\" decoding=\"async\" class=\"alignleft wp-image-1244\" src=\"https:\/\/fundacionporlajusticia.org\/wp-content\/uploads\/2015\/09\/io-sto-con-la-sposa1-210x300.jpg\" alt=\"io-sto-con-la-sposa\" width=\"243\" height=\"342\" \/><\/a><\/td>\n<td width=\"376\">\n<h1><strong>HISTORY<\/strong><\/h1>\n<p style=\"text-align: justify;\">A Palestinian poet and Italian journalist nown in Milan five immigrants from Palestine and Syria per escapar de la war in Syria ha reached Italy via Lampedusa. They decideix a help (hopefully we will stop by trafficking) organitzant a fake wedding . Accompanied by a Palestinian dressed young bride ia dozen It\u00e0lian i Syrian friends ia friends als guests de la cerim\u00f2nia, crossing half of Europe al 4 days ia 3,000 quil\u00f2metres.<\/p>\n<p>Aquest exciting journey no nom\u00e9s t\u00e9 les stories, hopes i dreams de persones en la recerca d&#039;aquesta destinaci\u00f3, per\u00f2 tamb\u00e9 els portrais a les fam\u00edlies familiars d&#039;Europa en el XXI century.<\/td>\n<\/tr>\n<tr>\n<td rowspan=\"2\" width=\"206\">\n<h2><strong>Tuesday, 15 th december 20.00 h.<\/strong><\/h2>\n<h4><strong>Italy and Palestine, 2014<\/strong><\/h4>\n<h4><strong>Directors: <\/strong><\/h4>\n<h4>Antonio Augugliaro<\/h4>\n<h4>Gabriele Del Gran<\/h4>\n<h4>Khaled Soliman Al Nassiry.<\/h4>\n<h4><strong>98 minuts.<\/strong><\/h4>\n<h4><strong>Languages:\u00a0<\/strong><\/h4>\n<h4>Arabic, italian, english<\/h4>\n<h4><strong>Subtitles: <\/strong><\/h4>\n<h4>Spanish, e<strong>nglish<\/strong><\/h4>\n<h4><strong>Production:<\/strong><\/h4>\n<h4>Dylan Mohan Gray<\/h4>\n<h4>Gina Films.<\/h4>\n<h4><strong>Gui\u00f3:<\/strong><\/h4>\n<h4>Antonio Augugliaro<\/h4>\n<h4>Gabriele Del Gran<\/h4>\n<h4>Khaled Soliman Al Nassiry.<\/h4>\n<h4><strong>Photography:<\/strong><\/h4>\n<h4>Gianni Bonardi. <strong><br \/>\nMusic:<\/strong><\/h4>\n<h4>Diss\u00f2i L\u00f2goi (Tommaso Leddi, Matteo Maltauro, Alberto Morelli, Franco Parravicini, Federico Sanesi)<\/h4>\n<h4>MC Manar<\/h4>\n<h4>Mos\u00e8 COV.<\/h4>\n<h4><strong>Muntatge:<\/strong><\/h4>\n<h4>Antonio Augugliaro.<\/h4>\n<\/td>\n<td width=\"376\">\n<h1><strong>DIRECTORS<\/strong><\/h1>\n<p><strong><br \/>\nGabriele Del Gran<\/strong> is journalist and writer.<br \/>\n<strong><br \/>\nKhaled Soliman Al Nassiry<\/strong> is poet and editor.<br \/>\n<strong><br \/>\nAntonio Augugliaro<\/strong> is film editor and director.<\/p>\n<p><a href=\"https:\/\/fundacionporlajusticia.org\/wp-content\/uploads\/2015\/09\/portrait-gabriele-del_grande.png\"><img loading=\"lazy\" decoding=\"async\" class=\"size-full wp-image-1711 alignleft\" src=\"https:\/\/fundacionporlajusticia.org\/wp-content\/uploads\/2015\/09\/portrait-gabriele-del_grande.png\" alt=\"portrait-gabriele-del_grande\" width=\"106\" height=\"106\" \/><\/a> <a href=\"https:\/\/fundacionporlajusticia.org\/wp-content\/uploads\/2015\/09\/portrait-khaled-soliman-al-nassiry.png\"><img loading=\"lazy\" decoding=\"async\" class=\"size-full wp-image-1712 alignleft\" src=\"https:\/\/fundacionporlajusticia.org\/wp-content\/uploads\/2015\/09\/portrait-khaled-soliman-al-nassiry.png\" alt=\"portrait-khaled-soliman-al-nassiry\" width=\"106\" height=\"106\" \/><\/a> <a href=\"https:\/\/fundacionporlajusticia.org\/wp-content\/uploads\/2015\/09\/portrait-antonio-augugliaro.png\"><img loading=\"lazy\" decoding=\"async\" class=\"size-full wp-image-1710 alignleft\" src=\"https:\/\/fundacionporlajusticia.org\/wp-content\/uploads\/2015\/09\/portrait-antonio-augugliaro.png\" alt=\"portrait-antonio-augugliaro\" width=\"106\" height=\"106\" \/><\/a><\/td>\n<\/tr>\n<tr>\n<td width=\"376\">\n<h1><strong>FESTIVALS &amp; AWARDS<\/strong><\/h1>\n<ul style=\"list-style-type: square;\">\n<li>71 Venice Fil Festival<\/li>\n<li>Hot Docs<\/li>\n<li>IDFA<\/li>\n<li>Grand Prix FIFDH<\/li>\n<li>Dubai International Film Festival<\/li>\n<li>Documentary EDGE<\/li>\n<\/ul>\n<\/td>\n<\/tr>\n<tr>\n<td colspan=\"2\" width=\"581\"><iframe loading=\"lazy\" src=\"https:\/\/www.youtube.com\/embed\/hppNuk0nB8c\" width=\"1040\" height=\"585\" frameborder=\"0\" allowfullscreen=\"allowfullscreen\"><\/iframe><\/td>\n<\/tr>\n<tr>\n<td colspan=\"2\" width=\"581\"><img loading=\"lazy\" decoding=\"async\" class=\"alignleft wp-image-1718\" src=\"https:\/\/fundacionporlajusticia.org\/wp-content\/uploads\/2015\/09\/io_sto_con_la_sposa_IMG_0418-300x200.jpg\" alt=\"io_sto_con_la_sposa_IMG_0418\" width=\"317\" height=\"211\" \/> <img loading=\"lazy\" decoding=\"async\" class=\"alignleft wp-image-1719\" src=\"https:\/\/fundacionporlajusticia.org\/wp-content\/uploads\/2015\/09\/io_sto_con_la_sposaIMG_0850-300x200.jpg\" alt=\"io_sto_con_la_sposaIMG_0850\" width=\"317\" height=\"211\" \/> <img loading=\"lazy\" decoding=\"async\" class=\"alignleft wp-image-1720\" src=\"https:\/\/fundacionporlajusticia.org\/wp-content\/uploads\/2015\/09\/io_sto_con_la_sposaIMG_1201-300x200.jpg\" alt=\"io_sto_con_la_sposaIMG_1201\" width=\"317\" height=\"211\" \/><\/td>\n<\/tr>\n<\/tbody>\n<\/table>","protected":false},"excerpt":{"rendered":"<p>\u00a0 HISTORY A Palestinian poet and an Italian journalist known in Milan five immigrants from Palestine and Syria to escape the war in Syria have reached Italy via Lampedusa. They decide to help (hopefully we will stop by trafficking) organizing a fake wedding . Accompanied by a Palestinian dressed young bride and a dozen Italian [&hellip;]<\/p>\n","protected":false},"author":2,"featured_media":0,"parent":1040,"menu_order":7,"comment_status":"closed","ping_status":"closed","template":"","meta":{"_et_pb_use_builder":"","_et_pb_old_content":"","_et_gb_content_width":"","_uf_show_specific_survey":0,"_uf_disable_surveys":false,"footnotes":""},"class_list":["post-2584","page","type-page","status-publish","hentry"],"aioseo_notices":[],"_links":{"self":[{"href":"https:\/\/fundacionporlajusticia.org\/va\/wp-json\/wp\/v2\/pages\/2584","targetHints":{"allow":["GET"]}}],"collection":[{"href":"https:\/\/fundacionporlajusticia.org\/va\/wp-json\/wp\/v2\/pages"}],"about":[{"href":"https:\/\/fundacionporlajusticia.org\/va\/wp-json\/wp\/v2\/types\/page"}],"author":[{"embeddable":true,"href":"https:\/\/fundacionporlajusticia.org\/va\/wp-json\/wp\/v2\/users\/2"}],"replies":[{"embeddable":true,"href":"https:\/\/fundacionporlajusticia.org\/va\/wp-json\/wp\/v2\/comments?post=2584"}],"version-history":[{"count":5,"href":"https:\/\/fundacionporlajusticia.org\/va\/wp-json\/wp\/v2\/pages\/2584\/revisions"}],"predecessor-version":[{"id":3416,"href":"https:\/\/fundacionporlajusticia.org\/va\/wp-json\/wp\/v2\/pages\/2584\/revisions\/3416"}],"up":[{"embeddable":true,"href":"https:\/\/fundacionporlajusticia.org\/va\/wp-json\/wp\/v2\/pages\/1040"}],"wp:attachment":[{"href":"https:\/\/fundacionporlajusticia.org\/va\/wp-json\/wp\/v2\/media?parent=2584"}],"curies":[{"name":"wp","href":"https:\/\/api.w.org\/{rel}","templated":true}]}}