{"id":2578,"date":"2015-09-17T12:21:49","date_gmt":"2015-09-17T12:21:49","guid":{"rendered":"https:\/\/fundacionporlajusticia.accesia.info\/?page_id=1090"},"modified":"2022-03-21T16:03:54","modified_gmt":"2022-03-21T16:03:54","slug":"five-days-to-dance","status":"publish","type":"page","link":"https:\/\/fundacionporlajusticia.org\/va\/humansfest\/2016-vii-edicion\/seccion-oficial-3\/five-days-to-dance\/","title":{"rendered":"FIVE DAYS TO DANCE"},"content":{"rendered":"<table>\n<tbody>\n<tr>\n<td width=\"206\">\u00a0<a href=\"https:\/\/fundacionporlajusticia.org\/wp-content\/uploads\/2015\/09\/posterbo.jpg\"><img loading=\"lazy\" decoding=\"async\" class=\"alignleft size-full wp-image-1254\" src=\"https:\/\/fundacionporlajusticia.org\/wp-content\/uploads\/2015\/09\/posterbo.jpg\" alt=\"posterbo\" width=\"314\" height=\"447\" \/><\/a><\/td>\n<td width=\"376\">\n<h1><strong>HISTORY<\/strong><\/h1>\n<p style=\"text-align: justify;\">Two dancers show up one morning in the classroom of high school. It&#039;s Monday and they announce to group of teenagers that they have five days to get on a stage and dance. One week to change things. Tight deadline for big challenge: to move people when the world is paralyzing us.<\/p>\n<p style=\"text-align: justify;\">Dancing forces aquests teenagers per a breaks els seus rols right at that time in their lives when social roles are being built. El l\u00edder no \u00e9s llarg el most admireu, s&#039;hi t\u00e9 1 a step ahead\u2026 Dancing forces es to dotch each other. They communicate, they become equals. Som won&#039;t free themselves until the last moment.<\/p>\n<p style=\"text-align: justify;\">Wilfried Van Poppel and Amaya Lubeigt s\u00f3n els choreographers. He&#039;s Dutch, she&#039;s Basque. Dance is their common language. The place doesn&#039;t matter. Five days, class of teenagers, microcosm where a big bang takes place.<\/p>\n<\/td>\n<\/tr>\n<tr>\n<td rowspan=\"2\" width=\"206\">\n<h2><strong>Wednesday, 16 th december 18.00 h.<\/strong><\/h2>\n<h4><strong>Spain, 2014<\/strong><\/h4>\n<h4><strong>Director: <\/strong><\/h4>\n<h4>Rafa Mol\u00e9s<\/h4>\n<h4>Pepe Andreu<\/h4>\n<h4><strong>77 minuts<\/strong><\/h4>\n<h4><strong>Languages:\u00a0<\/strong>Spanish, English, German and Basque with subtitles in spanish<\/h4>\n<h4><strong>Direction and screenplay:<\/strong><\/h4>\n<h4>Rafa Mol\u00e9s<\/h4>\n<h4>Pepe Andreu<\/h4>\n<h4><strong>Executive Producers:<\/strong><\/h4>\n<h4>Natalia Mestre<\/h4>\n<h4>Jos\u00e9 Luis Rubio<\/h4>\n<h4><strong>Photography:<\/strong><\/h4>\n<h4>Jos\u00e9 Luis Gonz\u00e1lez<\/h4>\n<h4><strong>Editing:<\/strong><\/h4>\n<h4>Pepe Andreu<\/h4>\n<h4>M\u00f2nica Zamora<\/h4>\n<h4><strong>Sound:<\/strong> Jos\u00e9 Luis Rubio<\/h4>\n<h4><strong>Music:<\/strong><\/h4>\n<h4>Jona Valent<\/h4>\n<h4>Montefuji<\/h4>\n<h4><strong>Production companies:<\/strong><br \/>\nSUICAfilm7<\/h4>\n<h4>REC grabateka estudia<\/h4>\n<h4><strong>Distributor:<\/strong><\/h4>\n<h4>Docs Barcelona (Paral.lel 40)<\/h4>\n<\/td>\n<td width=\"376\">\n<h1><strong>DIRECTORS<\/strong><\/h1>\n<p style=\"text-align: justify;\"><strong><img loading=\"lazy\" decoding=\"async\" class=\"aligncenter wp-image-1679 size-full\" src=\"https:\/\/fundacionporlajusticia.org\/wp-content\/uploads\/2015\/09\/DIRECTORS.jpg\" alt=\"DIRECTORS\" width=\"791\" height=\"462\" \/>Rafa Mol\u00e9s Vilar<\/strong> is journalist and screenwriter. El 2012, he rebut el &#039;Journalist of the Year&#039; awards en la III Edition de la Journalist Community Awards in Val\u00e8ncia. He creat RTVV team de recerca i autor de 18 documents per televisi\u00f3.<\/p>\n<p><strong>Pepe Andreu Ibarra<\/strong> is a produir amb degree in sciences of Visual and Sound Images. He has 15 anys experimentals a la televisi\u00f3 producir and director of documentaries and news reports.<\/td>\n<\/tr>\n<tr>\n<td width=\"376\">\n<h1><strong>FESTIVALS &amp; AWARDS<\/strong><\/h1>\n<ul>\n<li>DocsBarcelona \u2013 Spain, 2014<\/li>\n<li>Donostia Zinemaldia \u2013 Spain, 2014<\/li>\n<li>DocsDF \u2013 M\u00e8xic, 2014<\/li>\n<li>DocsBarcelona+Medell\u00edn \u2013 Col\u00f2mbia, 2014<\/li>\n<li>Premi Canal Plus \u2013 MiradasDoc, Spain, 2014<\/li>\n<\/ul>\n<\/td>\n<\/tr>\n<tr>\n<td colspan=\"2\" width=\"581\"><iframe loading=\"lazy\" src=\"https:\/\/www.youtube.com\/embed\/ILFwyHnwVSI\" width=\"1040\" height=\"585\" frameborder=\"0\" allowfullscreen=\"allowfullscreen\"><\/iframe><\/td>\n<\/tr>\n<tr>\n<td colspan=\"2\" width=\"581\">\u00a0<img loading=\"lazy\" decoding=\"async\" class=\"alignleft wp-image-1697\" src=\"https:\/\/fundacionporlajusticia.org\/wp-content\/uploads\/2015\/09\/7reducida-300x169.jpg\" alt=\"7reducida\" width=\"317\" height=\"178\" \/> <img loading=\"lazy\" decoding=\"async\" class=\"alignleft wp-image-1694\" src=\"https:\/\/fundacionporlajusticia.org\/wp-content\/uploads\/2015\/09\/9reducida-300x169.jpg\" alt=\"9reducida\" width=\"317\" height=\"178\" \/> <img loading=\"lazy\" decoding=\"async\" class=\"alignleft wp-image-1693\" src=\"https:\/\/fundacionporlajusticia.org\/wp-content\/uploads\/2015\/09\/4reducida-300x169.jpg\" alt=\"4reducida\" width=\"317\" height=\"178\" \/><\/td>\n<\/tr>\n<\/tbody>\n<\/table>","protected":false},"excerpt":{"rendered":"<p>\u00a0 HISTORY Two dancers show up one morning in the classroom of a high school. It\u2019s Monday and they announce to a group of teenagers that they have five days to get on a stage and dance. One week to change things. A tight deadline for a big challenge: to move people when the world [&hellip;]<\/p>\n","protected":false},"author":2,"featured_media":0,"parent":1040,"menu_order":6,"comment_status":"closed","ping_status":"closed","template":"","meta":{"_et_pb_use_builder":"","_et_pb_old_content":"","_et_gb_content_width":"","_uf_show_specific_survey":0,"_uf_disable_surveys":false,"footnotes":""},"class_list":["post-2578","page","type-page","status-publish","hentry"],"aioseo_notices":[],"_links":{"self":[{"href":"https:\/\/fundacionporlajusticia.org\/va\/wp-json\/wp\/v2\/pages\/2578","targetHints":{"allow":["GET"]}}],"collection":[{"href":"https:\/\/fundacionporlajusticia.org\/va\/wp-json\/wp\/v2\/pages"}],"about":[{"href":"https:\/\/fundacionporlajusticia.org\/va\/wp-json\/wp\/v2\/types\/page"}],"author":[{"embeddable":true,"href":"https:\/\/fundacionporlajusticia.org\/va\/wp-json\/wp\/v2\/users\/2"}],"replies":[{"embeddable":true,"href":"https:\/\/fundacionporlajusticia.org\/va\/wp-json\/wp\/v2\/comments?post=2578"}],"version-history":[{"count":5,"href":"https:\/\/fundacionporlajusticia.org\/va\/wp-json\/wp\/v2\/pages\/2578\/revisions"}],"predecessor-version":[{"id":3415,"href":"https:\/\/fundacionporlajusticia.org\/va\/wp-json\/wp\/v2\/pages\/2578\/revisions\/3415"}],"up":[{"embeddable":true,"href":"https:\/\/fundacionporlajusticia.org\/va\/wp-json\/wp\/v2\/pages\/1040"}],"wp:attachment":[{"href":"https:\/\/fundacionporlajusticia.org\/va\/wp-json\/wp\/v2\/media?parent=2578"}],"curies":[{"name":"wp","href":"https:\/\/api.w.org\/{rel}","templated":true}]}}